{"id":102,"date":"2013-09-21T17:54:28","date_gmt":"2013-09-21T16:54:28","guid":{"rendered":"http:\/\/cambodiaacountryfullofcharm.com\/?page_id=102"},"modified":"2022-12-04T17:17:45","modified_gmt":"2022-12-04T16:17:45","slug":"visa-pour-le-cambodge","status":"publish","type":"page","link":"https:\/\/www.cambodiaacountryfullofcharm.com\/fr\/visa-pour-le-cambodge\/","title":{"rendered":"Visa"},"content":{"rendered":"<h2>visa pour le Cambodge<\/h2>\n<p>Un visa d\u2019entr\u00e9e est obligatoire pour venir a <a title=\"Cambodge\" href=\"https:\/\/www.facebook.com\/CambodiaACountryFullOfCharm\">Cambodge<\/a> soit pour y travailler, soit pour visiter le pays. Vous devez obligatoirement faire une demande de visa pour le Cambodge avant votre arriv\u00e9e \u00e0 l\u2019ambassade du Cambodge de votre pays ou \u00e0 votre arriv\u00e9e \u00e0 l\u2019a\u00e9roport international de Phnom Penh ou de Siem Reap, au poste-fronti\u00e8re de la Tha\u00eflande ou du Vietnam.<\/p>\n<p>Il y a plusieurs visas d\u00e9livr\u00e9s par le Cambodge&nbsp;:<\/p>\n<p>1) <strong>Le visa T&nbsp;:<\/strong> c\u2019est le visa tourisme \u00e0 entr\u00e9e unique, il est valable pour un s\u00e9jour de 30&nbsp;jours au Cambodge. Le visa T peut \u00eatre prolong\u00e9 une fois arriv\u00e9 au Cambodge aupr\u00e8s du d\u00e9partement pour les \u00e9trangers au minist\u00e8re de l\u2019Int\u00e9rieur \u00e0 Phnom Penh. Attention&nbsp;: la dur\u00e9e de validit\u00e9 du visa T est de 3&nbsp;mois \u00e0 partir de sa date d\u2019\u00e9mission et ne peut \u00eatre modifi\u00e9e.<\/p>\n<p>2) <strong>Le visa E<\/strong>&nbsp;: c\u2019est le visa d\u2019affaires \u00e0 entr\u00e9e unique d\u00e9livr\u00e9 aux hommes et femmes d\u2019affaires, aux journalistes et aux travailleurs pour un s\u00e9jour initial de 30&nbsp;jours, sur pr\u00e9sentation d\u2019un justificatif de mission au Cambodge. Le visa E peut \u00eatre prolong\u00e9 une fois arriv\u00e9 au Cambodge aupr\u00e8s du d\u00e9partement pour les \u00e9trangers au minist\u00e8re de l\u2019Int\u00e9rieur \u00e0 Phnom Penh.<\/p>\n<p>3) <strong>Le visa acmecs<\/strong> est un visa unique pour une seule entr\u00e9e, valable pour les voyageurs qui se rendent au Cambodge et en Tha\u00eflande. La validit\u00e9 du visa acmecs est de 3&nbsp;mois apr\u00e8s sa date d\u2019\u00e9mission et donne droit \u00e0 un s\u00e9jour de 30&nbsp;jours au Cambodge.<br \/>\nIl faut savoir que le prix du visa acmecs ne comprend pas celui de la Tha\u00eflande, donc il est pr\u00e9f\u00e9rable de prendre contact avec l\u2019immigration tha\u00eflandaise.<br \/>\nListe des pays qui b\u00e9n\u00e9ficient du visa acmecs&nbsp;:<br \/>\nAfrique du Sud, Allemagne, Australie, Autriche, Bahre\u00efn, Belgique, Canada, Chine, R\u00e9publique de Cor\u00e9e, Danemark, \u00c9mirats arabes unis, Espagne, \u00c9tats-Unis d\u2019Am\u00e9rique, Finlande, France, Gr\u00e8ce, Hong Kong, Inde, Irlande, Islande, Isra\u00ebl, Italie, Japon, Kowe\u00eft, Luxembourg, Norv\u00e8ge, Nouvelle-Z\u00e9lande, Oman, Pays-Bas, Portugal, Qatar, Royaume-Uni, Su\u00e8de, Suisse, Turquie.<br \/>\n4) <strong>Le visa de courtoisie<\/strong> est un visa r\u00e9serv\u00e9 \u00e0 des personnalit\u00e9s publiques importantes, il n\u2019est d\u00e9livr\u00e9 que sur demande des services comp\u00e9tents pour des missions ne d\u00e9passant pas 90&nbsp;jours.<\/p>\n<p>5) <strong>Le visa diplomatique ou de service<\/strong> est un visa r\u00e9serv\u00e9 aux diplomates titulaires d\u2019un passeport diplomatique ou de service d\u00e9livr\u00e9 uniquement sur pr\u00e9sentation d\u2019une note diplomatique ou d\u2019une lettre de mission officielle. Ce visa est d\u00e9livr\u00e9 gratuitement pour une mission ou un s\u00e9jour de 90&nbsp;jours. Ce visa peut \u00eatre renouvel\u00e9 sur demande \u00e9crite au minist\u00e8re des Affaires \u00e9trang\u00e8res.<\/p>\n<p>6) <strong>Le visa K* et **<\/strong> est un visa \u00e0 entr\u00e9es multiples \u00e0 validit\u00e9 ind\u00e9termin\u00e9e uniquement pour les ressortissants cambodgiens ayant la double nationalit\u00e9, d\u00e9tenteurs d\u2019un passeport \u00e9tranger en cours de validit\u00e9. La pr\u00e9sence des int\u00e9ress\u00e9s \u00e0 l\u2019ambassade est obligatoire, munis d\u2019un acte de naissance (original + copie) et du livret de famille indiquant la filiation (original + copie). Le d\u00e9lai d\u2019obtention est d\u2019une semaine.<\/p>\n<p><strong>Attention<\/strong>&nbsp;: tout visa non utilis\u00e9 ou m\u00eame expir\u00e9 ne peut \u00eatre rembours\u00e9 ou m\u00eame faire l\u2019objet d\u2019un renouvellement gratuit ni m\u00eame automatique.<\/p>\n","protected":false},"excerpt":{"rendered":"<p>visa pour le Cambodge Un visa d\u2019entr\u00e9e est obligatoire pour venir a Cambodge soit pour y travailler, soit pour visiter le pays. Vous devez obligatoirement faire une demande de visa pour le Cambodge avant votre arriv\u00e9e \u00e0 l\u2019ambassade du Cambodge de votre pays ou \u00e0 votre arriv\u00e9e \u00e0 l\u2019a\u00e9roport international de Phnom Penh ou de &hellip; <\/p>\n","protected":false},"author":1,"featured_media":11677,"parent":0,"menu_order":0,"comment_status":"closed","ping_status":"closed","template":"","meta":{"_themeisle_gutenberg_block_has_review":false,"footnotes":""},"class_list":["post-102","page","type-page","status-publish","has-post-thumbnail","hentry"],"yoast_head":"<!-- This site is optimized with the Yoast SEO plugin v27.5 - https:\/\/yoast.com\/product\/yoast-seo-wordpress\/ -->\n<title>visa pour le Cambodge pour un beau voyage au cambodge<\/title>\n<meta name=\"description\" content=\"toutes les informations sur le visa pour le Cambodge . au Cambodge le visa est obligatoire , toutes les informations sur le visa Khmer\" \/>\n<meta name=\"robots\" content=\"index, follow, max-snippet:-1, max-image-preview:large, max-video-preview:-1\" \/>\n<link rel=\"canonical\" href=\"https:\/\/www.cambodiaacountryfullofcharm.com\/fr\/visa-pour-le-cambodge\/\" \/>\n<meta property=\"og:locale\" content=\"fr_FR\" \/>\n<meta property=\"og:type\" content=\"article\" \/>\n<meta property=\"og:title\" content=\"visa pour le Cambodge pour un beau voyage au cambodge\" \/>\n<meta property=\"og:description\" content=\"toutes les informations sur le visa pour le Cambodge . au Cambodge le visa est obligatoire , toutes les informations sur le visa Khmer\" \/>\n<meta property=\"og:url\" content=\"https:\/\/www.cambodiaacountryfullofcharm.com\/fr\/visa-pour-le-cambodge\/\" \/>\n<meta property=\"og:site_name\" content=\"Guide voyage Cambodge\" \/>\n<meta property=\"article:modified_time\" content=\"2022-12-04T16:17:45+00:00\" \/>\n<meta property=\"og:image\" content=\"https:\/\/www.cambodiaacountryfullofcharm.com\/wp-content\/uploads\/2022\/09\/visa-pour-le-Cambodge-scaled-e1670170644326.jpg\" \/>\n\t<meta property=\"og:image:width\" content=\"1440\" \/>\n\t<meta property=\"og:image:height\" content=\"960\" \/>\n\t<meta property=\"og:image:type\" content=\"image\/jpeg\" \/>\n<meta name=\"twitter:card\" content=\"summary_large_image\" \/>\n<meta name=\"twitter:label1\" content=\"Dur\u00e9e de lecture estim\u00e9e\" \/>\n\t<meta name=\"twitter:data1\" content=\"3 minutes\" \/>\n<script type=\"application\/ld+json\" class=\"yoast-schema-graph\">{\"@context\":\"https:\\\/\\\/schema.org\",\"@graph\":[{\"@type\":\"WebPage\",\"@id\":\"https:\\\/\\\/www.cambodiaacountryfullofcharm.com\\\/fr\\\/visa-pour-le-cambodge\\\/\",\"url\":\"https:\\\/\\\/www.cambodiaacountryfullofcharm.com\\\/fr\\\/visa-pour-le-cambodge\\\/\",\"name\":\"visa pour le Cambodge pour un beau voyage au cambodge\",\"isPartOf\":{\"@id\":\"https:\\\/\\\/www.cambodiaacountryfullofcharm.com\\\/fr\\\/#website\"},\"primaryImageOfPage\":{\"@id\":\"https:\\\/\\\/www.cambodiaacountryfullofcharm.com\\\/fr\\\/visa-pour-le-cambodge\\\/#primaryimage\"},\"image\":{\"@id\":\"https:\\\/\\\/www.cambodiaacountryfullofcharm.com\\\/fr\\\/visa-pour-le-cambodge\\\/#primaryimage\"},\"thumbnailUrl\":\"https:\\\/\\\/www.cambodiaacountryfullofcharm.com\\\/wp-content\\\/uploads\\\/2022\\\/09\\\/visa-pour-le-Cambodge-scaled-e1670170644326.jpg\",\"datePublished\":\"2013-09-21T16:54:28+00:00\",\"dateModified\":\"2022-12-04T16:17:45+00:00\",\"description\":\"toutes les informations sur le visa pour le Cambodge . au Cambodge le visa est obligatoire , toutes les informations sur le visa Khmer\",\"breadcrumb\":{\"@id\":\"https:\\\/\\\/www.cambodiaacountryfullofcharm.com\\\/fr\\\/visa-pour-le-cambodge\\\/#breadcrumb\"},\"inLanguage\":\"fr-FR\",\"potentialAction\":[{\"@type\":\"ReadAction\",\"target\":[\"https:\\\/\\\/www.cambodiaacountryfullofcharm.com\\\/fr\\\/visa-pour-le-cambodge\\\/\"]}]},{\"@type\":\"ImageObject\",\"inLanguage\":\"fr-FR\",\"@id\":\"https:\\\/\\\/www.cambodiaacountryfullofcharm.com\\\/fr\\\/visa-pour-le-cambodge\\\/#primaryimage\",\"url\":\"https:\\\/\\\/www.cambodiaacountryfullofcharm.com\\\/wp-content\\\/uploads\\\/2022\\\/09\\\/visa-pour-le-Cambodge-scaled-e1670170644326.jpg\",\"contentUrl\":\"https:\\\/\\\/www.cambodiaacountryfullofcharm.com\\\/wp-content\\\/uploads\\\/2022\\\/09\\\/visa-pour-le-Cambodge-scaled-e1670170644326.jpg\",\"width\":1440,\"height\":960,\"caption\":\"visa pour la cambodge t\"},{\"@type\":\"BreadcrumbList\",\"@id\":\"https:\\\/\\\/www.cambodiaacountryfullofcharm.com\\\/fr\\\/visa-pour-le-cambodge\\\/#breadcrumb\",\"itemListElement\":[{\"@type\":\"ListItem\",\"position\":1,\"name\":\"Accueil\",\"item\":\"https:\\\/\\\/www.cambodiaacountryfullofcharm.com\\\/fr\\\/\"},{\"@type\":\"ListItem\",\"position\":2,\"name\":\"Visa\"}]},{\"@type\":\"WebSite\",\"@id\":\"https:\\\/\\\/www.cambodiaacountryfullofcharm.com\\\/fr\\\/#website\",\"url\":\"https:\\\/\\\/www.cambodiaacountryfullofcharm.com\\\/fr\\\/\",\"name\":\"Guide voyage Cambodge\",\"description\":\"Cambodge un pays plein de charme\",\"publisher\":{\"@id\":\"https:\\\/\\\/www.cambodiaacountryfullofcharm.com\\\/fr\\\/#organization\"},\"potentialAction\":[{\"@type\":\"SearchAction\",\"target\":{\"@type\":\"EntryPoint\",\"urlTemplate\":\"https:\\\/\\\/www.cambodiaacountryfullofcharm.com\\\/fr\\\/?s={search_term_string}\"},\"query-input\":{\"@type\":\"PropertyValueSpecification\",\"valueRequired\":true,\"valueName\":\"search_term_string\"}}],\"inLanguage\":\"fr-FR\"},{\"@type\":\"Organization\",\"@id\":\"https:\\\/\\\/www.cambodiaacountryfullofcharm.com\\\/fr\\\/#organization\",\"name\":\"Guide voyage Cambodge\",\"url\":\"https:\\\/\\\/www.cambodiaacountryfullofcharm.com\\\/fr\\\/\",\"logo\":{\"@type\":\"ImageObject\",\"inLanguage\":\"fr-FR\",\"@id\":\"https:\\\/\\\/www.cambodiaacountryfullofcharm.com\\\/fr\\\/#\\\/schema\\\/logo\\\/image\\\/\",\"url\":\"https:\\\/\\\/www.cambodiaacountryfullofcharm.com\\\/wp-content\\\/uploads\\\/2022\\\/06\\\/Cambodia-a-country-full-of-charm-2-scaled.jpg\",\"contentUrl\":\"https:\\\/\\\/www.cambodiaacountryfullofcharm.com\\\/wp-content\\\/uploads\\\/2022\\\/06\\\/Cambodia-a-country-full-of-charm-2-scaled.jpg\",\"width\":2560,\"height\":1709,\"caption\":\"Guide voyage Cambodge\"},\"image\":{\"@id\":\"https:\\\/\\\/www.cambodiaacountryfullofcharm.com\\\/fr\\\/#\\\/schema\\\/logo\\\/image\\\/\"}}]}<\/script>\n<!-- \/ Yoast SEO plugin. -->","yoast_head_json":{"title":"visa pour le Cambodge pour un beau voyage au cambodge","description":"toutes les informations sur le visa pour le Cambodge . au Cambodge le visa est obligatoire , toutes les informations sur le visa Khmer","robots":{"index":"index","follow":"follow","max-snippet":"max-snippet:-1","max-image-preview":"max-image-preview:large","max-video-preview":"max-video-preview:-1"},"canonical":"https:\/\/www.cambodiaacountryfullofcharm.com\/fr\/visa-pour-le-cambodge\/","og_locale":"fr_FR","og_type":"article","og_title":"visa pour le Cambodge pour un beau voyage au cambodge","og_description":"toutes les informations sur le visa pour le Cambodge . au Cambodge le visa est obligatoire , toutes les informations sur le visa Khmer","og_url":"https:\/\/www.cambodiaacountryfullofcharm.com\/fr\/visa-pour-le-cambodge\/","og_site_name":"Guide voyage Cambodge","article_modified_time":"2022-12-04T16:17:45+00:00","og_image":[{"width":1440,"height":960,"url":"https:\/\/www.cambodiaacountryfullofcharm.com\/wp-content\/uploads\/2022\/09\/visa-pour-le-Cambodge-scaled-e1670170644326.jpg","type":"image\/jpeg"}],"twitter_card":"summary_large_image","twitter_misc":{"Dur\u00e9e de lecture estim\u00e9e":"3 minutes"},"schema":{"@context":"https:\/\/schema.org","@graph":[{"@type":"WebPage","@id":"https:\/\/www.cambodiaacountryfullofcharm.com\/fr\/visa-pour-le-cambodge\/","url":"https:\/\/www.cambodiaacountryfullofcharm.com\/fr\/visa-pour-le-cambodge\/","name":"visa pour le Cambodge pour un beau voyage au cambodge","isPartOf":{"@id":"https:\/\/www.cambodiaacountryfullofcharm.com\/fr\/#website"},"primaryImageOfPage":{"@id":"https:\/\/www.cambodiaacountryfullofcharm.com\/fr\/visa-pour-le-cambodge\/#primaryimage"},"image":{"@id":"https:\/\/www.cambodiaacountryfullofcharm.com\/fr\/visa-pour-le-cambodge\/#primaryimage"},"thumbnailUrl":"https:\/\/www.cambodiaacountryfullofcharm.com\/wp-content\/uploads\/2022\/09\/visa-pour-le-Cambodge-scaled-e1670170644326.jpg","datePublished":"2013-09-21T16:54:28+00:00","dateModified":"2022-12-04T16:17:45+00:00","description":"toutes les informations sur le visa pour le Cambodge . au Cambodge le visa est obligatoire , toutes les informations sur le visa Khmer","breadcrumb":{"@id":"https:\/\/www.cambodiaacountryfullofcharm.com\/fr\/visa-pour-le-cambodge\/#breadcrumb"},"inLanguage":"fr-FR","potentialAction":[{"@type":"ReadAction","target":["https:\/\/www.cambodiaacountryfullofcharm.com\/fr\/visa-pour-le-cambodge\/"]}]},{"@type":"ImageObject","inLanguage":"fr-FR","@id":"https:\/\/www.cambodiaacountryfullofcharm.com\/fr\/visa-pour-le-cambodge\/#primaryimage","url":"https:\/\/www.cambodiaacountryfullofcharm.com\/wp-content\/uploads\/2022\/09\/visa-pour-le-Cambodge-scaled-e1670170644326.jpg","contentUrl":"https:\/\/www.cambodiaacountryfullofcharm.com\/wp-content\/uploads\/2022\/09\/visa-pour-le-Cambodge-scaled-e1670170644326.jpg","width":1440,"height":960,"caption":"visa pour la cambodge t"},{"@type":"BreadcrumbList","@id":"https:\/\/www.cambodiaacountryfullofcharm.com\/fr\/visa-pour-le-cambodge\/#breadcrumb","itemListElement":[{"@type":"ListItem","position":1,"name":"Accueil","item":"https:\/\/www.cambodiaacountryfullofcharm.com\/fr\/"},{"@type":"ListItem","position":2,"name":"Visa"}]},{"@type":"WebSite","@id":"https:\/\/www.cambodiaacountryfullofcharm.com\/fr\/#website","url":"https:\/\/www.cambodiaacountryfullofcharm.com\/fr\/","name":"Guide voyage Cambodge","description":"Cambodge un pays plein de charme","publisher":{"@id":"https:\/\/www.cambodiaacountryfullofcharm.com\/fr\/#organization"},"potentialAction":[{"@type":"SearchAction","target":{"@type":"EntryPoint","urlTemplate":"https:\/\/www.cambodiaacountryfullofcharm.com\/fr\/?s={search_term_string}"},"query-input":{"@type":"PropertyValueSpecification","valueRequired":true,"valueName":"search_term_string"}}],"inLanguage":"fr-FR"},{"@type":"Organization","@id":"https:\/\/www.cambodiaacountryfullofcharm.com\/fr\/#organization","name":"Guide voyage Cambodge","url":"https:\/\/www.cambodiaacountryfullofcharm.com\/fr\/","logo":{"@type":"ImageObject","inLanguage":"fr-FR","@id":"https:\/\/www.cambodiaacountryfullofcharm.com\/fr\/#\/schema\/logo\/image\/","url":"https:\/\/www.cambodiaacountryfullofcharm.com\/wp-content\/uploads\/2022\/06\/Cambodia-a-country-full-of-charm-2-scaled.jpg","contentUrl":"https:\/\/www.cambodiaacountryfullofcharm.com\/wp-content\/uploads\/2022\/06\/Cambodia-a-country-full-of-charm-2-scaled.jpg","width":2560,"height":1709,"caption":"Guide voyage Cambodge"},"image":{"@id":"https:\/\/www.cambodiaacountryfullofcharm.com\/fr\/#\/schema\/logo\/image\/"}}]}},"_links":{"self":[{"href":"https:\/\/www.cambodiaacountryfullofcharm.com\/fr\/wp-json\/wp\/v2\/pages\/102","targetHints":{"allow":["GET"]}}],"collection":[{"href":"https:\/\/www.cambodiaacountryfullofcharm.com\/fr\/wp-json\/wp\/v2\/pages"}],"about":[{"href":"https:\/\/www.cambodiaacountryfullofcharm.com\/fr\/wp-json\/wp\/v2\/types\/page"}],"author":[{"embeddable":true,"href":"https:\/\/www.cambodiaacountryfullofcharm.com\/fr\/wp-json\/wp\/v2\/users\/1"}],"replies":[{"embeddable":true,"href":"https:\/\/www.cambodiaacountryfullofcharm.com\/fr\/wp-json\/wp\/v2\/comments?post=102"}],"version-history":[{"count":0,"href":"https:\/\/www.cambodiaacountryfullofcharm.com\/fr\/wp-json\/wp\/v2\/pages\/102\/revisions"}],"wp:featuredmedia":[{"embeddable":true,"href":"https:\/\/www.cambodiaacountryfullofcharm.com\/fr\/wp-json\/wp\/v2\/media\/11677"}],"wp:attachment":[{"href":"https:\/\/www.cambodiaacountryfullofcharm.com\/fr\/wp-json\/wp\/v2\/media?parent=102"}],"curies":[{"name":"wp","href":"https:\/\/api.w.org\/{rel}","templated":true}]}}