{"id":105,"date":"2013-12-06T14:34:13","date_gmt":"2013-12-06T13:34:13","guid":{"rendered":"http:\/\/cambodiaacountryfullofcharm.com\/?page_id=105"},"modified":"2022-12-04T17:24:07","modified_gmt":"2022-12-04T16:24:07","slug":"monnaie-riel-cambodgien","status":"publish","type":"page","link":"https:\/\/www.cambodiaacountryfullofcharm.com\/fr\/monnaie-riel-cambodgien\/","title":{"rendered":"Monnaie riel cambodgien"},"content":{"rendered":"<h2>Monnaie riel cambodgien<\/h2>\n<p>Au Cambodge, depuis 1954, la monnaie nationale officielle du pays est le riel cambodgien.<\/p>\n<p>Elle se pr\u00e9sente en coupures de 100\u2009000, 50\u2009000, 20\u2009000, 10\u2009000, 5\u2009000, 2000, 1\u2009000, 500, 200 et 100 riels cambodgiens. Elle a remplac\u00e9 la monnaie indochinoise, &#8221; la piastre &#8220;, \u00e0 l\u2019ouverture de la Banque nationale du Cambodge \u00e0 l\u2019ind\u00e9pendance du pays. Mais le <a href=\"https:\/\/fr.wikipedia.org\/wiki\/Cambodge\" target=\"_blank\" rel=\"noopener\">Cambodge<\/a> accepte tr\u00e8s bien le dollar am\u00e9ricain. Il est tr\u00e8s facile de payer partout (surtout dans les grandes villes et les lieux tr\u00e8s touristiques) en dollar, m\u00eame si la monnaie officielle est le riel . Toutefois, \u00e0 la campagne privil\u00e9giez le riel cambodgien en petites coupures. Les pi\u00e8ces de monnaie de riel cambodgien n\u2019existent pas au Cambodge, elles ne sont jamais utilis\u00e9es. Les Cambodgiens peuvent aussi parfois donner la monnaie en riel cambodgien et en dollar, il faut alors jongler dans le calcul des diff\u00e9rentes devises, \u00e0 savoir qu\u2019un dollar \u00e9quivaut \u00e0 environ 4\u2009000 riels cambodgiens selon le cours.<br \/>\nPour le payement par carte bancaire, oubliez\u2009! Il est encore assez peu de magasins \u00e9quip\u00e9s de terminaux de payement par carte bancaire, hormis certains h\u00f4tels et restaurants de luxe, mais il faudra vous attendre \u00e0 payer un petit pourcentage suppl\u00e9mentaire.<br \/>\nIl vous sera tr\u00e8s facile d\u2019\u00e9changer votre argent en dollar am\u00e9ricain ou m\u00eame en riel cambodgien dans les principales villes autour des march\u00e9s principaux dans les \u00e9choppes chinoises, mais aussi dans les diff\u00e9rents points Western Union assez pr\u00e9sents au Cambodge. Le retrait d\u2019argent dans les distributeurs est beaucoup plus facile qu\u2019auparavant, le secteur bancaire a vraiment \u00e9volu\u00e9 et s\u2019est donc bien d\u00e9velopp\u00e9 ces derni\u00e8res ann\u00e9es. Vous pourrez donc faire vos retraits d\u2019argent avec facilit\u00e9 si besoin \u00e0 Phnom Penh, Siem Reap, <a href=\"https:\/\/www.cambodiaacountryfullofcharm.com\/visiter-les-provinces-du-cambodge\/province-de-sihanoukville-cambodge\/\">Sihanoukville<\/a> et <a href=\"https:\/\/www.cambodiaacountryfullofcharm.com\/visiter-les-provinces-du-cambodge\/province-battambang\/\">Battambang<\/a>, dans les diff\u00e9rentes banques ou distributeurs de billets.<br \/>\nEn campagne, c\u2019est vraiment diff\u00e9rent et m\u00eame plus difficile. Vous devrez donc vous rendre dans des bureaux de banque locaux &#8221; Acleda &#8221; pr\u00e9sents dans tout le pays pour retirer des billets de riel cambodgien. Et pour information, pendant les horaires d\u2019ouverture parce que les cartes \u00e9trang\u00e8res en g\u00e9n\u00e9ral ne fonctionnent pas sur leurs distributeurs automatiques.<\/p>\n","protected":false},"excerpt":{"rendered":"<p>Monnaie riel cambodgien Au Cambodge, depuis 1954, la monnaie nationale officielle du pays est le riel cambodgien. Elle se pr\u00e9sente en coupures de 100\u2009000, 50\u2009000, 20\u2009000, 10\u2009000, 5\u2009000, 2000, 1\u2009000, 500, 200 et 100 riels cambodgiens. Elle a remplac\u00e9 la monnaie indochinoise, &#8221; la piastre &#8220;, \u00e0 l\u2019ouverture de la Banque nationale du Cambodge \u00e0 &hellip; <\/p>\n","protected":false},"author":1,"featured_media":11678,"parent":0,"menu_order":0,"comment_status":"closed","ping_status":"closed","template":"","meta":{"_themeisle_gutenberg_block_has_review":false,"footnotes":""},"class_list":["post-105","page","type-page","status-publish","has-post-thumbnail","hentry"],"yoast_head":"<!-- This site is optimized with the Yoast SEO plugin v27.4 - https:\/\/yoast.com\/product\/yoast-seo-wordpress\/ -->\n<title>le riel Cambodgien est la monnai du cambodge<\/title>\n<meta name=\"description\" content=\"le riel Cambodgien , tout savoir sur les differentes fa\u00e7on de payer au Cambodge . ou trouver le riel Cambodgien d\u00e8s votre arriv\u00e9 au Cambodge\" \/>\n<meta name=\"robots\" content=\"index, follow, max-snippet:-1, max-image-preview:large, max-video-preview:-1\" \/>\n<link rel=\"canonical\" href=\"https:\/\/www.cambodiaacountryfullofcharm.com\/fr\/monnaie-riel-cambodgien\/\" \/>\n<meta property=\"og:locale\" content=\"fr_FR\" \/>\n<meta property=\"og:type\" content=\"article\" \/>\n<meta property=\"og:title\" content=\"le riel Cambodgien est la monnai du cambodge\" \/>\n<meta property=\"og:description\" content=\"le riel Cambodgien , tout savoir sur les differentes fa\u00e7on de payer au Cambodge . ou trouver le riel Cambodgien d\u00e8s votre arriv\u00e9 au Cambodge\" \/>\n<meta property=\"og:url\" content=\"https:\/\/www.cambodiaacountryfullofcharm.com\/fr\/monnaie-riel-cambodgien\/\" \/>\n<meta property=\"og:site_name\" content=\"Guide voyage Cambodge\" \/>\n<meta property=\"article:modified_time\" content=\"2022-12-04T16:24:07+00:00\" \/>\n<meta property=\"og:image\" content=\"https:\/\/www.cambodiaacountryfullofcharm.com\/wp-content\/uploads\/2022\/09\/monnaie-riel-cambodgien-scaled-e1670171007729.jpg\" \/>\n\t<meta property=\"og:image:width\" content=\"1440\" \/>\n\t<meta property=\"og:image:height\" content=\"960\" \/>\n\t<meta property=\"og:image:type\" content=\"image\/jpeg\" \/>\n<meta name=\"twitter:card\" content=\"summary_large_image\" \/>\n<meta name=\"twitter:label1\" content=\"Dur\u00e9e de lecture estim\u00e9e\" \/>\n\t<meta name=\"twitter:data1\" content=\"2 minutes\" \/>\n<script type=\"application\/ld+json\" class=\"yoast-schema-graph\">{\"@context\":\"https:\\\/\\\/schema.org\",\"@graph\":[{\"@type\":\"WebPage\",\"@id\":\"https:\\\/\\\/www.cambodiaacountryfullofcharm.com\\\/fr\\\/monnaie-riel-cambodgien\\\/\",\"url\":\"https:\\\/\\\/www.cambodiaacountryfullofcharm.com\\\/fr\\\/monnaie-riel-cambodgien\\\/\",\"name\":\"le riel Cambodgien est la monnai du cambodge\",\"isPartOf\":{\"@id\":\"https:\\\/\\\/www.cambodiaacountryfullofcharm.com\\\/fr\\\/#website\"},\"primaryImageOfPage\":{\"@id\":\"https:\\\/\\\/www.cambodiaacountryfullofcharm.com\\\/fr\\\/monnaie-riel-cambodgien\\\/#primaryimage\"},\"image\":{\"@id\":\"https:\\\/\\\/www.cambodiaacountryfullofcharm.com\\\/fr\\\/monnaie-riel-cambodgien\\\/#primaryimage\"},\"thumbnailUrl\":\"https:\\\/\\\/www.cambodiaacountryfullofcharm.com\\\/wp-content\\\/uploads\\\/2022\\\/09\\\/monnaie-riel-cambodgien-scaled-e1670171007729.jpg\",\"datePublished\":\"2013-12-06T13:34:13+00:00\",\"dateModified\":\"2022-12-04T16:24:07+00:00\",\"description\":\"le riel Cambodgien , tout savoir sur les differentes fa\u00e7on de payer au Cambodge . ou trouver le riel Cambodgien d\u00e8s votre arriv\u00e9 au Cambodge\",\"breadcrumb\":{\"@id\":\"https:\\\/\\\/www.cambodiaacountryfullofcharm.com\\\/fr\\\/monnaie-riel-cambodgien\\\/#breadcrumb\"},\"inLanguage\":\"fr-FR\",\"potentialAction\":[{\"@type\":\"ReadAction\",\"target\":[\"https:\\\/\\\/www.cambodiaacountryfullofcharm.com\\\/fr\\\/monnaie-riel-cambodgien\\\/\"]}]},{\"@type\":\"ImageObject\",\"inLanguage\":\"fr-FR\",\"@id\":\"https:\\\/\\\/www.cambodiaacountryfullofcharm.com\\\/fr\\\/monnaie-riel-cambodgien\\\/#primaryimage\",\"url\":\"https:\\\/\\\/www.cambodiaacountryfullofcharm.com\\\/wp-content\\\/uploads\\\/2022\\\/09\\\/monnaie-riel-cambodgien-scaled-e1670171007729.jpg\",\"contentUrl\":\"https:\\\/\\\/www.cambodiaacountryfullofcharm.com\\\/wp-content\\\/uploads\\\/2022\\\/09\\\/monnaie-riel-cambodgien-scaled-e1670171007729.jpg\",\"width\":1440,\"height\":960,\"caption\":\"monnaie riel cambodgien\"},{\"@type\":\"BreadcrumbList\",\"@id\":\"https:\\\/\\\/www.cambodiaacountryfullofcharm.com\\\/fr\\\/monnaie-riel-cambodgien\\\/#breadcrumb\",\"itemListElement\":[{\"@type\":\"ListItem\",\"position\":1,\"name\":\"Accueil\",\"item\":\"https:\\\/\\\/www.cambodiaacountryfullofcharm.com\\\/fr\\\/\"},{\"@type\":\"ListItem\",\"position\":2,\"name\":\"Monnaie riel cambodgien\"}]},{\"@type\":\"WebSite\",\"@id\":\"https:\\\/\\\/www.cambodiaacountryfullofcharm.com\\\/fr\\\/#website\",\"url\":\"https:\\\/\\\/www.cambodiaacountryfullofcharm.com\\\/fr\\\/\",\"name\":\"Guide voyage Cambodge\",\"description\":\"Cambodge un pays plein de charme\",\"publisher\":{\"@id\":\"https:\\\/\\\/www.cambodiaacountryfullofcharm.com\\\/fr\\\/#organization\"},\"potentialAction\":[{\"@type\":\"SearchAction\",\"target\":{\"@type\":\"EntryPoint\",\"urlTemplate\":\"https:\\\/\\\/www.cambodiaacountryfullofcharm.com\\\/fr\\\/?s={search_term_string}\"},\"query-input\":{\"@type\":\"PropertyValueSpecification\",\"valueRequired\":true,\"valueName\":\"search_term_string\"}}],\"inLanguage\":\"fr-FR\"},{\"@type\":\"Organization\",\"@id\":\"https:\\\/\\\/www.cambodiaacountryfullofcharm.com\\\/fr\\\/#organization\",\"name\":\"Guide voyage Cambodge\",\"url\":\"https:\\\/\\\/www.cambodiaacountryfullofcharm.com\\\/fr\\\/\",\"logo\":{\"@type\":\"ImageObject\",\"inLanguage\":\"fr-FR\",\"@id\":\"https:\\\/\\\/www.cambodiaacountryfullofcharm.com\\\/fr\\\/#\\\/schema\\\/logo\\\/image\\\/\",\"url\":\"https:\\\/\\\/www.cambodiaacountryfullofcharm.com\\\/wp-content\\\/uploads\\\/2022\\\/06\\\/Cambodia-a-country-full-of-charm-2-scaled.jpg\",\"contentUrl\":\"https:\\\/\\\/www.cambodiaacountryfullofcharm.com\\\/wp-content\\\/uploads\\\/2022\\\/06\\\/Cambodia-a-country-full-of-charm-2-scaled.jpg\",\"width\":2560,\"height\":1709,\"caption\":\"Guide voyage Cambodge\"},\"image\":{\"@id\":\"https:\\\/\\\/www.cambodiaacountryfullofcharm.com\\\/fr\\\/#\\\/schema\\\/logo\\\/image\\\/\"}}]}<\/script>\n<!-- \/ Yoast SEO plugin. -->","yoast_head_json":{"title":"le riel Cambodgien est la monnai du cambodge","description":"le riel Cambodgien , tout savoir sur les differentes fa\u00e7on de payer au Cambodge . ou trouver le riel Cambodgien d\u00e8s votre arriv\u00e9 au Cambodge","robots":{"index":"index","follow":"follow","max-snippet":"max-snippet:-1","max-image-preview":"max-image-preview:large","max-video-preview":"max-video-preview:-1"},"canonical":"https:\/\/www.cambodiaacountryfullofcharm.com\/fr\/monnaie-riel-cambodgien\/","og_locale":"fr_FR","og_type":"article","og_title":"le riel Cambodgien est la monnai du cambodge","og_description":"le riel Cambodgien , tout savoir sur les differentes fa\u00e7on de payer au Cambodge . ou trouver le riel Cambodgien d\u00e8s votre arriv\u00e9 au Cambodge","og_url":"https:\/\/www.cambodiaacountryfullofcharm.com\/fr\/monnaie-riel-cambodgien\/","og_site_name":"Guide voyage Cambodge","article_modified_time":"2022-12-04T16:24:07+00:00","og_image":[{"width":1440,"height":960,"url":"https:\/\/www.cambodiaacountryfullofcharm.com\/wp-content\/uploads\/2022\/09\/monnaie-riel-cambodgien-scaled-e1670171007729.jpg","type":"image\/jpeg"}],"twitter_card":"summary_large_image","twitter_misc":{"Dur\u00e9e de lecture estim\u00e9e":"2 minutes"},"schema":{"@context":"https:\/\/schema.org","@graph":[{"@type":"WebPage","@id":"https:\/\/www.cambodiaacountryfullofcharm.com\/fr\/monnaie-riel-cambodgien\/","url":"https:\/\/www.cambodiaacountryfullofcharm.com\/fr\/monnaie-riel-cambodgien\/","name":"le riel Cambodgien est la monnai du cambodge","isPartOf":{"@id":"https:\/\/www.cambodiaacountryfullofcharm.com\/fr\/#website"},"primaryImageOfPage":{"@id":"https:\/\/www.cambodiaacountryfullofcharm.com\/fr\/monnaie-riel-cambodgien\/#primaryimage"},"image":{"@id":"https:\/\/www.cambodiaacountryfullofcharm.com\/fr\/monnaie-riel-cambodgien\/#primaryimage"},"thumbnailUrl":"https:\/\/www.cambodiaacountryfullofcharm.com\/wp-content\/uploads\/2022\/09\/monnaie-riel-cambodgien-scaled-e1670171007729.jpg","datePublished":"2013-12-06T13:34:13+00:00","dateModified":"2022-12-04T16:24:07+00:00","description":"le riel Cambodgien , tout savoir sur les differentes fa\u00e7on de payer au Cambodge . ou trouver le riel Cambodgien d\u00e8s votre arriv\u00e9 au Cambodge","breadcrumb":{"@id":"https:\/\/www.cambodiaacountryfullofcharm.com\/fr\/monnaie-riel-cambodgien\/#breadcrumb"},"inLanguage":"fr-FR","potentialAction":[{"@type":"ReadAction","target":["https:\/\/www.cambodiaacountryfullofcharm.com\/fr\/monnaie-riel-cambodgien\/"]}]},{"@type":"ImageObject","inLanguage":"fr-FR","@id":"https:\/\/www.cambodiaacountryfullofcharm.com\/fr\/monnaie-riel-cambodgien\/#primaryimage","url":"https:\/\/www.cambodiaacountryfullofcharm.com\/wp-content\/uploads\/2022\/09\/monnaie-riel-cambodgien-scaled-e1670171007729.jpg","contentUrl":"https:\/\/www.cambodiaacountryfullofcharm.com\/wp-content\/uploads\/2022\/09\/monnaie-riel-cambodgien-scaled-e1670171007729.jpg","width":1440,"height":960,"caption":"monnaie riel cambodgien"},{"@type":"BreadcrumbList","@id":"https:\/\/www.cambodiaacountryfullofcharm.com\/fr\/monnaie-riel-cambodgien\/#breadcrumb","itemListElement":[{"@type":"ListItem","position":1,"name":"Accueil","item":"https:\/\/www.cambodiaacountryfullofcharm.com\/fr\/"},{"@type":"ListItem","position":2,"name":"Monnaie riel cambodgien"}]},{"@type":"WebSite","@id":"https:\/\/www.cambodiaacountryfullofcharm.com\/fr\/#website","url":"https:\/\/www.cambodiaacountryfullofcharm.com\/fr\/","name":"Guide voyage Cambodge","description":"Cambodge un pays plein de charme","publisher":{"@id":"https:\/\/www.cambodiaacountryfullofcharm.com\/fr\/#organization"},"potentialAction":[{"@type":"SearchAction","target":{"@type":"EntryPoint","urlTemplate":"https:\/\/www.cambodiaacountryfullofcharm.com\/fr\/?s={search_term_string}"},"query-input":{"@type":"PropertyValueSpecification","valueRequired":true,"valueName":"search_term_string"}}],"inLanguage":"fr-FR"},{"@type":"Organization","@id":"https:\/\/www.cambodiaacountryfullofcharm.com\/fr\/#organization","name":"Guide voyage Cambodge","url":"https:\/\/www.cambodiaacountryfullofcharm.com\/fr\/","logo":{"@type":"ImageObject","inLanguage":"fr-FR","@id":"https:\/\/www.cambodiaacountryfullofcharm.com\/fr\/#\/schema\/logo\/image\/","url":"https:\/\/www.cambodiaacountryfullofcharm.com\/wp-content\/uploads\/2022\/06\/Cambodia-a-country-full-of-charm-2-scaled.jpg","contentUrl":"https:\/\/www.cambodiaacountryfullofcharm.com\/wp-content\/uploads\/2022\/06\/Cambodia-a-country-full-of-charm-2-scaled.jpg","width":2560,"height":1709,"caption":"Guide voyage Cambodge"},"image":{"@id":"https:\/\/www.cambodiaacountryfullofcharm.com\/fr\/#\/schema\/logo\/image\/"}}]}},"_links":{"self":[{"href":"https:\/\/www.cambodiaacountryfullofcharm.com\/fr\/wp-json\/wp\/v2\/pages\/105","targetHints":{"allow":["GET"]}}],"collection":[{"href":"https:\/\/www.cambodiaacountryfullofcharm.com\/fr\/wp-json\/wp\/v2\/pages"}],"about":[{"href":"https:\/\/www.cambodiaacountryfullofcharm.com\/fr\/wp-json\/wp\/v2\/types\/page"}],"author":[{"embeddable":true,"href":"https:\/\/www.cambodiaacountryfullofcharm.com\/fr\/wp-json\/wp\/v2\/users\/1"}],"replies":[{"embeddable":true,"href":"https:\/\/www.cambodiaacountryfullofcharm.com\/fr\/wp-json\/wp\/v2\/comments?post=105"}],"version-history":[{"count":0,"href":"https:\/\/www.cambodiaacountryfullofcharm.com\/fr\/wp-json\/wp\/v2\/pages\/105\/revisions"}],"wp:featuredmedia":[{"embeddable":true,"href":"https:\/\/www.cambodiaacountryfullofcharm.com\/fr\/wp-json\/wp\/v2\/media\/11678"}],"wp:attachment":[{"href":"https:\/\/www.cambodiaacountryfullofcharm.com\/fr\/wp-json\/wp\/v2\/media?parent=105"}],"curies":[{"name":"wp","href":"https:\/\/api.w.org\/{rel}","templated":true}]}}