{"id":123,"date":"2013-12-07T07:47:36","date_gmt":"2013-12-07T06:47:36","guid":{"rendered":"http:\/\/cambodiaacountryfullofcharm.com\/?page_id=123"},"modified":"2023-09-11T18:45:53","modified_gmt":"2023-09-11T17:45:53","slug":"province-de-kampot-cambodge","status":"publish","type":"page","link":"https:\/\/www.cambodiaacountryfullofcharm.com\/fr\/visiter-les-provinces-du-cambodge\/province-de-kampot-cambodge\/","title":{"rendered":"province de Kampot"},"content":{"rendered":"<h2>province de Kampot<\/h2>\n<p><img fetchpriority=\"high\" decoding=\"async\" class=\"alignnone size-full wp-image-1165 aligncenter\" src=\"https:\/\/www.cambodiaacountryfullofcharm.com\/wp-content\/uploads\/2013\/09\/voyager-province-de-kampot-cambodge.png\" alt=\"\" width=\"256\" height=\"238\" \/><\/p>\n<p>La province de Kampot est la troisi\u00e8me plus grande province maritime c\u00f4ti\u00e8re du <span style=\"text-decoration: underline; color: #000000;\"><a style=\"color: #000000; text-decoration: underline;\" title=\"voir la page officiel du site internet de Cambodia a country full of charm pour voir encore plus de photod\" href=\"https:\/\/www.facebook.com\/CambodiaACountryFullOfCharm\" target=\"_blank\" rel=\"noopener\">Cambodge,<\/a><\/span> situ\u00e9e \u00e0 l\u2019est et s\u2019\u00e9tend jusque dans le golfe du Siam, au sud. La province de Kampot partage une fronti\u00e8re avec le Vietnam. La <span style=\"text-decoration: underline; color: #000000;\"><a style=\"color: #000000; text-decoration: underline;\" title=\"voir la liste des diff\u00e9rentes province du Cambodge\" href=\"http:\/\/www.cambodiaacountryfullofcharm.com\/visiter-les-provinces-du-cambodge\/\" target=\"_blank\" rel=\"noopener\">province<\/a><\/span> de Kampot s\u2019\u00e9tend sur une superficie de 4\u2009873 km<sup>2<\/sup>, est divis\u00e9e en 8\u00a0districts. Elle compte 92\u00a0communes et 477\u00a0villages. L\u2019\u00e9poque coloniale fran\u00e7aise y a laiss\u00e9 une architecture \u00e9l\u00e9gante.<\/p>\n<h4>h\u00e9bergement et repas a Kampot<\/h4>\n<p>Il faut savoir qu\u2019il est tr\u00e8s facile de se loger dans la province, aussi bien dans un h\u00f4tel que dans un guesthouse\u2009; les restaurants y sont tr\u00e8s pr\u00e9sents et vous pourrez m\u00eame prendre votre repas dans les diff\u00e9rents march\u00e9s o\u00f9 vous y trouverez de quoi manger sans aucun probl\u00e8me.<\/p>\n<h4>visite a Kampot<\/h4>\n<p>La province offre une multitude d\u2019attractions naturelles et spectaculaires, comme le parc national de Bokor qui est tr\u00e8s populaire pour son climat frais et qui dans un pays tropical vous ferait s\u00fbrement oublier que vous \u00eates au <span style=\"text-decoration: underline; color: #000000;\"><a style=\"color: #000000; text-decoration: underline;\" title=\"voir la page d'acceuil du site \" href=\"https:\/\/www.cambodiaacountryfullofcharm.com\/fr\/\" rel=\"noopener\">Cambodge<\/a><\/span> et non en montagne, ou bien m\u00eame la cascade de Popokvil tr\u00e8s appr\u00e9ci\u00e9e.<br \/>\nLe charme de cette province en fait une destination favorite, aussi bien des expatri\u00e9s que des touristes.<br \/>\nPendant votre s\u00e9jour, vous allez aimer le littoral cambodgien pendant vos balades le soir apr\u00e8s vos repas.<\/p>\n<h4>\u00a0poivre de Kampot<\/h4>\n<p>Les cultures de poivre de Kampot sont une bonne destination de visite afin de voir, mais aussi et surtout de go\u00fbter \u00e0 un poivre qui, rappelons-le, est toujours consid\u00e9r\u00e9 comme l\u2019un des meilleurs au monde.<br \/>\nIl faut savoir aussi que les plus grands chefs de cuisine de France l\u2019ont adopt\u00e9 pour sa saveur et son ar\u00f4me unique, alors il serait vraiment regrettable de visiter la province de Kampot sans aller visiter les cultures de <span style=\"text-decoration: underline; color: #000000;\"><a style=\"color: #000000; text-decoration: underline;\" title=\"voir la page du poivre de Kampot pour plus d'information sur son utilisation et aussi voir des recettes du Cambodge avec les poivre de Kampot\" href=\"https:\/\/www.cambodiaacountryfullofcharm.com\/fr\/cuisine-khmer\/ingredients-de-la-cuisine-khmer\/epices-de-la-cuisine-khmer-cambodge\/poivre-de-kampot\/culture-du-poivre-de-kampot\/\">poivre<\/a><\/span> de la province de Kampot au Cambodge.<\/p>\n<p><img decoding=\"async\" class=\"aligncenter wp-image-394 size-medium\" src=\"http:\/\/www.cambodiaacountryfullofcharm.com\/wp-content\/uploads\/2013\/09\/poivre-de-kampot-026_2-300x169.jpg\" alt=\"poivre de kampot 026_2\" width=\"300\" height=\"169\" \/><\/p>\n\n<p><script src=\"\/\/cdn0.trainbusferry.com\/tools\/form\/fr\/?id=7426726\" data-one2go=\"7426726\" data-color=\"blue\" data-language=\"fr\" data-adaptive=\"1\" data-border=\"1\"><\/script><\/p>\n<div id=\"powered\">Powered by <a href=\"https:\/\/12go.asia\/?z=7426726\">Cambodia travel guide<\/a><\/div>\n\n\n\n","protected":false},"excerpt":{"rendered":"<p>province de Kampot La province de Kampot est la troisi\u00e8me plus grande province maritime c\u00f4ti\u00e8re du Cambodge, situ\u00e9e \u00e0 l\u2019est et s\u2019\u00e9tend jusque dans le golfe du Siam, au sud. La province de Kampot partage une fronti\u00e8re avec le Vietnam. La province de Kampot s\u2019\u00e9tend sur une superficie de 4\u2009873 km2, est divis\u00e9e en 8\u00a0districts. &hellip; <\/p>\n","protected":false},"author":1,"featured_media":0,"parent":71,"menu_order":0,"comment_status":"closed","ping_status":"closed","template":"","meta":{"_themeisle_gutenberg_block_has_review":false,"footnotes":""},"class_list":["post-123","page","type-page","status-publish","hentry"],"yoast_head":"<!-- This site is optimized with the Yoast SEO plugin v27.4 - https:\/\/yoast.com\/product\/yoast-seo-wordpress\/ -->\n<title>province de Kampot au Cambodge et le poivre de Kampot<\/title>\n<meta name=\"description\" content=\"toutes les informations sur la province de Kampot, poivre de Kampot . h\u00f4tels, restaurants, guides province de Kampot , parc national de Bokor\" \/>\n<meta name=\"robots\" content=\"index, follow, max-snippet:-1, max-image-preview:large, max-video-preview:-1\" \/>\n<link rel=\"canonical\" href=\"https:\/\/www.cambodiaacountryfullofcharm.com\/fr\/visiter-les-provinces-du-cambodge\/province-de-kampot-cambodge\/\" \/>\n<meta property=\"og:locale\" content=\"fr_FR\" \/>\n<meta property=\"og:type\" content=\"article\" \/>\n<meta property=\"og:title\" content=\"province de Kampot au Cambodge et le poivre de Kampot\" \/>\n<meta property=\"og:description\" content=\"toutes les informations sur la province de Kampot, poivre de Kampot . h\u00f4tels, restaurants, guides province de Kampot , parc national de Bokor\" \/>\n<meta property=\"og:url\" content=\"https:\/\/www.cambodiaacountryfullofcharm.com\/fr\/visiter-les-provinces-du-cambodge\/province-de-kampot-cambodge\/\" \/>\n<meta property=\"og:site_name\" content=\"Guide voyage Cambodge\" \/>\n<meta property=\"article:modified_time\" content=\"2023-09-11T17:45:53+00:00\" \/>\n<meta property=\"og:image\" content=\"https:\/\/www.cambodiaacountryfullofcharm.com\/wp-content\/uploads\/2013\/09\/voyager-province-de-kampot-cambodge.png\" \/>\n<meta name=\"twitter:card\" content=\"summary_large_image\" \/>\n<meta name=\"twitter:label1\" content=\"Dur\u00e9e de lecture estim\u00e9e\" \/>\n\t<meta name=\"twitter:data1\" content=\"2 minutes\" \/>\n<script type=\"application\/ld+json\" class=\"yoast-schema-graph\">{\"@context\":\"https:\\\/\\\/schema.org\",\"@graph\":[{\"@type\":\"WebPage\",\"@id\":\"https:\\\/\\\/www.cambodiaacountryfullofcharm.com\\\/fr\\\/visiter-les-provinces-du-cambodge\\\/province-de-kampot-cambodge\\\/\",\"url\":\"https:\\\/\\\/www.cambodiaacountryfullofcharm.com\\\/fr\\\/visiter-les-provinces-du-cambodge\\\/province-de-kampot-cambodge\\\/\",\"name\":\"province de Kampot au Cambodge et le poivre de Kampot\",\"isPartOf\":{\"@id\":\"https:\\\/\\\/www.cambodiaacountryfullofcharm.com\\\/fr\\\/#website\"},\"primaryImageOfPage\":{\"@id\":\"https:\\\/\\\/www.cambodiaacountryfullofcharm.com\\\/fr\\\/visiter-les-provinces-du-cambodge\\\/province-de-kampot-cambodge\\\/#primaryimage\"},\"image\":{\"@id\":\"https:\\\/\\\/www.cambodiaacountryfullofcharm.com\\\/fr\\\/visiter-les-provinces-du-cambodge\\\/province-de-kampot-cambodge\\\/#primaryimage\"},\"thumbnailUrl\":\"https:\\\/\\\/www.cambodiaacountryfullofcharm.com\\\/wp-content\\\/uploads\\\/2013\\\/09\\\/voyager-province-de-kampot-cambodge.png\",\"datePublished\":\"2013-12-07T06:47:36+00:00\",\"dateModified\":\"2023-09-11T17:45:53+00:00\",\"description\":\"toutes les informations sur la province de Kampot, poivre de Kampot . h\u00f4tels, restaurants, guides province de Kampot , parc national de Bokor\",\"breadcrumb\":{\"@id\":\"https:\\\/\\\/www.cambodiaacountryfullofcharm.com\\\/fr\\\/visiter-les-provinces-du-cambodge\\\/province-de-kampot-cambodge\\\/#breadcrumb\"},\"inLanguage\":\"fr-FR\",\"potentialAction\":[{\"@type\":\"ReadAction\",\"target\":[\"https:\\\/\\\/www.cambodiaacountryfullofcharm.com\\\/fr\\\/visiter-les-provinces-du-cambodge\\\/province-de-kampot-cambodge\\\/\"]}]},{\"@type\":\"ImageObject\",\"inLanguage\":\"fr-FR\",\"@id\":\"https:\\\/\\\/www.cambodiaacountryfullofcharm.com\\\/fr\\\/visiter-les-provinces-du-cambodge\\\/province-de-kampot-cambodge\\\/#primaryimage\",\"url\":\"https:\\\/\\\/www.cambodiaacountryfullofcharm.com\\\/wp-content\\\/uploads\\\/2013\\\/09\\\/voyager-province-de-kampot-cambodge.png\",\"contentUrl\":\"https:\\\/\\\/www.cambodiaacountryfullofcharm.com\\\/wp-content\\\/uploads\\\/2013\\\/09\\\/voyager-province-de-kampot-cambodge.png\"},{\"@type\":\"BreadcrumbList\",\"@id\":\"https:\\\/\\\/www.cambodiaacountryfullofcharm.com\\\/fr\\\/visiter-les-provinces-du-cambodge\\\/province-de-kampot-cambodge\\\/#breadcrumb\",\"itemListElement\":[{\"@type\":\"ListItem\",\"position\":1,\"name\":\"Accueil\",\"item\":\"https:\\\/\\\/www.cambodiaacountryfullofcharm.com\\\/fr\\\/\"},{\"@type\":\"ListItem\",\"position\":2,\"name\":\"visiter les provinces du Cambodge\",\"item\":\"https:\\\/\\\/www.cambodiaacountryfullofcharm.com\\\/fr\\\/visiter-les-provinces-du-cambodge\\\/\"},{\"@type\":\"ListItem\",\"position\":3,\"name\":\"province de Kampot\"}]},{\"@type\":\"WebSite\",\"@id\":\"https:\\\/\\\/www.cambodiaacountryfullofcharm.com\\\/fr\\\/#website\",\"url\":\"https:\\\/\\\/www.cambodiaacountryfullofcharm.com\\\/fr\\\/\",\"name\":\"Guide voyage Cambodge\",\"description\":\"Cambodge un pays plein de charme\",\"publisher\":{\"@id\":\"https:\\\/\\\/www.cambodiaacountryfullofcharm.com\\\/fr\\\/#organization\"},\"potentialAction\":[{\"@type\":\"SearchAction\",\"target\":{\"@type\":\"EntryPoint\",\"urlTemplate\":\"https:\\\/\\\/www.cambodiaacountryfullofcharm.com\\\/fr\\\/?s={search_term_string}\"},\"query-input\":{\"@type\":\"PropertyValueSpecification\",\"valueRequired\":true,\"valueName\":\"search_term_string\"}}],\"inLanguage\":\"fr-FR\"},{\"@type\":\"Organization\",\"@id\":\"https:\\\/\\\/www.cambodiaacountryfullofcharm.com\\\/fr\\\/#organization\",\"name\":\"Guide voyage Cambodge\",\"url\":\"https:\\\/\\\/www.cambodiaacountryfullofcharm.com\\\/fr\\\/\",\"logo\":{\"@type\":\"ImageObject\",\"inLanguage\":\"fr-FR\",\"@id\":\"https:\\\/\\\/www.cambodiaacountryfullofcharm.com\\\/fr\\\/#\\\/schema\\\/logo\\\/image\\\/\",\"url\":\"https:\\\/\\\/www.cambodiaacountryfullofcharm.com\\\/wp-content\\\/uploads\\\/2022\\\/06\\\/Cambodia-a-country-full-of-charm-2-scaled.jpg\",\"contentUrl\":\"https:\\\/\\\/www.cambodiaacountryfullofcharm.com\\\/wp-content\\\/uploads\\\/2022\\\/06\\\/Cambodia-a-country-full-of-charm-2-scaled.jpg\",\"width\":2560,\"height\":1709,\"caption\":\"Guide voyage Cambodge\"},\"image\":{\"@id\":\"https:\\\/\\\/www.cambodiaacountryfullofcharm.com\\\/fr\\\/#\\\/schema\\\/logo\\\/image\\\/\"}}]}<\/script>\n<!-- \/ Yoast SEO plugin. -->","yoast_head_json":{"title":"province de Kampot au Cambodge et le poivre de Kampot","description":"toutes les informations sur la province de Kampot, poivre de Kampot . h\u00f4tels, restaurants, guides province de Kampot , parc national de Bokor","robots":{"index":"index","follow":"follow","max-snippet":"max-snippet:-1","max-image-preview":"max-image-preview:large","max-video-preview":"max-video-preview:-1"},"canonical":"https:\/\/www.cambodiaacountryfullofcharm.com\/fr\/visiter-les-provinces-du-cambodge\/province-de-kampot-cambodge\/","og_locale":"fr_FR","og_type":"article","og_title":"province de Kampot au Cambodge et le poivre de Kampot","og_description":"toutes les informations sur la province de Kampot, poivre de Kampot . h\u00f4tels, restaurants, guides province de Kampot , parc national de Bokor","og_url":"https:\/\/www.cambodiaacountryfullofcharm.com\/fr\/visiter-les-provinces-du-cambodge\/province-de-kampot-cambodge\/","og_site_name":"Guide voyage Cambodge","article_modified_time":"2023-09-11T17:45:53+00:00","og_image":[{"url":"https:\/\/www.cambodiaacountryfullofcharm.com\/wp-content\/uploads\/2013\/09\/voyager-province-de-kampot-cambodge.png","type":"","width":"","height":""}],"twitter_card":"summary_large_image","twitter_misc":{"Dur\u00e9e de lecture estim\u00e9e":"2 minutes"},"schema":{"@context":"https:\/\/schema.org","@graph":[{"@type":"WebPage","@id":"https:\/\/www.cambodiaacountryfullofcharm.com\/fr\/visiter-les-provinces-du-cambodge\/province-de-kampot-cambodge\/","url":"https:\/\/www.cambodiaacountryfullofcharm.com\/fr\/visiter-les-provinces-du-cambodge\/province-de-kampot-cambodge\/","name":"province de Kampot au Cambodge et le poivre de Kampot","isPartOf":{"@id":"https:\/\/www.cambodiaacountryfullofcharm.com\/fr\/#website"},"primaryImageOfPage":{"@id":"https:\/\/www.cambodiaacountryfullofcharm.com\/fr\/visiter-les-provinces-du-cambodge\/province-de-kampot-cambodge\/#primaryimage"},"image":{"@id":"https:\/\/www.cambodiaacountryfullofcharm.com\/fr\/visiter-les-provinces-du-cambodge\/province-de-kampot-cambodge\/#primaryimage"},"thumbnailUrl":"https:\/\/www.cambodiaacountryfullofcharm.com\/wp-content\/uploads\/2013\/09\/voyager-province-de-kampot-cambodge.png","datePublished":"2013-12-07T06:47:36+00:00","dateModified":"2023-09-11T17:45:53+00:00","description":"toutes les informations sur la province de Kampot, poivre de Kampot . h\u00f4tels, restaurants, guides province de Kampot , parc national de Bokor","breadcrumb":{"@id":"https:\/\/www.cambodiaacountryfullofcharm.com\/fr\/visiter-les-provinces-du-cambodge\/province-de-kampot-cambodge\/#breadcrumb"},"inLanguage":"fr-FR","potentialAction":[{"@type":"ReadAction","target":["https:\/\/www.cambodiaacountryfullofcharm.com\/fr\/visiter-les-provinces-du-cambodge\/province-de-kampot-cambodge\/"]}]},{"@type":"ImageObject","inLanguage":"fr-FR","@id":"https:\/\/www.cambodiaacountryfullofcharm.com\/fr\/visiter-les-provinces-du-cambodge\/province-de-kampot-cambodge\/#primaryimage","url":"https:\/\/www.cambodiaacountryfullofcharm.com\/wp-content\/uploads\/2013\/09\/voyager-province-de-kampot-cambodge.png","contentUrl":"https:\/\/www.cambodiaacountryfullofcharm.com\/wp-content\/uploads\/2013\/09\/voyager-province-de-kampot-cambodge.png"},{"@type":"BreadcrumbList","@id":"https:\/\/www.cambodiaacountryfullofcharm.com\/fr\/visiter-les-provinces-du-cambodge\/province-de-kampot-cambodge\/#breadcrumb","itemListElement":[{"@type":"ListItem","position":1,"name":"Accueil","item":"https:\/\/www.cambodiaacountryfullofcharm.com\/fr\/"},{"@type":"ListItem","position":2,"name":"visiter les provinces du Cambodge","item":"https:\/\/www.cambodiaacountryfullofcharm.com\/fr\/visiter-les-provinces-du-cambodge\/"},{"@type":"ListItem","position":3,"name":"province de Kampot"}]},{"@type":"WebSite","@id":"https:\/\/www.cambodiaacountryfullofcharm.com\/fr\/#website","url":"https:\/\/www.cambodiaacountryfullofcharm.com\/fr\/","name":"Guide voyage Cambodge","description":"Cambodge un pays plein de charme","publisher":{"@id":"https:\/\/www.cambodiaacountryfullofcharm.com\/fr\/#organization"},"potentialAction":[{"@type":"SearchAction","target":{"@type":"EntryPoint","urlTemplate":"https:\/\/www.cambodiaacountryfullofcharm.com\/fr\/?s={search_term_string}"},"query-input":{"@type":"PropertyValueSpecification","valueRequired":true,"valueName":"search_term_string"}}],"inLanguage":"fr-FR"},{"@type":"Organization","@id":"https:\/\/www.cambodiaacountryfullofcharm.com\/fr\/#organization","name":"Guide voyage Cambodge","url":"https:\/\/www.cambodiaacountryfullofcharm.com\/fr\/","logo":{"@type":"ImageObject","inLanguage":"fr-FR","@id":"https:\/\/www.cambodiaacountryfullofcharm.com\/fr\/#\/schema\/logo\/image\/","url":"https:\/\/www.cambodiaacountryfullofcharm.com\/wp-content\/uploads\/2022\/06\/Cambodia-a-country-full-of-charm-2-scaled.jpg","contentUrl":"https:\/\/www.cambodiaacountryfullofcharm.com\/wp-content\/uploads\/2022\/06\/Cambodia-a-country-full-of-charm-2-scaled.jpg","width":2560,"height":1709,"caption":"Guide voyage Cambodge"},"image":{"@id":"https:\/\/www.cambodiaacountryfullofcharm.com\/fr\/#\/schema\/logo\/image\/"}}]}},"_links":{"self":[{"href":"https:\/\/www.cambodiaacountryfullofcharm.com\/fr\/wp-json\/wp\/v2\/pages\/123","targetHints":{"allow":["GET"]}}],"collection":[{"href":"https:\/\/www.cambodiaacountryfullofcharm.com\/fr\/wp-json\/wp\/v2\/pages"}],"about":[{"href":"https:\/\/www.cambodiaacountryfullofcharm.com\/fr\/wp-json\/wp\/v2\/types\/page"}],"author":[{"embeddable":true,"href":"https:\/\/www.cambodiaacountryfullofcharm.com\/fr\/wp-json\/wp\/v2\/users\/1"}],"replies":[{"embeddable":true,"href":"https:\/\/www.cambodiaacountryfullofcharm.com\/fr\/wp-json\/wp\/v2\/comments?post=123"}],"version-history":[{"count":0,"href":"https:\/\/www.cambodiaacountryfullofcharm.com\/fr\/wp-json\/wp\/v2\/pages\/123\/revisions"}],"up":[{"embeddable":true,"href":"https:\/\/www.cambodiaacountryfullofcharm.com\/fr\/wp-json\/wp\/v2\/pages\/71"}],"wp:attachment":[{"href":"https:\/\/www.cambodiaacountryfullofcharm.com\/fr\/wp-json\/wp\/v2\/media?parent=123"}],"curies":[{"name":"wp","href":"https:\/\/api.w.org\/{rel}","templated":true}]}}