{"id":126,"date":"2013-12-07T08:37:53","date_gmt":"2013-12-07T07:37:53","guid":{"rendered":"http:\/\/cambodiaacountryfullofcharm.com\/?page_id=126"},"modified":"2023-09-11T18:47:28","modified_gmt":"2023-09-11T17:47:28","slug":"province-de-kandal-cambodge","status":"publish","type":"page","link":"https:\/\/www.cambodiaacountryfullofcharm.com\/fr\/visiter-les-provinces-du-cambodge\/province-de-kandal-cambodge\/","title":{"rendered":"Kandal"},"content":{"rendered":"<h2>province de Kandal<\/h2>\n<p><img fetchpriority=\"high\" decoding=\"async\" class=\"aligncenter size-full wp-image-1182\" src=\"https:\/\/www.cambodiaacountryfullofcharm.com\/wp-content\/uploads\/2013\/09\/voyager-province-kandal-cambodge.png\" alt=\"voyager-province-kandal-cambodge\" width=\"218\" height=\"314\" \/>La province de Kandal est une province du <span style=\"color: #000000;\"><a style=\"color: #000000;\" title=\"Cambodge\" href=\"https:\/\/www.facebook.com\/CambodiaACountryFullOfCharm\">Cambodge<\/a><\/span> qui entoure compl\u00e8tement la province de Phnom Penh. Elle est situ\u00e9e au sud-est du pays et s\u2019\u00e9tend jusqu\u2019au Vietnam. La province de Kandal s\u2019\u00e9tend sur une surface de 3\u2009568\u00a0km\u00b2 et est divis\u00e9e en 11\u00a0districts. Elle comporte 146\u00a0communes et 1\u2009087\u00a0villages.<\/p>\n<h4>h\u00e9bergement et repas a Kandal<\/h4>\n<p>Vous n\u2019aurez aucun probl\u00e8me pour vous loger dans des h\u00f4tels ou m\u00eame des guesthouses \u00e0 &#8221; Ta Khamo &#8221; ou m\u00eame \u00e0 Phnom Penh\u2009; vous pourrez aussi vous restaurer dans les restaurants et les march\u00e9s.<\/p>\n<h4>visite a Kandal<\/h4>\n<p>Dans la province, l\u2019\u00e9conomie principale est celle de l\u2019agriculture et de la p\u00eache, alors autant vous pr\u00e9venir, vous aurez de beaux paysages \u00e0 voir et \u00e0 photographier pendant votre s\u00e9jour.<br \/>\nLa province de Kandal au <span style=\"color: #000000;\"><a style=\"color: #000000;\" href=\"https:\/\/www.cambodiaacountryfullofcharm.com\/fr\/\">Cambodge<\/a><\/span> regorge d\u2019endroits de visite, mais aussi de lieux o\u00f9 les Khmers aiment se retrouver en famille comme \u00e0 Phnom S\u2019ang o\u00f9 se trouve un \u00e9tang au pied de la colline dans un paysage magnifique. Kien Svay est un lieu tr\u00e8s recommand\u00e9 o\u00f9 vous pourrez prendre vos repas dans des paillotes install\u00e9es sur la rivi\u00e8re tr\u00e8s appr\u00e9ci\u00e9e des Cambodgiens et o\u00f9 vous pourrez aussi faire des balades en bateau et de tr\u00e8s belles photographies aussi bien du paysage, mais aussi des paillotes qui bordent la rivi\u00e8re, mais aussi Phnom Prasith, Phnom Oudong.<br \/>\nDans la province de Kandal est aussi connu Koh Dach &#8221; l\u2019\u00eele de la Soie &#8220;. Vous l\u2019aurez compris, Koh Dach est plus connue pour sa soie et pour les nombreux tisserands qui confectionnent les \u00e9toffes traditionnelles, comme le fameux Krama, que pour l\u2019agriculture qui y est r\u00e9alis\u00e9e.<\/p>\n\n<p><script src=\"\/\/cdn0.trainbusferry.com\/tools\/form\/fr\/?id=7426726\" data-one2go=\"7426726\" data-color=\"blue\" data-language=\"fr\" data-adaptive=\"1\" data-border=\"1\"><\/script><\/p>\n<div id=\"powered\">Powered by <a href=\"https:\/\/12go.asia\/?z=7426726\">Cambodia travel guide<\/a><\/div>\n\n\n\n<style type='text\/css'>\n\n\t\t.one2go-left {\n\t\t\tfont-size:12px;\n\t\t\tcolor:green;\n\t\t}\n\n\t\t.one2go-right {\n\t\t\tfont-size:12px;\n\t\t\tcolor:red;\n\t\t}\n\n\t\t.one2go-route-info {\n\t\t\tfloat: right;\n\t\t\tfont-size: 10pt;\n\t\t\twhite-space: nowrap;\n\t\t}\n\n\/*\t\t.one2go-route-price,\n\t\t.one2go-route-duration {\n\t\t\ttext-align: center;\n\t\t\tfont-size:10pt;\n\t\t}\n*\/\n\t\t.one2go-route-price {\n\t\t\tmargin-right: 20px;\n\t\t}\n\n\t\tli.country {\n\t\t\tbackground-position: 90%;\n\t\t\tbackground-repeat: no-repeat;\n\t\t}\n\t\t.one2go-trips {\n\t\t\twidth: 50%;\n\t\t}\n\t\t.one2go-trips ul {\n\t\t\tpadding-left: 0px;\n\t\t\tmargin-top: auto !important;\n\t\t\tmargin-bottom: auto !important;\n\t\t\tlist-style: none !important;\n\t\t}\n\t\t.one2go-trips li {\n\t\t\tline-height: 16pt;\n\t\t\tpadding-left:8px;\n\t\t}\n\t\t.one2go-timetable {\n\t\t\twidth:100%;\n\t\t\tfont-size:12px;\n\t\t\tborder-spacing: 10px;\n    \t\tborder-collapse: collapse;\n\t\t\tfont-family: \"Open Sans\", sans-serif;\n\t\t}\n\t\t.one2go-timetable td,\n\t\t.one2go-timetable tr.one2go-route-detail th {\n\t\t\tpadding: 6px;\n\t\t\tvertical-align: middle !important;\n\t\t\tborder:1px solid #ccc;\n\t\t}\n\n\t\t.one2go-route-name {\n\t\t\tpadding:15px;\n\t\t\tfont-size:14px;\n\t\t}\n\n\t\tspan.one2go-departures {\n\t\t\tcolor: #5d5d5d;\n\t\t}\n\t\tspan.one2go-class {\n\t\t\tfont-weight: bold;\n\t\t\tcolor: #5d5d5d;\n\t\t}\n\n\t\ttr.one2go-route-detail th {\n\t\t\ttext-align: center;\n\t\t\tcolor: #575757;\n\t\t}\n\n\t\t.one2go-buy-button {\n\t\t\tfont-family: \"Open Sans\", sans-serif;\n\t\t\tfont-size:12pt;\n\t\t\tfloat:right;\n\t\t\t\/*padding-left:10px;*\/\n\t\t}\n\n\t\t.one2go-route-header {\n\t\t\tfont-family: \"Open Sans\", sans-serif;\n\t\t\tpadding: 8px;\n\t\t\tbackground-color: #30abe0;\n\t\t\tletter-spacing: 0px;\n\t\t}\n\n\t\t.one2go-route-header a {\n\t\t\tcolor: white;\n\t\t\tfont-size: 18px;\n\t\t\tfont-weight: 400;\n\t\t}\n\n\t\t.one2go-route-container {\n\t\t\tpadding: 0;\n\t\t\tborder:  1px solid #30abe0;\n\t\t\tmargin-bottom: 20px;\n\t\t}\n\n<\/style>\n\n\n\t<div class=\"one2go-route-container\">\n\n\n\t<div class=\"one2go-route-header\">\n\t\t\t\t\t\t\t\t\t\t\t\t\n\t\t\t\t<a target=\"_blank\" href=\"https:\/\/12go.asia\/fr\/travel\/kandal\/phnom-penh?z=7426726&curr=USD\">Kandal - Phnom Penh<\/a>\n\t\t\t\t\t\t\t\t\t<a class=\"one2go-buy-button\" target=\"_blank\" href=\"https:\/\/12go.asia\/fr\/travel\/kandal\/phnom-penh?z=7426726&curr=USD\">Plus d'informations \/ Billets<\/a>\n\t\t\t\t\t<\/div>\n\n\t<table class=\"one2go-timetable\"><tbody>\n\t\n\t\t<tr>\n\t\t\t<td class=\"one2go-route-name\" colspan=\"2\">\n\t\t\t\t\t\t\t\t\t\t\t\t\t\t\t\t\t<a target=\"_blank\" href=\"https:\/\/12go.asia\/fr\/charter\/kandal\/phnom-penh?z=7426726&curr=USD\">Taxi Kandal - Phnom Penh<\/a>\n\t\t\t\t\n\t\t\t\t<span class=\"one2go-route-info\">\n\t\t\t\t\t\t\t\t\t\t\t<span class=\"one2go-route-price\">\n\t\t\t\t\t\t\t\t\t\t\t\t\t\t\t$ 189.36&ndash;315.59\n\t\t\t\t\t\t\t\t\t\t\t\t\t<\/span>\n\t\t\t\t\t\n\t\t\t\t\t<span class=\"one2go-route-duration\">\n\t\t\t\t\t\t\t\t\t\t\t\t\t1h\n\t\t\t\t\t\t\t\t\t\t\t<\/span>\n\t\t\t\t<\/span>\n\t\t\t<\/td>\n\n\t\t<\/tr>\n\t\t<tr>\n\t\t\t<td class=\"one2go-trips\" colspan=\"2\">\n\t\t\t\t<ul>\n\t\t\t\t\t\t\t\t\t\t\t<li>\n\t\t\t\t\t\t\t<b class=\"one2go-right\">\u2192<\/b>&nbsp;\n\t\t\t\t\t\t\t<span class=\"one2go-class\">Confort 3 passagers<\/span>\n\t\t\t\t\t\t\t\t\t\t\t\t\t<\/li>\n\t\t\t\t\t\t\t\t\t\t\t<li>\n\t\t\t\t\t\t\t<b class=\"one2go-right\">\u2192<\/b>&nbsp;\n\t\t\t\t\t\t\t<span class=\"one2go-class\">Economie 3pax<\/span>\n\t\t\t\t\t\t\t\t\t\t\t\t\t<\/li>\n\t\t\t\t\t\t\t\t\t\t\t<li>\n\t\t\t\t\t\t\t<b class=\"one2go-right\">\u2192<\/b>&nbsp;\n\t\t\t\t\t\t\t<span class=\"one2go-class\">Monospace 17 passagers<\/span>\n\t\t\t\t\t\t\t\t\t\t\t\t\t<\/li>\n\t\t\t\t\t\t\t\t\t\t\t<li>\n\t\t\t\t\t\t\t<b class=\"one2go-right\">\u2192<\/b>&nbsp;\n\t\t\t\t\t\t\t<span class=\"one2go-class\">Van 10 passagers<\/span>\n\t\t\t\t\t\t\t\t\t\t\t\t\t<\/li>\n\t\t\t\t\t\t\t\t\t\t\t<li>\n\t\t\t\t\t\t\t<b class=\"one2go-right\">\u2192<\/b>&nbsp;\n\t\t\t\t\t\t\t<span class=\"one2go-class\">Van 8 passagers<\/span>\n\t\t\t\t\t\t\t\t\t\t\t\t\t<\/li>\n\t\t\t\t\t\t\t\t\t\t\t<li>\n\t\t\t\t\t\t\t<b class=\"one2go-right\">\u2192<\/b>&nbsp;\n\t\t\t\t\t\t\t<span class=\"one2go-class\">SUV 3 passagers<\/span>\n\t\t\t\t\t\t\t\t\t\t\t\t\t<\/li>\n\t\t\t\t\t\t\t\t\t\t\t<li>\n\t\t\t\t\t\t\t<b class=\"one2go-right\">\u2192<\/b>&nbsp;\n\t\t\t\t\t\t\t<span class=\"one2go-class\">Minibus 25pax<\/span>\n\t\t\t\t\t\t\t\t\t\t\t\t\t<\/li>\n\t\t\t\t\t\t\t\t\t<\/ul>\n\t\t\t<\/td>\n\t\t\t\t<\/tr>\n\n\t\t<\/tbody><\/table><\/div>\n\n\t<div class=\"one2go-route-container\">\n\n\n\t<div class=\"one2go-route-header\">\n\t\t\t\t\t\t\t\t\t\t\t\t\n\t\t\t\t<a target=\"_blank\" href=\"https:\/\/12go.asia\/fr\/travel\/kien-svay\/phnom-penh?z=7426726&curr=USD\">Kien Svay - Phnom Penh<\/a>\n\t\t\t\t\t\t\t\t\t<a class=\"one2go-buy-button\" target=\"_blank\" href=\"https:\/\/12go.asia\/fr\/travel\/kien-svay\/phnom-penh?z=7426726&curr=USD\">Plus d'informations \/ Billets<\/a>\n\t\t\t\t\t<\/div>\n\n\t<table class=\"one2go-timetable\"><tbody>\n\t\n\t\t<tr>\n\t\t\t<td class=\"one2go-route-name\" colspan=\"2\">\n\t\t\t\t\t\t\t\t\t\t\t\t\t\t\t\t\t<a target=\"_blank\" href=\"https:\/\/12go.asia\/fr\/charter\/kien-svay\/phnom-penh?z=7426726&curr=USD\">Taxi Kien Svay - Phnom Penh<\/a>\n\t\t\t\t\n\t\t\t\t<span class=\"one2go-route-info\">\n\t\t\t\t\t\t\t\t\t\t\t<span class=\"one2go-route-price\">\n\t\t\t\t\t\t\t\t\t\t\t\t\t\t\t$ 189.36&ndash;315.59\n\t\t\t\t\t\t\t\t\t\t\t\t\t<\/span>\n\t\t\t\t\t\n\t\t\t\t\t<span class=\"one2go-route-duration\">\n\t\t\t\t\t\t\t\t\t\t\t\t\t1h\n\t\t\t\t\t\t\t\t\t\t\t<\/span>\n\t\t\t\t<\/span>\n\t\t\t<\/td>\n\n\t\t<\/tr>\n\t\t<tr>\n\t\t\t<td class=\"one2go-trips\" colspan=\"2\">\n\t\t\t\t<ul>\n\t\t\t\t\t\t\t\t\t\t\t<li>\n\t\t\t\t\t\t\t<b class=\"one2go-right\">\u2192<\/b>&nbsp;\n\t\t\t\t\t\t\t<span class=\"one2go-class\">Confort 3 passagers<\/span>\n\t\t\t\t\t\t\t\t\t\t\t\t\t<\/li>\n\t\t\t\t\t\t\t\t\t\t\t<li>\n\t\t\t\t\t\t\t<b class=\"one2go-right\">\u2192<\/b>&nbsp;\n\t\t\t\t\t\t\t<span class=\"one2go-class\">Economie 3pax<\/span>\n\t\t\t\t\t\t\t\t\t\t\t\t\t<\/li>\n\t\t\t\t\t\t\t\t\t\t\t<li>\n\t\t\t\t\t\t\t<b class=\"one2go-right\">\u2192<\/b>&nbsp;\n\t\t\t\t\t\t\t<span class=\"one2go-class\">Monospace 17 passagers<\/span>\n\t\t\t\t\t\t\t\t\t\t\t\t\t<\/li>\n\t\t\t\t\t\t\t\t\t\t\t<li>\n\t\t\t\t\t\t\t<b class=\"one2go-right\">\u2192<\/b>&nbsp;\n\t\t\t\t\t\t\t<span class=\"one2go-class\">Van 10 passagers<\/span>\n\t\t\t\t\t\t\t\t\t\t\t\t\t<\/li>\n\t\t\t\t\t\t\t\t\t\t\t<li>\n\t\t\t\t\t\t\t<b class=\"one2go-right\">\u2192<\/b>&nbsp;\n\t\t\t\t\t\t\t<span class=\"one2go-class\">Van 8 passagers<\/span>\n\t\t\t\t\t\t\t\t\t\t\t\t\t<\/li>\n\t\t\t\t\t\t\t\t\t\t\t<li>\n\t\t\t\t\t\t\t<b class=\"one2go-right\">\u2192<\/b>&nbsp;\n\t\t\t\t\t\t\t<span class=\"one2go-class\">SUV 3 passagers<\/span>\n\t\t\t\t\t\t\t\t\t\t\t\t\t<\/li>\n\t\t\t\t\t\t\t\t\t\t\t<li>\n\t\t\t\t\t\t\t<b class=\"one2go-right\">\u2192<\/b>&nbsp;\n\t\t\t\t\t\t\t<span class=\"one2go-class\">Minibus 25pax<\/span>\n\t\t\t\t\t\t\t\t\t\t\t\t\t<\/li>\n\t\t\t\t\t\t\t\t\t<\/ul>\n\t\t\t<\/td>\n\t\t\t\t<\/tr>\n\n\t\t<\/tbody><\/table><\/div>\n\n\n","protected":false},"excerpt":{"rendered":"<p>province de Kandal La province de Kandal est une province du Cambodge qui entoure compl\u00e8tement la province de Phnom Penh. Elle est situ\u00e9e au sud-est du pays et s\u2019\u00e9tend jusqu\u2019au Vietnam. La province de Kandal s\u2019\u00e9tend sur une surface de 3\u2009568\u00a0km\u00b2 et est divis\u00e9e en 11\u00a0districts. Elle comporte 146\u00a0communes et 1\u2009087\u00a0villages. h\u00e9bergement et repas a &hellip; <\/p>\n","protected":false},"author":1,"featured_media":0,"parent":71,"menu_order":0,"comment_status":"closed","ping_status":"closed","template":"","meta":{"_themeisle_gutenberg_block_has_review":false,"footnotes":""},"class_list":["post-126","page","type-page","status-publish","hentry"],"yoast_head":"<!-- This site is optimized with the Yoast SEO plugin v27.5 - https:\/\/yoast.com\/product\/yoast-seo-wordpress\/ -->\n<title>Kandal visiter la province de Kandal Cambodge<\/title>\n<meta name=\"description\" content=\"tous sur la province de Kandal , que visiter dans la province, h\u00f4tel, restaurants, la soie de Koh Dach \u00e0 Kandal Cambodge\" \/>\n<meta name=\"robots\" content=\"index, follow, max-snippet:-1, max-image-preview:large, max-video-preview:-1\" \/>\n<link rel=\"canonical\" href=\"https:\/\/www.cambodiaacountryfullofcharm.com\/fr\/visiter-les-provinces-du-cambodge\/province-de-kandal-cambodge\/\" \/>\n<meta property=\"og:locale\" content=\"fr_FR\" \/>\n<meta property=\"og:type\" content=\"article\" \/>\n<meta property=\"og:title\" content=\"Kandal visiter la province de Kandal Cambodge\" \/>\n<meta property=\"og:description\" content=\"tous sur la province de Kandal , que visiter dans la province, h\u00f4tel, restaurants, la soie de Koh Dach \u00e0 Kandal Cambodge\" \/>\n<meta property=\"og:url\" content=\"https:\/\/www.cambodiaacountryfullofcharm.com\/fr\/visiter-les-provinces-du-cambodge\/province-de-kandal-cambodge\/\" \/>\n<meta property=\"og:site_name\" content=\"Guide voyage Cambodge\" \/>\n<meta property=\"article:modified_time\" content=\"2023-09-11T17:47:28+00:00\" \/>\n<meta property=\"og:image\" content=\"https:\/\/www.cambodiaacountryfullofcharm.com\/wp-content\/uploads\/2013\/09\/voyager-province-kandal-cambodge.png\" \/>\n<meta name=\"twitter:card\" content=\"summary_large_image\" \/>\n<meta name=\"twitter:label1\" content=\"Dur\u00e9e de lecture estim\u00e9e\" \/>\n\t<meta name=\"twitter:data1\" content=\"2 minutes\" \/>\n<script type=\"application\/ld+json\" class=\"yoast-schema-graph\">{\"@context\":\"https:\\\/\\\/schema.org\",\"@graph\":[{\"@type\":\"WebPage\",\"@id\":\"https:\\\/\\\/www.cambodiaacountryfullofcharm.com\\\/fr\\\/visiter-les-provinces-du-cambodge\\\/province-de-kandal-cambodge\\\/\",\"url\":\"https:\\\/\\\/www.cambodiaacountryfullofcharm.com\\\/fr\\\/visiter-les-provinces-du-cambodge\\\/province-de-kandal-cambodge\\\/\",\"name\":\"Kandal visiter la province de Kandal Cambodge\",\"isPartOf\":{\"@id\":\"https:\\\/\\\/www.cambodiaacountryfullofcharm.com\\\/fr\\\/#website\"},\"primaryImageOfPage\":{\"@id\":\"https:\\\/\\\/www.cambodiaacountryfullofcharm.com\\\/fr\\\/visiter-les-provinces-du-cambodge\\\/province-de-kandal-cambodge\\\/#primaryimage\"},\"image\":{\"@id\":\"https:\\\/\\\/www.cambodiaacountryfullofcharm.com\\\/fr\\\/visiter-les-provinces-du-cambodge\\\/province-de-kandal-cambodge\\\/#primaryimage\"},\"thumbnailUrl\":\"https:\\\/\\\/www.cambodiaacountryfullofcharm.com\\\/wp-content\\\/uploads\\\/2013\\\/09\\\/voyager-province-kandal-cambodge.png\",\"datePublished\":\"2013-12-07T07:37:53+00:00\",\"dateModified\":\"2023-09-11T17:47:28+00:00\",\"description\":\"tous sur la province de Kandal , que visiter dans la province, h\u00f4tel, restaurants, la soie de Koh Dach \u00e0 Kandal Cambodge\",\"breadcrumb\":{\"@id\":\"https:\\\/\\\/www.cambodiaacountryfullofcharm.com\\\/fr\\\/visiter-les-provinces-du-cambodge\\\/province-de-kandal-cambodge\\\/#breadcrumb\"},\"inLanguage\":\"fr-FR\",\"potentialAction\":[{\"@type\":\"ReadAction\",\"target\":[\"https:\\\/\\\/www.cambodiaacountryfullofcharm.com\\\/fr\\\/visiter-les-provinces-du-cambodge\\\/province-de-kandal-cambodge\\\/\"]}]},{\"@type\":\"ImageObject\",\"inLanguage\":\"fr-FR\",\"@id\":\"https:\\\/\\\/www.cambodiaacountryfullofcharm.com\\\/fr\\\/visiter-les-provinces-du-cambodge\\\/province-de-kandal-cambodge\\\/#primaryimage\",\"url\":\"https:\\\/\\\/www.cambodiaacountryfullofcharm.com\\\/wp-content\\\/uploads\\\/2013\\\/09\\\/voyager-province-kandal-cambodge.png\",\"contentUrl\":\"https:\\\/\\\/www.cambodiaacountryfullofcharm.com\\\/wp-content\\\/uploads\\\/2013\\\/09\\\/voyager-province-kandal-cambodge.png\"},{\"@type\":\"BreadcrumbList\",\"@id\":\"https:\\\/\\\/www.cambodiaacountryfullofcharm.com\\\/fr\\\/visiter-les-provinces-du-cambodge\\\/province-de-kandal-cambodge\\\/#breadcrumb\",\"itemListElement\":[{\"@type\":\"ListItem\",\"position\":1,\"name\":\"Accueil\",\"item\":\"https:\\\/\\\/www.cambodiaacountryfullofcharm.com\\\/fr\\\/\"},{\"@type\":\"ListItem\",\"position\":2,\"name\":\"visiter les provinces du Cambodge\",\"item\":\"https:\\\/\\\/www.cambodiaacountryfullofcharm.com\\\/fr\\\/visiter-les-provinces-du-cambodge\\\/\"},{\"@type\":\"ListItem\",\"position\":3,\"name\":\"Kandal\"}]},{\"@type\":\"WebSite\",\"@id\":\"https:\\\/\\\/www.cambodiaacountryfullofcharm.com\\\/fr\\\/#website\",\"url\":\"https:\\\/\\\/www.cambodiaacountryfullofcharm.com\\\/fr\\\/\",\"name\":\"Guide voyage Cambodge\",\"description\":\"Cambodge un pays plein de charme\",\"publisher\":{\"@id\":\"https:\\\/\\\/www.cambodiaacountryfullofcharm.com\\\/fr\\\/#organization\"},\"potentialAction\":[{\"@type\":\"SearchAction\",\"target\":{\"@type\":\"EntryPoint\",\"urlTemplate\":\"https:\\\/\\\/www.cambodiaacountryfullofcharm.com\\\/fr\\\/?s={search_term_string}\"},\"query-input\":{\"@type\":\"PropertyValueSpecification\",\"valueRequired\":true,\"valueName\":\"search_term_string\"}}],\"inLanguage\":\"fr-FR\"},{\"@type\":\"Organization\",\"@id\":\"https:\\\/\\\/www.cambodiaacountryfullofcharm.com\\\/fr\\\/#organization\",\"name\":\"Guide voyage Cambodge\",\"url\":\"https:\\\/\\\/www.cambodiaacountryfullofcharm.com\\\/fr\\\/\",\"logo\":{\"@type\":\"ImageObject\",\"inLanguage\":\"fr-FR\",\"@id\":\"https:\\\/\\\/www.cambodiaacountryfullofcharm.com\\\/fr\\\/#\\\/schema\\\/logo\\\/image\\\/\",\"url\":\"https:\\\/\\\/www.cambodiaacountryfullofcharm.com\\\/wp-content\\\/uploads\\\/2022\\\/06\\\/Cambodia-a-country-full-of-charm-2-scaled.jpg\",\"contentUrl\":\"https:\\\/\\\/www.cambodiaacountryfullofcharm.com\\\/wp-content\\\/uploads\\\/2022\\\/06\\\/Cambodia-a-country-full-of-charm-2-scaled.jpg\",\"width\":2560,\"height\":1709,\"caption\":\"Guide voyage Cambodge\"},\"image\":{\"@id\":\"https:\\\/\\\/www.cambodiaacountryfullofcharm.com\\\/fr\\\/#\\\/schema\\\/logo\\\/image\\\/\"}}]}<\/script>\n<!-- \/ Yoast SEO plugin. -->","yoast_head_json":{"title":"Kandal visiter la province de Kandal Cambodge","description":"tous sur la province de Kandal , que visiter dans la province, h\u00f4tel, restaurants, la soie de Koh Dach \u00e0 Kandal Cambodge","robots":{"index":"index","follow":"follow","max-snippet":"max-snippet:-1","max-image-preview":"max-image-preview:large","max-video-preview":"max-video-preview:-1"},"canonical":"https:\/\/www.cambodiaacountryfullofcharm.com\/fr\/visiter-les-provinces-du-cambodge\/province-de-kandal-cambodge\/","og_locale":"fr_FR","og_type":"article","og_title":"Kandal visiter la province de Kandal Cambodge","og_description":"tous sur la province de Kandal , que visiter dans la province, h\u00f4tel, restaurants, la soie de Koh Dach \u00e0 Kandal Cambodge","og_url":"https:\/\/www.cambodiaacountryfullofcharm.com\/fr\/visiter-les-provinces-du-cambodge\/province-de-kandal-cambodge\/","og_site_name":"Guide voyage Cambodge","article_modified_time":"2023-09-11T17:47:28+00:00","og_image":[{"url":"https:\/\/www.cambodiaacountryfullofcharm.com\/wp-content\/uploads\/2013\/09\/voyager-province-kandal-cambodge.png","type":"","width":"","height":""}],"twitter_card":"summary_large_image","twitter_misc":{"Dur\u00e9e de lecture estim\u00e9e":"2 minutes"},"schema":{"@context":"https:\/\/schema.org","@graph":[{"@type":"WebPage","@id":"https:\/\/www.cambodiaacountryfullofcharm.com\/fr\/visiter-les-provinces-du-cambodge\/province-de-kandal-cambodge\/","url":"https:\/\/www.cambodiaacountryfullofcharm.com\/fr\/visiter-les-provinces-du-cambodge\/province-de-kandal-cambodge\/","name":"Kandal visiter la province de Kandal Cambodge","isPartOf":{"@id":"https:\/\/www.cambodiaacountryfullofcharm.com\/fr\/#website"},"primaryImageOfPage":{"@id":"https:\/\/www.cambodiaacountryfullofcharm.com\/fr\/visiter-les-provinces-du-cambodge\/province-de-kandal-cambodge\/#primaryimage"},"image":{"@id":"https:\/\/www.cambodiaacountryfullofcharm.com\/fr\/visiter-les-provinces-du-cambodge\/province-de-kandal-cambodge\/#primaryimage"},"thumbnailUrl":"https:\/\/www.cambodiaacountryfullofcharm.com\/wp-content\/uploads\/2013\/09\/voyager-province-kandal-cambodge.png","datePublished":"2013-12-07T07:37:53+00:00","dateModified":"2023-09-11T17:47:28+00:00","description":"tous sur la province de Kandal , que visiter dans la province, h\u00f4tel, restaurants, la soie de Koh Dach \u00e0 Kandal Cambodge","breadcrumb":{"@id":"https:\/\/www.cambodiaacountryfullofcharm.com\/fr\/visiter-les-provinces-du-cambodge\/province-de-kandal-cambodge\/#breadcrumb"},"inLanguage":"fr-FR","potentialAction":[{"@type":"ReadAction","target":["https:\/\/www.cambodiaacountryfullofcharm.com\/fr\/visiter-les-provinces-du-cambodge\/province-de-kandal-cambodge\/"]}]},{"@type":"ImageObject","inLanguage":"fr-FR","@id":"https:\/\/www.cambodiaacountryfullofcharm.com\/fr\/visiter-les-provinces-du-cambodge\/province-de-kandal-cambodge\/#primaryimage","url":"https:\/\/www.cambodiaacountryfullofcharm.com\/wp-content\/uploads\/2013\/09\/voyager-province-kandal-cambodge.png","contentUrl":"https:\/\/www.cambodiaacountryfullofcharm.com\/wp-content\/uploads\/2013\/09\/voyager-province-kandal-cambodge.png"},{"@type":"BreadcrumbList","@id":"https:\/\/www.cambodiaacountryfullofcharm.com\/fr\/visiter-les-provinces-du-cambodge\/province-de-kandal-cambodge\/#breadcrumb","itemListElement":[{"@type":"ListItem","position":1,"name":"Accueil","item":"https:\/\/www.cambodiaacountryfullofcharm.com\/fr\/"},{"@type":"ListItem","position":2,"name":"visiter les provinces du Cambodge","item":"https:\/\/www.cambodiaacountryfullofcharm.com\/fr\/visiter-les-provinces-du-cambodge\/"},{"@type":"ListItem","position":3,"name":"Kandal"}]},{"@type":"WebSite","@id":"https:\/\/www.cambodiaacountryfullofcharm.com\/fr\/#website","url":"https:\/\/www.cambodiaacountryfullofcharm.com\/fr\/","name":"Guide voyage Cambodge","description":"Cambodge un pays plein de charme","publisher":{"@id":"https:\/\/www.cambodiaacountryfullofcharm.com\/fr\/#organization"},"potentialAction":[{"@type":"SearchAction","target":{"@type":"EntryPoint","urlTemplate":"https:\/\/www.cambodiaacountryfullofcharm.com\/fr\/?s={search_term_string}"},"query-input":{"@type":"PropertyValueSpecification","valueRequired":true,"valueName":"search_term_string"}}],"inLanguage":"fr-FR"},{"@type":"Organization","@id":"https:\/\/www.cambodiaacountryfullofcharm.com\/fr\/#organization","name":"Guide voyage Cambodge","url":"https:\/\/www.cambodiaacountryfullofcharm.com\/fr\/","logo":{"@type":"ImageObject","inLanguage":"fr-FR","@id":"https:\/\/www.cambodiaacountryfullofcharm.com\/fr\/#\/schema\/logo\/image\/","url":"https:\/\/www.cambodiaacountryfullofcharm.com\/wp-content\/uploads\/2022\/06\/Cambodia-a-country-full-of-charm-2-scaled.jpg","contentUrl":"https:\/\/www.cambodiaacountryfullofcharm.com\/wp-content\/uploads\/2022\/06\/Cambodia-a-country-full-of-charm-2-scaled.jpg","width":2560,"height":1709,"caption":"Guide voyage Cambodge"},"image":{"@id":"https:\/\/www.cambodiaacountryfullofcharm.com\/fr\/#\/schema\/logo\/image\/"}}]}},"_links":{"self":[{"href":"https:\/\/www.cambodiaacountryfullofcharm.com\/fr\/wp-json\/wp\/v2\/pages\/126","targetHints":{"allow":["GET"]}}],"collection":[{"href":"https:\/\/www.cambodiaacountryfullofcharm.com\/fr\/wp-json\/wp\/v2\/pages"}],"about":[{"href":"https:\/\/www.cambodiaacountryfullofcharm.com\/fr\/wp-json\/wp\/v2\/types\/page"}],"author":[{"embeddable":true,"href":"https:\/\/www.cambodiaacountryfullofcharm.com\/fr\/wp-json\/wp\/v2\/users\/1"}],"replies":[{"embeddable":true,"href":"https:\/\/www.cambodiaacountryfullofcharm.com\/fr\/wp-json\/wp\/v2\/comments?post=126"}],"version-history":[{"count":0,"href":"https:\/\/www.cambodiaacountryfullofcharm.com\/fr\/wp-json\/wp\/v2\/pages\/126\/revisions"}],"up":[{"embeddable":true,"href":"https:\/\/www.cambodiaacountryfullofcharm.com\/fr\/wp-json\/wp\/v2\/pages\/71"}],"wp:attachment":[{"href":"https:\/\/www.cambodiaacountryfullofcharm.com\/fr\/wp-json\/wp\/v2\/media?parent=126"}],"curies":[{"name":"wp","href":"https:\/\/api.w.org\/{rel}","templated":true}]}}