{"id":13155,"date":"2023-01-11T18:34:38","date_gmt":"2023-01-11T17:34:38","guid":{"rendered":"https:\/\/www.cambodiaacountryfullofcharm.com\/?page_id=13155"},"modified":"2023-02-19T17:10:29","modified_gmt":"2023-02-19T16:10:29","slug":"pad-thai-aux-crevettes","status":"publish","type":"page","link":"https:\/\/www.cambodiaacountryfullofcharm.com\/fr\/cuisine-khmer\/recettes-du-cambodge\/pad-thai-aux-crevettes\/","title":{"rendered":"Pad tha\u00ef aux crevettes"},"content":{"rendered":"<h2>Pad tha\u00ef aux crevettes<\/h2>\n<p>Recette Pad tha\u00ef aux crevettes pour 2 personnes<\/p>\n<p>\u2022 150 g de nouilles de riz<br \/>\n\u2022 200 g de crevettes d\u00e9cortiqu\u00e9es<br \/>\n\u2022 150 g de pousses de haricot mungo<br \/>\n\u2022 150 g de carottes en lamelles fines<br \/>\n\u2022 1 c. \u00e0 s. d\u2019huile d\u2019olive<br \/>\n\u2022 1 gousse d\u2019ail \u00e9cras\u00e9e et hach\u00e9e finement<br \/>\n\u2022 1 \u00e9chalote hach\u00e9e<br \/>\n\u2022 3 c. \u00e0 s. de sauce <a href=\"https:\/\/fr.wikipedia.org\/wiki\/Phat_thai\" target=\"_blank\" rel=\"noopener\">pad tha\u00ef<\/a><br \/>\n\u2022 1 c. \u00e0 s. de sauce nuoc-m\u00e2m<br \/>\n\u2022 1 c. \u00e0 c. de sucre roux<br \/>\n\u2022 1 citron vert<br \/>\n\u2022 1\u20442 c. \u00e0 c. de pur\u00e9e de piment<br \/>\n\u2022 1 c. \u00e0 s. de cacahu\u00e8tes \u00e9cras\u00e9es<br \/>\n\u2022 Quelques feuilles de coriandre fra\u00eeches<\/p>\n<h4>PR\u00c9PARATION<\/h4>\n<p>Faites bouillir de l\u2019eau pour cuire les nouilles de riz, remuez et laissez cuire 4 minutes<br \/>\n\u00c9gouttez-les puis mettez-les en attente.<br \/>\nDans un wok, faites revenir l\u2019ail et l\u2019\u00e9chalote dans l\u2019huile. Ajoutez ensuite les crevettes, les carottes, les<br \/>\nnouilles de riz et les pousses de haricot mungo. M\u00e9langez bien et laissez cuire 5 minutes.<br \/>\nPour la sauce de la recette, m\u00e9langez la sauce pad tha\u00ef avec la pur\u00e9e de piment et le jus d\u2019un demi-citron vert et le sucre roux dans un r\u00e9cipient et m\u00e9langez bien le tout.<br \/>\nAjoutez les nouilles dans le wok et versez ensuite la sauce sur les nouilles, m\u00e9langez bien et laissez-les<br \/>\ncuire encore quelques minutes.<br \/>\nServez le pad tha\u00ef dans un bol et parsemez de cacahu\u00e8tes, de coriandre et ajoutez une tranche de citron vert pour la d\u00e9coration et aussi pour son jus.<\/p>\n<p><img fetchpriority=\"high\" decoding=\"async\" class=\"size-large wp-image-13158 aligncenter\" src=\"https:\/\/www.cambodiaacountryfullofcharm.com\/wp-content\/uploads\/2023\/01\/pad-thai-aux-crevettes-scaled-e1673458347855-1024x576.jpg\" alt=\"pad thai\u0308 aux crevettes recette du cambodge\" width=\"724\" height=\"407\" \/><\/p>\n<p>Une <a href=\"https:\/\/www.cambodiaacountryfullofcharm.com\/fr\/cuisine-khmer\/\">recette<\/a> d\u2019origine tha\u00efe, mais vous trouverez le plat du pad tha\u00ef aux crevettes notamment dans de<br \/>\nnombreux restaurants et march\u00e9s du Cambodge avec une touche khm\u00e8re.<\/p>\n","protected":false},"excerpt":{"rendered":"<p>Pad tha\u00ef aux crevettes Recette Pad tha\u00ef aux crevettes pour 2 personnes \u2022 150 g de nouilles de riz \u2022 200 g de crevettes d\u00e9cortiqu\u00e9es \u2022 150 g de pousses de haricot mungo \u2022 150 g de carottes en lamelles fines \u2022 1 c. \u00e0 s. d\u2019huile d\u2019olive \u2022 1 gousse d\u2019ail \u00e9cras\u00e9e et hach\u00e9e &hellip; <\/p>\n","protected":false},"author":1,"featured_media":13156,"parent":4950,"menu_order":0,"comment_status":"closed","ping_status":"closed","template":"","meta":{"_themeisle_gutenberg_block_has_review":false,"footnotes":""},"class_list":["post-13155","page","type-page","status-publish","has-post-thumbnail","hentry"],"yoast_head":"<!-- This site is optimized with the Yoast SEO plugin v27.4 - https:\/\/yoast.com\/product\/yoast-seo-wordpress\/ -->\n<title>Pad tha\u00ef aux crevettes recette du Cambodge<\/title>\n<meta name=\"description\" content=\"Pad tha\u00ef aux crevettes recette du Cambodge , d\u2019origine tha\u00efe vous trouverez le plat du pad tha\u00ef aux crevettes dans de nombreux restaurants\" \/>\n<meta name=\"robots\" content=\"index, follow, max-snippet:-1, max-image-preview:large, max-video-preview:-1\" \/>\n<link rel=\"canonical\" href=\"https:\/\/www.cambodiaacountryfullofcharm.com\/fr\/cuisine-khmer\/recettes-du-cambodge\/pad-thai-aux-crevettes\/\" \/>\n<meta property=\"og:locale\" content=\"fr_FR\" \/>\n<meta property=\"og:type\" content=\"article\" \/>\n<meta property=\"og:title\" content=\"Pad tha\u00ef aux crevettes recette du Cambodge\" \/>\n<meta property=\"og:description\" content=\"Pad tha\u00ef aux crevettes recette du Cambodge , d\u2019origine tha\u00efe vous trouverez le plat du pad tha\u00ef aux crevettes dans de nombreux restaurants\" \/>\n<meta property=\"og:url\" content=\"https:\/\/www.cambodiaacountryfullofcharm.com\/fr\/cuisine-khmer\/recettes-du-cambodge\/pad-thai-aux-crevettes\/\" \/>\n<meta property=\"og:site_name\" content=\"Guide voyage Cambodge\" \/>\n<meta property=\"article:modified_time\" content=\"2023-02-19T16:10:29+00:00\" \/>\n<meta property=\"og:image\" content=\"https:\/\/www.cambodiaacountryfullofcharm.com\/wp-content\/uploads\/2023\/01\/pad-thai-aux-crevettes-recette-du-cambodge-1-scaled-e1673458283719.jpg\" \/>\n\t<meta property=\"og:image:width\" content=\"900\" \/>\n\t<meta property=\"og:image:height\" content=\"900\" \/>\n\t<meta property=\"og:image:type\" content=\"image\/jpeg\" \/>\n<meta name=\"twitter:card\" content=\"summary_large_image\" \/>\n<meta name=\"twitter:label1\" content=\"Dur\u00e9e de lecture estim\u00e9e\" \/>\n\t<meta name=\"twitter:data1\" content=\"2 minutes\" \/>\n<script type=\"application\/ld+json\" class=\"yoast-schema-graph\">{\"@context\":\"https:\\\/\\\/schema.org\",\"@graph\":[{\"@type\":\"WebPage\",\"@id\":\"https:\\\/\\\/www.cambodiaacountryfullofcharm.com\\\/fr\\\/cuisine-khmer\\\/recettes-du-cambodge\\\/pad-thai-aux-crevettes\\\/\",\"url\":\"https:\\\/\\\/www.cambodiaacountryfullofcharm.com\\\/fr\\\/cuisine-khmer\\\/recettes-du-cambodge\\\/pad-thai-aux-crevettes\\\/\",\"name\":\"Pad tha\u00ef aux crevettes recette du Cambodge\",\"isPartOf\":{\"@id\":\"https:\\\/\\\/www.cambodiaacountryfullofcharm.com\\\/fr\\\/#website\"},\"primaryImageOfPage\":{\"@id\":\"https:\\\/\\\/www.cambodiaacountryfullofcharm.com\\\/fr\\\/cuisine-khmer\\\/recettes-du-cambodge\\\/pad-thai-aux-crevettes\\\/#primaryimage\"},\"image\":{\"@id\":\"https:\\\/\\\/www.cambodiaacountryfullofcharm.com\\\/fr\\\/cuisine-khmer\\\/recettes-du-cambodge\\\/pad-thai-aux-crevettes\\\/#primaryimage\"},\"thumbnailUrl\":\"https:\\\/\\\/www.cambodiaacountryfullofcharm.com\\\/wp-content\\\/uploads\\\/2023\\\/01\\\/pad-thai-aux-crevettes-recette-du-cambodge-1-scaled-e1673458283719.jpg\",\"datePublished\":\"2023-01-11T17:34:38+00:00\",\"dateModified\":\"2023-02-19T16:10:29+00:00\",\"description\":\"Pad tha\u00ef aux crevettes recette du Cambodge , d\u2019origine tha\u00efe vous trouverez le plat du pad tha\u00ef aux crevettes dans de nombreux restaurants\",\"breadcrumb\":{\"@id\":\"https:\\\/\\\/www.cambodiaacountryfullofcharm.com\\\/fr\\\/cuisine-khmer\\\/recettes-du-cambodge\\\/pad-thai-aux-crevettes\\\/#breadcrumb\"},\"inLanguage\":\"fr-FR\",\"potentialAction\":[{\"@type\":\"ReadAction\",\"target\":[\"https:\\\/\\\/www.cambodiaacountryfullofcharm.com\\\/fr\\\/cuisine-khmer\\\/recettes-du-cambodge\\\/pad-thai-aux-crevettes\\\/\"]}]},{\"@type\":\"ImageObject\",\"inLanguage\":\"fr-FR\",\"@id\":\"https:\\\/\\\/www.cambodiaacountryfullofcharm.com\\\/fr\\\/cuisine-khmer\\\/recettes-du-cambodge\\\/pad-thai-aux-crevettes\\\/#primaryimage\",\"url\":\"https:\\\/\\\/www.cambodiaacountryfullofcharm.com\\\/wp-content\\\/uploads\\\/2023\\\/01\\\/pad-thai-aux-crevettes-recette-du-cambodge-1-scaled-e1673458283719.jpg\",\"contentUrl\":\"https:\\\/\\\/www.cambodiaacountryfullofcharm.com\\\/wp-content\\\/uploads\\\/2023\\\/01\\\/pad-thai-aux-crevettes-recette-du-cambodge-1-scaled-e1673458283719.jpg\",\"width\":900,\"height\":900,\"caption\":\"pad thai\u0308 aux crevettes recette du cambodge\"},{\"@type\":\"BreadcrumbList\",\"@id\":\"https:\\\/\\\/www.cambodiaacountryfullofcharm.com\\\/fr\\\/cuisine-khmer\\\/recettes-du-cambodge\\\/pad-thai-aux-crevettes\\\/#breadcrumb\",\"itemListElement\":[{\"@type\":\"ListItem\",\"position\":1,\"name\":\"Accueil\",\"item\":\"https:\\\/\\\/www.cambodiaacountryfullofcharm.com\\\/fr\\\/\"},{\"@type\":\"ListItem\",\"position\":2,\"name\":\"Cuisine Khmer\",\"item\":\"https:\\\/\\\/www.cambodiaacountryfullofcharm.com\\\/fr\\\/cuisine-khmer\\\/\"},{\"@type\":\"ListItem\",\"position\":3,\"name\":\"Recettes du Cambodge avec des ingr\u00e9dients de la cuisine khmer\",\"item\":\"https:\\\/\\\/www.cambodiaacountryfullofcharm.com\\\/fr\\\/cuisine-khmer\\\/recettes-du-cambodge\\\/\"},{\"@type\":\"ListItem\",\"position\":4,\"name\":\"Pad tha\u00ef aux crevettes\"}]},{\"@type\":\"WebSite\",\"@id\":\"https:\\\/\\\/www.cambodiaacountryfullofcharm.com\\\/fr\\\/#website\",\"url\":\"https:\\\/\\\/www.cambodiaacountryfullofcharm.com\\\/fr\\\/\",\"name\":\"Guide voyage Cambodge\",\"description\":\"Cambodge un pays plein de charme\",\"publisher\":{\"@id\":\"https:\\\/\\\/www.cambodiaacountryfullofcharm.com\\\/fr\\\/#organization\"},\"potentialAction\":[{\"@type\":\"SearchAction\",\"target\":{\"@type\":\"EntryPoint\",\"urlTemplate\":\"https:\\\/\\\/www.cambodiaacountryfullofcharm.com\\\/fr\\\/?s={search_term_string}\"},\"query-input\":{\"@type\":\"PropertyValueSpecification\",\"valueRequired\":true,\"valueName\":\"search_term_string\"}}],\"inLanguage\":\"fr-FR\"},{\"@type\":\"Organization\",\"@id\":\"https:\\\/\\\/www.cambodiaacountryfullofcharm.com\\\/fr\\\/#organization\",\"name\":\"Guide voyage Cambodge\",\"url\":\"https:\\\/\\\/www.cambodiaacountryfullofcharm.com\\\/fr\\\/\",\"logo\":{\"@type\":\"ImageObject\",\"inLanguage\":\"fr-FR\",\"@id\":\"https:\\\/\\\/www.cambodiaacountryfullofcharm.com\\\/fr\\\/#\\\/schema\\\/logo\\\/image\\\/\",\"url\":\"https:\\\/\\\/www.cambodiaacountryfullofcharm.com\\\/wp-content\\\/uploads\\\/2022\\\/06\\\/Cambodia-a-country-full-of-charm-2-scaled.jpg\",\"contentUrl\":\"https:\\\/\\\/www.cambodiaacountryfullofcharm.com\\\/wp-content\\\/uploads\\\/2022\\\/06\\\/Cambodia-a-country-full-of-charm-2-scaled.jpg\",\"width\":2560,\"height\":1709,\"caption\":\"Guide voyage Cambodge\"},\"image\":{\"@id\":\"https:\\\/\\\/www.cambodiaacountryfullofcharm.com\\\/fr\\\/#\\\/schema\\\/logo\\\/image\\\/\"}}]}<\/script>\n<!-- \/ Yoast SEO plugin. -->","yoast_head_json":{"title":"Pad tha\u00ef aux crevettes recette du Cambodge","description":"Pad tha\u00ef aux crevettes recette du Cambodge , d\u2019origine tha\u00efe vous trouverez le plat du pad tha\u00ef aux crevettes dans de nombreux restaurants","robots":{"index":"index","follow":"follow","max-snippet":"max-snippet:-1","max-image-preview":"max-image-preview:large","max-video-preview":"max-video-preview:-1"},"canonical":"https:\/\/www.cambodiaacountryfullofcharm.com\/fr\/cuisine-khmer\/recettes-du-cambodge\/pad-thai-aux-crevettes\/","og_locale":"fr_FR","og_type":"article","og_title":"Pad tha\u00ef aux crevettes recette du Cambodge","og_description":"Pad tha\u00ef aux crevettes recette du Cambodge , d\u2019origine tha\u00efe vous trouverez le plat du pad tha\u00ef aux crevettes dans de nombreux restaurants","og_url":"https:\/\/www.cambodiaacountryfullofcharm.com\/fr\/cuisine-khmer\/recettes-du-cambodge\/pad-thai-aux-crevettes\/","og_site_name":"Guide voyage Cambodge","article_modified_time":"2023-02-19T16:10:29+00:00","og_image":[{"width":900,"height":900,"url":"https:\/\/www.cambodiaacountryfullofcharm.com\/wp-content\/uploads\/2023\/01\/pad-thai-aux-crevettes-recette-du-cambodge-1-scaled-e1673458283719.jpg","type":"image\/jpeg"}],"twitter_card":"summary_large_image","twitter_misc":{"Dur\u00e9e de lecture estim\u00e9e":"2 minutes"},"schema":{"@context":"https:\/\/schema.org","@graph":[{"@type":"WebPage","@id":"https:\/\/www.cambodiaacountryfullofcharm.com\/fr\/cuisine-khmer\/recettes-du-cambodge\/pad-thai-aux-crevettes\/","url":"https:\/\/www.cambodiaacountryfullofcharm.com\/fr\/cuisine-khmer\/recettes-du-cambodge\/pad-thai-aux-crevettes\/","name":"Pad tha\u00ef aux crevettes recette du Cambodge","isPartOf":{"@id":"https:\/\/www.cambodiaacountryfullofcharm.com\/fr\/#website"},"primaryImageOfPage":{"@id":"https:\/\/www.cambodiaacountryfullofcharm.com\/fr\/cuisine-khmer\/recettes-du-cambodge\/pad-thai-aux-crevettes\/#primaryimage"},"image":{"@id":"https:\/\/www.cambodiaacountryfullofcharm.com\/fr\/cuisine-khmer\/recettes-du-cambodge\/pad-thai-aux-crevettes\/#primaryimage"},"thumbnailUrl":"https:\/\/www.cambodiaacountryfullofcharm.com\/wp-content\/uploads\/2023\/01\/pad-thai-aux-crevettes-recette-du-cambodge-1-scaled-e1673458283719.jpg","datePublished":"2023-01-11T17:34:38+00:00","dateModified":"2023-02-19T16:10:29+00:00","description":"Pad tha\u00ef aux crevettes recette du Cambodge , d\u2019origine tha\u00efe vous trouverez le plat du pad tha\u00ef aux crevettes dans de nombreux restaurants","breadcrumb":{"@id":"https:\/\/www.cambodiaacountryfullofcharm.com\/fr\/cuisine-khmer\/recettes-du-cambodge\/pad-thai-aux-crevettes\/#breadcrumb"},"inLanguage":"fr-FR","potentialAction":[{"@type":"ReadAction","target":["https:\/\/www.cambodiaacountryfullofcharm.com\/fr\/cuisine-khmer\/recettes-du-cambodge\/pad-thai-aux-crevettes\/"]}]},{"@type":"ImageObject","inLanguage":"fr-FR","@id":"https:\/\/www.cambodiaacountryfullofcharm.com\/fr\/cuisine-khmer\/recettes-du-cambodge\/pad-thai-aux-crevettes\/#primaryimage","url":"https:\/\/www.cambodiaacountryfullofcharm.com\/wp-content\/uploads\/2023\/01\/pad-thai-aux-crevettes-recette-du-cambodge-1-scaled-e1673458283719.jpg","contentUrl":"https:\/\/www.cambodiaacountryfullofcharm.com\/wp-content\/uploads\/2023\/01\/pad-thai-aux-crevettes-recette-du-cambodge-1-scaled-e1673458283719.jpg","width":900,"height":900,"caption":"pad thai\u0308 aux crevettes recette du cambodge"},{"@type":"BreadcrumbList","@id":"https:\/\/www.cambodiaacountryfullofcharm.com\/fr\/cuisine-khmer\/recettes-du-cambodge\/pad-thai-aux-crevettes\/#breadcrumb","itemListElement":[{"@type":"ListItem","position":1,"name":"Accueil","item":"https:\/\/www.cambodiaacountryfullofcharm.com\/fr\/"},{"@type":"ListItem","position":2,"name":"Cuisine Khmer","item":"https:\/\/www.cambodiaacountryfullofcharm.com\/fr\/cuisine-khmer\/"},{"@type":"ListItem","position":3,"name":"Recettes du Cambodge avec des ingr\u00e9dients de la cuisine khmer","item":"https:\/\/www.cambodiaacountryfullofcharm.com\/fr\/cuisine-khmer\/recettes-du-cambodge\/"},{"@type":"ListItem","position":4,"name":"Pad tha\u00ef aux crevettes"}]},{"@type":"WebSite","@id":"https:\/\/www.cambodiaacountryfullofcharm.com\/fr\/#website","url":"https:\/\/www.cambodiaacountryfullofcharm.com\/fr\/","name":"Guide voyage Cambodge","description":"Cambodge un pays plein de charme","publisher":{"@id":"https:\/\/www.cambodiaacountryfullofcharm.com\/fr\/#organization"},"potentialAction":[{"@type":"SearchAction","target":{"@type":"EntryPoint","urlTemplate":"https:\/\/www.cambodiaacountryfullofcharm.com\/fr\/?s={search_term_string}"},"query-input":{"@type":"PropertyValueSpecification","valueRequired":true,"valueName":"search_term_string"}}],"inLanguage":"fr-FR"},{"@type":"Organization","@id":"https:\/\/www.cambodiaacountryfullofcharm.com\/fr\/#organization","name":"Guide voyage Cambodge","url":"https:\/\/www.cambodiaacountryfullofcharm.com\/fr\/","logo":{"@type":"ImageObject","inLanguage":"fr-FR","@id":"https:\/\/www.cambodiaacountryfullofcharm.com\/fr\/#\/schema\/logo\/image\/","url":"https:\/\/www.cambodiaacountryfullofcharm.com\/wp-content\/uploads\/2022\/06\/Cambodia-a-country-full-of-charm-2-scaled.jpg","contentUrl":"https:\/\/www.cambodiaacountryfullofcharm.com\/wp-content\/uploads\/2022\/06\/Cambodia-a-country-full-of-charm-2-scaled.jpg","width":2560,"height":1709,"caption":"Guide voyage Cambodge"},"image":{"@id":"https:\/\/www.cambodiaacountryfullofcharm.com\/fr\/#\/schema\/logo\/image\/"}}]}},"_links":{"self":[{"href":"https:\/\/www.cambodiaacountryfullofcharm.com\/fr\/wp-json\/wp\/v2\/pages\/13155","targetHints":{"allow":["GET"]}}],"collection":[{"href":"https:\/\/www.cambodiaacountryfullofcharm.com\/fr\/wp-json\/wp\/v2\/pages"}],"about":[{"href":"https:\/\/www.cambodiaacountryfullofcharm.com\/fr\/wp-json\/wp\/v2\/types\/page"}],"author":[{"embeddable":true,"href":"https:\/\/www.cambodiaacountryfullofcharm.com\/fr\/wp-json\/wp\/v2\/users\/1"}],"replies":[{"embeddable":true,"href":"https:\/\/www.cambodiaacountryfullofcharm.com\/fr\/wp-json\/wp\/v2\/comments?post=13155"}],"version-history":[{"count":0,"href":"https:\/\/www.cambodiaacountryfullofcharm.com\/fr\/wp-json\/wp\/v2\/pages\/13155\/revisions"}],"up":[{"embeddable":true,"href":"https:\/\/www.cambodiaacountryfullofcharm.com\/fr\/wp-json\/wp\/v2\/pages\/4950"}],"wp:featuredmedia":[{"embeddable":true,"href":"https:\/\/www.cambodiaacountryfullofcharm.com\/fr\/wp-json\/wp\/v2\/media\/13156"}],"wp:attachment":[{"href":"https:\/\/www.cambodiaacountryfullofcharm.com\/fr\/wp-json\/wp\/v2\/media?parent=13155"}],"curies":[{"name":"wp","href":"https:\/\/api.w.org\/{rel}","templated":true}]}}