{"id":135,"date":"2013-12-01T20:03:43","date_gmt":"2013-12-01T19:03:43","guid":{"rendered":"http:\/\/cambodiaacountryfullofcharm.com\/?page_id=135"},"modified":"2023-09-11T18:50:30","modified_gmt":"2023-09-11T17:50:30","slug":"province-de-kampong-cham-cambodge","status":"publish","type":"page","link":"https:\/\/www.cambodiaacountryfullofcharm.com\/fr\/visiter-les-provinces-du-cambodge\/province-de-kampong-cham-cambodge\/","title":{"rendered":"province de Kampong Cham"},"content":{"rendered":"<h2>province de Kampong Cham<\/h2>\n<p><a href=\"https:\/\/www.cambodiaacountryfullofcharm.com\/wp-content\/uploads\/2013\/09\/visiter-la-province-de-kampong-cham-cambodge.png\"><img fetchpriority=\"high\" decoding=\"async\" class=\"aligncenter size-full wp-image-1803\" src=\"https:\/\/www.cambodiaacountryfullofcharm.com\/wp-content\/uploads\/2013\/09\/visiter-la-province-de-kampong-cham-cambodge.png\" alt=\"visiter-la-province-de-kampong-cham-cambodge\" width=\"428\" height=\"242\" \/><\/a>La province de Kampong Cham est situ\u00e9e au sud-ouest du pays et partage la fronti\u00e8re avec le Vietnam. La province de Kampong Cham s\u2019\u00e9tend sur une superficie de 9\u2009799\u00a0km\u00b2 et est divis\u00e9e en 17\u00a0districts. Elle compte 173\u00a0communes et 1\u2009758\u00a0villages. C\u2019est la province la plus peupl\u00e9e du <span style=\"color: #000000;\"><a style=\"color: #000000;\" title=\"Cambodia\" href=\"https:\/\/www.facebook.com\/CambodiaACountryFullOfCharm\">Cambodge<\/a><\/span> avec plus de 1,6\u00a0million d\u2019habitants. La particularit\u00e9 de la province de Kampong Cham est la couleur de la terre\u00a0: le sol est principalement de couleur rouge, mais c\u2019est aussi une des terres les plus fertiles.<\/p>\n<h4>h\u00e9bergement et repas a Kampong Cham<\/h4>\n<p>Vous n\u2019aurez aucun probl\u00e8me pour vous loger, aussi bien dans un h\u00f4tel que dans une guesthouse. Vous trouverez de nombreux restaurants pour vos repas et bien s\u00fbr vous trouverez aussi de la nourriture dans les march\u00e9s.<\/p>\n<h4>visite a Kampong Cham<\/h4>\n<p>En ce qui concerne les visites, vous pourrez y voir beaucoup de choses en plus du paysage. Les principales activit\u00e9s de cette r\u00e9gion sont la culture du soja, le tabac, le caoutchouc et d\u2019autres produits tropicaux cultiv\u00e9s dans la province et export\u00e9s.<br \/>\nVous pourrez aussi visiter les cultures de caoutchouc qui sont r\u00e9alis\u00e9es par les plantations d\u2019h\u00e9v\u00e9a et apprendre comment est r\u00e9cup\u00e9r\u00e9e la s\u00e8ve qui ensuite est utilis\u00e9e pour la fabrication du caoutchouc au <span style=\"color: #000000;\"><a style=\"color: #000000;\" href=\"https:\/\/www.cambodiaacountryfullofcharm.com\/fr\/\">Cambodge<\/a><\/span>.<br \/>\nLors de votre visite, vous pourrez voir le plus long pont construit sur le M\u00e9kong, le Kizona, qui relie le nord-est du pays \u00e0 la ville de Kampong Cham.<br \/>\nIl y a aussi le temple de Nokor Bachey, le Han Chey et le Phnom Pros-Phnom Srei qui m\u00e9ritent vraiment d\u2019\u00eatre visit\u00e9s et la cascade de Horng o\u00f9 beaucoup de Khmers aiment aller aussi bien pour se baigner que pour y faire un pique-nique en famille ou entre amis.<\/p>\n\n<p><script src=\"\/\/cdn0.trainbusferry.com\/tools\/form\/fr\/?id=7426726\" data-one2go=\"7426726\" data-color=\"blue\" data-language=\"fr\" data-adaptive=\"1\" data-border=\"1\"><\/script><\/p>\n<div id=\"powered\">Powered by <a href=\"https:\/\/12go.asia\/?z=7426726\">Cambodia travel guide<\/a><\/div>\n\n\n\n","protected":false},"excerpt":{"rendered":"<p>province de Kampong Cham La province de Kampong Cham est situ\u00e9e au sud-ouest du pays et partage la fronti\u00e8re avec le Vietnam. La province de Kampong Cham s\u2019\u00e9tend sur une superficie de 9\u2009799\u00a0km\u00b2 et est divis\u00e9e en 17\u00a0districts. Elle compte 173\u00a0communes et 1\u2009758\u00a0villages. C\u2019est la province la plus peupl\u00e9e du Cambodge avec plus de 1,6\u00a0million &hellip; <\/p>\n","protected":false},"author":1,"featured_media":0,"parent":71,"menu_order":0,"comment_status":"closed","ping_status":"closed","template":"","meta":{"_themeisle_gutenberg_block_has_review":false,"footnotes":""},"class_list":["post-135","page","type-page","status-publish","hentry"],"yoast_head":"<!-- This site is optimized with the Yoast SEO plugin v27.4 - https:\/\/yoast.com\/product\/yoast-seo-wordpress\/ -->\n<title>province de Kampong Cham et ces paysages au Cambodge<\/title>\n<meta name=\"description\" content=\"visiter Kampong Cham , toutes les informations sur la province de Kampong Cham , les h\u00f4tels, restaurants, guides, temples \u00e0 Kampong Cham\" \/>\n<meta name=\"robots\" content=\"index, follow, max-snippet:-1, max-image-preview:large, max-video-preview:-1\" \/>\n<link rel=\"canonical\" href=\"https:\/\/www.cambodiaacountryfullofcharm.com\/fr\/visiter-les-provinces-du-cambodge\/province-de-kampong-cham-cambodge\/\" \/>\n<meta property=\"og:locale\" content=\"fr_FR\" \/>\n<meta property=\"og:type\" content=\"article\" \/>\n<meta property=\"og:title\" content=\"province de Kampong Cham et ces paysages au Cambodge\" \/>\n<meta property=\"og:description\" content=\"visiter Kampong Cham , toutes les informations sur la province de Kampong Cham , les h\u00f4tels, restaurants, guides, temples \u00e0 Kampong Cham\" \/>\n<meta property=\"og:url\" content=\"https:\/\/www.cambodiaacountryfullofcharm.com\/fr\/visiter-les-provinces-du-cambodge\/province-de-kampong-cham-cambodge\/\" \/>\n<meta property=\"og:site_name\" content=\"Guide voyage Cambodge\" \/>\n<meta property=\"article:modified_time\" content=\"2023-09-11T17:50:30+00:00\" \/>\n<meta property=\"og:image\" content=\"https:\/\/www.cambodiaacountryfullofcharm.com\/wp-content\/uploads\/2013\/09\/visiter-la-province-de-kampong-cham-cambodge.png\" \/>\n<meta name=\"twitter:card\" content=\"summary_large_image\" \/>\n<meta name=\"twitter:label1\" content=\"Dur\u00e9e de lecture estim\u00e9e\" \/>\n\t<meta name=\"twitter:data1\" content=\"2 minutes\" \/>\n<script type=\"application\/ld+json\" class=\"yoast-schema-graph\">{\"@context\":\"https:\\\/\\\/schema.org\",\"@graph\":[{\"@type\":\"WebPage\",\"@id\":\"https:\\\/\\\/www.cambodiaacountryfullofcharm.com\\\/fr\\\/visiter-les-provinces-du-cambodge\\\/province-de-kampong-cham-cambodge\\\/\",\"url\":\"https:\\\/\\\/www.cambodiaacountryfullofcharm.com\\\/fr\\\/visiter-les-provinces-du-cambodge\\\/province-de-kampong-cham-cambodge\\\/\",\"name\":\"province de Kampong Cham et ces paysages au Cambodge\",\"isPartOf\":{\"@id\":\"https:\\\/\\\/www.cambodiaacountryfullofcharm.com\\\/fr\\\/#website\"},\"primaryImageOfPage\":{\"@id\":\"https:\\\/\\\/www.cambodiaacountryfullofcharm.com\\\/fr\\\/visiter-les-provinces-du-cambodge\\\/province-de-kampong-cham-cambodge\\\/#primaryimage\"},\"image\":{\"@id\":\"https:\\\/\\\/www.cambodiaacountryfullofcharm.com\\\/fr\\\/visiter-les-provinces-du-cambodge\\\/province-de-kampong-cham-cambodge\\\/#primaryimage\"},\"thumbnailUrl\":\"https:\\\/\\\/www.cambodiaacountryfullofcharm.com\\\/wp-content\\\/uploads\\\/2013\\\/09\\\/visiter-la-province-de-kampong-cham-cambodge.png\",\"datePublished\":\"2013-12-01T19:03:43+00:00\",\"dateModified\":\"2023-09-11T17:50:30+00:00\",\"description\":\"visiter Kampong Cham , toutes les informations sur la province de Kampong Cham , les h\u00f4tels, restaurants, guides, temples \u00e0 Kampong Cham\",\"breadcrumb\":{\"@id\":\"https:\\\/\\\/www.cambodiaacountryfullofcharm.com\\\/fr\\\/visiter-les-provinces-du-cambodge\\\/province-de-kampong-cham-cambodge\\\/#breadcrumb\"},\"inLanguage\":\"fr-FR\",\"potentialAction\":[{\"@type\":\"ReadAction\",\"target\":[\"https:\\\/\\\/www.cambodiaacountryfullofcharm.com\\\/fr\\\/visiter-les-provinces-du-cambodge\\\/province-de-kampong-cham-cambodge\\\/\"]}]},{\"@type\":\"ImageObject\",\"inLanguage\":\"fr-FR\",\"@id\":\"https:\\\/\\\/www.cambodiaacountryfullofcharm.com\\\/fr\\\/visiter-les-provinces-du-cambodge\\\/province-de-kampong-cham-cambodge\\\/#primaryimage\",\"url\":\"https:\\\/\\\/www.cambodiaacountryfullofcharm.com\\\/wp-content\\\/uploads\\\/2013\\\/09\\\/visiter-la-province-de-kampong-cham-cambodge.png\",\"contentUrl\":\"https:\\\/\\\/www.cambodiaacountryfullofcharm.com\\\/wp-content\\\/uploads\\\/2013\\\/09\\\/visiter-la-province-de-kampong-cham-cambodge.png\"},{\"@type\":\"BreadcrumbList\",\"@id\":\"https:\\\/\\\/www.cambodiaacountryfullofcharm.com\\\/fr\\\/visiter-les-provinces-du-cambodge\\\/province-de-kampong-cham-cambodge\\\/#breadcrumb\",\"itemListElement\":[{\"@type\":\"ListItem\",\"position\":1,\"name\":\"Accueil\",\"item\":\"https:\\\/\\\/www.cambodiaacountryfullofcharm.com\\\/fr\\\/\"},{\"@type\":\"ListItem\",\"position\":2,\"name\":\"visiter les provinces du Cambodge\",\"item\":\"https:\\\/\\\/www.cambodiaacountryfullofcharm.com\\\/fr\\\/visiter-les-provinces-du-cambodge\\\/\"},{\"@type\":\"ListItem\",\"position\":3,\"name\":\"province de Kampong Cham\"}]},{\"@type\":\"WebSite\",\"@id\":\"https:\\\/\\\/www.cambodiaacountryfullofcharm.com\\\/fr\\\/#website\",\"url\":\"https:\\\/\\\/www.cambodiaacountryfullofcharm.com\\\/fr\\\/\",\"name\":\"Guide voyage Cambodge\",\"description\":\"Cambodge un pays plein de charme\",\"publisher\":{\"@id\":\"https:\\\/\\\/www.cambodiaacountryfullofcharm.com\\\/fr\\\/#organization\"},\"potentialAction\":[{\"@type\":\"SearchAction\",\"target\":{\"@type\":\"EntryPoint\",\"urlTemplate\":\"https:\\\/\\\/www.cambodiaacountryfullofcharm.com\\\/fr\\\/?s={search_term_string}\"},\"query-input\":{\"@type\":\"PropertyValueSpecification\",\"valueRequired\":true,\"valueName\":\"search_term_string\"}}],\"inLanguage\":\"fr-FR\"},{\"@type\":\"Organization\",\"@id\":\"https:\\\/\\\/www.cambodiaacountryfullofcharm.com\\\/fr\\\/#organization\",\"name\":\"Guide voyage Cambodge\",\"url\":\"https:\\\/\\\/www.cambodiaacountryfullofcharm.com\\\/fr\\\/\",\"logo\":{\"@type\":\"ImageObject\",\"inLanguage\":\"fr-FR\",\"@id\":\"https:\\\/\\\/www.cambodiaacountryfullofcharm.com\\\/fr\\\/#\\\/schema\\\/logo\\\/image\\\/\",\"url\":\"https:\\\/\\\/www.cambodiaacountryfullofcharm.com\\\/wp-content\\\/uploads\\\/2022\\\/06\\\/Cambodia-a-country-full-of-charm-2-scaled.jpg\",\"contentUrl\":\"https:\\\/\\\/www.cambodiaacountryfullofcharm.com\\\/wp-content\\\/uploads\\\/2022\\\/06\\\/Cambodia-a-country-full-of-charm-2-scaled.jpg\",\"width\":2560,\"height\":1709,\"caption\":\"Guide voyage Cambodge\"},\"image\":{\"@id\":\"https:\\\/\\\/www.cambodiaacountryfullofcharm.com\\\/fr\\\/#\\\/schema\\\/logo\\\/image\\\/\"}}]}<\/script>\n<!-- \/ Yoast SEO plugin. -->","yoast_head_json":{"title":"province de Kampong Cham et ces paysages au Cambodge","description":"visiter Kampong Cham , toutes les informations sur la province de Kampong Cham , les h\u00f4tels, restaurants, guides, temples \u00e0 Kampong Cham","robots":{"index":"index","follow":"follow","max-snippet":"max-snippet:-1","max-image-preview":"max-image-preview:large","max-video-preview":"max-video-preview:-1"},"canonical":"https:\/\/www.cambodiaacountryfullofcharm.com\/fr\/visiter-les-provinces-du-cambodge\/province-de-kampong-cham-cambodge\/","og_locale":"fr_FR","og_type":"article","og_title":"province de Kampong Cham et ces paysages au Cambodge","og_description":"visiter Kampong Cham , toutes les informations sur la province de Kampong Cham , les h\u00f4tels, restaurants, guides, temples \u00e0 Kampong Cham","og_url":"https:\/\/www.cambodiaacountryfullofcharm.com\/fr\/visiter-les-provinces-du-cambodge\/province-de-kampong-cham-cambodge\/","og_site_name":"Guide voyage Cambodge","article_modified_time":"2023-09-11T17:50:30+00:00","og_image":[{"url":"https:\/\/www.cambodiaacountryfullofcharm.com\/wp-content\/uploads\/2013\/09\/visiter-la-province-de-kampong-cham-cambodge.png","type":"","width":"","height":""}],"twitter_card":"summary_large_image","twitter_misc":{"Dur\u00e9e de lecture estim\u00e9e":"2 minutes"},"schema":{"@context":"https:\/\/schema.org","@graph":[{"@type":"WebPage","@id":"https:\/\/www.cambodiaacountryfullofcharm.com\/fr\/visiter-les-provinces-du-cambodge\/province-de-kampong-cham-cambodge\/","url":"https:\/\/www.cambodiaacountryfullofcharm.com\/fr\/visiter-les-provinces-du-cambodge\/province-de-kampong-cham-cambodge\/","name":"province de Kampong Cham et ces paysages au Cambodge","isPartOf":{"@id":"https:\/\/www.cambodiaacountryfullofcharm.com\/fr\/#website"},"primaryImageOfPage":{"@id":"https:\/\/www.cambodiaacountryfullofcharm.com\/fr\/visiter-les-provinces-du-cambodge\/province-de-kampong-cham-cambodge\/#primaryimage"},"image":{"@id":"https:\/\/www.cambodiaacountryfullofcharm.com\/fr\/visiter-les-provinces-du-cambodge\/province-de-kampong-cham-cambodge\/#primaryimage"},"thumbnailUrl":"https:\/\/www.cambodiaacountryfullofcharm.com\/wp-content\/uploads\/2013\/09\/visiter-la-province-de-kampong-cham-cambodge.png","datePublished":"2013-12-01T19:03:43+00:00","dateModified":"2023-09-11T17:50:30+00:00","description":"visiter Kampong Cham , toutes les informations sur la province de Kampong Cham , les h\u00f4tels, restaurants, guides, temples \u00e0 Kampong Cham","breadcrumb":{"@id":"https:\/\/www.cambodiaacountryfullofcharm.com\/fr\/visiter-les-provinces-du-cambodge\/province-de-kampong-cham-cambodge\/#breadcrumb"},"inLanguage":"fr-FR","potentialAction":[{"@type":"ReadAction","target":["https:\/\/www.cambodiaacountryfullofcharm.com\/fr\/visiter-les-provinces-du-cambodge\/province-de-kampong-cham-cambodge\/"]}]},{"@type":"ImageObject","inLanguage":"fr-FR","@id":"https:\/\/www.cambodiaacountryfullofcharm.com\/fr\/visiter-les-provinces-du-cambodge\/province-de-kampong-cham-cambodge\/#primaryimage","url":"https:\/\/www.cambodiaacountryfullofcharm.com\/wp-content\/uploads\/2013\/09\/visiter-la-province-de-kampong-cham-cambodge.png","contentUrl":"https:\/\/www.cambodiaacountryfullofcharm.com\/wp-content\/uploads\/2013\/09\/visiter-la-province-de-kampong-cham-cambodge.png"},{"@type":"BreadcrumbList","@id":"https:\/\/www.cambodiaacountryfullofcharm.com\/fr\/visiter-les-provinces-du-cambodge\/province-de-kampong-cham-cambodge\/#breadcrumb","itemListElement":[{"@type":"ListItem","position":1,"name":"Accueil","item":"https:\/\/www.cambodiaacountryfullofcharm.com\/fr\/"},{"@type":"ListItem","position":2,"name":"visiter les provinces du Cambodge","item":"https:\/\/www.cambodiaacountryfullofcharm.com\/fr\/visiter-les-provinces-du-cambodge\/"},{"@type":"ListItem","position":3,"name":"province de Kampong Cham"}]},{"@type":"WebSite","@id":"https:\/\/www.cambodiaacountryfullofcharm.com\/fr\/#website","url":"https:\/\/www.cambodiaacountryfullofcharm.com\/fr\/","name":"Guide voyage Cambodge","description":"Cambodge un pays plein de charme","publisher":{"@id":"https:\/\/www.cambodiaacountryfullofcharm.com\/fr\/#organization"},"potentialAction":[{"@type":"SearchAction","target":{"@type":"EntryPoint","urlTemplate":"https:\/\/www.cambodiaacountryfullofcharm.com\/fr\/?s={search_term_string}"},"query-input":{"@type":"PropertyValueSpecification","valueRequired":true,"valueName":"search_term_string"}}],"inLanguage":"fr-FR"},{"@type":"Organization","@id":"https:\/\/www.cambodiaacountryfullofcharm.com\/fr\/#organization","name":"Guide voyage Cambodge","url":"https:\/\/www.cambodiaacountryfullofcharm.com\/fr\/","logo":{"@type":"ImageObject","inLanguage":"fr-FR","@id":"https:\/\/www.cambodiaacountryfullofcharm.com\/fr\/#\/schema\/logo\/image\/","url":"https:\/\/www.cambodiaacountryfullofcharm.com\/wp-content\/uploads\/2022\/06\/Cambodia-a-country-full-of-charm-2-scaled.jpg","contentUrl":"https:\/\/www.cambodiaacountryfullofcharm.com\/wp-content\/uploads\/2022\/06\/Cambodia-a-country-full-of-charm-2-scaled.jpg","width":2560,"height":1709,"caption":"Guide voyage Cambodge"},"image":{"@id":"https:\/\/www.cambodiaacountryfullofcharm.com\/fr\/#\/schema\/logo\/image\/"}}]}},"_links":{"self":[{"href":"https:\/\/www.cambodiaacountryfullofcharm.com\/fr\/wp-json\/wp\/v2\/pages\/135","targetHints":{"allow":["GET"]}}],"collection":[{"href":"https:\/\/www.cambodiaacountryfullofcharm.com\/fr\/wp-json\/wp\/v2\/pages"}],"about":[{"href":"https:\/\/www.cambodiaacountryfullofcharm.com\/fr\/wp-json\/wp\/v2\/types\/page"}],"author":[{"embeddable":true,"href":"https:\/\/www.cambodiaacountryfullofcharm.com\/fr\/wp-json\/wp\/v2\/users\/1"}],"replies":[{"embeddable":true,"href":"https:\/\/www.cambodiaacountryfullofcharm.com\/fr\/wp-json\/wp\/v2\/comments?post=135"}],"version-history":[{"count":0,"href":"https:\/\/www.cambodiaacountryfullofcharm.com\/fr\/wp-json\/wp\/v2\/pages\/135\/revisions"}],"up":[{"embeddable":true,"href":"https:\/\/www.cambodiaacountryfullofcharm.com\/fr\/wp-json\/wp\/v2\/pages\/71"}],"wp:attachment":[{"href":"https:\/\/www.cambodiaacountryfullofcharm.com\/fr\/wp-json\/wp\/v2\/media?parent=135"}],"curies":[{"name":"wp","href":"https:\/\/api.w.org\/{rel}","templated":true}]}}