{"id":138,"date":"2013-12-07T06:20:26","date_gmt":"2013-12-07T05:20:26","guid":{"rendered":"http:\/\/cambodiaacountryfullofcharm.com\/?page_id=138"},"modified":"2023-09-11T18:48:28","modified_gmt":"2023-09-11T17:48:28","slug":"province-kampong-speu-cambodge","status":"publish","type":"page","link":"https:\/\/www.cambodiaacountryfullofcharm.com\/fr\/visiter-les-provinces-du-cambodge\/province-kampong-speu-cambodge\/","title":{"rendered":"Kampong Speu"},"content":{"rendered":"<h2>Kampong Speu<\/h2>\n<p><img fetchpriority=\"high\" decoding=\"async\" class=\"aligncenter size-full wp-image-1126\" src=\"https:\/\/www.cambodiaacountryfullofcharm.com\/wp-content\/uploads\/2013\/09\/province-kampong-speu-cambodge.jpg\" alt=\"province-kampong-speu-cambodge\" width=\"286\" height=\"234\" \/>La province de Kampong Speu, situ\u00e9e \u00e0 l\u2019ouest de Phnom Penh, est presque aux portes de la capitale. La province de Kampong Speu au <span style=\"color: #000000;\"><a style=\"color: #000000;\" href=\"https:\/\/www.cambodiaacountryfullofcharm.com\/fr\/\">Cambodge<\/a><\/span> s\u2019\u00e9tend sur une superficie de 7\u2009017 km\u00b2 et est divis\u00e9e en 8 districts.<\/p>\n<h4>h\u00e9bergement et repas a Kampong Speu<\/h4>\n<p>Vous n\u2019aurez aucun probl\u00e8me pour vous loger pendant votre s\u00e9jour, un h\u00f4tel ou m\u00eame une guesthouse\u2009; de plus, Phnom Penh est proche, ce qui augmente le choix pour votre s\u00e9jour. Vous trouverez assez facilement des restaurants ou m\u00eame des march\u00e9s o\u00f9 vous pourrez prendre vos repas.<\/p>\n<h4>visite a Kampong Speu<\/h4>\n<p>La province de Kampong Speu n\u2019est pas une grande destination touristique, elle a pourtant plein de choses \u00e0 voir et \u00e0 visiter. Dans la province de Kampong Speu, vous pourrez visiter deux parcs qui bordent la province de Kampong Speu.<br \/>Le parc naturel de Kirirom situ\u00e9 au sud-ouest de la province, zone montagneuse o\u00f9 vous trouverez une nature de toute beaut\u00e9, des for\u00eats et de tr\u00e8s jolies cascades. Au sommet de la montagne de Kirirom, vous appr\u00e9cierez la for\u00eat et son calme. Des sentiers donnent acc\u00e8s aux cascades assez facilement aussi bien pour vous que votre famille. On y trouve \u00e9galement des paillotes, lieux tr\u00e8s appr\u00e9ci\u00e9s des Khmers qui aiment y venir aussi bien entre amis qu\u2019en famille pendant leurs jours de repos pour y faire de bons pique-niques et aussi pour y trouver la fra\u00eecheur de la for\u00eat.<br \/>Le sanctuaire sauvage de Phnom Aural situ\u00e9 au nord-ouest de la province de Kampong Speu, vous pourrez y admirer le paysage, mais aussi y faire de belles photos et bien s\u00fbr de belles promenades. Dans le parc de Phnom Aural se trouve le plus haut sommet de la province de Kampong Speu, c\u2019est le mont Aoral qui culmine \u00e0 1\u2009813\u00a0m d\u2019altitude.<br \/>La province de Kampong Speu est c\u00e9l\u00e8bre pour son sucre de palme qui est consid\u00e9r\u00e9 comme le meilleur de tout le Royaume du\u00a0<span style=\"color: #000000;\"><a style=\"color: #000000;\" title=\"Cambodge\" href=\"https:\/\/www.facebook.com\/CambodiaACountryFullOfCharm\">Cambodge<\/a><\/span> . La province de Kampong Speu produit aussi du vin de palme et du teuk \u00e0 m\u00e2cher.<\/p>\n\n<p><script src=\"\/\/cdn0.trainbusferry.com\/tools\/form\/fr\/?id=7426726\" data-one2go=\"7426726\" data-color=\"blue\" data-language=\"fr\" data-adaptive=\"1\" data-border=\"1\"><\/script><\/p>\n<div id=\"powered\">Powered by <a href=\"https:\/\/12go.asia\/?z=7426726\">Cambodia travel guide<\/a><\/div>\n\n\n\n<style type='text\/css'>\n\n\t\t.one2go-left {\n\t\t\tfont-size:12px;\n\t\t\tcolor:green;\n\t\t}\n\n\t\t.one2go-right {\n\t\t\tfont-size:12px;\n\t\t\tcolor:red;\n\t\t}\n\n\t\t.one2go-route-info {\n\t\t\tfloat: right;\n\t\t\tfont-size: 10pt;\n\t\t\twhite-space: nowrap;\n\t\t}\n\n\/*\t\t.one2go-route-price,\n\t\t.one2go-route-duration {\n\t\t\ttext-align: center;\n\t\t\tfont-size:10pt;\n\t\t}\n*\/\n\t\t.one2go-route-price {\n\t\t\tmargin-right: 20px;\n\t\t}\n\n\t\tli.country {\n\t\t\tbackground-position: 90%;\n\t\t\tbackground-repeat: no-repeat;\n\t\t}\n\t\t.one2go-trips {\n\t\t\twidth: 50%;\n\t\t}\n\t\t.one2go-trips ul {\n\t\t\tpadding-left: 0px;\n\t\t\tmargin-top: auto !important;\n\t\t\tmargin-bottom: auto !important;\n\t\t\tlist-style: none !important;\n\t\t}\n\t\t.one2go-trips li {\n\t\t\tline-height: 16pt;\n\t\t\tpadding-left:8px;\n\t\t}\n\t\t.one2go-timetable {\n\t\t\twidth:100%;\n\t\t\tfont-size:12px;\n\t\t\tborder-spacing: 10px;\n    \t\tborder-collapse: collapse;\n\t\t\tfont-family: \"Open Sans\", sans-serif;\n\t\t}\n\t\t.one2go-timetable td,\n\t\t.one2go-timetable tr.one2go-route-detail th {\n\t\t\tpadding: 6px;\n\t\t\tvertical-align: middle !important;\n\t\t\tborder:1px solid #ccc;\n\t\t}\n\n\t\t.one2go-route-name {\n\t\t\tpadding:15px;\n\t\t\tfont-size:14px;\n\t\t}\n\n\t\tspan.one2go-departures {\n\t\t\tcolor: #5d5d5d;\n\t\t}\n\t\tspan.one2go-class {\n\t\t\tfont-weight: bold;\n\t\t\tcolor: #5d5d5d;\n\t\t}\n\n\t\ttr.one2go-route-detail th {\n\t\t\ttext-align: center;\n\t\t\tcolor: #575757;\n\t\t}\n\n\t\t.one2go-buy-button {\n\t\t\tfont-family: \"Open Sans\", sans-serif;\n\t\t\tfont-size:12pt;\n\t\t\tfloat:right;\n\t\t\t\/*padding-left:10px;*\/\n\t\t}\n\n\t\t.one2go-route-header {\n\t\t\tfont-family: \"Open Sans\", sans-serif;\n\t\t\tpadding: 8px;\n\t\t\tbackground-color: #30abe0;\n\t\t\tletter-spacing: 0px;\n\t\t}\n\n\t\t.one2go-route-header a {\n\t\t\tcolor: white;\n\t\t\tfont-size: 18px;\n\t\t\tfont-weight: 400;\n\t\t}\n\n\t\t.one2go-route-container {\n\t\t\tpadding: 0;\n\t\t\tborder:  1px solid #30abe0;\n\t\t\tmargin-bottom: 20px;\n\t\t}\n\n<\/style>\n\n\n\t<div class=\"one2go-route-container\">\n\n\n\t<div class=\"one2go-route-header\">\n\t\t\t\t\t\t\t\t\t\t\t\t\n\t\t\t\t<a target=\"_blank\" href=\"https:\/\/12go.asia\/fr\/travel\/kampong-speu\/phnom-penh?z=7426726&curr=USD\">Kampong Spoe - Phnom Penh<\/a>\n\t\t\t\t\t\t\t\t\t<a class=\"one2go-buy-button\" target=\"_blank\" href=\"https:\/\/12go.asia\/fr\/travel\/kampong-speu\/phnom-penh?z=7426726&curr=USD\">Plus d'informations \/ Billets<\/a>\n\t\t\t\t\t<\/div>\n\n\t<table class=\"one2go-timetable\"><tbody>\n\t\n\t\t<tr>\n\t\t\t<td class=\"one2go-route-name\" colspan=\"2\">\n\t\t\t\t\t\t\t\t\t\t\t\t\t\t\t\t\t<a target=\"_blank\" href=\"https:\/\/12go.asia\/fr\/charter\/kampong-speu\/phnom-penh?z=7426726&curr=USD\">Taxi Kampong Spoe - Phnom Penh<\/a>\n\t\t\t\t\n\t\t\t\t<span class=\"one2go-route-info\">\n\t\t\t\t\t\t\t\t\t\t\t<span class=\"one2go-route-price\">\n\t\t\t\t\t\t\t\t\t\t\t\t\t\t\t$ 168.98&ndash;326.69\n\t\t\t\t\t\t\t\t\t\t\t\t\t<\/span>\n\t\t\t\t\t\n\t\t\t\t\t<span class=\"one2go-route-duration\">\n\t\t\t\t\t\t\t\t\t\t\t\t\t2h 20m\n\t\t\t\t\t\t\t\t\t\t\t<\/span>\n\t\t\t\t<\/span>\n\t\t\t<\/td>\n\n\t\t<\/tr>\n\t\t<tr>\n\t\t\t<td class=\"one2go-trips\" colspan=\"2\">\n\t\t\t\t<ul>\n\t\t\t\t\t\t\t\t\t\t\t<li>\n\t\t\t\t\t\t\t<b class=\"one2go-right\">\u2192<\/b>&nbsp;\n\t\t\t\t\t\t\t<span class=\"one2go-class\">Confort 3 passagers<\/span>\n\t\t\t\t\t\t\t\t\t\t\t\t\t<\/li>\n\t\t\t\t\t\t\t\t\t\t\t<li>\n\t\t\t\t\t\t\t<b class=\"one2go-right\">\u2192<\/b>&nbsp;\n\t\t\t\t\t\t\t<span class=\"one2go-class\">Economie 3pax<\/span>\n\t\t\t\t\t\t\t\t\t\t\t\t\t<\/li>\n\t\t\t\t\t\t\t\t\t\t\t<li>\n\t\t\t\t\t\t\t<b class=\"one2go-right\">\u2192<\/b>&nbsp;\n\t\t\t\t\t\t\t<span class=\"one2go-class\">Van 17pax<\/span>\n\t\t\t\t\t\t\t\t\t\t\t\t\t<\/li>\n\t\t\t\t\t\t\t\t\t\t\t<li>\n\t\t\t\t\t\t\t<b class=\"one2go-right\">\u2192<\/b>&nbsp;\n\t\t\t\t\t\t\t<span class=\"one2go-class\">Van 10 passagers<\/span>\n\t\t\t\t\t\t\t\t\t\t\t\t\t<\/li>\n\t\t\t\t\t\t\t\t\t\t\t<li>\n\t\t\t\t\t\t\t<b class=\"one2go-right\">\u2192<\/b>&nbsp;\n\t\t\t\t\t\t\t<span class=\"one2go-class\">Van 8 passagers<\/span>\n\t\t\t\t\t\t\t\t\t\t\t\t\t<\/li>\n\t\t\t\t\t\t\t\t\t\t\t<li>\n\t\t\t\t\t\t\t<b class=\"one2go-right\">\u2192<\/b>&nbsp;\n\t\t\t\t\t\t\t<span class=\"one2go-class\">SUV 3 passagers<\/span>\n\t\t\t\t\t\t\t\t\t\t\t\t\t<\/li>\n\t\t\t\t\t\t\t\t\t\t\t<li>\n\t\t\t\t\t\t\t<b class=\"one2go-right\">\u2192<\/b>&nbsp;\n\t\t\t\t\t\t\t<span class=\"one2go-class\">Minibus 25pax<\/span>\n\t\t\t\t\t\t\t\t\t\t\t\t\t<\/li>\n\t\t\t\t\t\t\t\t\t<\/ul>\n\t\t\t<\/td>\n\t\t\t\t<\/tr>\n\n\t\t<\/tbody><\/table><\/div>\n\n\n","protected":false},"excerpt":{"rendered":"<p>Kampong Speu La province de Kampong Speu, situ\u00e9e \u00e0 l\u2019ouest de Phnom Penh, est presque aux portes de la capitale. La province de Kampong Speu au Cambodge s\u2019\u00e9tend sur une superficie de 7\u2009017 km\u00b2 et est divis\u00e9e en 8 districts. h\u00e9bergement et repas a Kampong Speu Vous n\u2019aurez aucun probl\u00e8me pour vous loger pendant votre &hellip; <\/p>\n","protected":false},"author":1,"featured_media":0,"parent":71,"menu_order":0,"comment_status":"closed","ping_status":"closed","template":"","meta":{"_themeisle_gutenberg_block_has_review":false,"footnotes":""},"class_list":["post-138","page","type-page","status-publish","hentry"],"yoast_head":"<!-- This site is optimized with the Yoast SEO plugin v27.5 - https:\/\/yoast.com\/product\/yoast-seo-wordpress\/ -->\n<title>Kampong Speu au Cambodge vous connaissez ?<\/title>\n<meta name=\"description\" content=\"h\u00f4tel, restaurants Kampong Speu , le parc naturel de Kirirom, le mont aoral \u00e0 Kampong, tout sur la province de Kampong Speu Cambodge\" \/>\n<meta name=\"robots\" content=\"index, follow, max-snippet:-1, max-image-preview:large, max-video-preview:-1\" \/>\n<link rel=\"canonical\" href=\"https:\/\/www.cambodiaacountryfullofcharm.com\/fr\/visiter-les-provinces-du-cambodge\/province-kampong-speu-cambodge\/\" \/>\n<meta property=\"og:locale\" content=\"fr_FR\" \/>\n<meta property=\"og:type\" content=\"article\" \/>\n<meta property=\"og:title\" content=\"Kampong Speu au Cambodge vous connaissez ?\" \/>\n<meta property=\"og:description\" content=\"h\u00f4tel, restaurants Kampong Speu , le parc naturel de Kirirom, le mont aoral \u00e0 Kampong, tout sur la province de Kampong Speu Cambodge\" \/>\n<meta property=\"og:url\" content=\"https:\/\/www.cambodiaacountryfullofcharm.com\/fr\/visiter-les-provinces-du-cambodge\/province-kampong-speu-cambodge\/\" \/>\n<meta property=\"og:site_name\" content=\"Guide voyage Cambodge\" \/>\n<meta property=\"article:modified_time\" content=\"2023-09-11T17:48:28+00:00\" \/>\n<meta property=\"og:image\" content=\"https:\/\/www.cambodiaacountryfullofcharm.com\/wp-content\/uploads\/2013\/09\/province-kampong-speu-cambodge.jpg\" \/>\n<meta name=\"twitter:card\" content=\"summary_large_image\" \/>\n<meta name=\"twitter:label1\" content=\"Dur\u00e9e de lecture estim\u00e9e\" \/>\n\t<meta name=\"twitter:data1\" content=\"2 minutes\" \/>\n<script type=\"application\/ld+json\" class=\"yoast-schema-graph\">{\"@context\":\"https:\\\/\\\/schema.org\",\"@graph\":[{\"@type\":\"WebPage\",\"@id\":\"https:\\\/\\\/www.cambodiaacountryfullofcharm.com\\\/fr\\\/visiter-les-provinces-du-cambodge\\\/province-kampong-speu-cambodge\\\/\",\"url\":\"https:\\\/\\\/www.cambodiaacountryfullofcharm.com\\\/fr\\\/visiter-les-provinces-du-cambodge\\\/province-kampong-speu-cambodge\\\/\",\"name\":\"Kampong Speu au Cambodge vous connaissez ?\",\"isPartOf\":{\"@id\":\"https:\\\/\\\/www.cambodiaacountryfullofcharm.com\\\/fr\\\/#website\"},\"primaryImageOfPage\":{\"@id\":\"https:\\\/\\\/www.cambodiaacountryfullofcharm.com\\\/fr\\\/visiter-les-provinces-du-cambodge\\\/province-kampong-speu-cambodge\\\/#primaryimage\"},\"image\":{\"@id\":\"https:\\\/\\\/www.cambodiaacountryfullofcharm.com\\\/fr\\\/visiter-les-provinces-du-cambodge\\\/province-kampong-speu-cambodge\\\/#primaryimage\"},\"thumbnailUrl\":\"https:\\\/\\\/www.cambodiaacountryfullofcharm.com\\\/wp-content\\\/uploads\\\/2013\\\/09\\\/province-kampong-speu-cambodge.jpg\",\"datePublished\":\"2013-12-07T05:20:26+00:00\",\"dateModified\":\"2023-09-11T17:48:28+00:00\",\"description\":\"h\u00f4tel, restaurants Kampong Speu , le parc naturel de Kirirom, le mont aoral \u00e0 Kampong, tout sur la province de Kampong Speu Cambodge\",\"breadcrumb\":{\"@id\":\"https:\\\/\\\/www.cambodiaacountryfullofcharm.com\\\/fr\\\/visiter-les-provinces-du-cambodge\\\/province-kampong-speu-cambodge\\\/#breadcrumb\"},\"inLanguage\":\"fr-FR\",\"potentialAction\":[{\"@type\":\"ReadAction\",\"target\":[\"https:\\\/\\\/www.cambodiaacountryfullofcharm.com\\\/fr\\\/visiter-les-provinces-du-cambodge\\\/province-kampong-speu-cambodge\\\/\"]}]},{\"@type\":\"ImageObject\",\"inLanguage\":\"fr-FR\",\"@id\":\"https:\\\/\\\/www.cambodiaacountryfullofcharm.com\\\/fr\\\/visiter-les-provinces-du-cambodge\\\/province-kampong-speu-cambodge\\\/#primaryimage\",\"url\":\"https:\\\/\\\/www.cambodiaacountryfullofcharm.com\\\/wp-content\\\/uploads\\\/2013\\\/09\\\/province-kampong-speu-cambodge.jpg\",\"contentUrl\":\"https:\\\/\\\/www.cambodiaacountryfullofcharm.com\\\/wp-content\\\/uploads\\\/2013\\\/09\\\/province-kampong-speu-cambodge.jpg\"},{\"@type\":\"BreadcrumbList\",\"@id\":\"https:\\\/\\\/www.cambodiaacountryfullofcharm.com\\\/fr\\\/visiter-les-provinces-du-cambodge\\\/province-kampong-speu-cambodge\\\/#breadcrumb\",\"itemListElement\":[{\"@type\":\"ListItem\",\"position\":1,\"name\":\"Accueil\",\"item\":\"https:\\\/\\\/www.cambodiaacountryfullofcharm.com\\\/fr\\\/\"},{\"@type\":\"ListItem\",\"position\":2,\"name\":\"visiter les provinces du Cambodge\",\"item\":\"https:\\\/\\\/www.cambodiaacountryfullofcharm.com\\\/fr\\\/visiter-les-provinces-du-cambodge\\\/\"},{\"@type\":\"ListItem\",\"position\":3,\"name\":\"Kampong Speu\"}]},{\"@type\":\"WebSite\",\"@id\":\"https:\\\/\\\/www.cambodiaacountryfullofcharm.com\\\/fr\\\/#website\",\"url\":\"https:\\\/\\\/www.cambodiaacountryfullofcharm.com\\\/fr\\\/\",\"name\":\"Guide voyage Cambodge\",\"description\":\"Cambodge un pays plein de charme\",\"publisher\":{\"@id\":\"https:\\\/\\\/www.cambodiaacountryfullofcharm.com\\\/fr\\\/#organization\"},\"potentialAction\":[{\"@type\":\"SearchAction\",\"target\":{\"@type\":\"EntryPoint\",\"urlTemplate\":\"https:\\\/\\\/www.cambodiaacountryfullofcharm.com\\\/fr\\\/?s={search_term_string}\"},\"query-input\":{\"@type\":\"PropertyValueSpecification\",\"valueRequired\":true,\"valueName\":\"search_term_string\"}}],\"inLanguage\":\"fr-FR\"},{\"@type\":\"Organization\",\"@id\":\"https:\\\/\\\/www.cambodiaacountryfullofcharm.com\\\/fr\\\/#organization\",\"name\":\"Guide voyage Cambodge\",\"url\":\"https:\\\/\\\/www.cambodiaacountryfullofcharm.com\\\/fr\\\/\",\"logo\":{\"@type\":\"ImageObject\",\"inLanguage\":\"fr-FR\",\"@id\":\"https:\\\/\\\/www.cambodiaacountryfullofcharm.com\\\/fr\\\/#\\\/schema\\\/logo\\\/image\\\/\",\"url\":\"https:\\\/\\\/www.cambodiaacountryfullofcharm.com\\\/wp-content\\\/uploads\\\/2022\\\/06\\\/Cambodia-a-country-full-of-charm-2-scaled.jpg\",\"contentUrl\":\"https:\\\/\\\/www.cambodiaacountryfullofcharm.com\\\/wp-content\\\/uploads\\\/2022\\\/06\\\/Cambodia-a-country-full-of-charm-2-scaled.jpg\",\"width\":2560,\"height\":1709,\"caption\":\"Guide voyage Cambodge\"},\"image\":{\"@id\":\"https:\\\/\\\/www.cambodiaacountryfullofcharm.com\\\/fr\\\/#\\\/schema\\\/logo\\\/image\\\/\"}}]}<\/script>\n<!-- \/ Yoast SEO plugin. -->","yoast_head_json":{"title":"Kampong Speu au Cambodge vous connaissez ?","description":"h\u00f4tel, restaurants Kampong Speu , le parc naturel de Kirirom, le mont aoral \u00e0 Kampong, tout sur la province de Kampong Speu Cambodge","robots":{"index":"index","follow":"follow","max-snippet":"max-snippet:-1","max-image-preview":"max-image-preview:large","max-video-preview":"max-video-preview:-1"},"canonical":"https:\/\/www.cambodiaacountryfullofcharm.com\/fr\/visiter-les-provinces-du-cambodge\/province-kampong-speu-cambodge\/","og_locale":"fr_FR","og_type":"article","og_title":"Kampong Speu au Cambodge vous connaissez ?","og_description":"h\u00f4tel, restaurants Kampong Speu , le parc naturel de Kirirom, le mont aoral \u00e0 Kampong, tout sur la province de Kampong Speu Cambodge","og_url":"https:\/\/www.cambodiaacountryfullofcharm.com\/fr\/visiter-les-provinces-du-cambodge\/province-kampong-speu-cambodge\/","og_site_name":"Guide voyage Cambodge","article_modified_time":"2023-09-11T17:48:28+00:00","og_image":[{"url":"https:\/\/www.cambodiaacountryfullofcharm.com\/wp-content\/uploads\/2013\/09\/province-kampong-speu-cambodge.jpg","type":"","width":"","height":""}],"twitter_card":"summary_large_image","twitter_misc":{"Dur\u00e9e de lecture estim\u00e9e":"2 minutes"},"schema":{"@context":"https:\/\/schema.org","@graph":[{"@type":"WebPage","@id":"https:\/\/www.cambodiaacountryfullofcharm.com\/fr\/visiter-les-provinces-du-cambodge\/province-kampong-speu-cambodge\/","url":"https:\/\/www.cambodiaacountryfullofcharm.com\/fr\/visiter-les-provinces-du-cambodge\/province-kampong-speu-cambodge\/","name":"Kampong Speu au Cambodge vous connaissez ?","isPartOf":{"@id":"https:\/\/www.cambodiaacountryfullofcharm.com\/fr\/#website"},"primaryImageOfPage":{"@id":"https:\/\/www.cambodiaacountryfullofcharm.com\/fr\/visiter-les-provinces-du-cambodge\/province-kampong-speu-cambodge\/#primaryimage"},"image":{"@id":"https:\/\/www.cambodiaacountryfullofcharm.com\/fr\/visiter-les-provinces-du-cambodge\/province-kampong-speu-cambodge\/#primaryimage"},"thumbnailUrl":"https:\/\/www.cambodiaacountryfullofcharm.com\/wp-content\/uploads\/2013\/09\/province-kampong-speu-cambodge.jpg","datePublished":"2013-12-07T05:20:26+00:00","dateModified":"2023-09-11T17:48:28+00:00","description":"h\u00f4tel, restaurants Kampong Speu , le parc naturel de Kirirom, le mont aoral \u00e0 Kampong, tout sur la province de Kampong Speu Cambodge","breadcrumb":{"@id":"https:\/\/www.cambodiaacountryfullofcharm.com\/fr\/visiter-les-provinces-du-cambodge\/province-kampong-speu-cambodge\/#breadcrumb"},"inLanguage":"fr-FR","potentialAction":[{"@type":"ReadAction","target":["https:\/\/www.cambodiaacountryfullofcharm.com\/fr\/visiter-les-provinces-du-cambodge\/province-kampong-speu-cambodge\/"]}]},{"@type":"ImageObject","inLanguage":"fr-FR","@id":"https:\/\/www.cambodiaacountryfullofcharm.com\/fr\/visiter-les-provinces-du-cambodge\/province-kampong-speu-cambodge\/#primaryimage","url":"https:\/\/www.cambodiaacountryfullofcharm.com\/wp-content\/uploads\/2013\/09\/province-kampong-speu-cambodge.jpg","contentUrl":"https:\/\/www.cambodiaacountryfullofcharm.com\/wp-content\/uploads\/2013\/09\/province-kampong-speu-cambodge.jpg"},{"@type":"BreadcrumbList","@id":"https:\/\/www.cambodiaacountryfullofcharm.com\/fr\/visiter-les-provinces-du-cambodge\/province-kampong-speu-cambodge\/#breadcrumb","itemListElement":[{"@type":"ListItem","position":1,"name":"Accueil","item":"https:\/\/www.cambodiaacountryfullofcharm.com\/fr\/"},{"@type":"ListItem","position":2,"name":"visiter les provinces du Cambodge","item":"https:\/\/www.cambodiaacountryfullofcharm.com\/fr\/visiter-les-provinces-du-cambodge\/"},{"@type":"ListItem","position":3,"name":"Kampong Speu"}]},{"@type":"WebSite","@id":"https:\/\/www.cambodiaacountryfullofcharm.com\/fr\/#website","url":"https:\/\/www.cambodiaacountryfullofcharm.com\/fr\/","name":"Guide voyage Cambodge","description":"Cambodge un pays plein de charme","publisher":{"@id":"https:\/\/www.cambodiaacountryfullofcharm.com\/fr\/#organization"},"potentialAction":[{"@type":"SearchAction","target":{"@type":"EntryPoint","urlTemplate":"https:\/\/www.cambodiaacountryfullofcharm.com\/fr\/?s={search_term_string}"},"query-input":{"@type":"PropertyValueSpecification","valueRequired":true,"valueName":"search_term_string"}}],"inLanguage":"fr-FR"},{"@type":"Organization","@id":"https:\/\/www.cambodiaacountryfullofcharm.com\/fr\/#organization","name":"Guide voyage Cambodge","url":"https:\/\/www.cambodiaacountryfullofcharm.com\/fr\/","logo":{"@type":"ImageObject","inLanguage":"fr-FR","@id":"https:\/\/www.cambodiaacountryfullofcharm.com\/fr\/#\/schema\/logo\/image\/","url":"https:\/\/www.cambodiaacountryfullofcharm.com\/wp-content\/uploads\/2022\/06\/Cambodia-a-country-full-of-charm-2-scaled.jpg","contentUrl":"https:\/\/www.cambodiaacountryfullofcharm.com\/wp-content\/uploads\/2022\/06\/Cambodia-a-country-full-of-charm-2-scaled.jpg","width":2560,"height":1709,"caption":"Guide voyage Cambodge"},"image":{"@id":"https:\/\/www.cambodiaacountryfullofcharm.com\/fr\/#\/schema\/logo\/image\/"}}]}},"_links":{"self":[{"href":"https:\/\/www.cambodiaacountryfullofcharm.com\/fr\/wp-json\/wp\/v2\/pages\/138","targetHints":{"allow":["GET"]}}],"collection":[{"href":"https:\/\/www.cambodiaacountryfullofcharm.com\/fr\/wp-json\/wp\/v2\/pages"}],"about":[{"href":"https:\/\/www.cambodiaacountryfullofcharm.com\/fr\/wp-json\/wp\/v2\/types\/page"}],"author":[{"embeddable":true,"href":"https:\/\/www.cambodiaacountryfullofcharm.com\/fr\/wp-json\/wp\/v2\/users\/1"}],"replies":[{"embeddable":true,"href":"https:\/\/www.cambodiaacountryfullofcharm.com\/fr\/wp-json\/wp\/v2\/comments?post=138"}],"version-history":[{"count":0,"href":"https:\/\/www.cambodiaacountryfullofcharm.com\/fr\/wp-json\/wp\/v2\/pages\/138\/revisions"}],"up":[{"embeddable":true,"href":"https:\/\/www.cambodiaacountryfullofcharm.com\/fr\/wp-json\/wp\/v2\/pages\/71"}],"wp:attachment":[{"href":"https:\/\/www.cambodiaacountryfullofcharm.com\/fr\/wp-json\/wp\/v2\/media?parent=138"}],"curies":[{"name":"wp","href":"https:\/\/api.w.org\/{rel}","templated":true}]}}