{"id":14330,"date":"2023-05-08T19:35:17","date_gmt":"2023-05-08T18:35:17","guid":{"rendered":"https:\/\/www.cambodiaacountryfullofcharm.com\/?page_id=14330"},"modified":"2023-10-06T18:58:38","modified_gmt":"2023-10-06T17:58:38","slug":"culture-de-lail","status":"publish","type":"page","link":"https:\/\/www.cambodiaacountryfullofcharm.com\/fr\/cuisine-khmer\/ingredients-de-la-cuisine-khmer\/epices-de-la-cuisine-khmer-cambodge\/lail-dans-la-cuisine-khmere\/culture-de-lail\/","title":{"rendered":"culture de l&#8217;ail"},"content":{"rendered":"<h2>culture de l&#8217;ail<\/h2>\n<p>Nom commun : Ail<\/p>\n<p><b>Description :<\/b><\/p>\n<p>La culture de l&#8217;ail (<a href=\"https:\/\/fr.wikipedia.org\/wiki\/Ail_cultiv%C3%A9\" target=\"_blank\" rel=\"noopener\">Allium sativum<\/a>) est une plante bulbeuse appartenant \u00e0 la famille des Liliac\u00e9es. Elle est largement cultiv\u00e9e pour ses bulbes aromatiques, qui sont utilis\u00e9s en cuisine pour ajouter de la saveur et de l&#8217;ar\u00f4me aux plats. Les bulbes d&#8217;ail sont compos\u00e9s de plusieurs gousses d&#8217;ail qui sont recouvertes d&#8217;une peau blanche ou rose.<\/p>\n<p><b>Conditions de croissance :<\/b><\/p>\n<p>L&#8217;ail pr\u00e9f\u00e8re les climats temp\u00e9r\u00e9s et pousse g\u00e9n\u00e9ralement mieux dans les r\u00e9gions o\u00f9 les hivers sont froids et les \u00e9t\u00e9s sont chauds. Il n\u00e9cessite un bon ensoleillement, mais peut \u00e9galement tol\u00e9rer une certaine ombre partielle. Le sol doit \u00eatre bien drain\u00e9, fertile et l\u00e9g\u00e8rement acide, avec un pH compris entre 6 et 7.<\/p>\n<p><b>Plantation :<\/b><\/p>\n<p>L&#8217;ail est g\u00e9n\u00e9ralement plant\u00e9 \u00e0 l&#8217;automne, environ 4 \u00e0 6 semaines avant le premier gel, pour permettre aux bulbes de se d\u00e9velopper pendant l&#8217;hiver. Les bulbes doivent \u00eatre cass\u00e9s en gousses individuelles juste avant la plantation. Plantez les gousses \u00e0 une profondeur d&#8217;environ 5 \u00e0 7 centim\u00e8tres et espacez-les d&#8217;environ 10 \u00e0 15 centim\u00e8tres. Assurez-vous de planter la partie pointue vers le haut.<\/p>\n<p><b>Entretien :<\/b><\/p>\n<p>L&#8217;ail a besoin d&#8217;un arrosage r\u00e9gulier, surtout pendant les p\u00e9riodes de s\u00e9cheresse, mais veillez \u00e0 ne pas trop l&#8217;arroser car un exc\u00e8s d&#8217;humidit\u00e9 peut entra\u00eener la pourriture des bulbes. Il est \u00e9galement important de d\u00e9sherber r\u00e9guli\u00e8rement pour \u00e9viter la comp\u00e9tition des mauvaises herbes. L&#8217;application d&#8217;un paillis organique autour des plantes peut aider \u00e0 maintenir l&#8217;humidit\u00e9 du sol et \u00e0 contr\u00f4ler les mauvaises herbes.<\/p>\n<p><b>R\u00e9colte :<\/b><\/p>\n<p>La r\u00e9colte de l&#8217;ail peut \u00eatre effectu\u00e9e lorsque les feuilles commencent \u00e0 jaunir et \u00e0 se dess\u00e9cher, g\u00e9n\u00e9ralement environ 8 \u00e0 10 mois apr\u00e8s la plantation. Arrachez les bulbes d\u00e9licatement en utilisant une fourche ou une pelle. Laissez-les s\u00e9cher dans un endroit bien ventil\u00e9 pendant quelques semaines jusqu&#8217;\u00e0 ce que les feuilles soient compl\u00e8tement s\u00e8ches.<\/p>\n<p><b>Maladies et ravageurs :<\/b><\/p>\n<p>Les principales maladies pendant la culture de l&#8217;ail comprennent la pourriture des bulbes, le mildiou et la fusariose. Pour pr\u00e9venir les maladies, il est important de choisir des vari\u00e9t\u00e9s r\u00e9sistantes, de planter dans un sol bien drain\u00e9, d&#8217;\u00e9viter un exc\u00e8s d&#8217;humidit\u00e9 et de pratiquer une rotation des cultures. Les ravageurs courants de l&#8217;ail comprennent les pucerons, les thrips et les n\u00e9matodes.<\/p>\n<p><b>Multiplication :<\/b><\/p>\n<p>La culture de l&#8217;ail peut \u00eatre multipli\u00e9 par division des bulbes. S\u00e9parez les bulbes en gousses individuelles et replantez-les selon les m\u00eames directives de plantation que pour les bulbes entiers.<\/p>\n<p><b>Conseils suppl\u00e9mentaires :<\/b><\/p>\n<p>Pour maximiser la qualit\u00e9 des bulbes d&#8217;ail, \u00e9vitez de trop arroser pendant les derni\u00e8res semaines avant la r\u00e9colte, car cela peut diluer la saveur et r\u00e9duire la dur\u00e9e de conservation. Assurez-vous \u00e9galement de retirer les fleurs qui poussent \u00e0 partir de la tige centrale, car cela peut \u00e9puiser l&#8217;\u00e9nergie du bulbe. La rotation des cultures est \u00e9galement recommand\u00e9e pour pr\u00e9venir l&#8217;\u00e9puisement du sol et r\u00e9duire les risques de maladies.<\/p>\n<p>En conclusion, l&#8217;ail est une plante bulbeuse populaire cultiv\u00e9e pour son go\u00fbt et son ar\u00f4me distinctifs dans la cuisine. En suivant les bonnes pratiques de plantation, d&#8217;entretien et de r\u00e9colte, vous pouvez cultiver avec succ\u00e8s votre propre ail dans votre jardin. N&#8217;oubliez pas de choisir des vari\u00e9t\u00e9s adapt\u00e9es \u00e0 votre r\u00e9gion et de prendre des mesures pr\u00e9ventives contre les maladies et les ravageurs pour obtenir une r\u00e9colte abondante et de qualit\u00e9. Profitez de l&#8217;ajout savoureux de l&#8217;ail \u00e0 vos plats pr\u00e9f\u00e9r\u00e9s !<\/p>\n\n<div class=\"wp-block-image\">\n<figure class=\"aligncenter size-large is-resized\"><img fetchpriority=\"high\" decoding=\"async\" src=\"https:\/\/www.cambodiaacountryfullofcharm.com\/wp-content\/uploads\/2023\/10\/craiyon_083815_give_me_a_photo_of_garlic-1024x1024.jpg\" alt=\"culture de l'ail\" class=\"wp-image-16959\" style=\"object-fit:cover;width:250px;height:250px\" width=\"250\" height=\"250\"\/><\/figure>\n<\/div>\n\n\n<div style=\"height:100px\" aria-hidden=\"true\" class=\"wp-block-spacer\"><\/div>\n\n\n\n<div class=\"wp-block-columns is-layout-flex wp-container-core-columns-is-layout-9d6595d7 wp-block-columns-is-layout-flex\">\n<div class=\"wp-block-column is-layout-flow wp-block-column-is-layout-flow\">\n<div class=\"wp-block-buttons is-layout-flex wp-block-buttons-is-layout-flex\">\n<div class=\"wp-block-button has-custom-width wp-block-button__width-100\"><a class=\"wp-block-button__link has-midnight-gradient-background has-background wp-element-button\" href=\"https:\/\/www.cambodiaacountryfullofcharm.com\/fr\/cuisine-khmer\/\">recettes Cambodgiennes<\/a><\/div>\n<\/div>\n<\/div>\n\n\n\n<div class=\"wp-block-column is-layout-flow wp-block-column-is-layout-flow\">\n<div class=\"wp-block-buttons is-layout-flex wp-block-buttons-is-layout-flex\">\n<div class=\"wp-block-button has-custom-width wp-block-button__width-100\"><a class=\"wp-block-button__link has-midnight-gradient-background has-background wp-element-button\" href=\"https:\/\/www.cambodiaacountryfullofcharm.com\/fr\/\">visiter le Cambodge<\/a><\/div>\n<\/div>\n<\/div>\n<\/div>\n","protected":false},"excerpt":{"rendered":"<p>culture de l&#8217;ail Nom commun : Ail Description : La culture de l&#8217;ail (Allium sativum) est une plante bulbeuse appartenant \u00e0 la famille des Liliac\u00e9es. Elle est largement cultiv\u00e9e pour ses bulbes aromatiques, qui sont utilis\u00e9s en cuisine pour ajouter de la saveur et de l&#8217;ar\u00f4me aux plats. Les bulbes d&#8217;ail sont compos\u00e9s de plusieurs &hellip; <\/p>\n","protected":false},"author":1,"featured_media":16959,"parent":14315,"menu_order":0,"comment_status":"closed","ping_status":"closed","template":"","meta":{"_themeisle_gutenberg_block_has_review":false,"footnotes":""},"class_list":["post-14330","page","type-page","status-publish","has-post-thumbnail","hentry"],"yoast_head":"<!-- This site is optimized with the Yoast SEO plugin v27.5 - https:\/\/yoast.com\/product\/yoast-seo-wordpress\/ -->\n<title>culture de l&#039;ail - Guide voyage Cambodge<\/title>\n<meta name=\"description\" content=\"Cultivez votre propre ail savoureux Tout ce que vous devez savoir sur la culture de l&#039;ail , l&#039;entretien et la r\u00e9colte d&#039;ail dans votre jardin\" \/>\n<meta name=\"robots\" content=\"index, follow, max-snippet:-1, max-image-preview:large, max-video-preview:-1\" \/>\n<link rel=\"canonical\" href=\"https:\/\/www.cambodiaacountryfullofcharm.com\/fr\/cuisine-khmer\/ingredients-de-la-cuisine-khmer\/epices-de-la-cuisine-khmer-cambodge\/lail-dans-la-cuisine-khmere\/culture-de-lail\/\" \/>\n<meta property=\"og:locale\" content=\"fr_FR\" \/>\n<meta property=\"og:type\" content=\"article\" \/>\n<meta property=\"og:title\" content=\"culture de l&#039;ail - Guide voyage Cambodge\" \/>\n<meta property=\"og:description\" content=\"Cultivez votre propre ail savoureux Tout ce que vous devez savoir sur la culture de l&#039;ail , l&#039;entretien et la r\u00e9colte d&#039;ail dans votre jardin\" \/>\n<meta property=\"og:url\" content=\"https:\/\/www.cambodiaacountryfullofcharm.com\/fr\/cuisine-khmer\/ingredients-de-la-cuisine-khmer\/epices-de-la-cuisine-khmer-cambodge\/lail-dans-la-cuisine-khmere\/culture-de-lail\/\" \/>\n<meta property=\"og:site_name\" content=\"Guide voyage Cambodge\" \/>\n<meta property=\"article:modified_time\" content=\"2023-10-06T17:58:38+00:00\" \/>\n<meta property=\"og:image\" content=\"https:\/\/www.cambodiaacountryfullofcharm.com\/wp-content\/uploads\/2023\/10\/craiyon_083815_give_me_a_photo_of_garlic.jpg\" \/>\n\t<meta property=\"og:image:width\" content=\"256\" \/>\n\t<meta property=\"og:image:height\" content=\"256\" \/>\n\t<meta property=\"og:image:type\" content=\"image\/jpeg\" \/>\n<meta name=\"twitter:card\" content=\"summary_large_image\" \/>\n<meta name=\"twitter:label1\" content=\"Dur\u00e9e de lecture estim\u00e9e\" \/>\n\t<meta name=\"twitter:data1\" content=\"4 minutes\" \/>\n<script type=\"application\/ld+json\" class=\"yoast-schema-graph\">{\"@context\":\"https:\\\/\\\/schema.org\",\"@graph\":[{\"@type\":\"WebPage\",\"@id\":\"https:\\\/\\\/www.cambodiaacountryfullofcharm.com\\\/fr\\\/cuisine-khmer\\\/ingredients-de-la-cuisine-khmer\\\/epices-de-la-cuisine-khmer-cambodge\\\/lail-dans-la-cuisine-khmere\\\/culture-de-lail\\\/\",\"url\":\"https:\\\/\\\/www.cambodiaacountryfullofcharm.com\\\/fr\\\/cuisine-khmer\\\/ingredients-de-la-cuisine-khmer\\\/epices-de-la-cuisine-khmer-cambodge\\\/lail-dans-la-cuisine-khmere\\\/culture-de-lail\\\/\",\"name\":\"culture de l'ail - Guide voyage Cambodge\",\"isPartOf\":{\"@id\":\"https:\\\/\\\/www.cambodiaacountryfullofcharm.com\\\/fr\\\/#website\"},\"primaryImageOfPage\":{\"@id\":\"https:\\\/\\\/www.cambodiaacountryfullofcharm.com\\\/fr\\\/cuisine-khmer\\\/ingredients-de-la-cuisine-khmer\\\/epices-de-la-cuisine-khmer-cambodge\\\/lail-dans-la-cuisine-khmere\\\/culture-de-lail\\\/#primaryimage\"},\"image\":{\"@id\":\"https:\\\/\\\/www.cambodiaacountryfullofcharm.com\\\/fr\\\/cuisine-khmer\\\/ingredients-de-la-cuisine-khmer\\\/epices-de-la-cuisine-khmer-cambodge\\\/lail-dans-la-cuisine-khmere\\\/culture-de-lail\\\/#primaryimage\"},\"thumbnailUrl\":\"https:\\\/\\\/www.cambodiaacountryfullofcharm.com\\\/wp-content\\\/uploads\\\/2023\\\/10\\\/craiyon_083815_give_me_a_photo_of_garlic.jpg\",\"datePublished\":\"2023-05-08T18:35:17+00:00\",\"dateModified\":\"2023-10-06T17:58:38+00:00\",\"description\":\"Cultivez votre propre ail savoureux Tout ce que vous devez savoir sur la culture de l'ail , l'entretien et la r\u00e9colte d'ail dans votre jardin\",\"breadcrumb\":{\"@id\":\"https:\\\/\\\/www.cambodiaacountryfullofcharm.com\\\/fr\\\/cuisine-khmer\\\/ingredients-de-la-cuisine-khmer\\\/epices-de-la-cuisine-khmer-cambodge\\\/lail-dans-la-cuisine-khmere\\\/culture-de-lail\\\/#breadcrumb\"},\"inLanguage\":\"fr-FR\",\"potentialAction\":[{\"@type\":\"ReadAction\",\"target\":[\"https:\\\/\\\/www.cambodiaacountryfullofcharm.com\\\/fr\\\/cuisine-khmer\\\/ingredients-de-la-cuisine-khmer\\\/epices-de-la-cuisine-khmer-cambodge\\\/lail-dans-la-cuisine-khmere\\\/culture-de-lail\\\/\"]}]},{\"@type\":\"ImageObject\",\"inLanguage\":\"fr-FR\",\"@id\":\"https:\\\/\\\/www.cambodiaacountryfullofcharm.com\\\/fr\\\/cuisine-khmer\\\/ingredients-de-la-cuisine-khmer\\\/epices-de-la-cuisine-khmer-cambodge\\\/lail-dans-la-cuisine-khmere\\\/culture-de-lail\\\/#primaryimage\",\"url\":\"https:\\\/\\\/www.cambodiaacountryfullofcharm.com\\\/wp-content\\\/uploads\\\/2023\\\/10\\\/craiyon_083815_give_me_a_photo_of_garlic.jpg\",\"contentUrl\":\"https:\\\/\\\/www.cambodiaacountryfullofcharm.com\\\/wp-content\\\/uploads\\\/2023\\\/10\\\/craiyon_083815_give_me_a_photo_of_garlic.jpg\",\"width\":256,\"height\":256,\"caption\":\"culture de l'ail\"},{\"@type\":\"BreadcrumbList\",\"@id\":\"https:\\\/\\\/www.cambodiaacountryfullofcharm.com\\\/fr\\\/cuisine-khmer\\\/ingredients-de-la-cuisine-khmer\\\/epices-de-la-cuisine-khmer-cambodge\\\/lail-dans-la-cuisine-khmere\\\/culture-de-lail\\\/#breadcrumb\",\"itemListElement\":[{\"@type\":\"ListItem\",\"position\":1,\"name\":\"Accueil\",\"item\":\"https:\\\/\\\/www.cambodiaacountryfullofcharm.com\\\/fr\\\/\"},{\"@type\":\"ListItem\",\"position\":2,\"name\":\"Cuisine Khmer\",\"item\":\"https:\\\/\\\/www.cambodiaacountryfullofcharm.com\\\/fr\\\/cuisine-khmer\\\/\"},{\"@type\":\"ListItem\",\"position\":3,\"name\":\"Ingr\u00e9dients de la cuisine Khmer\",\"item\":\"https:\\\/\\\/www.cambodiaacountryfullofcharm.com\\\/fr\\\/cuisine-khmer\\\/ingredients-de-la-cuisine-khmer\\\/\"},{\"@type\":\"ListItem\",\"position\":4,\"name\":\"\u00e9pices de la cuisine khmer\",\"item\":\"https:\\\/\\\/www.cambodiaacountryfullofcharm.com\\\/fr\\\/cuisine-khmer\\\/ingredients-de-la-cuisine-khmer\\\/epices-de-la-cuisine-khmer-cambodge\\\/\"},{\"@type\":\"ListItem\",\"position\":5,\"name\":\"l&#8217;ail dans la cuisine khm\u00e8re\",\"item\":\"https:\\\/\\\/www.cambodiaacountryfullofcharm.com\\\/fr\\\/cuisine-khmer\\\/ingredients-de-la-cuisine-khmer\\\/epices-de-la-cuisine-khmer-cambodge\\\/lail-dans-la-cuisine-khmere\\\/\"},{\"@type\":\"ListItem\",\"position\":6,\"name\":\"culture de l&#8217;ail\"}]},{\"@type\":\"WebSite\",\"@id\":\"https:\\\/\\\/www.cambodiaacountryfullofcharm.com\\\/fr\\\/#website\",\"url\":\"https:\\\/\\\/www.cambodiaacountryfullofcharm.com\\\/fr\\\/\",\"name\":\"Guide voyage Cambodge\",\"description\":\"Cambodge un pays plein de charme\",\"publisher\":{\"@id\":\"https:\\\/\\\/www.cambodiaacountryfullofcharm.com\\\/fr\\\/#organization\"},\"potentialAction\":[{\"@type\":\"SearchAction\",\"target\":{\"@type\":\"EntryPoint\",\"urlTemplate\":\"https:\\\/\\\/www.cambodiaacountryfullofcharm.com\\\/fr\\\/?s={search_term_string}\"},\"query-input\":{\"@type\":\"PropertyValueSpecification\",\"valueRequired\":true,\"valueName\":\"search_term_string\"}}],\"inLanguage\":\"fr-FR\"},{\"@type\":\"Organization\",\"@id\":\"https:\\\/\\\/www.cambodiaacountryfullofcharm.com\\\/fr\\\/#organization\",\"name\":\"Guide voyage Cambodge\",\"url\":\"https:\\\/\\\/www.cambodiaacountryfullofcharm.com\\\/fr\\\/\",\"logo\":{\"@type\":\"ImageObject\",\"inLanguage\":\"fr-FR\",\"@id\":\"https:\\\/\\\/www.cambodiaacountryfullofcharm.com\\\/fr\\\/#\\\/schema\\\/logo\\\/image\\\/\",\"url\":\"https:\\\/\\\/www.cambodiaacountryfullofcharm.com\\\/wp-content\\\/uploads\\\/2022\\\/06\\\/Cambodia-a-country-full-of-charm-2-scaled.jpg\",\"contentUrl\":\"https:\\\/\\\/www.cambodiaacountryfullofcharm.com\\\/wp-content\\\/uploads\\\/2022\\\/06\\\/Cambodia-a-country-full-of-charm-2-scaled.jpg\",\"width\":2560,\"height\":1709,\"caption\":\"Guide voyage Cambodge\"},\"image\":{\"@id\":\"https:\\\/\\\/www.cambodiaacountryfullofcharm.com\\\/fr\\\/#\\\/schema\\\/logo\\\/image\\\/\"}}]}<\/script>\n<!-- \/ Yoast SEO plugin. -->","yoast_head_json":{"title":"culture de l'ail - Guide voyage Cambodge","description":"Cultivez votre propre ail savoureux Tout ce que vous devez savoir sur la culture de l'ail , l'entretien et la r\u00e9colte d'ail dans votre jardin","robots":{"index":"index","follow":"follow","max-snippet":"max-snippet:-1","max-image-preview":"max-image-preview:large","max-video-preview":"max-video-preview:-1"},"canonical":"https:\/\/www.cambodiaacountryfullofcharm.com\/fr\/cuisine-khmer\/ingredients-de-la-cuisine-khmer\/epices-de-la-cuisine-khmer-cambodge\/lail-dans-la-cuisine-khmere\/culture-de-lail\/","og_locale":"fr_FR","og_type":"article","og_title":"culture de l'ail - Guide voyage Cambodge","og_description":"Cultivez votre propre ail savoureux Tout ce que vous devez savoir sur la culture de l'ail , l'entretien et la r\u00e9colte d'ail dans votre jardin","og_url":"https:\/\/www.cambodiaacountryfullofcharm.com\/fr\/cuisine-khmer\/ingredients-de-la-cuisine-khmer\/epices-de-la-cuisine-khmer-cambodge\/lail-dans-la-cuisine-khmere\/culture-de-lail\/","og_site_name":"Guide voyage Cambodge","article_modified_time":"2023-10-06T17:58:38+00:00","og_image":[{"width":256,"height":256,"url":"https:\/\/www.cambodiaacountryfullofcharm.com\/wp-content\/uploads\/2023\/10\/craiyon_083815_give_me_a_photo_of_garlic.jpg","type":"image\/jpeg"}],"twitter_card":"summary_large_image","twitter_misc":{"Dur\u00e9e de lecture estim\u00e9e":"4 minutes"},"schema":{"@context":"https:\/\/schema.org","@graph":[{"@type":"WebPage","@id":"https:\/\/www.cambodiaacountryfullofcharm.com\/fr\/cuisine-khmer\/ingredients-de-la-cuisine-khmer\/epices-de-la-cuisine-khmer-cambodge\/lail-dans-la-cuisine-khmere\/culture-de-lail\/","url":"https:\/\/www.cambodiaacountryfullofcharm.com\/fr\/cuisine-khmer\/ingredients-de-la-cuisine-khmer\/epices-de-la-cuisine-khmer-cambodge\/lail-dans-la-cuisine-khmere\/culture-de-lail\/","name":"culture de l'ail - Guide voyage Cambodge","isPartOf":{"@id":"https:\/\/www.cambodiaacountryfullofcharm.com\/fr\/#website"},"primaryImageOfPage":{"@id":"https:\/\/www.cambodiaacountryfullofcharm.com\/fr\/cuisine-khmer\/ingredients-de-la-cuisine-khmer\/epices-de-la-cuisine-khmer-cambodge\/lail-dans-la-cuisine-khmere\/culture-de-lail\/#primaryimage"},"image":{"@id":"https:\/\/www.cambodiaacountryfullofcharm.com\/fr\/cuisine-khmer\/ingredients-de-la-cuisine-khmer\/epices-de-la-cuisine-khmer-cambodge\/lail-dans-la-cuisine-khmere\/culture-de-lail\/#primaryimage"},"thumbnailUrl":"https:\/\/www.cambodiaacountryfullofcharm.com\/wp-content\/uploads\/2023\/10\/craiyon_083815_give_me_a_photo_of_garlic.jpg","datePublished":"2023-05-08T18:35:17+00:00","dateModified":"2023-10-06T17:58:38+00:00","description":"Cultivez votre propre ail savoureux Tout ce que vous devez savoir sur la culture de l'ail , l'entretien et la r\u00e9colte d'ail dans votre jardin","breadcrumb":{"@id":"https:\/\/www.cambodiaacountryfullofcharm.com\/fr\/cuisine-khmer\/ingredients-de-la-cuisine-khmer\/epices-de-la-cuisine-khmer-cambodge\/lail-dans-la-cuisine-khmere\/culture-de-lail\/#breadcrumb"},"inLanguage":"fr-FR","potentialAction":[{"@type":"ReadAction","target":["https:\/\/www.cambodiaacountryfullofcharm.com\/fr\/cuisine-khmer\/ingredients-de-la-cuisine-khmer\/epices-de-la-cuisine-khmer-cambodge\/lail-dans-la-cuisine-khmere\/culture-de-lail\/"]}]},{"@type":"ImageObject","inLanguage":"fr-FR","@id":"https:\/\/www.cambodiaacountryfullofcharm.com\/fr\/cuisine-khmer\/ingredients-de-la-cuisine-khmer\/epices-de-la-cuisine-khmer-cambodge\/lail-dans-la-cuisine-khmere\/culture-de-lail\/#primaryimage","url":"https:\/\/www.cambodiaacountryfullofcharm.com\/wp-content\/uploads\/2023\/10\/craiyon_083815_give_me_a_photo_of_garlic.jpg","contentUrl":"https:\/\/www.cambodiaacountryfullofcharm.com\/wp-content\/uploads\/2023\/10\/craiyon_083815_give_me_a_photo_of_garlic.jpg","width":256,"height":256,"caption":"culture de l'ail"},{"@type":"BreadcrumbList","@id":"https:\/\/www.cambodiaacountryfullofcharm.com\/fr\/cuisine-khmer\/ingredients-de-la-cuisine-khmer\/epices-de-la-cuisine-khmer-cambodge\/lail-dans-la-cuisine-khmere\/culture-de-lail\/#breadcrumb","itemListElement":[{"@type":"ListItem","position":1,"name":"Accueil","item":"https:\/\/www.cambodiaacountryfullofcharm.com\/fr\/"},{"@type":"ListItem","position":2,"name":"Cuisine Khmer","item":"https:\/\/www.cambodiaacountryfullofcharm.com\/fr\/cuisine-khmer\/"},{"@type":"ListItem","position":3,"name":"Ingr\u00e9dients de la cuisine Khmer","item":"https:\/\/www.cambodiaacountryfullofcharm.com\/fr\/cuisine-khmer\/ingredients-de-la-cuisine-khmer\/"},{"@type":"ListItem","position":4,"name":"\u00e9pices de la cuisine khmer","item":"https:\/\/www.cambodiaacountryfullofcharm.com\/fr\/cuisine-khmer\/ingredients-de-la-cuisine-khmer\/epices-de-la-cuisine-khmer-cambodge\/"},{"@type":"ListItem","position":5,"name":"l&#8217;ail dans la cuisine khm\u00e8re","item":"https:\/\/www.cambodiaacountryfullofcharm.com\/fr\/cuisine-khmer\/ingredients-de-la-cuisine-khmer\/epices-de-la-cuisine-khmer-cambodge\/lail-dans-la-cuisine-khmere\/"},{"@type":"ListItem","position":6,"name":"culture de l&#8217;ail"}]},{"@type":"WebSite","@id":"https:\/\/www.cambodiaacountryfullofcharm.com\/fr\/#website","url":"https:\/\/www.cambodiaacountryfullofcharm.com\/fr\/","name":"Guide voyage Cambodge","description":"Cambodge un pays plein de charme","publisher":{"@id":"https:\/\/www.cambodiaacountryfullofcharm.com\/fr\/#organization"},"potentialAction":[{"@type":"SearchAction","target":{"@type":"EntryPoint","urlTemplate":"https:\/\/www.cambodiaacountryfullofcharm.com\/fr\/?s={search_term_string}"},"query-input":{"@type":"PropertyValueSpecification","valueRequired":true,"valueName":"search_term_string"}}],"inLanguage":"fr-FR"},{"@type":"Organization","@id":"https:\/\/www.cambodiaacountryfullofcharm.com\/fr\/#organization","name":"Guide voyage Cambodge","url":"https:\/\/www.cambodiaacountryfullofcharm.com\/fr\/","logo":{"@type":"ImageObject","inLanguage":"fr-FR","@id":"https:\/\/www.cambodiaacountryfullofcharm.com\/fr\/#\/schema\/logo\/image\/","url":"https:\/\/www.cambodiaacountryfullofcharm.com\/wp-content\/uploads\/2022\/06\/Cambodia-a-country-full-of-charm-2-scaled.jpg","contentUrl":"https:\/\/www.cambodiaacountryfullofcharm.com\/wp-content\/uploads\/2022\/06\/Cambodia-a-country-full-of-charm-2-scaled.jpg","width":2560,"height":1709,"caption":"Guide voyage Cambodge"},"image":{"@id":"https:\/\/www.cambodiaacountryfullofcharm.com\/fr\/#\/schema\/logo\/image\/"}}]}},"_links":{"self":[{"href":"https:\/\/www.cambodiaacountryfullofcharm.com\/fr\/wp-json\/wp\/v2\/pages\/14330","targetHints":{"allow":["GET"]}}],"collection":[{"href":"https:\/\/www.cambodiaacountryfullofcharm.com\/fr\/wp-json\/wp\/v2\/pages"}],"about":[{"href":"https:\/\/www.cambodiaacountryfullofcharm.com\/fr\/wp-json\/wp\/v2\/types\/page"}],"author":[{"embeddable":true,"href":"https:\/\/www.cambodiaacountryfullofcharm.com\/fr\/wp-json\/wp\/v2\/users\/1"}],"replies":[{"embeddable":true,"href":"https:\/\/www.cambodiaacountryfullofcharm.com\/fr\/wp-json\/wp\/v2\/comments?post=14330"}],"version-history":[{"count":0,"href":"https:\/\/www.cambodiaacountryfullofcharm.com\/fr\/wp-json\/wp\/v2\/pages\/14330\/revisions"}],"up":[{"embeddable":true,"href":"https:\/\/www.cambodiaacountryfullofcharm.com\/fr\/wp-json\/wp\/v2\/pages\/14315"}],"wp:featuredmedia":[{"embeddable":true,"href":"https:\/\/www.cambodiaacountryfullofcharm.com\/fr\/wp-json\/wp\/v2\/media\/16959"}],"wp:attachment":[{"href":"https:\/\/www.cambodiaacountryfullofcharm.com\/fr\/wp-json\/wp\/v2\/media?parent=14330"}],"curies":[{"name":"wp","href":"https:\/\/api.w.org\/{rel}","templated":true}]}}