{"id":14425,"date":"2023-05-09T09:57:12","date_gmt":"2023-05-09T08:57:12","guid":{"rendered":"https:\/\/www.cambodiaacountryfullofcharm.com\/?page_id=14425"},"modified":"2023-05-09T10:36:07","modified_gmt":"2023-05-09T09:36:07","slug":"culture-de-la-ciboule","status":"publish","type":"page","link":"https:\/\/www.cambodiaacountryfullofcharm.com\/fr\/cuisine-khmer\/ingredients-de-la-cuisine-khmer\/epices-de-la-cuisine-khmer-cambodge\/ciboule-dans-la-cuisine-khmere\/culture-de-la-ciboule\/","title":{"rendered":"culture de la ciboule"},"content":{"rendered":"<p>Nom commun : Ciboule<\/p>\n<p><b>Description :<\/b><\/p>\n<p>La ciboule, \u00e9galement connue sous le nom d&#8217;oignon vert ou d&#8217;<a href=\"https:\/\/fr.wikipedia.org\/wiki\/Ciboule_de_Chine\" target=\"_blank\" rel=\"noopener\">oignon chinois<\/a>, est une plante aromatique de la famille des Alliaceae. Elle ressemble \u00e0 un petit oignon avec des tiges longues et fines, et elle poss\u00e8de un go\u00fbt d\u00e9licat rappelant celui de l&#8217;oignon.<\/p>\n<p><b>Conditions de croissance :<\/b><\/p>\n<p>La ciboule pr\u00e9f\u00e8re les climats temp\u00e9r\u00e9s et pousse mieux en plein soleil, bien qu&#8217;elle puisse tol\u00e9rer une l\u00e9g\u00e8re ombre. Elle s&#8217;adapte \u00e0 diff\u00e9rents types de sols, mais elle prosp\u00e8re dans un sol bien drain\u00e9 et fertile.<\/p>\n<p><b>Plantation :<\/b><\/p>\n<p>Il est recommand\u00e9 de planter la ciboule au printemps ou en automne. Pr\u00e9parez le sol en le d\u00e9compactant et en y ajoutant du compost pour am\u00e9liorer la fertilit\u00e9. Plantez les bulbes ou les jeunes plants \u00e0 une profondeur d&#8217;environ 2 \u00e0 3 centim\u00e8tres, en les espa\u00e7ant d&#8217;environ 10 \u00e0 15 centim\u00e8tres.<\/p>\n<p><b>Entretien :<\/b><\/p>\n<p>La ciboule est une plante facile \u00e0 entretenir. Veillez \u00e0 garder le sol humide mais pas d\u00e9tremp\u00e9. Paillez la zone de plantation pour aider \u00e0 conserver l&#8217;humidit\u00e9 et \u00e0 r\u00e9duire la croissance des mauvaises herbes. \u00c9liminez r\u00e9guli\u00e8rement les mauvaises herbes autour des plants de ciboule.<\/p>\n<p><b>R\u00e9colte :<\/b><\/p>\n<p>La ciboule peut \u00eatre r\u00e9colt\u00e9e \u00e0 partir de trois mois apr\u00e8s la plantation. Vous pouvez couper les tiges individuellement au fur et \u00e0 mesure de vos besoins, en laissant environ 5 centim\u00e8tres de tige au-dessus du sol pour permettre une nouvelle croissance. Pour une r\u00e9colte compl\u00e8te de la culture de la ciboule , vous pouvez arracher les bulbes entiers lorsque les feuilles sont fan\u00e9es.<\/p>\n<p><b>Maladies et ravageurs :<\/b><\/p>\n<p>La ciboule est g\u00e9n\u00e9ralement r\u00e9sistante aux maladies et aux ravageurs. Cependant, elle peut \u00eatre sujette \u00e0 la pourriture des bulbes en cas de sol trop humide. \u00c9vitez l&#8217;exc\u00e8s d&#8217;arrosage de la culture de la ciboule pour pr\u00e9venir ce probl\u00e8me. Si vous rencontrez des parasites, tels que les pucerons ou les thrips, vous pouvez utiliser des solutions insecticides naturelles ou des techniques de lutte biologique.<\/p>\n<p><b>Multiplication :<\/b><\/p>\n<p>La ciboule peut \u00eatre multipli\u00e9e de deux mani\u00e8res principales. Vous pouvez diviser les touffes existantes au printemps ou \u00e0 l&#8217;automne, en s\u00e9parant soigneusement les bulbes et les racines pour les replanter individuellement. Une autre m\u00e9thode consiste \u00e0 planter les graines \u00e0 l&#8217;automne ou au printemps pour obtenir de nouveaux plants pour votre culture de la ciboule .<\/p>\n<p><b>Conseils suppl\u00e9mentaires :<\/b><\/p>\n<p>Pour prolonger la r\u00e9colte de ciboule, vous pouvez pratiquer la coupe s\u00e9lective, en coupant seulement les tiges ext\u00e9rieures et en laissant les tiges int\u00e9rieures continuer \u00e0 pousser. Cela favorisera une croissance continue de la plante. La culture de la ciboule est id\u00e9ale pour les jardins potagers, les bordures ou m\u00eame les pots sur un balcon ou une terrasse.<\/p>\n<p><b>Conseils suppl\u00e9mentaires :<\/b><\/p>\n<p>Pour prolonger la r\u00e9colte de ciboule, vous pouvez pratiquer la coupe s\u00e9lective, en coupant seulement les tiges ext\u00e9rieures et en laissant les tiges int\u00e9rieures continuer \u00e0 pousser. Cela favorisera une croissance continue de la plante dans votre culture de la ciboule . La ciboule est id\u00e9ale pour les jardins potagers, les bordures ou m\u00eame les pots sur un balcon ou une terrasse.<\/p>\n<p>La ciboule est non seulement une plante d\u00e9licieuse \u00e0 ajouter \u00e0 vos plats, mais elle est \u00e9galement b\u00e9n\u00e9fique pour votre jardin. Elle peut aider \u00e0 \u00e9loigner certains insectes nuisibles, ce qui en fait un excellent compagnon pour d&#8217;autres plantes.<\/p>\n<p>En conclusion, la ciboule est une plante facile \u00e0 cultiver et n\u00e9cessite peu d&#8217;entretien. En suivant ces conseils de plantation, d&#8217;entretien et de r\u00e9colte, vous pourrez profiter de ses saveurs subtiles dans vos plats tout au long de la saison de croissance. N&#8217;h\u00e9sitez pas \u00e0 exp\u00e9rimenter avec cette herbe aromatique polyvalente et \u00e0 partager vos recettes savoureuses avec la ciboule fra\u00eeche de votre propre jardin. Bonne culture !<\/p>\n\n\n<div class=\"wp-block-columns is-layout-flex wp-container-core-columns-is-layout-9d6595d7 wp-block-columns-is-layout-flex\">\n<div class=\"wp-block-column is-layout-flow wp-block-column-is-layout-flow\">\n<div class=\"wp-block-buttons is-layout-flex wp-block-buttons-is-layout-flex\">\n<div class=\"wp-block-button has-custom-width wp-block-button__width-100\"><a class=\"wp-block-button__link has-midnight-gradient-background has-background wp-element-button\" href=\"https:\/\/www.cambodiaacountryfullofcharm.com\/fr\/cuisine-khmer\/\">recettes Cambodgiennes<\/a><\/div>\n<\/div>\n<\/div>\n\n\n\n<div class=\"wp-block-column is-layout-flow wp-block-column-is-layout-flow\">\n<div class=\"wp-block-buttons is-layout-flex wp-block-buttons-is-layout-flex\">\n<div class=\"wp-block-button has-custom-width wp-block-button__width-100\"><a class=\"wp-block-button__link has-midnight-gradient-background has-background wp-element-button\" href=\"https:\/\/www.cambodiaacountryfullofcharm.com\/fr\/\">visiter le Cambodge<\/a><\/div>\n<\/div>\n<\/div>\n<\/div>\n","protected":false},"excerpt":{"rendered":"<p>Nom commun : Ciboule Description : La ciboule, \u00e9galement connue sous le nom d&#8217;oignon vert ou d&#8217;oignon chinois, est une plante aromatique de la famille des Alliaceae. Elle ressemble \u00e0 un petit oignon avec des tiges longues et fines, et elle poss\u00e8de un go\u00fbt d\u00e9licat rappelant celui de l&#8217;oignon. Conditions de croissance : La ciboule &hellip; <\/p>\n","protected":false},"author":1,"featured_media":0,"parent":14422,"menu_order":0,"comment_status":"closed","ping_status":"closed","template":"","meta":{"_themeisle_gutenberg_block_has_review":false,"footnotes":""},"class_list":["post-14425","page","type-page","status-publish","hentry"],"yoast_head":"<!-- This site is optimized with the Yoast SEO plugin v27.6 - https:\/\/yoast.com\/product\/yoast-seo-wordpress\/ -->\n<title>culture de la ciboule pour l&#039;utiliser dans votre cuisine<\/title>\n<meta name=\"description\" content=\"D\u00e9couvrez la culture de la ciboule : conseils de plantation, entretien, r\u00e9colte et utilisation en cuisine. R\u00e9ussissez votre jardin aromatique\" \/>\n<meta name=\"robots\" content=\"index, follow, max-snippet:-1, max-image-preview:large, max-video-preview:-1\" \/>\n<link rel=\"canonical\" href=\"https:\/\/www.cambodiaacountryfullofcharm.com\/fr\/cuisine-khmer\/ingredients-de-la-cuisine-khmer\/epices-de-la-cuisine-khmer-cambodge\/ciboule-dans-la-cuisine-khmere\/culture-de-la-ciboule\/\" \/>\n<meta property=\"og:locale\" content=\"fr_FR\" \/>\n<meta property=\"og:type\" content=\"article\" \/>\n<meta property=\"og:title\" content=\"culture de la ciboule pour l&#039;utiliser dans votre cuisine\" \/>\n<meta property=\"og:description\" content=\"D\u00e9couvrez la culture de la ciboule : conseils de plantation, entretien, r\u00e9colte et utilisation en cuisine. R\u00e9ussissez votre jardin aromatique\" \/>\n<meta property=\"og:url\" content=\"https:\/\/www.cambodiaacountryfullofcharm.com\/fr\/cuisine-khmer\/ingredients-de-la-cuisine-khmer\/epices-de-la-cuisine-khmer-cambodge\/ciboule-dans-la-cuisine-khmere\/culture-de-la-ciboule\/\" \/>\n<meta property=\"og:site_name\" content=\"Guide voyage Cambodge\" \/>\n<meta property=\"article:modified_time\" content=\"2023-05-09T09:36:07+00:00\" \/>\n<meta name=\"twitter:card\" content=\"summary_large_image\" \/>\n<meta name=\"twitter:label1\" content=\"Dur\u00e9e de lecture estim\u00e9e\" \/>\n\t<meta name=\"twitter:data1\" content=\"4 minutes\" \/>\n<script type=\"application\/ld+json\" class=\"yoast-schema-graph\">{\"@context\":\"https:\\\/\\\/schema.org\",\"@graph\":[{\"@type\":\"WebPage\",\"@id\":\"https:\\\/\\\/www.cambodiaacountryfullofcharm.com\\\/fr\\\/cuisine-khmer\\\/ingredients-de-la-cuisine-khmer\\\/epices-de-la-cuisine-khmer-cambodge\\\/ciboule-dans-la-cuisine-khmere\\\/culture-de-la-ciboule\\\/\",\"url\":\"https:\\\/\\\/www.cambodiaacountryfullofcharm.com\\\/fr\\\/cuisine-khmer\\\/ingredients-de-la-cuisine-khmer\\\/epices-de-la-cuisine-khmer-cambodge\\\/ciboule-dans-la-cuisine-khmere\\\/culture-de-la-ciboule\\\/\",\"name\":\"culture de la ciboule pour l'utiliser dans votre cuisine\",\"isPartOf\":{\"@id\":\"https:\\\/\\\/www.cambodiaacountryfullofcharm.com\\\/fr\\\/#website\"},\"datePublished\":\"2023-05-09T08:57:12+00:00\",\"dateModified\":\"2023-05-09T09:36:07+00:00\",\"description\":\"D\u00e9couvrez la culture de la ciboule : conseils de plantation, entretien, r\u00e9colte et utilisation en cuisine. R\u00e9ussissez votre jardin aromatique\",\"breadcrumb\":{\"@id\":\"https:\\\/\\\/www.cambodiaacountryfullofcharm.com\\\/fr\\\/cuisine-khmer\\\/ingredients-de-la-cuisine-khmer\\\/epices-de-la-cuisine-khmer-cambodge\\\/ciboule-dans-la-cuisine-khmere\\\/culture-de-la-ciboule\\\/#breadcrumb\"},\"inLanguage\":\"fr-FR\",\"potentialAction\":[{\"@type\":\"ReadAction\",\"target\":[\"https:\\\/\\\/www.cambodiaacountryfullofcharm.com\\\/fr\\\/cuisine-khmer\\\/ingredients-de-la-cuisine-khmer\\\/epices-de-la-cuisine-khmer-cambodge\\\/ciboule-dans-la-cuisine-khmere\\\/culture-de-la-ciboule\\\/\"]}]},{\"@type\":\"BreadcrumbList\",\"@id\":\"https:\\\/\\\/www.cambodiaacountryfullofcharm.com\\\/fr\\\/cuisine-khmer\\\/ingredients-de-la-cuisine-khmer\\\/epices-de-la-cuisine-khmer-cambodge\\\/ciboule-dans-la-cuisine-khmere\\\/culture-de-la-ciboule\\\/#breadcrumb\",\"itemListElement\":[{\"@type\":\"ListItem\",\"position\":1,\"name\":\"Accueil\",\"item\":\"https:\\\/\\\/www.cambodiaacountryfullofcharm.com\\\/fr\\\/\"},{\"@type\":\"ListItem\",\"position\":2,\"name\":\"Cuisine Khmer\",\"item\":\"https:\\\/\\\/www.cambodiaacountryfullofcharm.com\\\/fr\\\/cuisine-khmer\\\/\"},{\"@type\":\"ListItem\",\"position\":3,\"name\":\"Ingr\u00e9dients de la cuisine Khmer\",\"item\":\"https:\\\/\\\/www.cambodiaacountryfullofcharm.com\\\/fr\\\/cuisine-khmer\\\/ingredients-de-la-cuisine-khmer\\\/\"},{\"@type\":\"ListItem\",\"position\":4,\"name\":\"\u00e9pices de la cuisine khmer\",\"item\":\"https:\\\/\\\/www.cambodiaacountryfullofcharm.com\\\/fr\\\/cuisine-khmer\\\/ingredients-de-la-cuisine-khmer\\\/epices-de-la-cuisine-khmer-cambodge\\\/\"},{\"@type\":\"ListItem\",\"position\":5,\"name\":\"ciboule dans la cuisine khm\u00e8re\",\"item\":\"https:\\\/\\\/www.cambodiaacountryfullofcharm.com\\\/fr\\\/cuisine-khmer\\\/ingredients-de-la-cuisine-khmer\\\/epices-de-la-cuisine-khmer-cambodge\\\/ciboule-dans-la-cuisine-khmere\\\/\"},{\"@type\":\"ListItem\",\"position\":6,\"name\":\"culture de la ciboule\"}]},{\"@type\":\"WebSite\",\"@id\":\"https:\\\/\\\/www.cambodiaacountryfullofcharm.com\\\/fr\\\/#website\",\"url\":\"https:\\\/\\\/www.cambodiaacountryfullofcharm.com\\\/fr\\\/\",\"name\":\"Guide voyage Cambodge\",\"description\":\"Cambodge un pays plein de charme\",\"publisher\":{\"@id\":\"https:\\\/\\\/www.cambodiaacountryfullofcharm.com\\\/fr\\\/#organization\"},\"potentialAction\":[{\"@type\":\"SearchAction\",\"target\":{\"@type\":\"EntryPoint\",\"urlTemplate\":\"https:\\\/\\\/www.cambodiaacountryfullofcharm.com\\\/fr\\\/?s={search_term_string}\"},\"query-input\":{\"@type\":\"PropertyValueSpecification\",\"valueRequired\":true,\"valueName\":\"search_term_string\"}}],\"inLanguage\":\"fr-FR\"},{\"@type\":\"Organization\",\"@id\":\"https:\\\/\\\/www.cambodiaacountryfullofcharm.com\\\/fr\\\/#organization\",\"name\":\"Guide voyage Cambodge\",\"url\":\"https:\\\/\\\/www.cambodiaacountryfullofcharm.com\\\/fr\\\/\",\"logo\":{\"@type\":\"ImageObject\",\"inLanguage\":\"fr-FR\",\"@id\":\"https:\\\/\\\/www.cambodiaacountryfullofcharm.com\\\/fr\\\/#\\\/schema\\\/logo\\\/image\\\/\",\"url\":\"https:\\\/\\\/www.cambodiaacountryfullofcharm.com\\\/wp-content\\\/uploads\\\/2022\\\/06\\\/Cambodia-a-country-full-of-charm-2-scaled.jpg\",\"contentUrl\":\"https:\\\/\\\/www.cambodiaacountryfullofcharm.com\\\/wp-content\\\/uploads\\\/2022\\\/06\\\/Cambodia-a-country-full-of-charm-2-scaled.jpg\",\"width\":2560,\"height\":1709,\"caption\":\"Guide voyage Cambodge\"},\"image\":{\"@id\":\"https:\\\/\\\/www.cambodiaacountryfullofcharm.com\\\/fr\\\/#\\\/schema\\\/logo\\\/image\\\/\"}}]}<\/script>\n<!-- \/ Yoast SEO plugin. -->","yoast_head_json":{"title":"culture de la ciboule pour l'utiliser dans votre cuisine","description":"D\u00e9couvrez la culture de la ciboule : conseils de plantation, entretien, r\u00e9colte et utilisation en cuisine. R\u00e9ussissez votre jardin aromatique","robots":{"index":"index","follow":"follow","max-snippet":"max-snippet:-1","max-image-preview":"max-image-preview:large","max-video-preview":"max-video-preview:-1"},"canonical":"https:\/\/www.cambodiaacountryfullofcharm.com\/fr\/cuisine-khmer\/ingredients-de-la-cuisine-khmer\/epices-de-la-cuisine-khmer-cambodge\/ciboule-dans-la-cuisine-khmere\/culture-de-la-ciboule\/","og_locale":"fr_FR","og_type":"article","og_title":"culture de la ciboule pour l'utiliser dans votre cuisine","og_description":"D\u00e9couvrez la culture de la ciboule : conseils de plantation, entretien, r\u00e9colte et utilisation en cuisine. R\u00e9ussissez votre jardin aromatique","og_url":"https:\/\/www.cambodiaacountryfullofcharm.com\/fr\/cuisine-khmer\/ingredients-de-la-cuisine-khmer\/epices-de-la-cuisine-khmer-cambodge\/ciboule-dans-la-cuisine-khmere\/culture-de-la-ciboule\/","og_site_name":"Guide voyage Cambodge","article_modified_time":"2023-05-09T09:36:07+00:00","twitter_card":"summary_large_image","twitter_misc":{"Dur\u00e9e de lecture estim\u00e9e":"4 minutes"},"schema":{"@context":"https:\/\/schema.org","@graph":[{"@type":"WebPage","@id":"https:\/\/www.cambodiaacountryfullofcharm.com\/fr\/cuisine-khmer\/ingredients-de-la-cuisine-khmer\/epices-de-la-cuisine-khmer-cambodge\/ciboule-dans-la-cuisine-khmere\/culture-de-la-ciboule\/","url":"https:\/\/www.cambodiaacountryfullofcharm.com\/fr\/cuisine-khmer\/ingredients-de-la-cuisine-khmer\/epices-de-la-cuisine-khmer-cambodge\/ciboule-dans-la-cuisine-khmere\/culture-de-la-ciboule\/","name":"culture de la ciboule pour l'utiliser dans votre cuisine","isPartOf":{"@id":"https:\/\/www.cambodiaacountryfullofcharm.com\/fr\/#website"},"datePublished":"2023-05-09T08:57:12+00:00","dateModified":"2023-05-09T09:36:07+00:00","description":"D\u00e9couvrez la culture de la ciboule : conseils de plantation, entretien, r\u00e9colte et utilisation en cuisine. R\u00e9ussissez votre jardin aromatique","breadcrumb":{"@id":"https:\/\/www.cambodiaacountryfullofcharm.com\/fr\/cuisine-khmer\/ingredients-de-la-cuisine-khmer\/epices-de-la-cuisine-khmer-cambodge\/ciboule-dans-la-cuisine-khmere\/culture-de-la-ciboule\/#breadcrumb"},"inLanguage":"fr-FR","potentialAction":[{"@type":"ReadAction","target":["https:\/\/www.cambodiaacountryfullofcharm.com\/fr\/cuisine-khmer\/ingredients-de-la-cuisine-khmer\/epices-de-la-cuisine-khmer-cambodge\/ciboule-dans-la-cuisine-khmere\/culture-de-la-ciboule\/"]}]},{"@type":"BreadcrumbList","@id":"https:\/\/www.cambodiaacountryfullofcharm.com\/fr\/cuisine-khmer\/ingredients-de-la-cuisine-khmer\/epices-de-la-cuisine-khmer-cambodge\/ciboule-dans-la-cuisine-khmere\/culture-de-la-ciboule\/#breadcrumb","itemListElement":[{"@type":"ListItem","position":1,"name":"Accueil","item":"https:\/\/www.cambodiaacountryfullofcharm.com\/fr\/"},{"@type":"ListItem","position":2,"name":"Cuisine Khmer","item":"https:\/\/www.cambodiaacountryfullofcharm.com\/fr\/cuisine-khmer\/"},{"@type":"ListItem","position":3,"name":"Ingr\u00e9dients de la cuisine Khmer","item":"https:\/\/www.cambodiaacountryfullofcharm.com\/fr\/cuisine-khmer\/ingredients-de-la-cuisine-khmer\/"},{"@type":"ListItem","position":4,"name":"\u00e9pices de la cuisine khmer","item":"https:\/\/www.cambodiaacountryfullofcharm.com\/fr\/cuisine-khmer\/ingredients-de-la-cuisine-khmer\/epices-de-la-cuisine-khmer-cambodge\/"},{"@type":"ListItem","position":5,"name":"ciboule dans la cuisine khm\u00e8re","item":"https:\/\/www.cambodiaacountryfullofcharm.com\/fr\/cuisine-khmer\/ingredients-de-la-cuisine-khmer\/epices-de-la-cuisine-khmer-cambodge\/ciboule-dans-la-cuisine-khmere\/"},{"@type":"ListItem","position":6,"name":"culture de la ciboule"}]},{"@type":"WebSite","@id":"https:\/\/www.cambodiaacountryfullofcharm.com\/fr\/#website","url":"https:\/\/www.cambodiaacountryfullofcharm.com\/fr\/","name":"Guide voyage Cambodge","description":"Cambodge un pays plein de charme","publisher":{"@id":"https:\/\/www.cambodiaacountryfullofcharm.com\/fr\/#organization"},"potentialAction":[{"@type":"SearchAction","target":{"@type":"EntryPoint","urlTemplate":"https:\/\/www.cambodiaacountryfullofcharm.com\/fr\/?s={search_term_string}"},"query-input":{"@type":"PropertyValueSpecification","valueRequired":true,"valueName":"search_term_string"}}],"inLanguage":"fr-FR"},{"@type":"Organization","@id":"https:\/\/www.cambodiaacountryfullofcharm.com\/fr\/#organization","name":"Guide voyage Cambodge","url":"https:\/\/www.cambodiaacountryfullofcharm.com\/fr\/","logo":{"@type":"ImageObject","inLanguage":"fr-FR","@id":"https:\/\/www.cambodiaacountryfullofcharm.com\/fr\/#\/schema\/logo\/image\/","url":"https:\/\/www.cambodiaacountryfullofcharm.com\/wp-content\/uploads\/2022\/06\/Cambodia-a-country-full-of-charm-2-scaled.jpg","contentUrl":"https:\/\/www.cambodiaacountryfullofcharm.com\/wp-content\/uploads\/2022\/06\/Cambodia-a-country-full-of-charm-2-scaled.jpg","width":2560,"height":1709,"caption":"Guide voyage Cambodge"},"image":{"@id":"https:\/\/www.cambodiaacountryfullofcharm.com\/fr\/#\/schema\/logo\/image\/"}}]}},"_links":{"self":[{"href":"https:\/\/www.cambodiaacountryfullofcharm.com\/fr\/wp-json\/wp\/v2\/pages\/14425","targetHints":{"allow":["GET"]}}],"collection":[{"href":"https:\/\/www.cambodiaacountryfullofcharm.com\/fr\/wp-json\/wp\/v2\/pages"}],"about":[{"href":"https:\/\/www.cambodiaacountryfullofcharm.com\/fr\/wp-json\/wp\/v2\/types\/page"}],"author":[{"embeddable":true,"href":"https:\/\/www.cambodiaacountryfullofcharm.com\/fr\/wp-json\/wp\/v2\/users\/1"}],"replies":[{"embeddable":true,"href":"https:\/\/www.cambodiaacountryfullofcharm.com\/fr\/wp-json\/wp\/v2\/comments?post=14425"}],"version-history":[{"count":0,"href":"https:\/\/www.cambodiaacountryfullofcharm.com\/fr\/wp-json\/wp\/v2\/pages\/14425\/revisions"}],"up":[{"embeddable":true,"href":"https:\/\/www.cambodiaacountryfullofcharm.com\/fr\/wp-json\/wp\/v2\/pages\/14422"}],"wp:attachment":[{"href":"https:\/\/www.cambodiaacountryfullofcharm.com\/fr\/wp-json\/wp\/v2\/media?parent=14425"}],"curies":[{"name":"wp","href":"https:\/\/api.w.org\/{rel}","templated":true}]}}