{"id":1525,"date":"2013-12-16T19:18:39","date_gmt":"2013-12-16T18:18:39","guid":{"rendered":"http:\/\/www.cambodiaacountryfullofcharm.com\/?page_id=1525"},"modified":"2022-12-04T16:38:15","modified_gmt":"2022-12-04T15:38:15","slug":"recette-flan-cambodgien-au-caramel","status":"publish","type":"page","link":"https:\/\/www.cambodiaacountryfullofcharm.com\/fr\/cuisine-khmer\/recette-flan-cambodgien-au-caramel\/","title":{"rendered":"recette flan Cambodgien au caramel"},"content":{"rendered":"<h2>recette flan Cambodgien au caramel<\/h2>\n<p>Liste des ingr\u00e9dients pour faire la recette flan cambodgien au caramel pour 4 personnes :<br \/>\n20\u00a0cl de lait de coco<br \/>\n15\u00a0cl de lait concentr\u00e9<br \/>\n250\u00a0g de sucre<br \/>\n5 \u0153ufs<br \/>\n2 cuill\u00e8res \u00e0 caf\u00e9 de farine<br \/>\n50\u00a0g de sucre roux pour le caramel<\/p>\n<p><span id=\"mealingua_content_189\">\u00a0<\/span><\/p>\n<h4>pr\u00e9paration de la recette<\/h4>\n<ul>\n<li>Commencer par mettre le four en fonction \u00e0 thermostat\u00a07 \u2013\u00a0240\u00b0.<\/li>\n<\/ul>\n<ul>\n<li>Pr\u00e9parer 4\u00a0petits ramequins et le plat qui servira pour la cuisson au bain-marie.<\/li>\n<\/ul>\n<ul>\n<li>R\u00e9alis\u00e9 le <a title=\"caramel\" href=\"http:\/\/fr.wikipedia.org\/wiki\/Caramel\">caramel<\/a> avec le sucre roux sans utiliser d\u2019eau. Apr\u00e8s la r\u00e9alisation du caramel, le verser dans les petits ramequins de fa\u00e7on \u00e0 recouvrir le fond. Le caramel va durcir et c\u2019est parfaitement normal.<br \/>\n<a href=\"https:\/\/www.cambodiaacountryfullofcharm.com\/wp-content\/uploads\/2013\/12\/recette-flan-cambodgien-au-caramel-300x199.jpg\"><img fetchpriority=\"high\" decoding=\"async\" class=\"aligncenter size-medium wp-image-1526\" src=\"https:\/\/www.cambodiaacountryfullofcharm.com\/wp-content\/uploads\/2013\/12\/recette-flan-cambodgien-au-caramel-300x199.jpg\" alt=\"recette-flan-cambodgien-au-caramel\" width=\"300\" height=\"199\" \/><\/a><\/li>\n<\/ul>\n<ul>\n<li>Ensuite, dans un grand saladier, battre les \u0153ufs et ajouter le sucre, le lait de coco, le lait concentr\u00e9 et la farine. Ensuite, verser la pr\u00e9paration dans les ramequins et laisser cuire au bain-marie 20 \u00e0 30\u00a0minutes selon votre four.<\/li>\n<\/ul>\n<p><a href=\"https:\/\/www.cambodiaacountryfullofcharm.com\/wp-content\/uploads\/2013\/12\/recette-flan-cambodgien-au-caramel--1024x682.jpg\"><img decoding=\"async\" class=\"aligncenter size-large wp-image-1528\" src=\"https:\/\/www.cambodiaacountryfullofcharm.com\/wp-content\/uploads\/2013\/12\/recette-flan-cambodgien-au-caramel--1024x682.jpg\" alt=\"recette-flan-cambodgien-au-caramel-\" width=\"604\" height=\"402\" \/><\/a><\/p>\n<p>Avant la cuisson, le caramel s\u2019\u00e9tait solidifi\u00e9, mais pendant la cuisson, le caramel s\u2019est ramolli et reste liquide, ce qui est parfait pour faire un bon nappage sur le flan cambodgien apr\u00e8s l\u2019avoir retir\u00e9 du ramequin. Ce flan cambodgien au lait de coco est tr\u00e8s simple \u00e0 r\u00e9aliser et fera le r\u00e9gal de toute la famille, aussi bien des adultes que des enfants. Il est tout \u00e0 fait possible de parfumer le flan cambodgien au caramel avec du sucre vanill\u00e9 ou de la vanille de Madagascar.<\/p>\n","protected":false},"excerpt":{"rendered":"<p>recette flan Cambodgien au caramel Liste des ingr\u00e9dients pour faire la recette flan cambodgien au caramel pour 4 personnes : 20\u00a0cl de lait de coco 15\u00a0cl de lait concentr\u00e9 250\u00a0g de sucre 5 \u0153ufs 2 cuill\u00e8res \u00e0 caf\u00e9 de farine 50\u00a0g de sucre roux pour le caramel \u00a0 pr\u00e9paration de la recette Commencer par mettre &hellip; <\/p>\n","protected":false},"author":1,"featured_media":0,"parent":35,"menu_order":0,"comment_status":"closed","ping_status":"closed","template":"","meta":{"_themeisle_gutenberg_block_has_review":false,"footnotes":""},"class_list":["post-1525","page","type-page","status-publish","hentry"],"yoast_head":"<!-- This site is optimized with the Yoast SEO plugin v27.5 - https:\/\/yoast.com\/product\/yoast-seo-wordpress\/ -->\n<title>recette flan Cambodgien au caramel et lait de coco<\/title>\n<meta name=\"description\" content=\"la recette flan Cambodgien au caramel d\u00e9taill\u00e9 \u00e9tape par \u00e9tape avec photos pour \u00eatre sur de r\u00e9ussir votre recette flan Cambodgien au caramel\" \/>\n<meta name=\"robots\" content=\"index, follow, max-snippet:-1, max-image-preview:large, max-video-preview:-1\" \/>\n<link rel=\"canonical\" href=\"https:\/\/www.cambodiaacountryfullofcharm.com\/fr\/cuisine-khmer\/recette-flan-cambodgien-au-caramel\/\" \/>\n<meta property=\"og:locale\" content=\"fr_FR\" \/>\n<meta property=\"og:type\" content=\"article\" \/>\n<meta property=\"og:title\" content=\"recette flan Cambodgien au caramel et lait de coco\" \/>\n<meta property=\"og:description\" content=\"la recette flan Cambodgien au caramel d\u00e9taill\u00e9 \u00e9tape par \u00e9tape avec photos pour \u00eatre sur de r\u00e9ussir votre recette flan Cambodgien au caramel\" \/>\n<meta property=\"og:url\" content=\"https:\/\/www.cambodiaacountryfullofcharm.com\/fr\/cuisine-khmer\/recette-flan-cambodgien-au-caramel\/\" \/>\n<meta property=\"og:site_name\" content=\"Guide voyage Cambodge\" \/>\n<meta property=\"article:modified_time\" content=\"2022-12-04T15:38:15+00:00\" \/>\n<meta property=\"og:image\" content=\"http:\/\/www.cambodiaacountryfullofcharm.com\/wp-content\/uploads\/2013\/12\/recette-flan-cambodgien-au-caramel-300x199.jpg\" \/>\n<meta name=\"twitter:card\" content=\"summary_large_image\" \/>\n<meta name=\"twitter:label1\" content=\"Dur\u00e9e de lecture estim\u00e9e\" \/>\n\t<meta name=\"twitter:data1\" content=\"2 minutes\" \/>\n<script type=\"application\/ld+json\" class=\"yoast-schema-graph\">{\"@context\":\"https:\\\/\\\/schema.org\",\"@graph\":[{\"@type\":\"WebPage\",\"@id\":\"https:\\\/\\\/www.cambodiaacountryfullofcharm.com\\\/fr\\\/cuisine-khmer\\\/recette-flan-cambodgien-au-caramel\\\/\",\"url\":\"https:\\\/\\\/www.cambodiaacountryfullofcharm.com\\\/fr\\\/cuisine-khmer\\\/recette-flan-cambodgien-au-caramel\\\/\",\"name\":\"recette flan Cambodgien au caramel et lait de coco\",\"isPartOf\":{\"@id\":\"https:\\\/\\\/www.cambodiaacountryfullofcharm.com\\\/fr\\\/#website\"},\"primaryImageOfPage\":{\"@id\":\"https:\\\/\\\/www.cambodiaacountryfullofcharm.com\\\/fr\\\/cuisine-khmer\\\/recette-flan-cambodgien-au-caramel\\\/#primaryimage\"},\"image\":{\"@id\":\"https:\\\/\\\/www.cambodiaacountryfullofcharm.com\\\/fr\\\/cuisine-khmer\\\/recette-flan-cambodgien-au-caramel\\\/#primaryimage\"},\"thumbnailUrl\":\"https:\\\/\\\/www.cambodiaacountryfullofcharm.com\\\/wp-content\\\/uploads\\\/2013\\\/12\\\/recette-flan-cambodgien-au-caramel-300x199.jpg\",\"datePublished\":\"2013-12-16T18:18:39+00:00\",\"dateModified\":\"2022-12-04T15:38:15+00:00\",\"description\":\"la recette flan Cambodgien au caramel d\u00e9taill\u00e9 \u00e9tape par \u00e9tape avec photos pour \u00eatre sur de r\u00e9ussir votre recette flan Cambodgien au caramel\",\"breadcrumb\":{\"@id\":\"https:\\\/\\\/www.cambodiaacountryfullofcharm.com\\\/fr\\\/cuisine-khmer\\\/recette-flan-cambodgien-au-caramel\\\/#breadcrumb\"},\"inLanguage\":\"fr-FR\",\"potentialAction\":[{\"@type\":\"ReadAction\",\"target\":[\"https:\\\/\\\/www.cambodiaacountryfullofcharm.com\\\/fr\\\/cuisine-khmer\\\/recette-flan-cambodgien-au-caramel\\\/\"]}]},{\"@type\":\"ImageObject\",\"inLanguage\":\"fr-FR\",\"@id\":\"https:\\\/\\\/www.cambodiaacountryfullofcharm.com\\\/fr\\\/cuisine-khmer\\\/recette-flan-cambodgien-au-caramel\\\/#primaryimage\",\"url\":\"https:\\\/\\\/www.cambodiaacountryfullofcharm.com\\\/wp-content\\\/uploads\\\/2013\\\/12\\\/recette-flan-cambodgien-au-caramel-300x199.jpg\",\"contentUrl\":\"https:\\\/\\\/www.cambodiaacountryfullofcharm.com\\\/wp-content\\\/uploads\\\/2013\\\/12\\\/recette-flan-cambodgien-au-caramel-300x199.jpg\"},{\"@type\":\"BreadcrumbList\",\"@id\":\"https:\\\/\\\/www.cambodiaacountryfullofcharm.com\\\/fr\\\/cuisine-khmer\\\/recette-flan-cambodgien-au-caramel\\\/#breadcrumb\",\"itemListElement\":[{\"@type\":\"ListItem\",\"position\":1,\"name\":\"Accueil\",\"item\":\"https:\\\/\\\/www.cambodiaacountryfullofcharm.com\\\/fr\\\/\"},{\"@type\":\"ListItem\",\"position\":2,\"name\":\"Cuisine Khmer\",\"item\":\"https:\\\/\\\/www.cambodiaacountryfullofcharm.com\\\/fr\\\/cuisine-khmer\\\/\"},{\"@type\":\"ListItem\",\"position\":3,\"name\":\"recette flan Cambodgien au caramel\"}]},{\"@type\":\"WebSite\",\"@id\":\"https:\\\/\\\/www.cambodiaacountryfullofcharm.com\\\/fr\\\/#website\",\"url\":\"https:\\\/\\\/www.cambodiaacountryfullofcharm.com\\\/fr\\\/\",\"name\":\"Guide voyage Cambodge\",\"description\":\"Cambodge un pays plein de charme\",\"publisher\":{\"@id\":\"https:\\\/\\\/www.cambodiaacountryfullofcharm.com\\\/fr\\\/#organization\"},\"potentialAction\":[{\"@type\":\"SearchAction\",\"target\":{\"@type\":\"EntryPoint\",\"urlTemplate\":\"https:\\\/\\\/www.cambodiaacountryfullofcharm.com\\\/fr\\\/?s={search_term_string}\"},\"query-input\":{\"@type\":\"PropertyValueSpecification\",\"valueRequired\":true,\"valueName\":\"search_term_string\"}}],\"inLanguage\":\"fr-FR\"},{\"@type\":\"Organization\",\"@id\":\"https:\\\/\\\/www.cambodiaacountryfullofcharm.com\\\/fr\\\/#organization\",\"name\":\"Guide voyage Cambodge\",\"url\":\"https:\\\/\\\/www.cambodiaacountryfullofcharm.com\\\/fr\\\/\",\"logo\":{\"@type\":\"ImageObject\",\"inLanguage\":\"fr-FR\",\"@id\":\"https:\\\/\\\/www.cambodiaacountryfullofcharm.com\\\/fr\\\/#\\\/schema\\\/logo\\\/image\\\/\",\"url\":\"https:\\\/\\\/www.cambodiaacountryfullofcharm.com\\\/wp-content\\\/uploads\\\/2022\\\/06\\\/Cambodia-a-country-full-of-charm-2-scaled.jpg\",\"contentUrl\":\"https:\\\/\\\/www.cambodiaacountryfullofcharm.com\\\/wp-content\\\/uploads\\\/2022\\\/06\\\/Cambodia-a-country-full-of-charm-2-scaled.jpg\",\"width\":2560,\"height\":1709,\"caption\":\"Guide voyage Cambodge\"},\"image\":{\"@id\":\"https:\\\/\\\/www.cambodiaacountryfullofcharm.com\\\/fr\\\/#\\\/schema\\\/logo\\\/image\\\/\"}}]}<\/script>\n<!-- \/ Yoast SEO plugin. -->","yoast_head_json":{"title":"recette flan Cambodgien au caramel et lait de coco","description":"la recette flan Cambodgien au caramel d\u00e9taill\u00e9 \u00e9tape par \u00e9tape avec photos pour \u00eatre sur de r\u00e9ussir votre recette flan Cambodgien au caramel","robots":{"index":"index","follow":"follow","max-snippet":"max-snippet:-1","max-image-preview":"max-image-preview:large","max-video-preview":"max-video-preview:-1"},"canonical":"https:\/\/www.cambodiaacountryfullofcharm.com\/fr\/cuisine-khmer\/recette-flan-cambodgien-au-caramel\/","og_locale":"fr_FR","og_type":"article","og_title":"recette flan Cambodgien au caramel et lait de coco","og_description":"la recette flan Cambodgien au caramel d\u00e9taill\u00e9 \u00e9tape par \u00e9tape avec photos pour \u00eatre sur de r\u00e9ussir votre recette flan Cambodgien au caramel","og_url":"https:\/\/www.cambodiaacountryfullofcharm.com\/fr\/cuisine-khmer\/recette-flan-cambodgien-au-caramel\/","og_site_name":"Guide voyage Cambodge","article_modified_time":"2022-12-04T15:38:15+00:00","og_image":[{"url":"http:\/\/www.cambodiaacountryfullofcharm.com\/wp-content\/uploads\/2013\/12\/recette-flan-cambodgien-au-caramel-300x199.jpg","type":"","width":"","height":""}],"twitter_card":"summary_large_image","twitter_misc":{"Dur\u00e9e de lecture estim\u00e9e":"2 minutes"},"schema":{"@context":"https:\/\/schema.org","@graph":[{"@type":"WebPage","@id":"https:\/\/www.cambodiaacountryfullofcharm.com\/fr\/cuisine-khmer\/recette-flan-cambodgien-au-caramel\/","url":"https:\/\/www.cambodiaacountryfullofcharm.com\/fr\/cuisine-khmer\/recette-flan-cambodgien-au-caramel\/","name":"recette flan Cambodgien au caramel et lait de coco","isPartOf":{"@id":"https:\/\/www.cambodiaacountryfullofcharm.com\/fr\/#website"},"primaryImageOfPage":{"@id":"https:\/\/www.cambodiaacountryfullofcharm.com\/fr\/cuisine-khmer\/recette-flan-cambodgien-au-caramel\/#primaryimage"},"image":{"@id":"https:\/\/www.cambodiaacountryfullofcharm.com\/fr\/cuisine-khmer\/recette-flan-cambodgien-au-caramel\/#primaryimage"},"thumbnailUrl":"https:\/\/www.cambodiaacountryfullofcharm.com\/wp-content\/uploads\/2013\/12\/recette-flan-cambodgien-au-caramel-300x199.jpg","datePublished":"2013-12-16T18:18:39+00:00","dateModified":"2022-12-04T15:38:15+00:00","description":"la recette flan Cambodgien au caramel d\u00e9taill\u00e9 \u00e9tape par \u00e9tape avec photos pour \u00eatre sur de r\u00e9ussir votre recette flan Cambodgien au caramel","breadcrumb":{"@id":"https:\/\/www.cambodiaacountryfullofcharm.com\/fr\/cuisine-khmer\/recette-flan-cambodgien-au-caramel\/#breadcrumb"},"inLanguage":"fr-FR","potentialAction":[{"@type":"ReadAction","target":["https:\/\/www.cambodiaacountryfullofcharm.com\/fr\/cuisine-khmer\/recette-flan-cambodgien-au-caramel\/"]}]},{"@type":"ImageObject","inLanguage":"fr-FR","@id":"https:\/\/www.cambodiaacountryfullofcharm.com\/fr\/cuisine-khmer\/recette-flan-cambodgien-au-caramel\/#primaryimage","url":"https:\/\/www.cambodiaacountryfullofcharm.com\/wp-content\/uploads\/2013\/12\/recette-flan-cambodgien-au-caramel-300x199.jpg","contentUrl":"https:\/\/www.cambodiaacountryfullofcharm.com\/wp-content\/uploads\/2013\/12\/recette-flan-cambodgien-au-caramel-300x199.jpg"},{"@type":"BreadcrumbList","@id":"https:\/\/www.cambodiaacountryfullofcharm.com\/fr\/cuisine-khmer\/recette-flan-cambodgien-au-caramel\/#breadcrumb","itemListElement":[{"@type":"ListItem","position":1,"name":"Accueil","item":"https:\/\/www.cambodiaacountryfullofcharm.com\/fr\/"},{"@type":"ListItem","position":2,"name":"Cuisine Khmer","item":"https:\/\/www.cambodiaacountryfullofcharm.com\/fr\/cuisine-khmer\/"},{"@type":"ListItem","position":3,"name":"recette flan Cambodgien au caramel"}]},{"@type":"WebSite","@id":"https:\/\/www.cambodiaacountryfullofcharm.com\/fr\/#website","url":"https:\/\/www.cambodiaacountryfullofcharm.com\/fr\/","name":"Guide voyage Cambodge","description":"Cambodge un pays plein de charme","publisher":{"@id":"https:\/\/www.cambodiaacountryfullofcharm.com\/fr\/#organization"},"potentialAction":[{"@type":"SearchAction","target":{"@type":"EntryPoint","urlTemplate":"https:\/\/www.cambodiaacountryfullofcharm.com\/fr\/?s={search_term_string}"},"query-input":{"@type":"PropertyValueSpecification","valueRequired":true,"valueName":"search_term_string"}}],"inLanguage":"fr-FR"},{"@type":"Organization","@id":"https:\/\/www.cambodiaacountryfullofcharm.com\/fr\/#organization","name":"Guide voyage Cambodge","url":"https:\/\/www.cambodiaacountryfullofcharm.com\/fr\/","logo":{"@type":"ImageObject","inLanguage":"fr-FR","@id":"https:\/\/www.cambodiaacountryfullofcharm.com\/fr\/#\/schema\/logo\/image\/","url":"https:\/\/www.cambodiaacountryfullofcharm.com\/wp-content\/uploads\/2022\/06\/Cambodia-a-country-full-of-charm-2-scaled.jpg","contentUrl":"https:\/\/www.cambodiaacountryfullofcharm.com\/wp-content\/uploads\/2022\/06\/Cambodia-a-country-full-of-charm-2-scaled.jpg","width":2560,"height":1709,"caption":"Guide voyage Cambodge"},"image":{"@id":"https:\/\/www.cambodiaacountryfullofcharm.com\/fr\/#\/schema\/logo\/image\/"}}]}},"_links":{"self":[{"href":"https:\/\/www.cambodiaacountryfullofcharm.com\/fr\/wp-json\/wp\/v2\/pages\/1525","targetHints":{"allow":["GET"]}}],"collection":[{"href":"https:\/\/www.cambodiaacountryfullofcharm.com\/fr\/wp-json\/wp\/v2\/pages"}],"about":[{"href":"https:\/\/www.cambodiaacountryfullofcharm.com\/fr\/wp-json\/wp\/v2\/types\/page"}],"author":[{"embeddable":true,"href":"https:\/\/www.cambodiaacountryfullofcharm.com\/fr\/wp-json\/wp\/v2\/users\/1"}],"replies":[{"embeddable":true,"href":"https:\/\/www.cambodiaacountryfullofcharm.com\/fr\/wp-json\/wp\/v2\/comments?post=1525"}],"version-history":[{"count":0,"href":"https:\/\/www.cambodiaacountryfullofcharm.com\/fr\/wp-json\/wp\/v2\/pages\/1525\/revisions"}],"up":[{"embeddable":true,"href":"https:\/\/www.cambodiaacountryfullofcharm.com\/fr\/wp-json\/wp\/v2\/pages\/35"}],"wp:attachment":[{"href":"https:\/\/www.cambodiaacountryfullofcharm.com\/fr\/wp-json\/wp\/v2\/media?parent=1525"}],"curies":[{"name":"wp","href":"https:\/\/api.w.org\/{rel}","templated":true}]}}