{"id":153,"date":"2013-12-07T11:46:05","date_gmt":"2013-12-07T10:46:05","guid":{"rendered":"http:\/\/cambodiaacountryfullofcharm.com\/?page_id=153"},"modified":"2023-09-11T18:40:50","modified_gmt":"2023-09-11T17:40:50","slug":"province-pailin-cambodge","status":"publish","type":"page","link":"https:\/\/www.cambodiaacountryfullofcharm.com\/fr\/visiter-les-provinces-du-cambodge\/province-pailin-cambodge\/","title":{"rendered":"Pailin"},"content":{"rendered":"<h2>province de Pailin<\/h2>\n<p><img decoding=\"async\" class=\"aligncenter size-full wp-image-1268\" src=\"https:\/\/www.cambodiaacountryfullofcharm.com\/wp-content\/uploads\/2013\/09\/voyagez-province-de-pailin-cambodge.png\" alt=\"voyagez-province-de-pailin-cambodge\" width=\"188\" height=\"238\" \/>La province de Palin est situ\u00e9e au nord-ouest du <span style=\"color: #000000;\"><a style=\"color: #000000;\" title=\"Cambodge\" href=\"https:\/\/www.facebook.com\/CambodiaACountryFullOfCharm\">Cambodge<\/a><\/span> entre la Tha\u00eflande et la province de Battambang.<\/p>\n<h4>h\u00e9bergement et repas \u00e0 Pailin<\/h4>\n<p>Vous trouverez assez facilement un h\u00f4tel ou une guesthouse dans la province de Pailing\u2009; vous trouverez des restaurants et des march\u00e9s o\u00f9 vous trouverez de la nourriture et de quoi prendre vos repas.<\/p>\n<h4>visite \u00e0 pailin<\/h4>\n<p>La province de Pailin poss\u00e8de une poign\u00e9e de sites naturels \u00e0 visiter, comme une for\u00eat luxuriante de bambous, des cascades.<br \/>\nVous pourrez aussi visiter Phnom Yaht, un site culturel situ\u00e9 dans la ville de Pailin, vous y trouverez une ancienne pagode.<br \/>\nO\u2019Tavao est situ\u00e9 \u00e0 Sangkat O\u2019Tavao, \u00e0 quelques kilom\u00e8tres de Pailin. C\u2019est un site qui abrite un tr\u00e8s beau paysage \u00e0 d\u00e9couvrir pendant votre s\u00e9jour au <span style=\"color: #000000;\"><a style=\"color: #000000;\" href=\"https:\/\/www.cambodiaacountryfullofcharm.com\/fr\/\">Cambodge<\/a><\/span>.<br \/>\nLa cascade d\u2019O\u2019Eb dans un site naturel \u00e0 Sangkat O\u2019Chras que vous appr\u00e9cierez aussi bien pour sa beaut\u00e9 que pour faire de belles photos.<br \/>\nKbal O\u2019Chra se situe au village d\u2019O\u2019Chra, c\u2019est une r\u00e9serve faunique tr\u00e8s appr\u00e9ci\u00e9e des touristes et la plus visit\u00e9e \u00e0 Pailin.<br \/>\nUn autre attrait touristique \u00e0 Pailin est les pierres pr\u00e9cieuses, le saphir ou la topaze. Pailin et sa r\u00e9gion sont riches en mines de pierres pr\u00e9cieuses. Phnom Yat reste l\u2019un des endroits o\u00f9 les touristes auront le plaisir de voir les activit\u00e9s mini\u00e8res de pierres pr\u00e9cieuses. Il est bon de rappeler que Pailin est devenue le plus grand centre de rubis et de saphir en Indochine.<\/p>\n\n<p><script src=\"\/\/cdn0.trainbusferry.com\/tools\/form\/fr\/?id=7426726\" data-one2go=\"7426726\" data-color=\"blue\" data-language=\"fr\" data-adaptive=\"1\" data-border=\"1\"><\/script><\/p>\n<div id=\"powered\">Powered by <a href=\"https:\/\/12go.asia\/?z=7426726\">Cambodia travel guide<\/a><\/div>\n\n\n\n<style type='text\/css'>\n\n\t\t.one2go-left {\n\t\t\tfont-size:12px;\n\t\t\tcolor:green;\n\t\t}\n\n\t\t.one2go-right {\n\t\t\tfont-size:12px;\n\t\t\tcolor:red;\n\t\t}\n\n\t\t.one2go-route-info {\n\t\t\tfloat: right;\n\t\t\tfont-size: 10pt;\n\t\t\twhite-space: nowrap;\n\t\t}\n\n\/*\t\t.one2go-route-price,\n\t\t.one2go-route-duration {\n\t\t\ttext-align: center;\n\t\t\tfont-size:10pt;\n\t\t}\n*\/\n\t\t.one2go-route-price {\n\t\t\tmargin-right: 20px;\n\t\t}\n\n\t\tli.country {\n\t\t\tbackground-position: 90%;\n\t\t\tbackground-repeat: no-repeat;\n\t\t}\n\t\t.one2go-trips {\n\t\t\twidth: 50%;\n\t\t}\n\t\t.one2go-trips ul {\n\t\t\tpadding-left: 0px;\n\t\t\tmargin-top: auto !important;\n\t\t\tmargin-bottom: auto !important;\n\t\t\tlist-style: none !important;\n\t\t}\n\t\t.one2go-trips li {\n\t\t\tline-height: 16pt;\n\t\t\tpadding-left:8px;\n\t\t}\n\t\t.one2go-timetable {\n\t\t\twidth:100%;\n\t\t\tfont-size:12px;\n\t\t\tborder-spacing: 10px;\n    \t\tborder-collapse: collapse;\n\t\t\tfont-family: \"Open Sans\", sans-serif;\n\t\t}\n\t\t.one2go-timetable td,\n\t\t.one2go-timetable tr.one2go-route-detail th {\n\t\t\tpadding: 6px;\n\t\t\tvertical-align: middle !important;\n\t\t\tborder:1px solid #ccc;\n\t\t}\n\n\t\t.one2go-route-name {\n\t\t\tpadding:15px;\n\t\t\tfont-size:14px;\n\t\t}\n\n\t\tspan.one2go-departures {\n\t\t\tcolor: #5d5d5d;\n\t\t}\n\t\tspan.one2go-class {\n\t\t\tfont-weight: bold;\n\t\t\tcolor: #5d5d5d;\n\t\t}\n\n\t\ttr.one2go-route-detail th {\n\t\t\ttext-align: center;\n\t\t\tcolor: #575757;\n\t\t}\n\n\t\t.one2go-buy-button {\n\t\t\tfont-family: \"Open Sans\", sans-serif;\n\t\t\tfont-size:12pt;\n\t\t\tfloat:right;\n\t\t\t\/*padding-left:10px;*\/\n\t\t}\n\n\t\t.one2go-route-header {\n\t\t\tfont-family: \"Open Sans\", sans-serif;\n\t\t\tpadding: 8px;\n\t\t\tbackground-color: #30abe0;\n\t\t\tletter-spacing: 0px;\n\t\t}\n\n\t\t.one2go-route-header a {\n\t\t\tcolor: white;\n\t\t\tfont-size: 18px;\n\t\t\tfont-weight: 400;\n\t\t}\n\n\t\t.one2go-route-container {\n\t\t\tpadding: 0;\n\t\t\tborder:  1px solid #30abe0;\n\t\t\tmargin-bottom: 20px;\n\t\t}\n\n<\/style>\n\n\n\t<div class=\"one2go-route-container\">\n\n\n\t<div class=\"one2go-route-header\">\n\t\t\t\t\t\t\t\t\t\t\t\t\n\t\t\t\t<a target=\"_blank\" href=\"https:\/\/12go.asia\/fr\/travel\/pailin\/phnom-penh?z=7426726&curr=USD\">Pailin - Phnom Penh<\/a>\n\t\t\t\t\t\t\t\t\t<a class=\"one2go-buy-button\" target=\"_blank\" href=\"https:\/\/12go.asia\/fr\/travel\/pailin\/phnom-penh?z=7426726&curr=USD\">Plus d'informations \/ Billets<\/a>\n\t\t\t\t\t<\/div>\n\n\t<table class=\"one2go-timetable\"><tbody>\n\t\n\t\t<tr>\n\t\t\t<td class=\"one2go-route-name\" colspan=\"2\">\n\t\t\t\t\t\t\t\t\t\t\t\t\t\t\t\t\t<a target=\"_blank\" href=\"https:\/\/12go.asia\/fr\/bus\/pailin\/phnom-penh?z=7426726&curr=USD\">Bus Pailin - Phnom Penh<\/a>\n\t\t\t\t\n\t\t\t\t<span class=\"one2go-route-info\">\n\t\t\t\t\t\t\t\t\t\t\t<span class=\"one2go-route-price\">\n\t\t\t\t\t\t\t\t\t\t\t\t\t\t\t$ 15.29&ndash;18.35\n\t\t\t\t\t\t\t\t\t\t\t\t\t<\/span>\n\t\t\t\t\t\n\t\t\t\t\t<span class=\"one2go-route-duration\">\n\t\t\t\t\t\t\t\t\t\t\t\t\t7h 30m &ndash; 8h 30m\n\t\t\t\t\t\t\t\t\t\t\t<\/span>\n\t\t\t\t<\/span>\n\t\t\t<\/td>\n\n\t\t<\/tr>\n\t\t<tr>\n\t\t\t<td class=\"one2go-trips\" colspan=\"2\">\n\t\t\t\t<ul>\n\t\t\t\t\t\t\t\t\t\t\t<li>\n\t\t\t\t\t\t\t<b class=\"one2go-right\">\u2192<\/b>&nbsp;\n\t\t\t\t\t\t\t<span class=\"one2go-class\">Bus h\u00f4tel<\/span>\n\t\t\t\t\t\t\t\t\t\t\t\t\t\t<span class=\"one2go-departures\">20:00, 21:00<\/span>\n\t\t\t\t\t\t\t\t\t\t\t\t\t<\/li>\n\t\t\t\t\t\t\t\t\t<\/ul>\n\t\t\t<\/td>\n\t\t\t\t<\/tr>\n\n\t\n\t\t<tr>\n\t\t\t<td class=\"one2go-route-name\" colspan=\"2\">\n\t\t\t\t\t\t\t\t\t\t\t\t\t\t\t\t\t<a target=\"_blank\" href=\"https:\/\/12go.asia\/fr\/charter\/pailin\/phnom-penh?z=7426726&curr=USD\">Taxi Pailin - Phnom Penh<\/a>\n\t\t\t\t\n\t\t\t\t<span class=\"one2go-route-info\">\n\t\t\t\t\t\t\t\t\t\t\t<span class=\"one2go-route-price\">\n\t\t\t\t\t\t\t\t\t\t\t\t\t\t\t$ 195.60&ndash;481.43\n\t\t\t\t\t\t\t\t\t\t\t\t\t<\/span>\n\t\t\t\t\t\n\t\t\t\t\t<span class=\"one2go-route-duration\">\n\t\t\t\t\t\t\t\t\t\t\t\t\t4h 50m &ndash; 6h 20m\n\t\t\t\t\t\t\t\t\t\t\t<\/span>\n\t\t\t\t<\/span>\n\t\t\t<\/td>\n\n\t\t<\/tr>\n\t\t<tr>\n\t\t\t<td class=\"one2go-trips\" colspan=\"2\">\n\t\t\t\t<ul>\n\t\t\t\t\t\t\t\t\t\t\t<li>\n\t\t\t\t\t\t\t<b class=\"one2go-right\">\u2192<\/b>&nbsp;\n\t\t\t\t\t\t\t<span class=\"one2go-class\">Confort 3 passagers<\/span>\n\t\t\t\t\t\t\t\t\t\t\t\t\t<\/li>\n\t\t\t\t\t\t\t\t\t\t\t<li>\n\t\t\t\t\t\t\t<b class=\"one2go-right\">\u2192<\/b>&nbsp;\n\t\t\t\t\t\t\t<span class=\"one2go-class\">Economie 3pax<\/span>\n\t\t\t\t\t\t\t\t\t\t\t\t\t<\/li>\n\t\t\t\t\t\t\t\t\t\t\t<li>\n\t\t\t\t\t\t\t<b class=\"one2go-right\">\u2192<\/b>&nbsp;\n\t\t\t\t\t\t\t<span class=\"one2go-class\">Monospace 17 passagers<\/span>\n\t\t\t\t\t\t\t\t\t\t\t\t\t<\/li>\n\t\t\t\t\t\t\t\t\t\t\t<li>\n\t\t\t\t\t\t\t<b class=\"one2go-right\">\u2192<\/b>&nbsp;\n\t\t\t\t\t\t\t<span class=\"one2go-class\">Van 10 passagers<\/span>\n\t\t\t\t\t\t\t\t\t\t\t\t\t<\/li>\n\t\t\t\t\t\t\t\t\t\t\t<li>\n\t\t\t\t\t\t\t<b class=\"one2go-right\">\u2192<\/b>&nbsp;\n\t\t\t\t\t\t\t<span class=\"one2go-class\">Van 8 passagers<\/span>\n\t\t\t\t\t\t\t\t\t\t\t\t\t<\/li>\n\t\t\t\t\t\t\t\t\t\t\t<li>\n\t\t\t\t\t\t\t<b class=\"one2go-right\">\u2192<\/b>&nbsp;\n\t\t\t\t\t\t\t<span class=\"one2go-class\">SUV 3 passagers<\/span>\n\t\t\t\t\t\t\t\t\t\t\t\t\t<\/li>\n\t\t\t\t\t\t\t\t\t\t\t<li>\n\t\t\t\t\t\t\t<b class=\"one2go-right\">\u2192<\/b>&nbsp;\n\t\t\t\t\t\t\t<span class=\"one2go-class\">Minibus 25pax<\/span>\n\t\t\t\t\t\t\t\t\t\t\t\t\t<\/li>\n\t\t\t\t\t\t\t\t\t\t\t<li>\n\t\t\t\t\t\t\t<b class=\"one2go-right\">\u2192<\/b>&nbsp;\n\t\t\t\t\t\t\t<span class=\"one2go-class\">SUV 4 places<\/span>\n\t\t\t\t\t\t\t\t\t\t\t\t\t<\/li>\n\t\t\t\t\t\t\t\t\t\t\t<li>\n\t\t\t\t\t\t\t<b class=\"one2go-right\">\u2192<\/b>&nbsp;\n\t\t\t\t\t\t\t<span class=\"one2go-class\">Monospace 7 passagers<\/span>\n\t\t\t\t\t\t\t\t\t\t\t\t\t<\/li>\n\t\t\t\t\t\t\t\t\t\t\t<li>\n\t\t\t\t\t\t\t<b class=\"one2go-right\">\u2192<\/b>&nbsp;\n\t\t\t\t\t\t\t<span class=\"one2go-class\">Minibus 20 places<\/span>\n\t\t\t\t\t\t\t\t\t\t\t\t\t<\/li>\n\t\t\t\t\t\t\t\t\t<\/ul>\n\t\t\t<\/td>\n\t\t\t\t<\/tr>\n\n\t\t<\/tbody><\/table><\/div>\n\n\n","protected":false},"excerpt":{"rendered":"<p>province de Pailin La province de Palin est situ\u00e9e au nord-ouest du Cambodge entre la Tha\u00eflande et la province de Battambang. h\u00e9bergement et repas \u00e0 Pailin Vous trouverez assez facilement un h\u00f4tel ou une guesthouse dans la province de Pailing\u2009; vous trouverez des restaurants et des march\u00e9s o\u00f9 vous trouverez de la nourriture et de &hellip; <\/p>\n","protected":false},"author":1,"featured_media":0,"parent":71,"menu_order":0,"comment_status":"closed","ping_status":"closed","template":"","meta":{"_themeisle_gutenberg_block_has_review":false,"footnotes":""},"class_list":["post-153","page","type-page","status-publish","hentry"],"yoast_head":"<!-- This site is optimized with the Yoast SEO plugin v27.5 - https:\/\/yoast.com\/product\/yoast-seo-wordpress\/ -->\n<title>province de Pailin au Cambodge vous connaissez ?<\/title>\n<meta name=\"description\" content=\"tout sur la province de Pailin au Cambodge , les h\u00f4tels , les restaurants , les rubis , les paysages et cascades de Pailin\" \/>\n<meta name=\"robots\" content=\"index, follow, max-snippet:-1, max-image-preview:large, max-video-preview:-1\" \/>\n<link rel=\"canonical\" href=\"https:\/\/www.cambodiaacountryfullofcharm.com\/fr\/visiter-les-provinces-du-cambodge\/province-pailin-cambodge\/\" \/>\n<meta property=\"og:locale\" content=\"fr_FR\" \/>\n<meta property=\"og:type\" content=\"article\" \/>\n<meta property=\"og:title\" content=\"province de Pailin au Cambodge vous connaissez ?\" \/>\n<meta property=\"og:description\" content=\"tout sur la province de Pailin au Cambodge , les h\u00f4tels , les restaurants , les rubis , les paysages et cascades de Pailin\" \/>\n<meta property=\"og:url\" content=\"https:\/\/www.cambodiaacountryfullofcharm.com\/fr\/visiter-les-provinces-du-cambodge\/province-pailin-cambodge\/\" \/>\n<meta property=\"og:site_name\" content=\"Guide voyage Cambodge\" \/>\n<meta property=\"article:modified_time\" content=\"2023-09-11T17:40:50+00:00\" \/>\n<meta property=\"og:image\" content=\"https:\/\/www.cambodiaacountryfullofcharm.com\/wp-content\/uploads\/2013\/09\/voyagez-province-de-pailin-cambodge.png\" \/>\n<meta name=\"twitter:card\" content=\"summary_large_image\" \/>\n<meta name=\"twitter:label1\" content=\"Dur\u00e9e de lecture estim\u00e9e\" \/>\n\t<meta name=\"twitter:data1\" content=\"2 minutes\" \/>\n<script type=\"application\/ld+json\" class=\"yoast-schema-graph\">{\"@context\":\"https:\\\/\\\/schema.org\",\"@graph\":[{\"@type\":\"WebPage\",\"@id\":\"https:\\\/\\\/www.cambodiaacountryfullofcharm.com\\\/fr\\\/visiter-les-provinces-du-cambodge\\\/province-pailin-cambodge\\\/\",\"url\":\"https:\\\/\\\/www.cambodiaacountryfullofcharm.com\\\/fr\\\/visiter-les-provinces-du-cambodge\\\/province-pailin-cambodge\\\/\",\"name\":\"province de Pailin au Cambodge vous connaissez ?\",\"isPartOf\":{\"@id\":\"https:\\\/\\\/www.cambodiaacountryfullofcharm.com\\\/fr\\\/#website\"},\"primaryImageOfPage\":{\"@id\":\"https:\\\/\\\/www.cambodiaacountryfullofcharm.com\\\/fr\\\/visiter-les-provinces-du-cambodge\\\/province-pailin-cambodge\\\/#primaryimage\"},\"image\":{\"@id\":\"https:\\\/\\\/www.cambodiaacountryfullofcharm.com\\\/fr\\\/visiter-les-provinces-du-cambodge\\\/province-pailin-cambodge\\\/#primaryimage\"},\"thumbnailUrl\":\"https:\\\/\\\/www.cambodiaacountryfullofcharm.com\\\/wp-content\\\/uploads\\\/2013\\\/09\\\/voyagez-province-de-pailin-cambodge.png\",\"datePublished\":\"2013-12-07T10:46:05+00:00\",\"dateModified\":\"2023-09-11T17:40:50+00:00\",\"description\":\"tout sur la province de Pailin au Cambodge , les h\u00f4tels , les restaurants , les rubis , les paysages et cascades de Pailin\",\"breadcrumb\":{\"@id\":\"https:\\\/\\\/www.cambodiaacountryfullofcharm.com\\\/fr\\\/visiter-les-provinces-du-cambodge\\\/province-pailin-cambodge\\\/#breadcrumb\"},\"inLanguage\":\"fr-FR\",\"potentialAction\":[{\"@type\":\"ReadAction\",\"target\":[\"https:\\\/\\\/www.cambodiaacountryfullofcharm.com\\\/fr\\\/visiter-les-provinces-du-cambodge\\\/province-pailin-cambodge\\\/\"]}]},{\"@type\":\"ImageObject\",\"inLanguage\":\"fr-FR\",\"@id\":\"https:\\\/\\\/www.cambodiaacountryfullofcharm.com\\\/fr\\\/visiter-les-provinces-du-cambodge\\\/province-pailin-cambodge\\\/#primaryimage\",\"url\":\"https:\\\/\\\/www.cambodiaacountryfullofcharm.com\\\/wp-content\\\/uploads\\\/2013\\\/09\\\/voyagez-province-de-pailin-cambodge.png\",\"contentUrl\":\"https:\\\/\\\/www.cambodiaacountryfullofcharm.com\\\/wp-content\\\/uploads\\\/2013\\\/09\\\/voyagez-province-de-pailin-cambodge.png\"},{\"@type\":\"BreadcrumbList\",\"@id\":\"https:\\\/\\\/www.cambodiaacountryfullofcharm.com\\\/fr\\\/visiter-les-provinces-du-cambodge\\\/province-pailin-cambodge\\\/#breadcrumb\",\"itemListElement\":[{\"@type\":\"ListItem\",\"position\":1,\"name\":\"Accueil\",\"item\":\"https:\\\/\\\/www.cambodiaacountryfullofcharm.com\\\/fr\\\/\"},{\"@type\":\"ListItem\",\"position\":2,\"name\":\"visiter les provinces du Cambodge\",\"item\":\"https:\\\/\\\/www.cambodiaacountryfullofcharm.com\\\/fr\\\/visiter-les-provinces-du-cambodge\\\/\"},{\"@type\":\"ListItem\",\"position\":3,\"name\":\"Pailin\"}]},{\"@type\":\"WebSite\",\"@id\":\"https:\\\/\\\/www.cambodiaacountryfullofcharm.com\\\/fr\\\/#website\",\"url\":\"https:\\\/\\\/www.cambodiaacountryfullofcharm.com\\\/fr\\\/\",\"name\":\"Guide voyage Cambodge\",\"description\":\"Cambodge un pays plein de charme\",\"publisher\":{\"@id\":\"https:\\\/\\\/www.cambodiaacountryfullofcharm.com\\\/fr\\\/#organization\"},\"potentialAction\":[{\"@type\":\"SearchAction\",\"target\":{\"@type\":\"EntryPoint\",\"urlTemplate\":\"https:\\\/\\\/www.cambodiaacountryfullofcharm.com\\\/fr\\\/?s={search_term_string}\"},\"query-input\":{\"@type\":\"PropertyValueSpecification\",\"valueRequired\":true,\"valueName\":\"search_term_string\"}}],\"inLanguage\":\"fr-FR\"},{\"@type\":\"Organization\",\"@id\":\"https:\\\/\\\/www.cambodiaacountryfullofcharm.com\\\/fr\\\/#organization\",\"name\":\"Guide voyage Cambodge\",\"url\":\"https:\\\/\\\/www.cambodiaacountryfullofcharm.com\\\/fr\\\/\",\"logo\":{\"@type\":\"ImageObject\",\"inLanguage\":\"fr-FR\",\"@id\":\"https:\\\/\\\/www.cambodiaacountryfullofcharm.com\\\/fr\\\/#\\\/schema\\\/logo\\\/image\\\/\",\"url\":\"https:\\\/\\\/www.cambodiaacountryfullofcharm.com\\\/wp-content\\\/uploads\\\/2022\\\/06\\\/Cambodia-a-country-full-of-charm-2-scaled.jpg\",\"contentUrl\":\"https:\\\/\\\/www.cambodiaacountryfullofcharm.com\\\/wp-content\\\/uploads\\\/2022\\\/06\\\/Cambodia-a-country-full-of-charm-2-scaled.jpg\",\"width\":2560,\"height\":1709,\"caption\":\"Guide voyage Cambodge\"},\"image\":{\"@id\":\"https:\\\/\\\/www.cambodiaacountryfullofcharm.com\\\/fr\\\/#\\\/schema\\\/logo\\\/image\\\/\"}}]}<\/script>\n<!-- \/ Yoast SEO plugin. -->","yoast_head_json":{"title":"province de Pailin au Cambodge vous connaissez ?","description":"tout sur la province de Pailin au Cambodge , les h\u00f4tels , les restaurants , les rubis , les paysages et cascades de Pailin","robots":{"index":"index","follow":"follow","max-snippet":"max-snippet:-1","max-image-preview":"max-image-preview:large","max-video-preview":"max-video-preview:-1"},"canonical":"https:\/\/www.cambodiaacountryfullofcharm.com\/fr\/visiter-les-provinces-du-cambodge\/province-pailin-cambodge\/","og_locale":"fr_FR","og_type":"article","og_title":"province de Pailin au Cambodge vous connaissez ?","og_description":"tout sur la province de Pailin au Cambodge , les h\u00f4tels , les restaurants , les rubis , les paysages et cascades de Pailin","og_url":"https:\/\/www.cambodiaacountryfullofcharm.com\/fr\/visiter-les-provinces-du-cambodge\/province-pailin-cambodge\/","og_site_name":"Guide voyage Cambodge","article_modified_time":"2023-09-11T17:40:50+00:00","og_image":[{"url":"https:\/\/www.cambodiaacountryfullofcharm.com\/wp-content\/uploads\/2013\/09\/voyagez-province-de-pailin-cambodge.png","type":"","width":"","height":""}],"twitter_card":"summary_large_image","twitter_misc":{"Dur\u00e9e de lecture estim\u00e9e":"2 minutes"},"schema":{"@context":"https:\/\/schema.org","@graph":[{"@type":"WebPage","@id":"https:\/\/www.cambodiaacountryfullofcharm.com\/fr\/visiter-les-provinces-du-cambodge\/province-pailin-cambodge\/","url":"https:\/\/www.cambodiaacountryfullofcharm.com\/fr\/visiter-les-provinces-du-cambodge\/province-pailin-cambodge\/","name":"province de Pailin au Cambodge vous connaissez ?","isPartOf":{"@id":"https:\/\/www.cambodiaacountryfullofcharm.com\/fr\/#website"},"primaryImageOfPage":{"@id":"https:\/\/www.cambodiaacountryfullofcharm.com\/fr\/visiter-les-provinces-du-cambodge\/province-pailin-cambodge\/#primaryimage"},"image":{"@id":"https:\/\/www.cambodiaacountryfullofcharm.com\/fr\/visiter-les-provinces-du-cambodge\/province-pailin-cambodge\/#primaryimage"},"thumbnailUrl":"https:\/\/www.cambodiaacountryfullofcharm.com\/wp-content\/uploads\/2013\/09\/voyagez-province-de-pailin-cambodge.png","datePublished":"2013-12-07T10:46:05+00:00","dateModified":"2023-09-11T17:40:50+00:00","description":"tout sur la province de Pailin au Cambodge , les h\u00f4tels , les restaurants , les rubis , les paysages et cascades de Pailin","breadcrumb":{"@id":"https:\/\/www.cambodiaacountryfullofcharm.com\/fr\/visiter-les-provinces-du-cambodge\/province-pailin-cambodge\/#breadcrumb"},"inLanguage":"fr-FR","potentialAction":[{"@type":"ReadAction","target":["https:\/\/www.cambodiaacountryfullofcharm.com\/fr\/visiter-les-provinces-du-cambodge\/province-pailin-cambodge\/"]}]},{"@type":"ImageObject","inLanguage":"fr-FR","@id":"https:\/\/www.cambodiaacountryfullofcharm.com\/fr\/visiter-les-provinces-du-cambodge\/province-pailin-cambodge\/#primaryimage","url":"https:\/\/www.cambodiaacountryfullofcharm.com\/wp-content\/uploads\/2013\/09\/voyagez-province-de-pailin-cambodge.png","contentUrl":"https:\/\/www.cambodiaacountryfullofcharm.com\/wp-content\/uploads\/2013\/09\/voyagez-province-de-pailin-cambodge.png"},{"@type":"BreadcrumbList","@id":"https:\/\/www.cambodiaacountryfullofcharm.com\/fr\/visiter-les-provinces-du-cambodge\/province-pailin-cambodge\/#breadcrumb","itemListElement":[{"@type":"ListItem","position":1,"name":"Accueil","item":"https:\/\/www.cambodiaacountryfullofcharm.com\/fr\/"},{"@type":"ListItem","position":2,"name":"visiter les provinces du Cambodge","item":"https:\/\/www.cambodiaacountryfullofcharm.com\/fr\/visiter-les-provinces-du-cambodge\/"},{"@type":"ListItem","position":3,"name":"Pailin"}]},{"@type":"WebSite","@id":"https:\/\/www.cambodiaacountryfullofcharm.com\/fr\/#website","url":"https:\/\/www.cambodiaacountryfullofcharm.com\/fr\/","name":"Guide voyage Cambodge","description":"Cambodge un pays plein de charme","publisher":{"@id":"https:\/\/www.cambodiaacountryfullofcharm.com\/fr\/#organization"},"potentialAction":[{"@type":"SearchAction","target":{"@type":"EntryPoint","urlTemplate":"https:\/\/www.cambodiaacountryfullofcharm.com\/fr\/?s={search_term_string}"},"query-input":{"@type":"PropertyValueSpecification","valueRequired":true,"valueName":"search_term_string"}}],"inLanguage":"fr-FR"},{"@type":"Organization","@id":"https:\/\/www.cambodiaacountryfullofcharm.com\/fr\/#organization","name":"Guide voyage Cambodge","url":"https:\/\/www.cambodiaacountryfullofcharm.com\/fr\/","logo":{"@type":"ImageObject","inLanguage":"fr-FR","@id":"https:\/\/www.cambodiaacountryfullofcharm.com\/fr\/#\/schema\/logo\/image\/","url":"https:\/\/www.cambodiaacountryfullofcharm.com\/wp-content\/uploads\/2022\/06\/Cambodia-a-country-full-of-charm-2-scaled.jpg","contentUrl":"https:\/\/www.cambodiaacountryfullofcharm.com\/wp-content\/uploads\/2022\/06\/Cambodia-a-country-full-of-charm-2-scaled.jpg","width":2560,"height":1709,"caption":"Guide voyage Cambodge"},"image":{"@id":"https:\/\/www.cambodiaacountryfullofcharm.com\/fr\/#\/schema\/logo\/image\/"}}]}},"_links":{"self":[{"href":"https:\/\/www.cambodiaacountryfullofcharm.com\/fr\/wp-json\/wp\/v2\/pages\/153","targetHints":{"allow":["GET"]}}],"collection":[{"href":"https:\/\/www.cambodiaacountryfullofcharm.com\/fr\/wp-json\/wp\/v2\/pages"}],"about":[{"href":"https:\/\/www.cambodiaacountryfullofcharm.com\/fr\/wp-json\/wp\/v2\/types\/page"}],"author":[{"embeddable":true,"href":"https:\/\/www.cambodiaacountryfullofcharm.com\/fr\/wp-json\/wp\/v2\/users\/1"}],"replies":[{"embeddable":true,"href":"https:\/\/www.cambodiaacountryfullofcharm.com\/fr\/wp-json\/wp\/v2\/comments?post=153"}],"version-history":[{"count":0,"href":"https:\/\/www.cambodiaacountryfullofcharm.com\/fr\/wp-json\/wp\/v2\/pages\/153\/revisions"}],"up":[{"embeddable":true,"href":"https:\/\/www.cambodiaacountryfullofcharm.com\/fr\/wp-json\/wp\/v2\/pages\/71"}],"wp:attachment":[{"href":"https:\/\/www.cambodiaacountryfullofcharm.com\/fr\/wp-json\/wp\/v2\/media?parent=153"}],"curies":[{"name":"wp","href":"https:\/\/api.w.org\/{rel}","templated":true}]}}