{"id":156,"date":"2014-01-19T09:18:43","date_gmt":"2014-01-19T08:18:43","guid":{"rendered":"http:\/\/cambodiaacountryfullofcharm.com\/?page_id=156"},"modified":"2024-05-30T16:09:01","modified_gmt":"2024-05-30T15:09:01","slug":"province-de-phnom-penh-cambodge","status":"publish","type":"page","link":"https:\/\/www.cambodiaacountryfullofcharm.com\/fr\/visiter-les-provinces-du-cambodge\/province-de-phnom-penh-cambodge\/","title":{"rendered":"Province de Phnom Penh"},"content":{"rendered":"<h2>province de Phnom Penh<\/h2>\n<p><img decoding=\"async\" class=\"aligncenter size-thumbnail wp-image-1653\" src=\"https:\/\/www.cambodiaacountryfullofcharm.com\/wp-content\/uploads\/2013\/09\/province-de-phnom-penh-cambodge-150x150.png\" alt=\"province-de-phnom-penh-cambodge\" width=\"150\" height=\"150\" \/>La province de Phnom Penh, qui est aussi la capitale du <span style=\"color: #000000;\"><a style=\"color: #000000;\" title=\"Cambodge\" href=\"https:\/\/www.facebook.com\/CambodiaACountryFullOfCharm\">Cambodge<\/a><\/span>, est situ\u00e9e au confluent du Tonl\u00e9 Sap et du M\u00e9kong. La province de Phnom Penh s\u2019\u00e9tend sur une surface de 290 km\u00b2 et est divis\u00e9e en 8 districts.<\/p>\n<h4>h\u00e9bergement et repas dans la province de Phnom Penh<\/h4>\n<p>Vous n\u2019aurez pas de probl\u00e8me pour vous loger pendant votre s\u00e9jour \u00e0 Phnom Penh et vous pourrez vous restaurer dans les nombreux restaurants et march\u00e9s que compte la ville.<\/p>\n<h4>visite a Phnom Penh<\/h4>\n<p>Pour les visites \u00e0 Phnom Penh, vous aurez de quoi vous occuper pendant tout votre s\u00e9jour. Que vous souhaitiez r\u00e9aliser de belles photos pendant votre s\u00e9jour ou m\u00eame apprendre l\u2019histoire du pays, vous trouverez sans difficult\u00e9 les sorties qui correspondront \u00e0 vos envies. Le palais royal \u00e0 Phnom Penh, un lieu tr\u00e8s touristique qui est une destination \u00e0 ne pas manquer, un lieu calme et magnifique et o\u00f9 vous pourrez apprendre l\u2019histoire du palais royal de Phnom Penh avec des guides qui pourront vous accompagner.<br \/>\nLe Mus\u00e9e national du <span style=\"color: #000000;\"><a style=\"color: #000000;\" href=\"https:\/\/www.cambodiaacountryfullofcharm.com\/fr\/\">Cambodge<\/a><\/span>, un lieu tr\u00e8s touristique, mais pas seulement, c\u2019est le principal mus\u00e9e historique et arch\u00e9ologique du Cambodge o\u00f9 vous pourrez voir et apprendre l\u2019histoire du pays. Le mus\u00e9e contient la plus grande collection d\u2019art khmer, ce qui repr\u00e9sente plus de 14\u2009000\u00a0objets diff\u00e9rents de l\u2019histoire khm\u00e8re datant de la Pr\u00e9histoire \u00e0 l\u2019\u00e9poque de l\u2019empire khmer.<br \/>\nTuol Sleng ou S-21 est tout simplement la prison \u00e0 Phnom Penh o\u00f9 tout prisonnier qui arrivait pendant l\u2019occupation des Khmers rouges ne ressortait jamais vivant.<br \/>\nLes diff\u00e9rents march\u00e9s de Phnom Penh sont aussi des lieux \u00e0 voir, comme le march\u00e9 central de Psar Thmey,\u00a0\u00ab\u00a0nouveau march\u00e9\u00a0\u00bb, un des symboles de Phnom Penh avec son d\u00f4me de 26\u00a0m de haut. Vous y trouverez de tout, aussi bien des bijoux, des v\u00eatements, de l\u2019\u00e9lectrom\u00e9nager que de la nourriture. Le march\u00e9 de Psar Thmey m\u00e9rite bien une petite visite pendant votre s\u00e9jour, d\u00e9j\u00e0 pour admirer sa construction.<br \/>\nPhnom Penh regorge d\u2019une multitude d\u2019endroits \u00e0 visiter, notamment de petits temples bouddhistes ou plus simplement nomm\u00e9s pagodes comme le Wat Phnom,\u00a0\u00ab\u00a0colline du temple\u00a0\u00bb, qui est aussi un lieu de promenade tr\u00e8s fr\u00e9quent\u00e9 et appr\u00e9ci\u00e9, aussi bien par les touristes que par les Khmers qui y viennent aussi bien en famille qu\u2019entre amis.<\/p>\n\n<p><!-- START ADVERTISER: Tiqets FR from awin.com --><\/p>\n<p><a rel=\"sponsored\" href=\"https:\/\/www.awin1.com\/cread.php?awinmid=7437&#038;awinaffid=1639759&#038;clickref=7&#038;ued=https%3A%2F%2Fwww.tiqets.com%2Ffr%2Factivites-attractions-phnom-penh-c72955%2F\"><br \/>\n    <img decoding=\"async\" src=\"https:\/\/www.awin1.com\/cshow.php?s=2940997&#038;v=7437&#038;q=336347&#038;r=1639759\" border=\"0\"><br \/>\n<\/a><\/p>\n<p><!-- END ADVERTISER: Tiqets FR from awin.com --><\/p>\n\n\n<p><script src=\"\/\/cdn0.trainbusferry.com\/tools\/form\/fr\/?id=7426726\" data-one2go=\"7426726\" data-color=\"blue\" data-language=\"fr\" data-adaptive=\"1\" data-border=\"1\"><\/script><\/p>\n<div id=\"powered\">Powered by <a href=\"https:\/\/12go.asia\/?z=7426726\">Cambodia travel guide<\/a><\/div>\n\n\n\n","protected":false},"excerpt":{"rendered":"<p>province de Phnom Penh La province de Phnom Penh, qui est aussi la capitale du Cambodge, est situ\u00e9e au confluent du Tonl\u00e9 Sap et du M\u00e9kong. La province de Phnom Penh s\u2019\u00e9tend sur une surface de 290 km\u00b2 et est divis\u00e9e en 8 districts. h\u00e9bergement et repas dans la province de Phnom Penh Vous n\u2019aurez &hellip; <\/p>\n","protected":false},"author":1,"featured_media":0,"parent":71,"menu_order":0,"comment_status":"closed","ping_status":"closed","template":"","meta":{"_themeisle_gutenberg_block_has_review":false,"footnotes":""},"class_list":["post-156","page","type-page","status-publish","hentry"],"yoast_head":"<!-- This site is optimized with the Yoast SEO plugin v27.5 - https:\/\/yoast.com\/product\/yoast-seo-wordpress\/ -->\n<title>Province de Phnom Penh , mais aussi la Capital du Cambodge<\/title>\n<meta name=\"description\" content=\"la province de Phnom Penh qui est aussi la capital du Cambodge . Phnom Penh une ville qui \u00e9volue tr\u00e8s vite , ses h\u00f4tels , ses restaurants\" \/>\n<meta name=\"robots\" content=\"index, follow, max-snippet:-1, max-image-preview:large, max-video-preview:-1\" \/>\n<link rel=\"canonical\" href=\"https:\/\/www.cambodiaacountryfullofcharm.com\/fr\/visiter-les-provinces-du-cambodge\/province-de-phnom-penh-cambodge\/\" \/>\n<meta property=\"og:locale\" content=\"fr_FR\" \/>\n<meta property=\"og:type\" content=\"article\" \/>\n<meta property=\"og:title\" content=\"Province de Phnom Penh , mais aussi la Capital du Cambodge\" \/>\n<meta property=\"og:description\" content=\"la province de Phnom Penh qui est aussi la capital du Cambodge . Phnom Penh une ville qui \u00e9volue tr\u00e8s vite , ses h\u00f4tels , ses restaurants\" \/>\n<meta property=\"og:url\" content=\"https:\/\/www.cambodiaacountryfullofcharm.com\/fr\/visiter-les-provinces-du-cambodge\/province-de-phnom-penh-cambodge\/\" \/>\n<meta property=\"og:site_name\" content=\"Guide voyage Cambodge\" \/>\n<meta property=\"article:modified_time\" content=\"2024-05-30T15:09:01+00:00\" \/>\n<meta property=\"og:image\" content=\"https:\/\/www.cambodiaacountryfullofcharm.com\/wp-content\/uploads\/2013\/09\/province-de-phnom-penh-cambodge-150x150.png\" \/>\n<meta name=\"twitter:card\" content=\"summary_large_image\" \/>\n<meta name=\"twitter:label1\" content=\"Dur\u00e9e de lecture estim\u00e9e\" \/>\n\t<meta name=\"twitter:data1\" content=\"3 minutes\" \/>\n<script type=\"application\/ld+json\" class=\"yoast-schema-graph\">{\"@context\":\"https:\\\/\\\/schema.org\",\"@graph\":[{\"@type\":\"WebPage\",\"@id\":\"https:\\\/\\\/www.cambodiaacountryfullofcharm.com\\\/fr\\\/visiter-les-provinces-du-cambodge\\\/province-de-phnom-penh-cambodge\\\/\",\"url\":\"https:\\\/\\\/www.cambodiaacountryfullofcharm.com\\\/fr\\\/visiter-les-provinces-du-cambodge\\\/province-de-phnom-penh-cambodge\\\/\",\"name\":\"Province de Phnom Penh , mais aussi la Capital du Cambodge\",\"isPartOf\":{\"@id\":\"https:\\\/\\\/www.cambodiaacountryfullofcharm.com\\\/fr\\\/#website\"},\"primaryImageOfPage\":{\"@id\":\"https:\\\/\\\/www.cambodiaacountryfullofcharm.com\\\/fr\\\/visiter-les-provinces-du-cambodge\\\/province-de-phnom-penh-cambodge\\\/#primaryimage\"},\"image\":{\"@id\":\"https:\\\/\\\/www.cambodiaacountryfullofcharm.com\\\/fr\\\/visiter-les-provinces-du-cambodge\\\/province-de-phnom-penh-cambodge\\\/#primaryimage\"},\"thumbnailUrl\":\"https:\\\/\\\/www.cambodiaacountryfullofcharm.com\\\/wp-content\\\/uploads\\\/2013\\\/09\\\/province-de-phnom-penh-cambodge-150x150.png\",\"datePublished\":\"2014-01-19T08:18:43+00:00\",\"dateModified\":\"2024-05-30T15:09:01+00:00\",\"description\":\"la province de Phnom Penh qui est aussi la capital du Cambodge . Phnom Penh une ville qui \u00e9volue tr\u00e8s vite , ses h\u00f4tels , ses restaurants\",\"breadcrumb\":{\"@id\":\"https:\\\/\\\/www.cambodiaacountryfullofcharm.com\\\/fr\\\/visiter-les-provinces-du-cambodge\\\/province-de-phnom-penh-cambodge\\\/#breadcrumb\"},\"inLanguage\":\"fr-FR\",\"potentialAction\":[{\"@type\":\"ReadAction\",\"target\":[\"https:\\\/\\\/www.cambodiaacountryfullofcharm.com\\\/fr\\\/visiter-les-provinces-du-cambodge\\\/province-de-phnom-penh-cambodge\\\/\"]}]},{\"@type\":\"ImageObject\",\"inLanguage\":\"fr-FR\",\"@id\":\"https:\\\/\\\/www.cambodiaacountryfullofcharm.com\\\/fr\\\/visiter-les-provinces-du-cambodge\\\/province-de-phnom-penh-cambodge\\\/#primaryimage\",\"url\":\"https:\\\/\\\/www.cambodiaacountryfullofcharm.com\\\/wp-content\\\/uploads\\\/2013\\\/09\\\/province-de-phnom-penh-cambodge-150x150.png\",\"contentUrl\":\"https:\\\/\\\/www.cambodiaacountryfullofcharm.com\\\/wp-content\\\/uploads\\\/2013\\\/09\\\/province-de-phnom-penh-cambodge-150x150.png\"},{\"@type\":\"BreadcrumbList\",\"@id\":\"https:\\\/\\\/www.cambodiaacountryfullofcharm.com\\\/fr\\\/visiter-les-provinces-du-cambodge\\\/province-de-phnom-penh-cambodge\\\/#breadcrumb\",\"itemListElement\":[{\"@type\":\"ListItem\",\"position\":1,\"name\":\"Accueil\",\"item\":\"https:\\\/\\\/www.cambodiaacountryfullofcharm.com\\\/fr\\\/\"},{\"@type\":\"ListItem\",\"position\":2,\"name\":\"visiter les provinces du Cambodge\",\"item\":\"https:\\\/\\\/www.cambodiaacountryfullofcharm.com\\\/fr\\\/visiter-les-provinces-du-cambodge\\\/\"},{\"@type\":\"ListItem\",\"position\":3,\"name\":\"Province de Phnom Penh\"}]},{\"@type\":\"WebSite\",\"@id\":\"https:\\\/\\\/www.cambodiaacountryfullofcharm.com\\\/fr\\\/#website\",\"url\":\"https:\\\/\\\/www.cambodiaacountryfullofcharm.com\\\/fr\\\/\",\"name\":\"Guide voyage Cambodge\",\"description\":\"Cambodge un pays plein de charme\",\"publisher\":{\"@id\":\"https:\\\/\\\/www.cambodiaacountryfullofcharm.com\\\/fr\\\/#organization\"},\"potentialAction\":[{\"@type\":\"SearchAction\",\"target\":{\"@type\":\"EntryPoint\",\"urlTemplate\":\"https:\\\/\\\/www.cambodiaacountryfullofcharm.com\\\/fr\\\/?s={search_term_string}\"},\"query-input\":{\"@type\":\"PropertyValueSpecification\",\"valueRequired\":true,\"valueName\":\"search_term_string\"}}],\"inLanguage\":\"fr-FR\"},{\"@type\":\"Organization\",\"@id\":\"https:\\\/\\\/www.cambodiaacountryfullofcharm.com\\\/fr\\\/#organization\",\"name\":\"Guide voyage Cambodge\",\"url\":\"https:\\\/\\\/www.cambodiaacountryfullofcharm.com\\\/fr\\\/\",\"logo\":{\"@type\":\"ImageObject\",\"inLanguage\":\"fr-FR\",\"@id\":\"https:\\\/\\\/www.cambodiaacountryfullofcharm.com\\\/fr\\\/#\\\/schema\\\/logo\\\/image\\\/\",\"url\":\"https:\\\/\\\/www.cambodiaacountryfullofcharm.com\\\/wp-content\\\/uploads\\\/2022\\\/06\\\/Cambodia-a-country-full-of-charm-2-scaled.jpg\",\"contentUrl\":\"https:\\\/\\\/www.cambodiaacountryfullofcharm.com\\\/wp-content\\\/uploads\\\/2022\\\/06\\\/Cambodia-a-country-full-of-charm-2-scaled.jpg\",\"width\":2560,\"height\":1709,\"caption\":\"Guide voyage Cambodge\"},\"image\":{\"@id\":\"https:\\\/\\\/www.cambodiaacountryfullofcharm.com\\\/fr\\\/#\\\/schema\\\/logo\\\/image\\\/\"}}]}<\/script>\n<!-- \/ Yoast SEO plugin. -->","yoast_head_json":{"title":"Province de Phnom Penh , mais aussi la Capital du Cambodge","description":"la province de Phnom Penh qui est aussi la capital du Cambodge . Phnom Penh une ville qui \u00e9volue tr\u00e8s vite , ses h\u00f4tels , ses restaurants","robots":{"index":"index","follow":"follow","max-snippet":"max-snippet:-1","max-image-preview":"max-image-preview:large","max-video-preview":"max-video-preview:-1"},"canonical":"https:\/\/www.cambodiaacountryfullofcharm.com\/fr\/visiter-les-provinces-du-cambodge\/province-de-phnom-penh-cambodge\/","og_locale":"fr_FR","og_type":"article","og_title":"Province de Phnom Penh , mais aussi la Capital du Cambodge","og_description":"la province de Phnom Penh qui est aussi la capital du Cambodge . Phnom Penh une ville qui \u00e9volue tr\u00e8s vite , ses h\u00f4tels , ses restaurants","og_url":"https:\/\/www.cambodiaacountryfullofcharm.com\/fr\/visiter-les-provinces-du-cambodge\/province-de-phnom-penh-cambodge\/","og_site_name":"Guide voyage Cambodge","article_modified_time":"2024-05-30T15:09:01+00:00","og_image":[{"url":"https:\/\/www.cambodiaacountryfullofcharm.com\/wp-content\/uploads\/2013\/09\/province-de-phnom-penh-cambodge-150x150.png","type":"","width":"","height":""}],"twitter_card":"summary_large_image","twitter_misc":{"Dur\u00e9e de lecture estim\u00e9e":"3 minutes"},"schema":{"@context":"https:\/\/schema.org","@graph":[{"@type":"WebPage","@id":"https:\/\/www.cambodiaacountryfullofcharm.com\/fr\/visiter-les-provinces-du-cambodge\/province-de-phnom-penh-cambodge\/","url":"https:\/\/www.cambodiaacountryfullofcharm.com\/fr\/visiter-les-provinces-du-cambodge\/province-de-phnom-penh-cambodge\/","name":"Province de Phnom Penh , mais aussi la Capital du Cambodge","isPartOf":{"@id":"https:\/\/www.cambodiaacountryfullofcharm.com\/fr\/#website"},"primaryImageOfPage":{"@id":"https:\/\/www.cambodiaacountryfullofcharm.com\/fr\/visiter-les-provinces-du-cambodge\/province-de-phnom-penh-cambodge\/#primaryimage"},"image":{"@id":"https:\/\/www.cambodiaacountryfullofcharm.com\/fr\/visiter-les-provinces-du-cambodge\/province-de-phnom-penh-cambodge\/#primaryimage"},"thumbnailUrl":"https:\/\/www.cambodiaacountryfullofcharm.com\/wp-content\/uploads\/2013\/09\/province-de-phnom-penh-cambodge-150x150.png","datePublished":"2014-01-19T08:18:43+00:00","dateModified":"2024-05-30T15:09:01+00:00","description":"la province de Phnom Penh qui est aussi la capital du Cambodge . Phnom Penh une ville qui \u00e9volue tr\u00e8s vite , ses h\u00f4tels , ses restaurants","breadcrumb":{"@id":"https:\/\/www.cambodiaacountryfullofcharm.com\/fr\/visiter-les-provinces-du-cambodge\/province-de-phnom-penh-cambodge\/#breadcrumb"},"inLanguage":"fr-FR","potentialAction":[{"@type":"ReadAction","target":["https:\/\/www.cambodiaacountryfullofcharm.com\/fr\/visiter-les-provinces-du-cambodge\/province-de-phnom-penh-cambodge\/"]}]},{"@type":"ImageObject","inLanguage":"fr-FR","@id":"https:\/\/www.cambodiaacountryfullofcharm.com\/fr\/visiter-les-provinces-du-cambodge\/province-de-phnom-penh-cambodge\/#primaryimage","url":"https:\/\/www.cambodiaacountryfullofcharm.com\/wp-content\/uploads\/2013\/09\/province-de-phnom-penh-cambodge-150x150.png","contentUrl":"https:\/\/www.cambodiaacountryfullofcharm.com\/wp-content\/uploads\/2013\/09\/province-de-phnom-penh-cambodge-150x150.png"},{"@type":"BreadcrumbList","@id":"https:\/\/www.cambodiaacountryfullofcharm.com\/fr\/visiter-les-provinces-du-cambodge\/province-de-phnom-penh-cambodge\/#breadcrumb","itemListElement":[{"@type":"ListItem","position":1,"name":"Accueil","item":"https:\/\/www.cambodiaacountryfullofcharm.com\/fr\/"},{"@type":"ListItem","position":2,"name":"visiter les provinces du Cambodge","item":"https:\/\/www.cambodiaacountryfullofcharm.com\/fr\/visiter-les-provinces-du-cambodge\/"},{"@type":"ListItem","position":3,"name":"Province de Phnom Penh"}]},{"@type":"WebSite","@id":"https:\/\/www.cambodiaacountryfullofcharm.com\/fr\/#website","url":"https:\/\/www.cambodiaacountryfullofcharm.com\/fr\/","name":"Guide voyage Cambodge","description":"Cambodge un pays plein de charme","publisher":{"@id":"https:\/\/www.cambodiaacountryfullofcharm.com\/fr\/#organization"},"potentialAction":[{"@type":"SearchAction","target":{"@type":"EntryPoint","urlTemplate":"https:\/\/www.cambodiaacountryfullofcharm.com\/fr\/?s={search_term_string}"},"query-input":{"@type":"PropertyValueSpecification","valueRequired":true,"valueName":"search_term_string"}}],"inLanguage":"fr-FR"},{"@type":"Organization","@id":"https:\/\/www.cambodiaacountryfullofcharm.com\/fr\/#organization","name":"Guide voyage Cambodge","url":"https:\/\/www.cambodiaacountryfullofcharm.com\/fr\/","logo":{"@type":"ImageObject","inLanguage":"fr-FR","@id":"https:\/\/www.cambodiaacountryfullofcharm.com\/fr\/#\/schema\/logo\/image\/","url":"https:\/\/www.cambodiaacountryfullofcharm.com\/wp-content\/uploads\/2022\/06\/Cambodia-a-country-full-of-charm-2-scaled.jpg","contentUrl":"https:\/\/www.cambodiaacountryfullofcharm.com\/wp-content\/uploads\/2022\/06\/Cambodia-a-country-full-of-charm-2-scaled.jpg","width":2560,"height":1709,"caption":"Guide voyage Cambodge"},"image":{"@id":"https:\/\/www.cambodiaacountryfullofcharm.com\/fr\/#\/schema\/logo\/image\/"}}]}},"_links":{"self":[{"href":"https:\/\/www.cambodiaacountryfullofcharm.com\/fr\/wp-json\/wp\/v2\/pages\/156","targetHints":{"allow":["GET"]}}],"collection":[{"href":"https:\/\/www.cambodiaacountryfullofcharm.com\/fr\/wp-json\/wp\/v2\/pages"}],"about":[{"href":"https:\/\/www.cambodiaacountryfullofcharm.com\/fr\/wp-json\/wp\/v2\/types\/page"}],"author":[{"embeddable":true,"href":"https:\/\/www.cambodiaacountryfullofcharm.com\/fr\/wp-json\/wp\/v2\/users\/1"}],"replies":[{"embeddable":true,"href":"https:\/\/www.cambodiaacountryfullofcharm.com\/fr\/wp-json\/wp\/v2\/comments?post=156"}],"version-history":[{"count":1,"href":"https:\/\/www.cambodiaacountryfullofcharm.com\/fr\/wp-json\/wp\/v2\/pages\/156\/revisions"}],"predecessor-version":[{"id":18797,"href":"https:\/\/www.cambodiaacountryfullofcharm.com\/fr\/wp-json\/wp\/v2\/pages\/156\/revisions\/18797"}],"up":[{"embeddable":true,"href":"https:\/\/www.cambodiaacountryfullofcharm.com\/fr\/wp-json\/wp\/v2\/pages\/71"}],"wp:attachment":[{"href":"https:\/\/www.cambodiaacountryfullofcharm.com\/fr\/wp-json\/wp\/v2\/media?parent=156"}],"curies":[{"name":"wp","href":"https:\/\/api.w.org\/{rel}","templated":true}]}}