{"id":162,"date":"2013-12-07T14:59:12","date_gmt":"2013-12-07T13:59:12","guid":{"rendered":"http:\/\/cambodiaacountryfullofcharm.com\/?page_id=162"},"modified":"2023-09-11T18:36:01","modified_gmt":"2023-09-11T17:36:01","slug":"province-pursat-cambodge","status":"publish","type":"page","link":"https:\/\/www.cambodiaacountryfullofcharm.com\/fr\/visiter-les-provinces-du-cambodge\/province-pursat-cambodge\/","title":{"rendered":"Pursat"},"content":{"rendered":"<h2>province de Pursat<\/h2>\n<p><img decoding=\"async\" class=\"aligncenter size-full wp-image-1339\" src=\"https:\/\/www.cambodiaacountryfullofcharm.com\/wp-content\/uploads\/2013\/09\/voyage-province-de-pursat-cambodge.png\" alt=\"voyage-province-de-pursat-cambodge\" width=\"236\" height=\"173\" \/>La province de Pursat au <span style=\"color: #000000;\"><a style=\"color: #000000;\" href=\"https:\/\/www.cambodiaacountryfullofcharm.com\/fr\/\">Cambodge<\/a><\/span> est situ\u00e9e \u00e0 l\u2019ouest du pays sur la rive ouest du lac Tonle Sap et \u00e0 la fronti\u00e8re avec la Tha\u00eflande, entre le lac Tonl\u00e9 Sap et l\u2019extr\u00e9mit\u00e9 nord de la cha\u00eene des montagnes des Cardamomes. La province de Pursat s\u2019\u00e9tend sur une superficie de 12\u2009692 km\u00b2, elle est divis\u00e9e en 6 districts.<\/p>\n<h4>h\u00e9bergement et repas \u00e0 Pursat<\/h4>\n<p>Pour votre s\u00e9jour, vous trouverez assez facilement aussi bien un h\u00f4tel qu\u2019une guesthouse pour vous et votre famille. Pour vos repas, vous trouverez des restaurants, mais aussi des marchants ambulants et des march\u00e9s avec tout ce qu\u2019il faut pour manger.<\/p>\n<h4>visite \u00e0 Pursat<\/h4>\n<p>Pendant votre visite, vous pourrez profiter du paysage de la province de Pursat et visiter beaucoup de lieux, comme\u00a0:<br \/>\nLe Leach Village, tr\u00e8s visit\u00e9 des touristes, mais aussi tr\u00e8s r\u00e9put\u00e9 pour sa production de bois de santal. Le bois de santal est utilis\u00e9 pour les parfums, mais aussi pour les industries. Vous pourrez aussi visiter les entreprises locales de bois de santal et ainsi approfondir votre connaissance sur les techniques de production locales.<br \/>\nO\u2019da\u00a0Rapids est un endroit tr\u00e8s appr\u00e9ci\u00e9 des\u00a0<span style=\"color: #000000;\"><a style=\"color: #000000;\" title=\"Cambodgiens\" href=\"https:\/\/www.facebook.com\/CambodiaACountryFullOfCharm\">cambodgiens<\/a><\/span>, aussi bien pour se baigner dans la rivi\u00e8re que pour y faire des pique-niques en famille ou entre amis.<\/p>\n<p>Kampong Luang\u00a0: le village flottant du lac Tonle Sap o\u00f9 vous serez surpris de voir tout ce que l\u2019on peut trouver\u2026 \u00e9cole, restaurant et bar et des boutiques. Sa visite est vraiment conseill\u00e9e pendant votre s\u00e9jour.<\/p>\n\n<p><script src=\"\/\/cdn0.trainbusferry.com\/tools\/form\/fr\/?id=7426726\" data-one2go=\"7426726\" data-color=\"blue\" data-language=\"fr\" data-adaptive=\"1\" data-border=\"1\"><\/script><\/p>\n<div id=\"powered\">Powered by <a href=\"https:\/\/12go.asia\/?z=7426726\">Cambodia travel guide<\/a><\/div>\n\n\n\n<style type='text\/css'>\n\n\t\t.one2go-left {\n\t\t\tfont-size:12px;\n\t\t\tcolor:green;\n\t\t}\n\n\t\t.one2go-right {\n\t\t\tfont-size:12px;\n\t\t\tcolor:red;\n\t\t}\n\n\t\t.one2go-route-info {\n\t\t\tfloat: right;\n\t\t\tfont-size: 10pt;\n\t\t\twhite-space: nowrap;\n\t\t}\n\n\/*\t\t.one2go-route-price,\n\t\t.one2go-route-duration {\n\t\t\ttext-align: center;\n\t\t\tfont-size:10pt;\n\t\t}\n*\/\n\t\t.one2go-route-price {\n\t\t\tmargin-right: 20px;\n\t\t}\n\n\t\tli.country {\n\t\t\tbackground-position: 90%;\n\t\t\tbackground-repeat: no-repeat;\n\t\t}\n\t\t.one2go-trips {\n\t\t\twidth: 50%;\n\t\t}\n\t\t.one2go-trips ul {\n\t\t\tpadding-left: 0px;\n\t\t\tmargin-top: auto !important;\n\t\t\tmargin-bottom: auto !important;\n\t\t\tlist-style: none !important;\n\t\t}\n\t\t.one2go-trips li {\n\t\t\tline-height: 16pt;\n\t\t\tpadding-left:8px;\n\t\t}\n\t\t.one2go-timetable {\n\t\t\twidth:100%;\n\t\t\tfont-size:12px;\n\t\t\tborder-spacing: 10px;\n    \t\tborder-collapse: collapse;\n\t\t\tfont-family: \"Open Sans\", sans-serif;\n\t\t}\n\t\t.one2go-timetable td,\n\t\t.one2go-timetable tr.one2go-route-detail th {\n\t\t\tpadding: 6px;\n\t\t\tvertical-align: middle !important;\n\t\t\tborder:1px solid #ccc;\n\t\t}\n\n\t\t.one2go-route-name {\n\t\t\tpadding:15px;\n\t\t\tfont-size:14px;\n\t\t}\n\n\t\tspan.one2go-departures {\n\t\t\tcolor: #5d5d5d;\n\t\t}\n\t\tspan.one2go-class {\n\t\t\tfont-weight: bold;\n\t\t\tcolor: #5d5d5d;\n\t\t}\n\n\t\ttr.one2go-route-detail th {\n\t\t\ttext-align: center;\n\t\t\tcolor: #575757;\n\t\t}\n\n\t\t.one2go-buy-button {\n\t\t\tfont-family: \"Open Sans\", sans-serif;\n\t\t\tfont-size:12pt;\n\t\t\tfloat:right;\n\t\t\t\/*padding-left:10px;*\/\n\t\t}\n\n\t\t.one2go-route-header {\n\t\t\tfont-family: \"Open Sans\", sans-serif;\n\t\t\tpadding: 8px;\n\t\t\tbackground-color: #30abe0;\n\t\t\tletter-spacing: 0px;\n\t\t}\n\n\t\t.one2go-route-header a {\n\t\t\tcolor: white;\n\t\t\tfont-size: 18px;\n\t\t\tfont-weight: 400;\n\t\t}\n\n\t\t.one2go-route-container {\n\t\t\tpadding: 0;\n\t\t\tborder:  1px solid #30abe0;\n\t\t\tmargin-bottom: 20px;\n\t\t}\n\n<\/style>\n\n\n\t<div class=\"one2go-route-container\">\n\n\n\t<div class=\"one2go-route-header\">\n\t\t\t\t\t\t\t\t\t\t\t\t\n\t\t\t\t<a target=\"_blank\" href=\"https:\/\/12go.asia\/fr\/travel\/pursat\/phnom-penh?z=7426726&curr=USD\">Pursat - Phnom Penh<\/a>\n\t\t\t\t\t\t\t\t\t<a class=\"one2go-buy-button\" target=\"_blank\" href=\"https:\/\/12go.asia\/fr\/travel\/pursat\/phnom-penh?z=7426726&curr=USD\">Plus d'informations \/ Billets<\/a>\n\t\t\t\t\t<\/div>\n\n\t<table class=\"one2go-timetable\"><tbody>\n\t\n\t\t<tr>\n\t\t\t<td class=\"one2go-route-name\" colspan=\"2\">\n\t\t\t\t\t\t\t\t\t\t\t\t\t\t\t\t\t<a target=\"_blank\" href=\"https:\/\/12go.asia\/fr\/bus\/pursat\/phnom-penh?z=7426726&curr=USD\">Bus Pursat - Phnom Penh<\/a>\n\t\t\t\t\n\t\t\t\t<span class=\"one2go-route-info\">\n\t\t\t\t\t\t\t\t\t\t\t<span class=\"one2go-route-price\">\n\t\t\t\t\t\t\t\t\t\t\t\t\t\t\t$ 6.89&ndash;10.69\n\t\t\t\t\t\t\t\t\t\t\t\t\t<\/span>\n\t\t\t\t\t\n\t\t\t\t\t<span class=\"one2go-route-duration\">\n\t\t\t\t\t\t\t\t\t\t\t\t\t3h &ndash; 6h 5m\n\t\t\t\t\t\t\t\t\t\t\t<\/span>\n\t\t\t\t<\/span>\n\t\t\t<\/td>\n\n\t\t<\/tr>\n\t\t<tr>\n\t\t\t<td class=\"one2go-trips\" colspan=\"2\">\n\t\t\t\t<ul>\n\t\t\t\t\t\t\t\t\t\t\t<li>\n\t\t\t\t\t\t\t<b class=\"one2go-right\">\u2192<\/b>&nbsp;\n\t\t\t\t\t\t\t<span class=\"one2go-class\">Seater 45<\/span>\n\t\t\t\t\t\t\t\t\t\t\t\t\t\t<span class=\"one2go-departures\">10:00, 11:00, 13:15, 18:30<\/span>\n\t\t\t\t\t\t\t\t\t\t\t\t\t<\/li>\n\t\t\t\t\t\t\t\t\t\t\t<li>\n\t\t\t\t\t\t\t<b class=\"one2go-right\">\u2192<\/b>&nbsp;\n\t\t\t\t\t\t\t<span class=\"one2go-class\">Sleeper 27<\/span>\n\t\t\t\t\t\t\t\t\t\t\t\t\t\t<span class=\"one2go-departures\">23:55<\/span>\n\t\t\t\t\t\t\t\t\t\t\t\t\t<\/li>\n\t\t\t\t\t\t\t\t\t\t\t<li>\n\t\t\t\t\t\t\t<b class=\"one2go-right\">\u2192<\/b>&nbsp;\n\t\t\t\t\t\t\t<span class=\"one2go-class\">Wagon-lit<\/span>\n\t\t\t\t\t\t\t\t\t\t\t\t\t\t<span class=\"one2go-departures\">23:55<\/span>\n\t\t\t\t\t\t\t\t\t\t\t\t\t<\/li>\n\t\t\t\t\t\t\t\t\t\t\t<li>\n\t\t\t\t\t\t\t<b class=\"one2go-right\">\u2192<\/b>&nbsp;\n\t\t\t\t\t\t\t<span class=\"one2go-class\">Minibus<\/span>\n\t\t\t\t\t\t\t\t\t\t\t\t\t\t<span class=\"one2go-departures\">09:00, 09:30, 10:00, 11:00, 11:30, 12:00, 12:30, 14:45, 16:30, 18:15, 19:30<\/span>\n\t\t\t\t\t\t\t\t\t\t\t\t\t<\/li>\n\t\t\t\t\t\t\t\t\t\t\t<li>\n\t\t\t\t\t\t\t<b class=\"one2go-right\">\u2192<\/b>&nbsp;\n\t\t\t\t\t\t\t<span class=\"one2go-class\">Couchette 34<\/span>\n\t\t\t\t\t\t\t\t\t\t\t\t\t\t<span class=\"one2go-departures\">00:25, 01:00, 01:10<\/span>\n\t\t\t\t\t\t\t\t\t\t\t\t\t<\/li>\n\t\t\t\t\t\t\t\t\t<\/ul>\n\t\t\t<\/td>\n\t\t\t\t<\/tr>\n\n\t\n\t\t<tr>\n\t\t\t<td class=\"one2go-route-name\" colspan=\"2\">\n\t\t\t\t\t\t\t\t\t\t\t\t\t\t\t\t\t<a target=\"_blank\" href=\"https:\/\/12go.asia\/fr\/charter\/pursat\/phnom-penh?z=7426726&curr=USD\">Taxi Pursat - Phnom Penh<\/a>\n\t\t\t\t\n\t\t\t\t<span class=\"one2go-route-info\">\n\t\t\t\t\t\t\t\t\t\t\t<span class=\"one2go-route-price\">\n\t\t\t\t\t\t\t\t\t\t\t\t\t\t\t$ 92.22&ndash;363.19\n\t\t\t\t\t\t\t\t\t\t\t\t\t<\/span>\n\t\t\t\t\t\n\t\t\t\t\t<span class=\"one2go-route-duration\">\n\t\t\t\t\t\t\t\t\t\t\t\t\t3h 30m &ndash; 4h\n\t\t\t\t\t\t\t\t\t\t\t<\/span>\n\t\t\t\t<\/span>\n\t\t\t<\/td>\n\n\t\t<\/tr>\n\t\t<tr>\n\t\t\t<td class=\"one2go-trips\" colspan=\"2\">\n\t\t\t\t<ul>\n\t\t\t\t\t\t\t\t\t\t\t<li>\n\t\t\t\t\t\t\t<b class=\"one2go-right\">\u2192<\/b>&nbsp;\n\t\t\t\t\t\t\t<span class=\"one2go-class\">Confort 3 passagers<\/span>\n\t\t\t\t\t\t\t\t\t\t\t\t\t<\/li>\n\t\t\t\t\t\t\t\t\t\t\t<li>\n\t\t\t\t\t\t\t<b class=\"one2go-right\">\u2192<\/b>&nbsp;\n\t\t\t\t\t\t\t<span class=\"one2go-class\">Economie 3pax<\/span>\n\t\t\t\t\t\t\t\t\t\t\t\t\t<\/li>\n\t\t\t\t\t\t\t\t\t\t\t<li>\n\t\t\t\t\t\t\t<b class=\"one2go-right\">\u2192<\/b>&nbsp;\n\t\t\t\t\t\t\t<span class=\"one2go-class\">Monospace 17 passagers<\/span>\n\t\t\t\t\t\t\t\t\t\t\t\t\t<\/li>\n\t\t\t\t\t\t\t\t\t\t\t<li>\n\t\t\t\t\t\t\t<b class=\"one2go-right\">\u2192<\/b>&nbsp;\n\t\t\t\t\t\t\t<span class=\"one2go-class\">Van 10 passagers<\/span>\n\t\t\t\t\t\t\t\t\t\t\t\t\t<\/li>\n\t\t\t\t\t\t\t\t\t\t\t<li>\n\t\t\t\t\t\t\t<b class=\"one2go-right\">\u2192<\/b>&nbsp;\n\t\t\t\t\t\t\t<span class=\"one2go-class\">Van 8 passagers<\/span>\n\t\t\t\t\t\t\t\t\t\t\t\t\t<\/li>\n\t\t\t\t\t\t\t\t\t\t\t<li>\n\t\t\t\t\t\t\t<b class=\"one2go-right\">\u2192<\/b>&nbsp;\n\t\t\t\t\t\t\t<span class=\"one2go-class\">SUV 3 passagers<\/span>\n\t\t\t\t\t\t\t\t\t\t\t\t\t<\/li>\n\t\t\t\t\t\t\t\t\t\t\t<li>\n\t\t\t\t\t\t\t<b class=\"one2go-right\">\u2192<\/b>&nbsp;\n\t\t\t\t\t\t\t<span class=\"one2go-class\">Minibus 25pax<\/span>\n\t\t\t\t\t\t\t\t\t\t\t\t\t<\/li>\n\t\t\t\t\t\t\t\t\t\t\t<li>\n\t\t\t\t\t\t\t<b class=\"one2go-right\">\u2192<\/b>&nbsp;\n\t\t\t\t\t\t\t<span class=\"one2go-class\">SUV 4 places<\/span>\n\t\t\t\t\t\t\t\t\t\t\t\t\t<\/li>\n\t\t\t\t\t\t\t\t\t\t\t<li>\n\t\t\t\t\t\t\t<b class=\"one2go-right\">\u2192<\/b>&nbsp;\n\t\t\t\t\t\t\t<span class=\"one2go-class\">Monospace 7 passagers<\/span>\n\t\t\t\t\t\t\t\t\t\t\t\t\t<\/li>\n\t\t\t\t\t\t\t\t\t<\/ul>\n\t\t\t<\/td>\n\t\t\t\t<\/tr>\n\n\t\n\t\t<tr>\n\t\t\t<td class=\"one2go-route-name\" colspan=\"2\">\n\t\t\t\t\t\t\t\t\t\t\t\t\t\t\t\t\t<a target=\"_blank\" href=\"https:\/\/12go.asia\/fr\/train\/pursat\/phnom-penh?z=7426726&curr=USD\">Train Pursat - Phnom Penh<\/a>\n\t\t\t\t\n\t\t\t\t<span class=\"one2go-route-info\">\n\t\t\t\t\t\t\t\t\t\t\t<span class=\"one2go-route-price\">\n\t\t\t\t\t\t\t\t\t\t\t\t\t\t\t$ 7.58\n\t\t\t\t\t\t\t\t\t\t\t\t\t<\/span>\n\t\t\t\t\t\n\t\t\t\t\t<span class=\"one2go-route-duration\">\n\t\t\t\t\t\t\t\t\t\t\t\t\t2h 34m\n\t\t\t\t\t\t\t\t\t\t\t<\/span>\n\t\t\t\t<\/span>\n\t\t\t<\/td>\n\n\t\t<\/tr>\n\t\t<tr>\n\t\t\t<td class=\"one2go-trips\" colspan=\"2\">\n\t\t\t\t<ul>\n\t\t\t\t\t\t\t\t\t\t\t<li>\n\t\t\t\t\t\t\t<b class=\"one2go-right\">\u2192<\/b>&nbsp;\n\t\t\t\t\t\t\t<span class=\"one2go-class\">Econoie Si\u00e8ge<\/span>\n\t\t\t\t\t\t\t\t\t\t\t\t\t\t<span class=\"one2go-departures\">17:30<\/span>\n\t\t\t\t\t\t\t\t\t\t\t\t\t<\/li>\n\t\t\t\t\t\t\t\t\t<\/ul>\n\t\t\t<\/td>\n\t\t\t\t<\/tr>\n\n\t\n\t\t<tr>\n\t\t\t<td class=\"one2go-route-name\" colspan=\"2\">\n\t\t\t\t\t\t\t\t\t\t\t\t\t\t\t\t\t<a target=\"_blank\" href=\"https:\/\/12go.asia\/fr\/van\/pursat\/phnom-penh?z=7426726&curr=USD\">Minibus Pursat - Phnom Penh<\/a>\n\t\t\t\t\n\t\t\t\t<span class=\"one2go-route-info\">\n\t\t\t\t\t\t\t\t\t\t\t<span class=\"one2go-route-price\">\n\t\t\t\t\t\t\t\t\t\t\t\t\t\t\t$ 7.82&ndash;11.88\n\t\t\t\t\t\t\t\t\t\t\t\t\t<\/span>\n\t\t\t\t\t\n\t\t\t\t\t<span class=\"one2go-route-duration\">\n\t\t\t\t\t\t\t\t\t\t\t\t\t3h &ndash; 4h 30m\n\t\t\t\t\t\t\t\t\t\t\t<\/span>\n\t\t\t\t<\/span>\n\t\t\t<\/td>\n\n\t\t<\/tr>\n\t\t<tr>\n\t\t\t<td class=\"one2go-trips\" colspan=\"2\">\n\t\t\t\t<ul>\n\t\t\t\t\t\t\t\t\t\t\t<li>\n\t\t\t\t\t\t\t<b class=\"one2go-right\">\u2192<\/b>&nbsp;\n\t\t\t\t\t\t\t<span class=\"one2go-class\">Van 13 pax<\/span>\n\t\t\t\t\t\t\t\t\t\t\t\t\t\t<span class=\"one2go-departures\">08:00, 09:30, 10:00, 10:30, 11:00, 12:00, 13:00, 14:00, 16:00, 17:00, 17:30, 18:30, 19:30, 20:00<\/span>\n\t\t\t\t\t\t\t\t\t\t\t\t\t<\/li>\n\t\t\t\t\t\t\t\t\t\t\t<li>\n\t\t\t\t\t\t\t<b class=\"one2go-right\">\u2192<\/b>&nbsp;\n\t\t\t\t\t\t\t<span class=\"one2go-class\">VIP Minivan<\/span>\n\t\t\t\t\t\t\t\t\t\t\t\t\t\t<span class=\"one2go-departures\">07:15, 08:00, 08:30, 09:00, 10:15, 10:30, 12:00, 14:00, 15:00, 15:30, 17:30, 19:00, 20:30<\/span>\n\t\t\t\t\t\t\t\t\t\t\t\t\t<\/li>\n\t\t\t\t\t\t\t\t\t\t\t<li>\n\t\t\t\t\t\t\t<b class=\"one2go-right\">\u2192<\/b>&nbsp;\n\t\t\t\t\t\t\t<span class=\"one2go-class\">VIP<\/span>\n\t\t\t\t\t\t\t\t\t\t\t\t\t\t<span class=\"one2go-departures\">07:15, 08:00, 08:30, 09:00, 10:15, 10:30, 12:00, 14:00, 15:00, 15:30, 17:30, 19:00, 20:30<\/span>\n\t\t\t\t\t\t\t\t\t\t\t\t\t<\/li>\n\t\t\t\t\t\t\t\t\t<\/ul>\n\t\t\t<\/td>\n\t\t\t\t<\/tr>\n\n\t\t<\/tbody><\/table><\/div>\n\n\n","protected":false},"excerpt":{"rendered":"<p>province de Pursat La province de Pursat au Cambodge est situ\u00e9e \u00e0 l\u2019ouest du pays sur la rive ouest du lac Tonle Sap et \u00e0 la fronti\u00e8re avec la Tha\u00eflande, entre le lac Tonl\u00e9 Sap et l\u2019extr\u00e9mit\u00e9 nord de la cha\u00eene des montagnes des Cardamomes. La province de Pursat s\u2019\u00e9tend sur une superficie de 12\u2009692 &hellip; <\/p>\n","protected":false},"author":1,"featured_media":0,"parent":71,"menu_order":0,"comment_status":"closed","ping_status":"closed","template":"","meta":{"_themeisle_gutenberg_block_has_review":false,"footnotes":""},"class_list":["post-162","page","type-page","status-publish","hentry"],"yoast_head":"<!-- This site is optimized with the Yoast SEO plugin v27.5 - https:\/\/yoast.com\/product\/yoast-seo-wordpress\/ -->\n<title>province de Pursat visites, h\u00f4tels, restaurants, guides Cambodge<\/title>\n<meta name=\"description\" content=\"toutes les infos sur la province de Pursat , les h\u00f4tels, les restaurants, Kampong Luang le village flottant, O&#039;da Rapids \u00e0 Pursat Cambodge\" \/>\n<meta name=\"robots\" content=\"index, follow, max-snippet:-1, max-image-preview:large, max-video-preview:-1\" \/>\n<link rel=\"canonical\" href=\"https:\/\/www.cambodiaacountryfullofcharm.com\/fr\/visiter-les-provinces-du-cambodge\/province-pursat-cambodge\/\" \/>\n<meta property=\"og:locale\" content=\"fr_FR\" \/>\n<meta property=\"og:type\" content=\"article\" \/>\n<meta property=\"og:title\" content=\"province de Pursat visites, h\u00f4tels, restaurants, guides Cambodge\" \/>\n<meta property=\"og:description\" content=\"toutes les infos sur la province de Pursat , les h\u00f4tels, les restaurants, Kampong Luang le village flottant, O&#039;da Rapids \u00e0 Pursat Cambodge\" \/>\n<meta property=\"og:url\" content=\"https:\/\/www.cambodiaacountryfullofcharm.com\/fr\/visiter-les-provinces-du-cambodge\/province-pursat-cambodge\/\" \/>\n<meta property=\"og:site_name\" content=\"Guide voyage Cambodge\" \/>\n<meta property=\"article:modified_time\" content=\"2023-09-11T17:36:01+00:00\" \/>\n<meta property=\"og:image\" content=\"https:\/\/www.cambodiaacountryfullofcharm.com\/wp-content\/uploads\/2013\/09\/voyage-province-de-pursat-cambodge.png\" \/>\n<meta name=\"twitter:card\" content=\"summary_large_image\" \/>\n<meta name=\"twitter:label1\" content=\"Dur\u00e9e de lecture estim\u00e9e\" \/>\n\t<meta name=\"twitter:data1\" content=\"2 minutes\" \/>\n<script type=\"application\/ld+json\" class=\"yoast-schema-graph\">{\"@context\":\"https:\\\/\\\/schema.org\",\"@graph\":[{\"@type\":\"WebPage\",\"@id\":\"https:\\\/\\\/www.cambodiaacountryfullofcharm.com\\\/fr\\\/visiter-les-provinces-du-cambodge\\\/province-pursat-cambodge\\\/\",\"url\":\"https:\\\/\\\/www.cambodiaacountryfullofcharm.com\\\/fr\\\/visiter-les-provinces-du-cambodge\\\/province-pursat-cambodge\\\/\",\"name\":\"province de Pursat visites, h\u00f4tels, restaurants, guides Cambodge\",\"isPartOf\":{\"@id\":\"https:\\\/\\\/www.cambodiaacountryfullofcharm.com\\\/fr\\\/#website\"},\"primaryImageOfPage\":{\"@id\":\"https:\\\/\\\/www.cambodiaacountryfullofcharm.com\\\/fr\\\/visiter-les-provinces-du-cambodge\\\/province-pursat-cambodge\\\/#primaryimage\"},\"image\":{\"@id\":\"https:\\\/\\\/www.cambodiaacountryfullofcharm.com\\\/fr\\\/visiter-les-provinces-du-cambodge\\\/province-pursat-cambodge\\\/#primaryimage\"},\"thumbnailUrl\":\"https:\\\/\\\/www.cambodiaacountryfullofcharm.com\\\/wp-content\\\/uploads\\\/2013\\\/09\\\/voyage-province-de-pursat-cambodge.png\",\"datePublished\":\"2013-12-07T13:59:12+00:00\",\"dateModified\":\"2023-09-11T17:36:01+00:00\",\"description\":\"toutes les infos sur la province de Pursat , les h\u00f4tels, les restaurants, Kampong Luang le village flottant, O'da Rapids \u00e0 Pursat Cambodge\",\"breadcrumb\":{\"@id\":\"https:\\\/\\\/www.cambodiaacountryfullofcharm.com\\\/fr\\\/visiter-les-provinces-du-cambodge\\\/province-pursat-cambodge\\\/#breadcrumb\"},\"inLanguage\":\"fr-FR\",\"potentialAction\":[{\"@type\":\"ReadAction\",\"target\":[\"https:\\\/\\\/www.cambodiaacountryfullofcharm.com\\\/fr\\\/visiter-les-provinces-du-cambodge\\\/province-pursat-cambodge\\\/\"]}]},{\"@type\":\"ImageObject\",\"inLanguage\":\"fr-FR\",\"@id\":\"https:\\\/\\\/www.cambodiaacountryfullofcharm.com\\\/fr\\\/visiter-les-provinces-du-cambodge\\\/province-pursat-cambodge\\\/#primaryimage\",\"url\":\"https:\\\/\\\/www.cambodiaacountryfullofcharm.com\\\/wp-content\\\/uploads\\\/2013\\\/09\\\/voyage-province-de-pursat-cambodge.png\",\"contentUrl\":\"https:\\\/\\\/www.cambodiaacountryfullofcharm.com\\\/wp-content\\\/uploads\\\/2013\\\/09\\\/voyage-province-de-pursat-cambodge.png\"},{\"@type\":\"BreadcrumbList\",\"@id\":\"https:\\\/\\\/www.cambodiaacountryfullofcharm.com\\\/fr\\\/visiter-les-provinces-du-cambodge\\\/province-pursat-cambodge\\\/#breadcrumb\",\"itemListElement\":[{\"@type\":\"ListItem\",\"position\":1,\"name\":\"Accueil\",\"item\":\"https:\\\/\\\/www.cambodiaacountryfullofcharm.com\\\/fr\\\/\"},{\"@type\":\"ListItem\",\"position\":2,\"name\":\"visiter les provinces du Cambodge\",\"item\":\"https:\\\/\\\/www.cambodiaacountryfullofcharm.com\\\/fr\\\/visiter-les-provinces-du-cambodge\\\/\"},{\"@type\":\"ListItem\",\"position\":3,\"name\":\"Pursat\"}]},{\"@type\":\"WebSite\",\"@id\":\"https:\\\/\\\/www.cambodiaacountryfullofcharm.com\\\/fr\\\/#website\",\"url\":\"https:\\\/\\\/www.cambodiaacountryfullofcharm.com\\\/fr\\\/\",\"name\":\"Guide voyage Cambodge\",\"description\":\"Cambodge un pays plein de charme\",\"publisher\":{\"@id\":\"https:\\\/\\\/www.cambodiaacountryfullofcharm.com\\\/fr\\\/#organization\"},\"potentialAction\":[{\"@type\":\"SearchAction\",\"target\":{\"@type\":\"EntryPoint\",\"urlTemplate\":\"https:\\\/\\\/www.cambodiaacountryfullofcharm.com\\\/fr\\\/?s={search_term_string}\"},\"query-input\":{\"@type\":\"PropertyValueSpecification\",\"valueRequired\":true,\"valueName\":\"search_term_string\"}}],\"inLanguage\":\"fr-FR\"},{\"@type\":\"Organization\",\"@id\":\"https:\\\/\\\/www.cambodiaacountryfullofcharm.com\\\/fr\\\/#organization\",\"name\":\"Guide voyage Cambodge\",\"url\":\"https:\\\/\\\/www.cambodiaacountryfullofcharm.com\\\/fr\\\/\",\"logo\":{\"@type\":\"ImageObject\",\"inLanguage\":\"fr-FR\",\"@id\":\"https:\\\/\\\/www.cambodiaacountryfullofcharm.com\\\/fr\\\/#\\\/schema\\\/logo\\\/image\\\/\",\"url\":\"https:\\\/\\\/www.cambodiaacountryfullofcharm.com\\\/wp-content\\\/uploads\\\/2022\\\/06\\\/Cambodia-a-country-full-of-charm-2-scaled.jpg\",\"contentUrl\":\"https:\\\/\\\/www.cambodiaacountryfullofcharm.com\\\/wp-content\\\/uploads\\\/2022\\\/06\\\/Cambodia-a-country-full-of-charm-2-scaled.jpg\",\"width\":2560,\"height\":1709,\"caption\":\"Guide voyage Cambodge\"},\"image\":{\"@id\":\"https:\\\/\\\/www.cambodiaacountryfullofcharm.com\\\/fr\\\/#\\\/schema\\\/logo\\\/image\\\/\"}}]}<\/script>\n<!-- \/ Yoast SEO plugin. -->","yoast_head_json":{"title":"province de Pursat visites, h\u00f4tels, restaurants, guides Cambodge","description":"toutes les infos sur la province de Pursat , les h\u00f4tels, les restaurants, Kampong Luang le village flottant, O'da Rapids \u00e0 Pursat Cambodge","robots":{"index":"index","follow":"follow","max-snippet":"max-snippet:-1","max-image-preview":"max-image-preview:large","max-video-preview":"max-video-preview:-1"},"canonical":"https:\/\/www.cambodiaacountryfullofcharm.com\/fr\/visiter-les-provinces-du-cambodge\/province-pursat-cambodge\/","og_locale":"fr_FR","og_type":"article","og_title":"province de Pursat visites, h\u00f4tels, restaurants, guides Cambodge","og_description":"toutes les infos sur la province de Pursat , les h\u00f4tels, les restaurants, Kampong Luang le village flottant, O'da Rapids \u00e0 Pursat Cambodge","og_url":"https:\/\/www.cambodiaacountryfullofcharm.com\/fr\/visiter-les-provinces-du-cambodge\/province-pursat-cambodge\/","og_site_name":"Guide voyage Cambodge","article_modified_time":"2023-09-11T17:36:01+00:00","og_image":[{"url":"https:\/\/www.cambodiaacountryfullofcharm.com\/wp-content\/uploads\/2013\/09\/voyage-province-de-pursat-cambodge.png","type":"","width":"","height":""}],"twitter_card":"summary_large_image","twitter_misc":{"Dur\u00e9e de lecture estim\u00e9e":"2 minutes"},"schema":{"@context":"https:\/\/schema.org","@graph":[{"@type":"WebPage","@id":"https:\/\/www.cambodiaacountryfullofcharm.com\/fr\/visiter-les-provinces-du-cambodge\/province-pursat-cambodge\/","url":"https:\/\/www.cambodiaacountryfullofcharm.com\/fr\/visiter-les-provinces-du-cambodge\/province-pursat-cambodge\/","name":"province de Pursat visites, h\u00f4tels, restaurants, guides Cambodge","isPartOf":{"@id":"https:\/\/www.cambodiaacountryfullofcharm.com\/fr\/#website"},"primaryImageOfPage":{"@id":"https:\/\/www.cambodiaacountryfullofcharm.com\/fr\/visiter-les-provinces-du-cambodge\/province-pursat-cambodge\/#primaryimage"},"image":{"@id":"https:\/\/www.cambodiaacountryfullofcharm.com\/fr\/visiter-les-provinces-du-cambodge\/province-pursat-cambodge\/#primaryimage"},"thumbnailUrl":"https:\/\/www.cambodiaacountryfullofcharm.com\/wp-content\/uploads\/2013\/09\/voyage-province-de-pursat-cambodge.png","datePublished":"2013-12-07T13:59:12+00:00","dateModified":"2023-09-11T17:36:01+00:00","description":"toutes les infos sur la province de Pursat , les h\u00f4tels, les restaurants, Kampong Luang le village flottant, O'da Rapids \u00e0 Pursat Cambodge","breadcrumb":{"@id":"https:\/\/www.cambodiaacountryfullofcharm.com\/fr\/visiter-les-provinces-du-cambodge\/province-pursat-cambodge\/#breadcrumb"},"inLanguage":"fr-FR","potentialAction":[{"@type":"ReadAction","target":["https:\/\/www.cambodiaacountryfullofcharm.com\/fr\/visiter-les-provinces-du-cambodge\/province-pursat-cambodge\/"]}]},{"@type":"ImageObject","inLanguage":"fr-FR","@id":"https:\/\/www.cambodiaacountryfullofcharm.com\/fr\/visiter-les-provinces-du-cambodge\/province-pursat-cambodge\/#primaryimage","url":"https:\/\/www.cambodiaacountryfullofcharm.com\/wp-content\/uploads\/2013\/09\/voyage-province-de-pursat-cambodge.png","contentUrl":"https:\/\/www.cambodiaacountryfullofcharm.com\/wp-content\/uploads\/2013\/09\/voyage-province-de-pursat-cambodge.png"},{"@type":"BreadcrumbList","@id":"https:\/\/www.cambodiaacountryfullofcharm.com\/fr\/visiter-les-provinces-du-cambodge\/province-pursat-cambodge\/#breadcrumb","itemListElement":[{"@type":"ListItem","position":1,"name":"Accueil","item":"https:\/\/www.cambodiaacountryfullofcharm.com\/fr\/"},{"@type":"ListItem","position":2,"name":"visiter les provinces du Cambodge","item":"https:\/\/www.cambodiaacountryfullofcharm.com\/fr\/visiter-les-provinces-du-cambodge\/"},{"@type":"ListItem","position":3,"name":"Pursat"}]},{"@type":"WebSite","@id":"https:\/\/www.cambodiaacountryfullofcharm.com\/fr\/#website","url":"https:\/\/www.cambodiaacountryfullofcharm.com\/fr\/","name":"Guide voyage Cambodge","description":"Cambodge un pays plein de charme","publisher":{"@id":"https:\/\/www.cambodiaacountryfullofcharm.com\/fr\/#organization"},"potentialAction":[{"@type":"SearchAction","target":{"@type":"EntryPoint","urlTemplate":"https:\/\/www.cambodiaacountryfullofcharm.com\/fr\/?s={search_term_string}"},"query-input":{"@type":"PropertyValueSpecification","valueRequired":true,"valueName":"search_term_string"}}],"inLanguage":"fr-FR"},{"@type":"Organization","@id":"https:\/\/www.cambodiaacountryfullofcharm.com\/fr\/#organization","name":"Guide voyage Cambodge","url":"https:\/\/www.cambodiaacountryfullofcharm.com\/fr\/","logo":{"@type":"ImageObject","inLanguage":"fr-FR","@id":"https:\/\/www.cambodiaacountryfullofcharm.com\/fr\/#\/schema\/logo\/image\/","url":"https:\/\/www.cambodiaacountryfullofcharm.com\/wp-content\/uploads\/2022\/06\/Cambodia-a-country-full-of-charm-2-scaled.jpg","contentUrl":"https:\/\/www.cambodiaacountryfullofcharm.com\/wp-content\/uploads\/2022\/06\/Cambodia-a-country-full-of-charm-2-scaled.jpg","width":2560,"height":1709,"caption":"Guide voyage Cambodge"},"image":{"@id":"https:\/\/www.cambodiaacountryfullofcharm.com\/fr\/#\/schema\/logo\/image\/"}}]}},"_links":{"self":[{"href":"https:\/\/www.cambodiaacountryfullofcharm.com\/fr\/wp-json\/wp\/v2\/pages\/162","targetHints":{"allow":["GET"]}}],"collection":[{"href":"https:\/\/www.cambodiaacountryfullofcharm.com\/fr\/wp-json\/wp\/v2\/pages"}],"about":[{"href":"https:\/\/www.cambodiaacountryfullofcharm.com\/fr\/wp-json\/wp\/v2\/types\/page"}],"author":[{"embeddable":true,"href":"https:\/\/www.cambodiaacountryfullofcharm.com\/fr\/wp-json\/wp\/v2\/users\/1"}],"replies":[{"embeddable":true,"href":"https:\/\/www.cambodiaacountryfullofcharm.com\/fr\/wp-json\/wp\/v2\/comments?post=162"}],"version-history":[{"count":0,"href":"https:\/\/www.cambodiaacountryfullofcharm.com\/fr\/wp-json\/wp\/v2\/pages\/162\/revisions"}],"up":[{"embeddable":true,"href":"https:\/\/www.cambodiaacountryfullofcharm.com\/fr\/wp-json\/wp\/v2\/pages\/71"}],"wp:attachment":[{"href":"https:\/\/www.cambodiaacountryfullofcharm.com\/fr\/wp-json\/wp\/v2\/media?parent=162"}],"curies":[{"name":"wp","href":"https:\/\/api.w.org\/{rel}","templated":true}]}}