{"id":171,"date":"2014-01-22T17:50:51","date_gmt":"2014-01-22T16:50:51","guid":{"rendered":"http:\/\/cambodiaacountryfullofcharm.com\/?page_id=171"},"modified":"2024-05-30T16:01:09","modified_gmt":"2024-05-30T15:01:09","slug":"province-de-siem-reap-cambodge","status":"publish","type":"page","link":"https:\/\/www.cambodiaacountryfullofcharm.com\/fr\/visiter-les-provinces-du-cambodge\/province-de-siem-reap-cambodge\/","title":{"rendered":"Province de Siem Reap"},"content":{"rendered":"<h2>province de Siem Reap<\/h2>\n<p><img decoding=\"async\" class=\"aligncenter size-thumbnail wp-image-1663\" src=\"https:\/\/www.cambodiaacountryfullofcharm.com\/wp-content\/uploads\/2013\/09\/province-de-siem-reap-cambodge-150x150.jpg\" alt=\"province-de-siem-reap-cambodge\" width=\"150\" height=\"150\" \/>La province de Siem Reap, &#8221; capitale des temples khmers &#8220;, est situ\u00e9e au nord-ouest du <span style=\"color: #000000;\"><a style=\"color: #000000;\" title=\"Cambodge\" href=\"https:\/\/www.facebook.com\/CambodiaACountryFullOfCharm\">Cambodge<\/a><\/span>, entre le Tonl\u00e9 Sap, Oddar Meanchey, Banteay Meanchey. La province s\u2019\u00e9tend sur une surface de 10\u2009299 km\u00b2 et est divis\u00e9e en 12 districts. Elle comporte 100 communes et 907 villages.<\/p>\n<h4>h\u00e9bergement et repas dans la province<\/h4>\n<p>Que ce soit un h\u00f4tel ou une guesthouse, vous trouverez sans probl\u00e8me pour vous loger pendant votre s\u00e9jour\u2009; pour vos repas, que ce soit dans un restaurant ou dans les diff\u00e9rents march\u00e9s, vous pourrez d\u00e9guster les sp\u00e9cialit\u00e9s khm\u00e8res sans difficult\u00e9.<\/p>\n<h4>visite dans la province de Siem Reap<\/h4>\n<p>Quand on dit &#8221; province de Siem Reap &#8221; ou tout simplement &#8221; Siem Reap &#8220;, forc\u00e9ment on pense tous au royaume d\u2019Angkor Wat. Qui ne conna\u00eet pas ou n\u2019a pas encore entendu parler des temples d\u2019Angkor Wat\u2009?<\/p>\n<p>Vous ne pouvez visiter le Cambodge sans venir dans la province pour y visiter les temples d\u2019Angkor Wat, tous aussi beaux les uns que les autres. Pour organiser votre visite dans les diff\u00e9rents temples d\u2019Angkor Wat, vous trouverez sans difficult\u00e9 des guides, mais aussi des tuk-tuk pour vous conduire aux diff\u00e9rents temples d\u2019Angkor Wat pour vos visites.<\/p>\n<p>Le Tonl\u00e9 Sap au <span style=\"color: #000000;\"><a style=\"color: #000000;\" href=\"https:\/\/www.cambodiaacountryfullofcharm.com\/fr\/\">Cambodge<\/a><\/span> est tout simplement le plus grand lac d\u2019eau douce d\u2019Asie. D\u2019une surface de 2\u2009700 km\u00b2 pour un m\u00e8tre de profondeur environ en p\u00e9riode normale et de 16\u2009000 km\u00b2 pour neuf m\u00e8tres de profondeur pendant la p\u00e9riode de mousson, c\u2019est tout simplement le vivier de l\u2019Asie. Le d\u00e9bit du Tonl\u00e9 Sap change de direction deux fois par ann\u00e9e avec les diff\u00e9rences de niveau du M\u00e9kong en saison des pluies.<\/p>\n\n<p><!-- START ADVERTISER: Tiqets FR from awin.com --><\/p>\n<p><a rel=\"sponsored\" href=\"https:\/\/www.awin1.com\/cread.php?awinmid=7437&#038;awinaffid=1639759&#038;clickref=4&#038;ued=https%3A%2F%2Fwww.tiqets.com%2Ffr%2Factivites-attractions-siem-reap-c72961%2F\"><br \/>\n    <img decoding=\"async\" src=\"https:\/\/www.awin1.com\/cshow.php?s=2940997&#038;v=7437&#038;q=336347&#038;r=1639759\" border=\"0\"><br \/>\n<\/a><\/p>\n<p><!-- END ADVERTISER: Tiqets FR from awin.com --><\/p>\n\n\n<p><script src=\"\/\/cdn0.trainbusferry.com\/tools\/form\/fr\/?id=7426726\" data-one2go=\"7426726\" data-color=\"blue\" data-language=\"fr\" data-adaptive=\"1\" data-border=\"1\"><\/script><\/p>\n<div id=\"powered\">Powered by <a href=\"https:\/\/12go.asia\/?z=7426726\">Cambodia travel guide<\/a><\/div>\n\n\n\n","protected":false},"excerpt":{"rendered":"<p>province de Siem Reap La province de Siem Reap, &#8221; capitale des temples khmers &#8220;, est situ\u00e9e au nord-ouest du Cambodge, entre le Tonl\u00e9 Sap, Oddar Meanchey, Banteay Meanchey. La province s\u2019\u00e9tend sur une surface de 10\u2009299 km\u00b2 et est divis\u00e9e en 12 districts. Elle comporte 100 communes et 907 villages. h\u00e9bergement et repas dans &hellip; <\/p>\n","protected":false},"author":1,"featured_media":0,"parent":71,"menu_order":0,"comment_status":"closed","ping_status":"closed","template":"","meta":{"_themeisle_gutenberg_block_has_review":false,"footnotes":""},"class_list":["post-171","page","type-page","status-publish","hentry"],"yoast_head":"<!-- This site is optimized with the Yoast SEO plugin v27.5 - https:\/\/yoast.com\/product\/yoast-seo-wordpress\/ -->\n<title>province de Siem Reap et ses temples d&#039;Angkor Wat au Cambodge<\/title>\n<meta name=\"description\" content=\"la province de Siem Reap et ses temples \u00e0 visiter , tous les h\u00f4tels et les restaurants de la province de Siem Reap sur le site\" \/>\n<meta name=\"robots\" content=\"index, follow, max-snippet:-1, max-image-preview:large, max-video-preview:-1\" \/>\n<link rel=\"canonical\" href=\"https:\/\/www.cambodiaacountryfullofcharm.com\/fr\/visiter-les-provinces-du-cambodge\/province-de-siem-reap-cambodge\/\" \/>\n<meta property=\"og:locale\" content=\"fr_FR\" \/>\n<meta property=\"og:type\" content=\"article\" \/>\n<meta property=\"og:title\" content=\"province de Siem Reap et ses temples d&#039;Angkor Wat au Cambodge\" \/>\n<meta property=\"og:description\" content=\"la province de Siem Reap et ses temples \u00e0 visiter , tous les h\u00f4tels et les restaurants de la province de Siem Reap sur le site\" \/>\n<meta property=\"og:url\" content=\"https:\/\/www.cambodiaacountryfullofcharm.com\/fr\/visiter-les-provinces-du-cambodge\/province-de-siem-reap-cambodge\/\" \/>\n<meta property=\"og:site_name\" content=\"Guide voyage Cambodge\" \/>\n<meta property=\"article:modified_time\" content=\"2024-05-30T15:01:09+00:00\" \/>\n<meta property=\"og:image\" content=\"https:\/\/www.cambodiaacountryfullofcharm.com\/wp-content\/uploads\/2013\/09\/province-de-siem-reap-cambodge-150x150.jpg\" \/>\n<meta name=\"twitter:card\" content=\"summary_large_image\" \/>\n<meta name=\"twitter:label1\" content=\"Dur\u00e9e de lecture estim\u00e9e\" \/>\n\t<meta name=\"twitter:data1\" content=\"2 minutes\" \/>\n<script type=\"application\/ld+json\" class=\"yoast-schema-graph\">{\"@context\":\"https:\\\/\\\/schema.org\",\"@graph\":[{\"@type\":\"WebPage\",\"@id\":\"https:\\\/\\\/www.cambodiaacountryfullofcharm.com\\\/fr\\\/visiter-les-provinces-du-cambodge\\\/province-de-siem-reap-cambodge\\\/\",\"url\":\"https:\\\/\\\/www.cambodiaacountryfullofcharm.com\\\/fr\\\/visiter-les-provinces-du-cambodge\\\/province-de-siem-reap-cambodge\\\/\",\"name\":\"province de Siem Reap et ses temples d'Angkor Wat au Cambodge\",\"isPartOf\":{\"@id\":\"https:\\\/\\\/www.cambodiaacountryfullofcharm.com\\\/fr\\\/#website\"},\"primaryImageOfPage\":{\"@id\":\"https:\\\/\\\/www.cambodiaacountryfullofcharm.com\\\/fr\\\/visiter-les-provinces-du-cambodge\\\/province-de-siem-reap-cambodge\\\/#primaryimage\"},\"image\":{\"@id\":\"https:\\\/\\\/www.cambodiaacountryfullofcharm.com\\\/fr\\\/visiter-les-provinces-du-cambodge\\\/province-de-siem-reap-cambodge\\\/#primaryimage\"},\"thumbnailUrl\":\"https:\\\/\\\/www.cambodiaacountryfullofcharm.com\\\/wp-content\\\/uploads\\\/2013\\\/09\\\/province-de-siem-reap-cambodge-150x150.jpg\",\"datePublished\":\"2014-01-22T16:50:51+00:00\",\"dateModified\":\"2024-05-30T15:01:09+00:00\",\"description\":\"la province de Siem Reap et ses temples \u00e0 visiter , tous les h\u00f4tels et les restaurants de la province de Siem Reap sur le site\",\"breadcrumb\":{\"@id\":\"https:\\\/\\\/www.cambodiaacountryfullofcharm.com\\\/fr\\\/visiter-les-provinces-du-cambodge\\\/province-de-siem-reap-cambodge\\\/#breadcrumb\"},\"inLanguage\":\"fr-FR\",\"potentialAction\":[{\"@type\":\"ReadAction\",\"target\":[\"https:\\\/\\\/www.cambodiaacountryfullofcharm.com\\\/fr\\\/visiter-les-provinces-du-cambodge\\\/province-de-siem-reap-cambodge\\\/\"]}]},{\"@type\":\"ImageObject\",\"inLanguage\":\"fr-FR\",\"@id\":\"https:\\\/\\\/www.cambodiaacountryfullofcharm.com\\\/fr\\\/visiter-les-provinces-du-cambodge\\\/province-de-siem-reap-cambodge\\\/#primaryimage\",\"url\":\"https:\\\/\\\/www.cambodiaacountryfullofcharm.com\\\/wp-content\\\/uploads\\\/2013\\\/09\\\/province-de-siem-reap-cambodge-150x150.jpg\",\"contentUrl\":\"https:\\\/\\\/www.cambodiaacountryfullofcharm.com\\\/wp-content\\\/uploads\\\/2013\\\/09\\\/province-de-siem-reap-cambodge-150x150.jpg\"},{\"@type\":\"BreadcrumbList\",\"@id\":\"https:\\\/\\\/www.cambodiaacountryfullofcharm.com\\\/fr\\\/visiter-les-provinces-du-cambodge\\\/province-de-siem-reap-cambodge\\\/#breadcrumb\",\"itemListElement\":[{\"@type\":\"ListItem\",\"position\":1,\"name\":\"Accueil\",\"item\":\"https:\\\/\\\/www.cambodiaacountryfullofcharm.com\\\/fr\\\/\"},{\"@type\":\"ListItem\",\"position\":2,\"name\":\"visiter les provinces du Cambodge\",\"item\":\"https:\\\/\\\/www.cambodiaacountryfullofcharm.com\\\/fr\\\/visiter-les-provinces-du-cambodge\\\/\"},{\"@type\":\"ListItem\",\"position\":3,\"name\":\"Province de Siem Reap\"}]},{\"@type\":\"WebSite\",\"@id\":\"https:\\\/\\\/www.cambodiaacountryfullofcharm.com\\\/fr\\\/#website\",\"url\":\"https:\\\/\\\/www.cambodiaacountryfullofcharm.com\\\/fr\\\/\",\"name\":\"Guide voyage Cambodge\",\"description\":\"Cambodge un pays plein de charme\",\"publisher\":{\"@id\":\"https:\\\/\\\/www.cambodiaacountryfullofcharm.com\\\/fr\\\/#organization\"},\"potentialAction\":[{\"@type\":\"SearchAction\",\"target\":{\"@type\":\"EntryPoint\",\"urlTemplate\":\"https:\\\/\\\/www.cambodiaacountryfullofcharm.com\\\/fr\\\/?s={search_term_string}\"},\"query-input\":{\"@type\":\"PropertyValueSpecification\",\"valueRequired\":true,\"valueName\":\"search_term_string\"}}],\"inLanguage\":\"fr-FR\"},{\"@type\":\"Organization\",\"@id\":\"https:\\\/\\\/www.cambodiaacountryfullofcharm.com\\\/fr\\\/#organization\",\"name\":\"Guide voyage Cambodge\",\"url\":\"https:\\\/\\\/www.cambodiaacountryfullofcharm.com\\\/fr\\\/\",\"logo\":{\"@type\":\"ImageObject\",\"inLanguage\":\"fr-FR\",\"@id\":\"https:\\\/\\\/www.cambodiaacountryfullofcharm.com\\\/fr\\\/#\\\/schema\\\/logo\\\/image\\\/\",\"url\":\"https:\\\/\\\/www.cambodiaacountryfullofcharm.com\\\/wp-content\\\/uploads\\\/2022\\\/06\\\/Cambodia-a-country-full-of-charm-2-scaled.jpg\",\"contentUrl\":\"https:\\\/\\\/www.cambodiaacountryfullofcharm.com\\\/wp-content\\\/uploads\\\/2022\\\/06\\\/Cambodia-a-country-full-of-charm-2-scaled.jpg\",\"width\":2560,\"height\":1709,\"caption\":\"Guide voyage Cambodge\"},\"image\":{\"@id\":\"https:\\\/\\\/www.cambodiaacountryfullofcharm.com\\\/fr\\\/#\\\/schema\\\/logo\\\/image\\\/\"}}]}<\/script>\n<!-- \/ Yoast SEO plugin. -->","yoast_head_json":{"title":"province de Siem Reap et ses temples d'Angkor Wat au Cambodge","description":"la province de Siem Reap et ses temples \u00e0 visiter , tous les h\u00f4tels et les restaurants de la province de Siem Reap sur le site","robots":{"index":"index","follow":"follow","max-snippet":"max-snippet:-1","max-image-preview":"max-image-preview:large","max-video-preview":"max-video-preview:-1"},"canonical":"https:\/\/www.cambodiaacountryfullofcharm.com\/fr\/visiter-les-provinces-du-cambodge\/province-de-siem-reap-cambodge\/","og_locale":"fr_FR","og_type":"article","og_title":"province de Siem Reap et ses temples d'Angkor Wat au Cambodge","og_description":"la province de Siem Reap et ses temples \u00e0 visiter , tous les h\u00f4tels et les restaurants de la province de Siem Reap sur le site","og_url":"https:\/\/www.cambodiaacountryfullofcharm.com\/fr\/visiter-les-provinces-du-cambodge\/province-de-siem-reap-cambodge\/","og_site_name":"Guide voyage Cambodge","article_modified_time":"2024-05-30T15:01:09+00:00","og_image":[{"url":"https:\/\/www.cambodiaacountryfullofcharm.com\/wp-content\/uploads\/2013\/09\/province-de-siem-reap-cambodge-150x150.jpg","type":"","width":"","height":""}],"twitter_card":"summary_large_image","twitter_misc":{"Dur\u00e9e de lecture estim\u00e9e":"2 minutes"},"schema":{"@context":"https:\/\/schema.org","@graph":[{"@type":"WebPage","@id":"https:\/\/www.cambodiaacountryfullofcharm.com\/fr\/visiter-les-provinces-du-cambodge\/province-de-siem-reap-cambodge\/","url":"https:\/\/www.cambodiaacountryfullofcharm.com\/fr\/visiter-les-provinces-du-cambodge\/province-de-siem-reap-cambodge\/","name":"province de Siem Reap et ses temples d'Angkor Wat au Cambodge","isPartOf":{"@id":"https:\/\/www.cambodiaacountryfullofcharm.com\/fr\/#website"},"primaryImageOfPage":{"@id":"https:\/\/www.cambodiaacountryfullofcharm.com\/fr\/visiter-les-provinces-du-cambodge\/province-de-siem-reap-cambodge\/#primaryimage"},"image":{"@id":"https:\/\/www.cambodiaacountryfullofcharm.com\/fr\/visiter-les-provinces-du-cambodge\/province-de-siem-reap-cambodge\/#primaryimage"},"thumbnailUrl":"https:\/\/www.cambodiaacountryfullofcharm.com\/wp-content\/uploads\/2013\/09\/province-de-siem-reap-cambodge-150x150.jpg","datePublished":"2014-01-22T16:50:51+00:00","dateModified":"2024-05-30T15:01:09+00:00","description":"la province de Siem Reap et ses temples \u00e0 visiter , tous les h\u00f4tels et les restaurants de la province de Siem Reap sur le site","breadcrumb":{"@id":"https:\/\/www.cambodiaacountryfullofcharm.com\/fr\/visiter-les-provinces-du-cambodge\/province-de-siem-reap-cambodge\/#breadcrumb"},"inLanguage":"fr-FR","potentialAction":[{"@type":"ReadAction","target":["https:\/\/www.cambodiaacountryfullofcharm.com\/fr\/visiter-les-provinces-du-cambodge\/province-de-siem-reap-cambodge\/"]}]},{"@type":"ImageObject","inLanguage":"fr-FR","@id":"https:\/\/www.cambodiaacountryfullofcharm.com\/fr\/visiter-les-provinces-du-cambodge\/province-de-siem-reap-cambodge\/#primaryimage","url":"https:\/\/www.cambodiaacountryfullofcharm.com\/wp-content\/uploads\/2013\/09\/province-de-siem-reap-cambodge-150x150.jpg","contentUrl":"https:\/\/www.cambodiaacountryfullofcharm.com\/wp-content\/uploads\/2013\/09\/province-de-siem-reap-cambodge-150x150.jpg"},{"@type":"BreadcrumbList","@id":"https:\/\/www.cambodiaacountryfullofcharm.com\/fr\/visiter-les-provinces-du-cambodge\/province-de-siem-reap-cambodge\/#breadcrumb","itemListElement":[{"@type":"ListItem","position":1,"name":"Accueil","item":"https:\/\/www.cambodiaacountryfullofcharm.com\/fr\/"},{"@type":"ListItem","position":2,"name":"visiter les provinces du Cambodge","item":"https:\/\/www.cambodiaacountryfullofcharm.com\/fr\/visiter-les-provinces-du-cambodge\/"},{"@type":"ListItem","position":3,"name":"Province de Siem Reap"}]},{"@type":"WebSite","@id":"https:\/\/www.cambodiaacountryfullofcharm.com\/fr\/#website","url":"https:\/\/www.cambodiaacountryfullofcharm.com\/fr\/","name":"Guide voyage Cambodge","description":"Cambodge un pays plein de charme","publisher":{"@id":"https:\/\/www.cambodiaacountryfullofcharm.com\/fr\/#organization"},"potentialAction":[{"@type":"SearchAction","target":{"@type":"EntryPoint","urlTemplate":"https:\/\/www.cambodiaacountryfullofcharm.com\/fr\/?s={search_term_string}"},"query-input":{"@type":"PropertyValueSpecification","valueRequired":true,"valueName":"search_term_string"}}],"inLanguage":"fr-FR"},{"@type":"Organization","@id":"https:\/\/www.cambodiaacountryfullofcharm.com\/fr\/#organization","name":"Guide voyage Cambodge","url":"https:\/\/www.cambodiaacountryfullofcharm.com\/fr\/","logo":{"@type":"ImageObject","inLanguage":"fr-FR","@id":"https:\/\/www.cambodiaacountryfullofcharm.com\/fr\/#\/schema\/logo\/image\/","url":"https:\/\/www.cambodiaacountryfullofcharm.com\/wp-content\/uploads\/2022\/06\/Cambodia-a-country-full-of-charm-2-scaled.jpg","contentUrl":"https:\/\/www.cambodiaacountryfullofcharm.com\/wp-content\/uploads\/2022\/06\/Cambodia-a-country-full-of-charm-2-scaled.jpg","width":2560,"height":1709,"caption":"Guide voyage Cambodge"},"image":{"@id":"https:\/\/www.cambodiaacountryfullofcharm.com\/fr\/#\/schema\/logo\/image\/"}}]}},"_links":{"self":[{"href":"https:\/\/www.cambodiaacountryfullofcharm.com\/fr\/wp-json\/wp\/v2\/pages\/171","targetHints":{"allow":["GET"]}}],"collection":[{"href":"https:\/\/www.cambodiaacountryfullofcharm.com\/fr\/wp-json\/wp\/v2\/pages"}],"about":[{"href":"https:\/\/www.cambodiaacountryfullofcharm.com\/fr\/wp-json\/wp\/v2\/types\/page"}],"author":[{"embeddable":true,"href":"https:\/\/www.cambodiaacountryfullofcharm.com\/fr\/wp-json\/wp\/v2\/users\/1"}],"replies":[{"embeddable":true,"href":"https:\/\/www.cambodiaacountryfullofcharm.com\/fr\/wp-json\/wp\/v2\/comments?post=171"}],"version-history":[{"count":2,"href":"https:\/\/www.cambodiaacountryfullofcharm.com\/fr\/wp-json\/wp\/v2\/pages\/171\/revisions"}],"predecessor-version":[{"id":18794,"href":"https:\/\/www.cambodiaacountryfullofcharm.com\/fr\/wp-json\/wp\/v2\/pages\/171\/revisions\/18794"}],"up":[{"embeddable":true,"href":"https:\/\/www.cambodiaacountryfullofcharm.com\/fr\/wp-json\/wp\/v2\/pages\/71"}],"wp:attachment":[{"href":"https:\/\/www.cambodiaacountryfullofcharm.com\/fr\/wp-json\/wp\/v2\/media?parent=171"}],"curies":[{"name":"wp","href":"https:\/\/api.w.org\/{rel}","templated":true}]}}