{"id":177,"date":"2013-12-07T14:26:33","date_gmt":"2013-12-07T13:26:33","guid":{"rendered":"http:\/\/cambodiaacountryfullofcharm.com\/?page_id=177"},"modified":"2023-09-11T18:08:20","modified_gmt":"2023-09-11T17:08:20","slug":"province-de-svay-rieng-cambodge","status":"publish","type":"page","link":"https:\/\/www.cambodiaacountryfullofcharm.com\/fr\/visiter-les-provinces-du-cambodge\/province-de-svay-rieng-cambodge\/","title":{"rendered":"Svay Rieng"},"content":{"rendered":"<h2>province de Svay Rieng<\/h2>\n<p><img fetchpriority=\"high\" decoding=\"async\" class=\"aligncenter size-full wp-image-1319\" src=\"https:\/\/www.cambodiaacountryfullofcharm.com\/wp-content\/uploads\/2013\/09\/voyager-province-svay-rieng-cambodge.png\" alt=\"voyager-province-svay-rieng-cambodge\" width=\"242\" height=\"278\" \/>La province de Svay Rieng est s\u00fbrement l\u2019une des plus petites provinces du <span style=\"color: #000000;\"><a style=\"color: #000000;\" title=\"Cambodge\" href=\"https:\/\/www.facebook.com\/CambodiaACountryFullOfCharm\">Cambodge<\/a><\/span>, situ\u00e9e au sud-est du pays \u00e0 la fronti\u00e8re avec le Vietnam\u2009; la route nationale n<sup>o<\/sup>\u00a01 relie Phnom Penh et H\u00f4 Chi Minh-Ville au Vietnam, juste apr\u00e8s le M\u00e9kong via le point de ferry Loeung Neak. Svay Rieng est une province d\u2019environ 2\u2009966\u00a0km\u00b2. La province est constitu\u00e9e de 8\u00a0districts, 80\u00a0communes et 690\u00a0villages.<\/p>\n<h4>h\u00e9bergement et repas \u00e0 Svay Rieng<\/h4>\n<p>C\u2019est une ville prosp\u00e8re qui r\u00e9colte les b\u00e9n\u00e9fices de la circulation du commerce frontalier. Il y a un march\u00e9 anim\u00e9 et on y trouve tr\u00e8s facilement de la bonne nourriture dans les march\u00e9s et les restaurants et de grandes possibilit\u00e9s d\u2019h\u00e9bergement.<\/p>\n<h4>visite \u00e0 Svay Rieng<\/h4>\n<p>\u00c0 proximit\u00e9, on trouve la rivi\u00e8re Waiko et de vastes marais pittoresques qui offrent un cadre agr\u00e9able pour les passionn\u00e9s de photographie. Proche de la ville est situ\u00e9 un pont sur la rivi\u00e8re Waiko qui a \u00e9t\u00e9 offert par le Premier ministre Hun Sen. L\u2019attrait de cette jolie province n\u2019est pas seulement dans ses commodit\u00e9s, son caract\u00e8re amical, la belle Prey Ba Sak, r\u00e9gion du lac juste \u00e0 l\u2019ext\u00e9rieur de la ville, et le temple de Prasat font une escale int\u00e9ressante. On y trouve \u00e9galement deux petits temples en ruines connus \u00e0 Svay Rieng. Les Prasat Chea Hao et Prasat Basac sont \u00e0 visiter pendant votre s\u00e9jour. La province de Svay Rieng est \u00e9teinte des cartes touristiques, mais malgr\u00e9 \u00e7a, pour les voyageurs qui le souhaitent, elle est id\u00e9ale pour ceux qui veulent une tranche de la vie rurale au <span style=\"color: #000000;\"><a style=\"color: #000000;\" href=\"https:\/\/www.cambodiaacountryfullofcharm.com\/fr\/\">Cambodge<\/a><\/span> et bien s\u00fbr profiter du paysage et du calme de la campagne.<\/p>\n\n<p><script src=\"\/\/cdn0.trainbusferry.com\/tools\/form\/fr\/?id=7426726\" data-one2go=\"7426726\" data-color=\"blue\" data-language=\"fr\" data-adaptive=\"1\" data-border=\"1\"><\/script><\/p>\n<div id=\"powered\">Powered by <a href=\"https:\/\/12go.asia\/?z=7426726\">Cambodia travel guide<\/a><\/div>\n\n\n\n<style type='text\/css'>\n\n\t\t.one2go-left {\n\t\t\tfont-size:12px;\n\t\t\tcolor:green;\n\t\t}\n\n\t\t.one2go-right {\n\t\t\tfont-size:12px;\n\t\t\tcolor:red;\n\t\t}\n\n\t\t.one2go-route-info {\n\t\t\tfloat: right;\n\t\t\tfont-size: 10pt;\n\t\t\twhite-space: nowrap;\n\t\t}\n\n\/*\t\t.one2go-route-price,\n\t\t.one2go-route-duration {\n\t\t\ttext-align: center;\n\t\t\tfont-size:10pt;\n\t\t}\n*\/\n\t\t.one2go-route-price {\n\t\t\tmargin-right: 20px;\n\t\t}\n\n\t\tli.country {\n\t\t\tbackground-position: 90%;\n\t\t\tbackground-repeat: no-repeat;\n\t\t}\n\t\t.one2go-trips {\n\t\t\twidth: 50%;\n\t\t}\n\t\t.one2go-trips ul {\n\t\t\tpadding-left: 0px;\n\t\t\tmargin-top: auto !important;\n\t\t\tmargin-bottom: auto !important;\n\t\t\tlist-style: none !important;\n\t\t}\n\t\t.one2go-trips li {\n\t\t\tline-height: 16pt;\n\t\t\tpadding-left:8px;\n\t\t}\n\t\t.one2go-timetable {\n\t\t\twidth:100%;\n\t\t\tfont-size:12px;\n\t\t\tborder-spacing: 10px;\n    \t\tborder-collapse: collapse;\n\t\t\tfont-family: \"Open Sans\", sans-serif;\n\t\t}\n\t\t.one2go-timetable td,\n\t\t.one2go-timetable tr.one2go-route-detail th {\n\t\t\tpadding: 6px;\n\t\t\tvertical-align: middle !important;\n\t\t\tborder:1px solid #ccc;\n\t\t}\n\n\t\t.one2go-route-name {\n\t\t\tpadding:15px;\n\t\t\tfont-size:14px;\n\t\t}\n\n\t\tspan.one2go-departures {\n\t\t\tcolor: #5d5d5d;\n\t\t}\n\t\tspan.one2go-class {\n\t\t\tfont-weight: bold;\n\t\t\tcolor: #5d5d5d;\n\t\t}\n\n\t\ttr.one2go-route-detail th {\n\t\t\ttext-align: center;\n\t\t\tcolor: #575757;\n\t\t}\n\n\t\t.one2go-buy-button {\n\t\t\tfont-family: \"Open Sans\", sans-serif;\n\t\t\tfont-size:12pt;\n\t\t\tfloat:right;\n\t\t\t\/*padding-left:10px;*\/\n\t\t}\n\n\t\t.one2go-route-header {\n\t\t\tfont-family: \"Open Sans\", sans-serif;\n\t\t\tpadding: 8px;\n\t\t\tbackground-color: #30abe0;\n\t\t\tletter-spacing: 0px;\n\t\t}\n\n\t\t.one2go-route-header a {\n\t\t\tcolor: white;\n\t\t\tfont-size: 18px;\n\t\t\tfont-weight: 400;\n\t\t}\n\n\t\t.one2go-route-container {\n\t\t\tpadding: 0;\n\t\t\tborder:  1px solid #30abe0;\n\t\t\tmargin-bottom: 20px;\n\t\t}\n\n<\/style>\n\n\n\t<div class=\"one2go-route-container\">\n\n\n\t<div class=\"one2go-route-header\">\n\t\t\t\t\t\t\t\t\t\t\t\t\n\t\t\t\t<a target=\"_blank\" href=\"https:\/\/12go.asia\/fr\/travel\/svay-rieng\/phnom-penh?z=7426726&curr=USD\">Svay Rieng - Phnom Penh<\/a>\n\t\t\t\t\t\t\t\t\t<a class=\"one2go-buy-button\" target=\"_blank\" href=\"https:\/\/12go.asia\/fr\/travel\/svay-rieng\/phnom-penh?z=7426726&curr=USD\">Plus d'informations \/ Billets<\/a>\n\t\t\t\t\t<\/div>\n\n\t<table class=\"one2go-timetable\"><tbody>\n\t\n\t\t<tr>\n\t\t\t<td class=\"one2go-route-name\" colspan=\"2\">\n\t\t\t\t\t\t\t\t\t\t\t\t\t\t\t\t\t<a target=\"_blank\" href=\"https:\/\/12go.asia\/fr\/bus\/svay-rieng\/phnom-penh?z=7426726&curr=USD\">Bus Svay Rieng - Phnom Penh<\/a>\n\t\t\t\t\n\t\t\t\t<span class=\"one2go-route-info\">\n\t\t\t\t\t\t\t\t\t\t\t<span class=\"one2go-route-price\">\n\t\t\t\t\t\t\t\t\t\t\t\t\t\t\t$ 13.22\n\t\t\t\t\t\t\t\t\t\t\t\t\t<\/span>\n\t\t\t\t\t\n\t\t\t\t\t<span class=\"one2go-route-duration\">\n\t\t\t\t\t\t\t\t\t\t\t\t\t3h\n\t\t\t\t\t\t\t\t\t\t\t<\/span>\n\t\t\t\t<\/span>\n\t\t\t<\/td>\n\n\t\t<\/tr>\n\t\t<tr>\n\t\t\t<td class=\"one2go-trips\" colspan=\"2\">\n\t\t\t\t<ul>\n\t\t\t\t\t\t\t\t\t\t\t<li>\n\t\t\t\t\t\t\t<b class=\"one2go-right\">\u2192<\/b>&nbsp;\n\t\t\t\t\t\t\t<span class=\"one2go-class\">Premium 25<\/span>\n\t\t\t\t\t\t\t\t\t\t\t\t\t\t<span class=\"one2go-departures\">11:30, 16:30<\/span>\n\t\t\t\t\t\t\t\t\t\t\t\t\t<\/li>\n\t\t\t\t\t\t\t\t\t<\/ul>\n\t\t\t<\/td>\n\t\t\t\t<\/tr>\n\n\t\n\t\t<tr>\n\t\t\t<td class=\"one2go-route-name\" colspan=\"2\">\n\t\t\t\t\t\t\t\t\t\t\t\t\t\t\t\t\t<a target=\"_blank\" href=\"https:\/\/12go.asia\/fr\/charter\/svay-rieng\/phnom-penh?z=7426726&curr=USD\">Taxi Svay Rieng - Phnom Penh<\/a>\n\t\t\t\t\n\t\t\t\t<span class=\"one2go-route-info\">\n\t\t\t\t\t\t\t\t\t\t\t<span class=\"one2go-route-price\">\n\t\t\t\t\t\t\t\t\t\t\t\t\t\t\t$ 232.61&ndash;367.72\n\t\t\t\t\t\t\t\t\t\t\t\t\t<\/span>\n\t\t\t\t\t\n\t\t\t\t\t<span class=\"one2go-route-duration\">\n\t\t\t\t\t\t\t\t\t\t\t\t\t2h 50m\n\t\t\t\t\t\t\t\t\t\t\t<\/span>\n\t\t\t\t<\/span>\n\t\t\t<\/td>\n\n\t\t<\/tr>\n\t\t<tr>\n\t\t\t<td class=\"one2go-trips\" colspan=\"2\">\n\t\t\t\t<ul>\n\t\t\t\t\t\t\t\t\t\t\t<li>\n\t\t\t\t\t\t\t<b class=\"one2go-right\">\u2192<\/b>&nbsp;\n\t\t\t\t\t\t\t<span class=\"one2go-class\">Confort 3 passagers<\/span>\n\t\t\t\t\t\t\t\t\t\t\t\t\t<\/li>\n\t\t\t\t\t\t\t\t\t\t\t<li>\n\t\t\t\t\t\t\t<b class=\"one2go-right\">\u2192<\/b>&nbsp;\n\t\t\t\t\t\t\t<span class=\"one2go-class\">Economie 3pax<\/span>\n\t\t\t\t\t\t\t\t\t\t\t\t\t<\/li>\n\t\t\t\t\t\t\t\t\t\t\t<li>\n\t\t\t\t\t\t\t<b class=\"one2go-right\">\u2192<\/b>&nbsp;\n\t\t\t\t\t\t\t<span class=\"one2go-class\">Van 17pax<\/span>\n\t\t\t\t\t\t\t\t\t\t\t\t\t<\/li>\n\t\t\t\t\t\t\t\t\t\t\t<li>\n\t\t\t\t\t\t\t<b class=\"one2go-right\">\u2192<\/b>&nbsp;\n\t\t\t\t\t\t\t<span class=\"one2go-class\">Van 10 passagers<\/span>\n\t\t\t\t\t\t\t\t\t\t\t\t\t<\/li>\n\t\t\t\t\t\t\t\t\t\t\t<li>\n\t\t\t\t\t\t\t<b class=\"one2go-right\">\u2192<\/b>&nbsp;\n\t\t\t\t\t\t\t<span class=\"one2go-class\">Van 8pax<\/span>\n\t\t\t\t\t\t\t\t\t\t\t\t\t<\/li>\n\t\t\t\t\t\t\t\t\t\t\t<li>\n\t\t\t\t\t\t\t<b class=\"one2go-right\">\u2192<\/b>&nbsp;\n\t\t\t\t\t\t\t<span class=\"one2go-class\">SUV 3pax<\/span>\n\t\t\t\t\t\t\t\t\t\t\t\t\t<\/li>\n\t\t\t\t\t\t\t\t\t\t\t<li>\n\t\t\t\t\t\t\t<b class=\"one2go-right\">\u2192<\/b>&nbsp;\n\t\t\t\t\t\t\t<span class=\"one2go-class\">Minibus 25pax<\/span>\n\t\t\t\t\t\t\t\t\t\t\t\t\t<\/li>\n\t\t\t\t\t\t\t\t\t<\/ul>\n\t\t\t<\/td>\n\t\t\t\t<\/tr>\n\n\t\t<\/tbody><\/table><\/div>\n\n\t<div class=\"one2go-route-container\">\n\n\n\t<div class=\"one2go-route-header\">\n\t\t\t\t\t\t\t\t\t\t\t\t\n\t\t\t\t<a target=\"_blank\" href=\"https:\/\/12go.asia\/fr\/travel\/svay-rieng\/ho-chi-minh-city?z=7426726&curr=USD\">Svay Rieng - H\u00f4 Chi Minh-Ville<\/a>\n\t\t\t\t\t\t\t\t\t<a class=\"one2go-buy-button\" target=\"_blank\" href=\"https:\/\/12go.asia\/fr\/travel\/svay-rieng\/ho-chi-minh-city?z=7426726&curr=USD\">Plus d'informations \/ Billets<\/a>\n\t\t\t\t\t<\/div>\n\n\t<table class=\"one2go-timetable\"><tbody>\n\t\n\t\t<tr>\n\t\t\t<td class=\"one2go-route-name\" colspan=\"2\">\n\t\t\t\t\t\t\t\t\t\t\t\t\t\t\t\t\t<a target=\"_blank\" href=\"https:\/\/12go.asia\/fr\/bus\/svay-rieng\/ho-chi-minh-city?z=7426726&curr=USD\">Bus Svay Rieng - H\u00f4 Chi Minh-Ville<\/a>\n\t\t\t\t\n\t\t\t\t<span class=\"one2go-route-info\">\n\t\t\t\t\t\t\t\t\t\t\t<span class=\"one2go-route-price\">\n\t\t\t\t\t\t\t\t\t\t\t\t\t\t\t$ 19.79&ndash;46.87\n\t\t\t\t\t\t\t\t\t\t\t\t\t<\/span>\n\t\t\t\t\t\n\t\t\t\t\t<span class=\"one2go-route-duration\">\n\t\t\t\t\t\t\t\t\t\t\t\t\t3h 40m &ndash; 13h 45m\n\t\t\t\t\t\t\t\t\t\t\t<\/span>\n\t\t\t\t<\/span>\n\t\t\t<\/td>\n\n\t\t<\/tr>\n\t\t<tr>\n\t\t\t<td class=\"one2go-trips\" colspan=\"2\">\n\t\t\t\t<ul>\n\t\t\t\t\t\t\t\t\t\t\t<li>\n\t\t\t\t\t\t\t<b class=\"one2go-right\">\u2192<\/b>&nbsp;\n\t\t\t\t\t\t\t<span class=\"one2go-class\">Luxury Hotel<\/span>\n\t\t\t\t\t\t\t\t\t\t\t\t\t\t<span class=\"one2go-departures\">05:30, 21:15<\/span>\n\t\t\t\t\t\t\t\t\t\t\t\t\t<\/li>\n\t\t\t\t\t\t\t\t\t\t\t<li>\n\t\t\t\t\t\t\t<b class=\"one2go-right\">\u2192<\/b>&nbsp;\n\t\t\t\t\t\t\t<span class=\"one2go-class\">Premi\u00e8re classe<\/span>\n\t\t\t\t\t\t\t\t\t\t\t\t\t\t<span class=\"one2go-departures\">07:30, 08:00, 09:00, 09:45, 10:45, 18:30<\/span>\n\t\t\t\t\t\t\t\t\t\t\t\t\t<\/li>\n\t\t\t\t\t\t\t\t\t\t\t<li>\n\t\t\t\t\t\t\t<b class=\"one2go-right\">\u2192<\/b>&nbsp;\n\t\t\t\t\t\t\t<span class=\"one2go-class\">Seater 35<\/span>\n\t\t\t\t\t\t\t\t\t\t\t\t\t\t<span class=\"one2go-departures\">08:30, 09:30, 17:15<\/span>\n\t\t\t\t\t\t\t\t\t\t\t\t\t<\/li>\n\t\t\t\t\t\t\t\t\t\t\t<li>\n\t\t\t\t\t\t\t<b class=\"one2go-right\">\u2192<\/b>&nbsp;\n\t\t\t\t\t\t\t<span class=\"one2go-class\">VIP 13<\/span>\n\t\t\t\t\t\t\t\t\t\t\t\t\t\t<span class=\"one2go-departures\">16:00<\/span>\n\t\t\t\t\t\t\t\t\t\t\t\t\t<\/li>\n\t\t\t\t\t\t\t\t\t\t\t<li>\n\t\t\t\t\t\t\t<b class=\"one2go-right\">\u2192<\/b>&nbsp;\n\t\t\t\t\t\t\t<span class=\"one2go-class\">Premium 25<\/span>\n\t\t\t\t\t\t\t\t\t\t\t\t\t\t<span class=\"one2go-departures\">09:00<\/span>\n\t\t\t\t\t\t\t\t\t\t\t\t\t<\/li>\n\t\t\t\t\t\t\t\t\t<\/ul>\n\t\t\t<\/td>\n\t\t\t\t<\/tr>\n\n\t\n\t\t<tr>\n\t\t\t<td class=\"one2go-route-name\" colspan=\"2\">\n\t\t\t\t\t\t\t\t\t\t\t\t\t\t\t\t\t<a target=\"_blank\" href=\"https:\/\/12go.asia\/fr\/charter\/svay-rieng\/ho-chi-minh-city?z=7426726&curr=USD\">Taxi Svay Rieng - H\u00f4 Chi Minh-Ville<\/a>\n\t\t\t\t\n\t\t\t\t<span class=\"one2go-route-info\">\n\t\t\t\t\t\t\t\t\t\t\t<span class=\"one2go-route-price\">\n\t\t\t\t\t\t\t\t\t\t\t\t\t\t\t$ 140.78&ndash;152.13\n\t\t\t\t\t\t\t\t\t\t\t\t\t<\/span>\n\t\t\t\t\t\n\t\t\t\t\t<span class=\"one2go-route-duration\">\n\t\t\t\t\t\t\t\t\t\t\t\t\t2h 45m\n\t\t\t\t\t\t\t\t\t\t\t<\/span>\n\t\t\t\t<\/span>\n\t\t\t<\/td>\n\n\t\t<\/tr>\n\t\t<tr>\n\t\t\t<td class=\"one2go-trips\" colspan=\"2\">\n\t\t\t\t<ul>\n\t\t\t\t\t\t\t\t\t\t\t<li>\n\t\t\t\t\t\t\t<b class=\"one2go-right\">\u2192<\/b>&nbsp;\n\t\t\t\t\t\t\t<span class=\"one2go-class\">SUV 5 passagers<\/span>\n\t\t\t\t\t\t\t\t\t\t\t\t\t<\/li>\n\t\t\t\t\t\t\t\t\t\t\t<li>\n\t\t\t\t\t\t\t<b class=\"one2go-right\">\u2192<\/b>&nbsp;\n\t\t\t\t\t\t\t<span class=\"one2go-class\">Sedan 3pax<\/span>\n\t\t\t\t\t\t\t\t\t\t\t\t\t<\/li>\n\t\t\t\t\t\t\t\t\t<\/ul>\n\t\t\t<\/td>\n\t\t\t\t<\/tr>\n\n\t\t<\/tbody><\/table><\/div>\n\n\n","protected":false},"excerpt":{"rendered":"<p>province de Svay Rieng La province de Svay Rieng est s\u00fbrement l\u2019une des plus petites provinces du Cambodge, situ\u00e9e au sud-est du pays \u00e0 la fronti\u00e8re avec le Vietnam\u2009; la route nationale no\u00a01 relie Phnom Penh et H\u00f4 Chi Minh-Ville au Vietnam, juste apr\u00e8s le M\u00e9kong via le point de ferry Loeung Neak. Svay Rieng &hellip; <\/p>\n","protected":false},"author":1,"featured_media":0,"parent":71,"menu_order":0,"comment_status":"closed","ping_status":"closed","template":"","meta":{"_themeisle_gutenberg_block_has_review":false,"footnotes":""},"class_list":["post-177","page","type-page","status-publish","hentry"],"yoast_head":"<!-- This site is optimized with the Yoast SEO plugin v27.5 - https:\/\/yoast.com\/product\/yoast-seo-wordpress\/ -->\n<title>province de Svay Rieng et ses deux temples vous connaissez ?<\/title>\n<meta name=\"description\" content=\"province de Svay Rieng petite province du Cambodge . visiter les deux temple de la province de Svay Rieng \u00e0 proximit\u00e9 du Vietnam\" \/>\n<meta name=\"robots\" content=\"index, follow, max-snippet:-1, max-image-preview:large, max-video-preview:-1\" \/>\n<link rel=\"canonical\" href=\"https:\/\/www.cambodiaacountryfullofcharm.com\/fr\/visiter-les-provinces-du-cambodge\/province-de-svay-rieng-cambodge\/\" \/>\n<meta property=\"og:locale\" content=\"fr_FR\" \/>\n<meta property=\"og:type\" content=\"article\" \/>\n<meta property=\"og:title\" content=\"province de Svay Rieng et ses deux temples vous connaissez ?\" \/>\n<meta property=\"og:description\" content=\"province de Svay Rieng petite province du Cambodge . visiter les deux temple de la province de Svay Rieng \u00e0 proximit\u00e9 du Vietnam\" \/>\n<meta property=\"og:url\" content=\"https:\/\/www.cambodiaacountryfullofcharm.com\/fr\/visiter-les-provinces-du-cambodge\/province-de-svay-rieng-cambodge\/\" \/>\n<meta property=\"og:site_name\" content=\"Guide voyage Cambodge\" \/>\n<meta property=\"article:modified_time\" content=\"2023-09-11T17:08:20+00:00\" \/>\n<meta property=\"og:image\" content=\"https:\/\/www.cambodiaacountryfullofcharm.com\/wp-content\/uploads\/2013\/09\/voyager-province-svay-rieng-cambodge.png\" \/>\n<meta name=\"twitter:card\" content=\"summary_large_image\" \/>\n<meta name=\"twitter:label1\" content=\"Dur\u00e9e de lecture estim\u00e9e\" \/>\n\t<meta name=\"twitter:data1\" content=\"2 minutes\" \/>\n<script type=\"application\/ld+json\" class=\"yoast-schema-graph\">{\"@context\":\"https:\\\/\\\/schema.org\",\"@graph\":[{\"@type\":\"WebPage\",\"@id\":\"https:\\\/\\\/www.cambodiaacountryfullofcharm.com\\\/fr\\\/visiter-les-provinces-du-cambodge\\\/province-de-svay-rieng-cambodge\\\/\",\"url\":\"https:\\\/\\\/www.cambodiaacountryfullofcharm.com\\\/fr\\\/visiter-les-provinces-du-cambodge\\\/province-de-svay-rieng-cambodge\\\/\",\"name\":\"province de Svay Rieng et ses deux temples vous connaissez ?\",\"isPartOf\":{\"@id\":\"https:\\\/\\\/www.cambodiaacountryfullofcharm.com\\\/fr\\\/#website\"},\"primaryImageOfPage\":{\"@id\":\"https:\\\/\\\/www.cambodiaacountryfullofcharm.com\\\/fr\\\/visiter-les-provinces-du-cambodge\\\/province-de-svay-rieng-cambodge\\\/#primaryimage\"},\"image\":{\"@id\":\"https:\\\/\\\/www.cambodiaacountryfullofcharm.com\\\/fr\\\/visiter-les-provinces-du-cambodge\\\/province-de-svay-rieng-cambodge\\\/#primaryimage\"},\"thumbnailUrl\":\"https:\\\/\\\/www.cambodiaacountryfullofcharm.com\\\/wp-content\\\/uploads\\\/2013\\\/09\\\/voyager-province-svay-rieng-cambodge.png\",\"datePublished\":\"2013-12-07T13:26:33+00:00\",\"dateModified\":\"2023-09-11T17:08:20+00:00\",\"description\":\"province de Svay Rieng petite province du Cambodge . visiter les deux temple de la province de Svay Rieng \u00e0 proximit\u00e9 du Vietnam\",\"breadcrumb\":{\"@id\":\"https:\\\/\\\/www.cambodiaacountryfullofcharm.com\\\/fr\\\/visiter-les-provinces-du-cambodge\\\/province-de-svay-rieng-cambodge\\\/#breadcrumb\"},\"inLanguage\":\"fr-FR\",\"potentialAction\":[{\"@type\":\"ReadAction\",\"target\":[\"https:\\\/\\\/www.cambodiaacountryfullofcharm.com\\\/fr\\\/visiter-les-provinces-du-cambodge\\\/province-de-svay-rieng-cambodge\\\/\"]}]},{\"@type\":\"ImageObject\",\"inLanguage\":\"fr-FR\",\"@id\":\"https:\\\/\\\/www.cambodiaacountryfullofcharm.com\\\/fr\\\/visiter-les-provinces-du-cambodge\\\/province-de-svay-rieng-cambodge\\\/#primaryimage\",\"url\":\"https:\\\/\\\/www.cambodiaacountryfullofcharm.com\\\/wp-content\\\/uploads\\\/2013\\\/09\\\/voyager-province-svay-rieng-cambodge.png\",\"contentUrl\":\"https:\\\/\\\/www.cambodiaacountryfullofcharm.com\\\/wp-content\\\/uploads\\\/2013\\\/09\\\/voyager-province-svay-rieng-cambodge.png\"},{\"@type\":\"BreadcrumbList\",\"@id\":\"https:\\\/\\\/www.cambodiaacountryfullofcharm.com\\\/fr\\\/visiter-les-provinces-du-cambodge\\\/province-de-svay-rieng-cambodge\\\/#breadcrumb\",\"itemListElement\":[{\"@type\":\"ListItem\",\"position\":1,\"name\":\"Accueil\",\"item\":\"https:\\\/\\\/www.cambodiaacountryfullofcharm.com\\\/fr\\\/\"},{\"@type\":\"ListItem\",\"position\":2,\"name\":\"visiter les provinces du Cambodge\",\"item\":\"https:\\\/\\\/www.cambodiaacountryfullofcharm.com\\\/fr\\\/visiter-les-provinces-du-cambodge\\\/\"},{\"@type\":\"ListItem\",\"position\":3,\"name\":\"Svay Rieng\"}]},{\"@type\":\"WebSite\",\"@id\":\"https:\\\/\\\/www.cambodiaacountryfullofcharm.com\\\/fr\\\/#website\",\"url\":\"https:\\\/\\\/www.cambodiaacountryfullofcharm.com\\\/fr\\\/\",\"name\":\"Guide voyage Cambodge\",\"description\":\"Cambodge un pays plein de charme\",\"publisher\":{\"@id\":\"https:\\\/\\\/www.cambodiaacountryfullofcharm.com\\\/fr\\\/#organization\"},\"potentialAction\":[{\"@type\":\"SearchAction\",\"target\":{\"@type\":\"EntryPoint\",\"urlTemplate\":\"https:\\\/\\\/www.cambodiaacountryfullofcharm.com\\\/fr\\\/?s={search_term_string}\"},\"query-input\":{\"@type\":\"PropertyValueSpecification\",\"valueRequired\":true,\"valueName\":\"search_term_string\"}}],\"inLanguage\":\"fr-FR\"},{\"@type\":\"Organization\",\"@id\":\"https:\\\/\\\/www.cambodiaacountryfullofcharm.com\\\/fr\\\/#organization\",\"name\":\"Guide voyage Cambodge\",\"url\":\"https:\\\/\\\/www.cambodiaacountryfullofcharm.com\\\/fr\\\/\",\"logo\":{\"@type\":\"ImageObject\",\"inLanguage\":\"fr-FR\",\"@id\":\"https:\\\/\\\/www.cambodiaacountryfullofcharm.com\\\/fr\\\/#\\\/schema\\\/logo\\\/image\\\/\",\"url\":\"https:\\\/\\\/www.cambodiaacountryfullofcharm.com\\\/wp-content\\\/uploads\\\/2022\\\/06\\\/Cambodia-a-country-full-of-charm-2-scaled.jpg\",\"contentUrl\":\"https:\\\/\\\/www.cambodiaacountryfullofcharm.com\\\/wp-content\\\/uploads\\\/2022\\\/06\\\/Cambodia-a-country-full-of-charm-2-scaled.jpg\",\"width\":2560,\"height\":1709,\"caption\":\"Guide voyage Cambodge\"},\"image\":{\"@id\":\"https:\\\/\\\/www.cambodiaacountryfullofcharm.com\\\/fr\\\/#\\\/schema\\\/logo\\\/image\\\/\"}}]}<\/script>\n<!-- \/ Yoast SEO plugin. -->","yoast_head_json":{"title":"province de Svay Rieng et ses deux temples vous connaissez ?","description":"province de Svay Rieng petite province du Cambodge . visiter les deux temple de la province de Svay Rieng \u00e0 proximit\u00e9 du Vietnam","robots":{"index":"index","follow":"follow","max-snippet":"max-snippet:-1","max-image-preview":"max-image-preview:large","max-video-preview":"max-video-preview:-1"},"canonical":"https:\/\/www.cambodiaacountryfullofcharm.com\/fr\/visiter-les-provinces-du-cambodge\/province-de-svay-rieng-cambodge\/","og_locale":"fr_FR","og_type":"article","og_title":"province de Svay Rieng et ses deux temples vous connaissez ?","og_description":"province de Svay Rieng petite province du Cambodge . visiter les deux temple de la province de Svay Rieng \u00e0 proximit\u00e9 du Vietnam","og_url":"https:\/\/www.cambodiaacountryfullofcharm.com\/fr\/visiter-les-provinces-du-cambodge\/province-de-svay-rieng-cambodge\/","og_site_name":"Guide voyage Cambodge","article_modified_time":"2023-09-11T17:08:20+00:00","og_image":[{"url":"https:\/\/www.cambodiaacountryfullofcharm.com\/wp-content\/uploads\/2013\/09\/voyager-province-svay-rieng-cambodge.png","type":"","width":"","height":""}],"twitter_card":"summary_large_image","twitter_misc":{"Dur\u00e9e de lecture estim\u00e9e":"2 minutes"},"schema":{"@context":"https:\/\/schema.org","@graph":[{"@type":"WebPage","@id":"https:\/\/www.cambodiaacountryfullofcharm.com\/fr\/visiter-les-provinces-du-cambodge\/province-de-svay-rieng-cambodge\/","url":"https:\/\/www.cambodiaacountryfullofcharm.com\/fr\/visiter-les-provinces-du-cambodge\/province-de-svay-rieng-cambodge\/","name":"province de Svay Rieng et ses deux temples vous connaissez ?","isPartOf":{"@id":"https:\/\/www.cambodiaacountryfullofcharm.com\/fr\/#website"},"primaryImageOfPage":{"@id":"https:\/\/www.cambodiaacountryfullofcharm.com\/fr\/visiter-les-provinces-du-cambodge\/province-de-svay-rieng-cambodge\/#primaryimage"},"image":{"@id":"https:\/\/www.cambodiaacountryfullofcharm.com\/fr\/visiter-les-provinces-du-cambodge\/province-de-svay-rieng-cambodge\/#primaryimage"},"thumbnailUrl":"https:\/\/www.cambodiaacountryfullofcharm.com\/wp-content\/uploads\/2013\/09\/voyager-province-svay-rieng-cambodge.png","datePublished":"2013-12-07T13:26:33+00:00","dateModified":"2023-09-11T17:08:20+00:00","description":"province de Svay Rieng petite province du Cambodge . visiter les deux temple de la province de Svay Rieng \u00e0 proximit\u00e9 du Vietnam","breadcrumb":{"@id":"https:\/\/www.cambodiaacountryfullofcharm.com\/fr\/visiter-les-provinces-du-cambodge\/province-de-svay-rieng-cambodge\/#breadcrumb"},"inLanguage":"fr-FR","potentialAction":[{"@type":"ReadAction","target":["https:\/\/www.cambodiaacountryfullofcharm.com\/fr\/visiter-les-provinces-du-cambodge\/province-de-svay-rieng-cambodge\/"]}]},{"@type":"ImageObject","inLanguage":"fr-FR","@id":"https:\/\/www.cambodiaacountryfullofcharm.com\/fr\/visiter-les-provinces-du-cambodge\/province-de-svay-rieng-cambodge\/#primaryimage","url":"https:\/\/www.cambodiaacountryfullofcharm.com\/wp-content\/uploads\/2013\/09\/voyager-province-svay-rieng-cambodge.png","contentUrl":"https:\/\/www.cambodiaacountryfullofcharm.com\/wp-content\/uploads\/2013\/09\/voyager-province-svay-rieng-cambodge.png"},{"@type":"BreadcrumbList","@id":"https:\/\/www.cambodiaacountryfullofcharm.com\/fr\/visiter-les-provinces-du-cambodge\/province-de-svay-rieng-cambodge\/#breadcrumb","itemListElement":[{"@type":"ListItem","position":1,"name":"Accueil","item":"https:\/\/www.cambodiaacountryfullofcharm.com\/fr\/"},{"@type":"ListItem","position":2,"name":"visiter les provinces du Cambodge","item":"https:\/\/www.cambodiaacountryfullofcharm.com\/fr\/visiter-les-provinces-du-cambodge\/"},{"@type":"ListItem","position":3,"name":"Svay Rieng"}]},{"@type":"WebSite","@id":"https:\/\/www.cambodiaacountryfullofcharm.com\/fr\/#website","url":"https:\/\/www.cambodiaacountryfullofcharm.com\/fr\/","name":"Guide voyage Cambodge","description":"Cambodge un pays plein de charme","publisher":{"@id":"https:\/\/www.cambodiaacountryfullofcharm.com\/fr\/#organization"},"potentialAction":[{"@type":"SearchAction","target":{"@type":"EntryPoint","urlTemplate":"https:\/\/www.cambodiaacountryfullofcharm.com\/fr\/?s={search_term_string}"},"query-input":{"@type":"PropertyValueSpecification","valueRequired":true,"valueName":"search_term_string"}}],"inLanguage":"fr-FR"},{"@type":"Organization","@id":"https:\/\/www.cambodiaacountryfullofcharm.com\/fr\/#organization","name":"Guide voyage Cambodge","url":"https:\/\/www.cambodiaacountryfullofcharm.com\/fr\/","logo":{"@type":"ImageObject","inLanguage":"fr-FR","@id":"https:\/\/www.cambodiaacountryfullofcharm.com\/fr\/#\/schema\/logo\/image\/","url":"https:\/\/www.cambodiaacountryfullofcharm.com\/wp-content\/uploads\/2022\/06\/Cambodia-a-country-full-of-charm-2-scaled.jpg","contentUrl":"https:\/\/www.cambodiaacountryfullofcharm.com\/wp-content\/uploads\/2022\/06\/Cambodia-a-country-full-of-charm-2-scaled.jpg","width":2560,"height":1709,"caption":"Guide voyage Cambodge"},"image":{"@id":"https:\/\/www.cambodiaacountryfullofcharm.com\/fr\/#\/schema\/logo\/image\/"}}]}},"_links":{"self":[{"href":"https:\/\/www.cambodiaacountryfullofcharm.com\/fr\/wp-json\/wp\/v2\/pages\/177","targetHints":{"allow":["GET"]}}],"collection":[{"href":"https:\/\/www.cambodiaacountryfullofcharm.com\/fr\/wp-json\/wp\/v2\/pages"}],"about":[{"href":"https:\/\/www.cambodiaacountryfullofcharm.com\/fr\/wp-json\/wp\/v2\/types\/page"}],"author":[{"embeddable":true,"href":"https:\/\/www.cambodiaacountryfullofcharm.com\/fr\/wp-json\/wp\/v2\/users\/1"}],"replies":[{"embeddable":true,"href":"https:\/\/www.cambodiaacountryfullofcharm.com\/fr\/wp-json\/wp\/v2\/comments?post=177"}],"version-history":[{"count":0,"href":"https:\/\/www.cambodiaacountryfullofcharm.com\/fr\/wp-json\/wp\/v2\/pages\/177\/revisions"}],"up":[{"embeddable":true,"href":"https:\/\/www.cambodiaacountryfullofcharm.com\/fr\/wp-json\/wp\/v2\/pages\/71"}],"wp:attachment":[{"href":"https:\/\/www.cambodiaacountryfullofcharm.com\/fr\/wp-json\/wp\/v2\/media?parent=177"}],"curies":[{"name":"wp","href":"https:\/\/api.w.org\/{rel}","templated":true}]}}