{"id":1842,"date":"2014-01-26T10:46:21","date_gmt":"2014-01-26T09:46:21","guid":{"rendered":"http:\/\/www.cambodiaacountryfullofcharm.com\/?page_id=1842"},"modified":"2023-09-11T18:28:20","modified_gmt":"2023-09-11T17:28:20","slug":"province-de-sihanoukville-cambodge","status":"publish","type":"page","link":"https:\/\/www.cambodiaacountryfullofcharm.com\/fr\/visiter-les-provinces-du-cambodge\/province-de-sihanoukville-cambodge\/","title":{"rendered":"province de Sihanoukville"},"content":{"rendered":"<h2>province de Sihanoukville<\/h2>\n<p><img fetchpriority=\"high\" decoding=\"async\" class=\"aligncenter size-medium wp-image-1843\" src=\"https:\/\/www.cambodiaacountryfullofcharm.com\/wp-content\/uploads\/2014\/01\/province-de-sihanoukville-cambodge-preah-sihanouk-232x300.png\" alt=\"province-de-sihanoukville-cambodge-preah-sihanouk\" width=\"232\" height=\"300\" \/>La province de Sihanoukville est une province de la c\u00f4te sud du <span style=\"color: #000000;\"><a style=\"color: #000000;\" title=\"Cambodge\" href=\"https:\/\/www.facebook.com\/CambodiaACountryFullOfCharm\">Cambodge<\/a><\/span> . La province de Sihanoukville s\u2019\u00e9tend sur une surface de 868\u00a0km\u00b2 et est divis\u00e9e en trois districts, elle a \u00e9t\u00e9 fond\u00e9e en 1960 apr\u00e8s l\u2019ind\u00e9pendance d\u2019avec la France.<br \/>La province de Sihanoukville est compos\u00e9e de trois districts et de 22\u00a0communes.<\/p>\n<h4>h\u00e9bergement et repas \u00e0 Sihanoukville<\/h4>\n<p>La province de Sihanoukville est tr\u00e8s touristique avec ses plages de sable blanc\u2009; vous ne trouverez aucun probl\u00e8me pour vous loger pendant votre s\u00e9jour et trouverez de bons restaurants pour vos repas assez facilement et aussi des march\u00e9s.<\/p>\n<h4>visiter la province de Sihanoukville<\/h4>\n<p>La cascade de Kbal Chhay situ\u00e9e \u00e0 Khan Prey Nup est tr\u00e8s populaire des Cambodgiens aussi bien pour se rafra\u00eechir que pour se r\u00e9unir en famille ou entre amis. La cascade est haute de 14\u00a0m\u00e8tres et aliment\u00e9e par plusieurs sources diff\u00e9rentes. La cascade de Kbal Chhay est un endroit calme et reposant \u00e0 d\u00e9couvrir pendant votre s\u00e9jour.<br \/>Otres Beach est une plage de sable blanc o\u00f9 vous ne trouverez pas d\u2019h\u00f4tel qui g\u00eane le paysage de cette magnifique plage, mais seulement de petits bars de plage et restaurants pour se restaurer sans avoir \u00e0 quitter la plage et parcourir des kilom\u00e8tres pour prendre un repas.<br \/>L\u2019\u00eele de Koh Rong, au large de Sihanoukville, avec ses plages de sable blanc est \u00e0 d\u00e9couvrir pendant votre s\u00e9jour.<br \/>Wat Krom, situ\u00e9e sur une petite colline, est un site historique de la r\u00e9gion d\u00e9di\u00e9 \u00e0 Ya-Mao, une divinit\u00e9 locale.<br \/>Prampi Chaon Beach est une petite plage tr\u00e8s appr\u00e9ci\u00e9e des habitants aussi bien pour se baigner que pour faire des pique-niques en famille ou entre amis.<br \/>La plage de Ream est situ\u00e9e dans le parc national de Ream. La plage de Ream est id\u00e9ale pour se retirer du bruit des villes et est un paradis pour les amoureux de la nature\u2009; on y trouve aussi des mangroves o\u00f9 viennent se nicher de tr\u00e8s nombreux oiseaux tropicaux du <span style=\"color: #000000;\"><a style=\"color: #000000;\" href=\"https:\/\/www.cambodiaacountryfullofcharm.com\/fr\/\">Cambodge<\/a><\/span>.<\/p>\n\n<p><script src=\"\/\/cdn0.trainbusferry.com\/tools\/form\/fr\/?id=7426726\" data-one2go=\"7426726\" data-color=\"blue\" data-language=\"fr\" data-adaptive=\"1\" data-border=\"1\"><\/script><\/p>\n<div id=\"powered\">Powered by <a href=\"https:\/\/12go.asia\/?z=7426726\">Cambodia travel guide<\/a><\/div>\n\n\n\n","protected":false},"excerpt":{"rendered":"<p>province de Sihanoukville La province de Sihanoukville est une province de la c\u00f4te sud du Cambodge . La province de Sihanoukville s\u2019\u00e9tend sur une surface de 868\u00a0km\u00b2 et est divis\u00e9e en trois districts, elle a \u00e9t\u00e9 fond\u00e9e en 1960 apr\u00e8s l\u2019ind\u00e9pendance d\u2019avec la France.La province de Sihanoukville est compos\u00e9e de trois districts et de 22\u00a0communes. &hellip; <\/p>\n","protected":false},"author":1,"featured_media":0,"parent":71,"menu_order":0,"comment_status":"closed","ping_status":"closed","template":"","meta":{"_themeisle_gutenberg_block_has_review":false,"footnotes":""},"class_list":["post-1842","page","type-page","status-publish","hentry"],"yoast_head":"<!-- This site is optimized with the Yoast SEO plugin v27.5 - https:\/\/yoast.com\/product\/yoast-seo-wordpress\/ -->\n<title>province de Sihanoukville au Cambodge, destination Cambodge<\/title>\n<meta name=\"description\" content=\"la province de Sihanoukville information sur le site , ses plages de sable blanc , ses restaurants et ses h\u00f4tels pour votre s\u00e9jour \u00e0 Sihanouk\" \/>\n<meta name=\"robots\" content=\"index, follow, max-snippet:-1, max-image-preview:large, max-video-preview:-1\" \/>\n<link rel=\"canonical\" href=\"https:\/\/www.cambodiaacountryfullofcharm.com\/fr\/visiter-les-provinces-du-cambodge\/province-de-sihanoukville-cambodge\/\" \/>\n<meta property=\"og:locale\" content=\"fr_FR\" \/>\n<meta property=\"og:type\" content=\"article\" \/>\n<meta property=\"og:title\" content=\"province de Sihanoukville au Cambodge, destination Cambodge\" \/>\n<meta property=\"og:description\" content=\"la province de Sihanoukville information sur le site , ses plages de sable blanc , ses restaurants et ses h\u00f4tels pour votre s\u00e9jour \u00e0 Sihanouk\" \/>\n<meta property=\"og:url\" content=\"https:\/\/www.cambodiaacountryfullofcharm.com\/fr\/visiter-les-provinces-du-cambodge\/province-de-sihanoukville-cambodge\/\" \/>\n<meta property=\"og:site_name\" content=\"Guide voyage Cambodge\" \/>\n<meta property=\"article:modified_time\" content=\"2023-09-11T17:28:20+00:00\" \/>\n<meta property=\"og:image\" content=\"https:\/\/www.cambodiaacountryfullofcharm.com\/wp-content\/uploads\/2014\/01\/province-de-sihanoukville-cambodge-preah-sihanouk-232x300.png\" \/>\n<meta name=\"twitter:card\" content=\"summary_large_image\" \/>\n<meta name=\"twitter:label1\" content=\"Dur\u00e9e de lecture estim\u00e9e\" \/>\n\t<meta name=\"twitter:data1\" content=\"2 minutes\" \/>\n<script type=\"application\/ld+json\" class=\"yoast-schema-graph\">{\"@context\":\"https:\\\/\\\/schema.org\",\"@graph\":[{\"@type\":\"WebPage\",\"@id\":\"https:\\\/\\\/www.cambodiaacountryfullofcharm.com\\\/fr\\\/visiter-les-provinces-du-cambodge\\\/province-de-sihanoukville-cambodge\\\/\",\"url\":\"https:\\\/\\\/www.cambodiaacountryfullofcharm.com\\\/fr\\\/visiter-les-provinces-du-cambodge\\\/province-de-sihanoukville-cambodge\\\/\",\"name\":\"province de Sihanoukville au Cambodge, destination Cambodge\",\"isPartOf\":{\"@id\":\"https:\\\/\\\/www.cambodiaacountryfullofcharm.com\\\/fr\\\/#website\"},\"primaryImageOfPage\":{\"@id\":\"https:\\\/\\\/www.cambodiaacountryfullofcharm.com\\\/fr\\\/visiter-les-provinces-du-cambodge\\\/province-de-sihanoukville-cambodge\\\/#primaryimage\"},\"image\":{\"@id\":\"https:\\\/\\\/www.cambodiaacountryfullofcharm.com\\\/fr\\\/visiter-les-provinces-du-cambodge\\\/province-de-sihanoukville-cambodge\\\/#primaryimage\"},\"thumbnailUrl\":\"https:\\\/\\\/www.cambodiaacountryfullofcharm.com\\\/wp-content\\\/uploads\\\/2014\\\/01\\\/province-de-sihanoukville-cambodge-preah-sihanouk-232x300.png\",\"datePublished\":\"2014-01-26T09:46:21+00:00\",\"dateModified\":\"2023-09-11T17:28:20+00:00\",\"description\":\"la province de Sihanoukville information sur le site , ses plages de sable blanc , ses restaurants et ses h\u00f4tels pour votre s\u00e9jour \u00e0 Sihanouk\",\"breadcrumb\":{\"@id\":\"https:\\\/\\\/www.cambodiaacountryfullofcharm.com\\\/fr\\\/visiter-les-provinces-du-cambodge\\\/province-de-sihanoukville-cambodge\\\/#breadcrumb\"},\"inLanguage\":\"fr-FR\",\"potentialAction\":[{\"@type\":\"ReadAction\",\"target\":[\"https:\\\/\\\/www.cambodiaacountryfullofcharm.com\\\/fr\\\/visiter-les-provinces-du-cambodge\\\/province-de-sihanoukville-cambodge\\\/\"]}]},{\"@type\":\"ImageObject\",\"inLanguage\":\"fr-FR\",\"@id\":\"https:\\\/\\\/www.cambodiaacountryfullofcharm.com\\\/fr\\\/visiter-les-provinces-du-cambodge\\\/province-de-sihanoukville-cambodge\\\/#primaryimage\",\"url\":\"https:\\\/\\\/www.cambodiaacountryfullofcharm.com\\\/wp-content\\\/uploads\\\/2014\\\/01\\\/province-de-sihanoukville-cambodge-preah-sihanouk-232x300.png\",\"contentUrl\":\"https:\\\/\\\/www.cambodiaacountryfullofcharm.com\\\/wp-content\\\/uploads\\\/2014\\\/01\\\/province-de-sihanoukville-cambodge-preah-sihanouk-232x300.png\"},{\"@type\":\"BreadcrumbList\",\"@id\":\"https:\\\/\\\/www.cambodiaacountryfullofcharm.com\\\/fr\\\/visiter-les-provinces-du-cambodge\\\/province-de-sihanoukville-cambodge\\\/#breadcrumb\",\"itemListElement\":[{\"@type\":\"ListItem\",\"position\":1,\"name\":\"Accueil\",\"item\":\"https:\\\/\\\/www.cambodiaacountryfullofcharm.com\\\/fr\\\/\"},{\"@type\":\"ListItem\",\"position\":2,\"name\":\"visiter les provinces du Cambodge\",\"item\":\"https:\\\/\\\/www.cambodiaacountryfullofcharm.com\\\/fr\\\/visiter-les-provinces-du-cambodge\\\/\"},{\"@type\":\"ListItem\",\"position\":3,\"name\":\"province de Sihanoukville\"}]},{\"@type\":\"WebSite\",\"@id\":\"https:\\\/\\\/www.cambodiaacountryfullofcharm.com\\\/fr\\\/#website\",\"url\":\"https:\\\/\\\/www.cambodiaacountryfullofcharm.com\\\/fr\\\/\",\"name\":\"Guide voyage Cambodge\",\"description\":\"Cambodge un pays plein de charme\",\"publisher\":{\"@id\":\"https:\\\/\\\/www.cambodiaacountryfullofcharm.com\\\/fr\\\/#organization\"},\"potentialAction\":[{\"@type\":\"SearchAction\",\"target\":{\"@type\":\"EntryPoint\",\"urlTemplate\":\"https:\\\/\\\/www.cambodiaacountryfullofcharm.com\\\/fr\\\/?s={search_term_string}\"},\"query-input\":{\"@type\":\"PropertyValueSpecification\",\"valueRequired\":true,\"valueName\":\"search_term_string\"}}],\"inLanguage\":\"fr-FR\"},{\"@type\":\"Organization\",\"@id\":\"https:\\\/\\\/www.cambodiaacountryfullofcharm.com\\\/fr\\\/#organization\",\"name\":\"Guide voyage Cambodge\",\"url\":\"https:\\\/\\\/www.cambodiaacountryfullofcharm.com\\\/fr\\\/\",\"logo\":{\"@type\":\"ImageObject\",\"inLanguage\":\"fr-FR\",\"@id\":\"https:\\\/\\\/www.cambodiaacountryfullofcharm.com\\\/fr\\\/#\\\/schema\\\/logo\\\/image\\\/\",\"url\":\"https:\\\/\\\/www.cambodiaacountryfullofcharm.com\\\/wp-content\\\/uploads\\\/2022\\\/06\\\/Cambodia-a-country-full-of-charm-2-scaled.jpg\",\"contentUrl\":\"https:\\\/\\\/www.cambodiaacountryfullofcharm.com\\\/wp-content\\\/uploads\\\/2022\\\/06\\\/Cambodia-a-country-full-of-charm-2-scaled.jpg\",\"width\":2560,\"height\":1709,\"caption\":\"Guide voyage Cambodge\"},\"image\":{\"@id\":\"https:\\\/\\\/www.cambodiaacountryfullofcharm.com\\\/fr\\\/#\\\/schema\\\/logo\\\/image\\\/\"}}]}<\/script>\n<!-- \/ Yoast SEO plugin. -->","yoast_head_json":{"title":"province de Sihanoukville au Cambodge, destination Cambodge","description":"la province de Sihanoukville information sur le site , ses plages de sable blanc , ses restaurants et ses h\u00f4tels pour votre s\u00e9jour \u00e0 Sihanouk","robots":{"index":"index","follow":"follow","max-snippet":"max-snippet:-1","max-image-preview":"max-image-preview:large","max-video-preview":"max-video-preview:-1"},"canonical":"https:\/\/www.cambodiaacountryfullofcharm.com\/fr\/visiter-les-provinces-du-cambodge\/province-de-sihanoukville-cambodge\/","og_locale":"fr_FR","og_type":"article","og_title":"province de Sihanoukville au Cambodge, destination Cambodge","og_description":"la province de Sihanoukville information sur le site , ses plages de sable blanc , ses restaurants et ses h\u00f4tels pour votre s\u00e9jour \u00e0 Sihanouk","og_url":"https:\/\/www.cambodiaacountryfullofcharm.com\/fr\/visiter-les-provinces-du-cambodge\/province-de-sihanoukville-cambodge\/","og_site_name":"Guide voyage Cambodge","article_modified_time":"2023-09-11T17:28:20+00:00","og_image":[{"url":"https:\/\/www.cambodiaacountryfullofcharm.com\/wp-content\/uploads\/2014\/01\/province-de-sihanoukville-cambodge-preah-sihanouk-232x300.png","type":"","width":"","height":""}],"twitter_card":"summary_large_image","twitter_misc":{"Dur\u00e9e de lecture estim\u00e9e":"2 minutes"},"schema":{"@context":"https:\/\/schema.org","@graph":[{"@type":"WebPage","@id":"https:\/\/www.cambodiaacountryfullofcharm.com\/fr\/visiter-les-provinces-du-cambodge\/province-de-sihanoukville-cambodge\/","url":"https:\/\/www.cambodiaacountryfullofcharm.com\/fr\/visiter-les-provinces-du-cambodge\/province-de-sihanoukville-cambodge\/","name":"province de Sihanoukville au Cambodge, destination Cambodge","isPartOf":{"@id":"https:\/\/www.cambodiaacountryfullofcharm.com\/fr\/#website"},"primaryImageOfPage":{"@id":"https:\/\/www.cambodiaacountryfullofcharm.com\/fr\/visiter-les-provinces-du-cambodge\/province-de-sihanoukville-cambodge\/#primaryimage"},"image":{"@id":"https:\/\/www.cambodiaacountryfullofcharm.com\/fr\/visiter-les-provinces-du-cambodge\/province-de-sihanoukville-cambodge\/#primaryimage"},"thumbnailUrl":"https:\/\/www.cambodiaacountryfullofcharm.com\/wp-content\/uploads\/2014\/01\/province-de-sihanoukville-cambodge-preah-sihanouk-232x300.png","datePublished":"2014-01-26T09:46:21+00:00","dateModified":"2023-09-11T17:28:20+00:00","description":"la province de Sihanoukville information sur le site , ses plages de sable blanc , ses restaurants et ses h\u00f4tels pour votre s\u00e9jour \u00e0 Sihanouk","breadcrumb":{"@id":"https:\/\/www.cambodiaacountryfullofcharm.com\/fr\/visiter-les-provinces-du-cambodge\/province-de-sihanoukville-cambodge\/#breadcrumb"},"inLanguage":"fr-FR","potentialAction":[{"@type":"ReadAction","target":["https:\/\/www.cambodiaacountryfullofcharm.com\/fr\/visiter-les-provinces-du-cambodge\/province-de-sihanoukville-cambodge\/"]}]},{"@type":"ImageObject","inLanguage":"fr-FR","@id":"https:\/\/www.cambodiaacountryfullofcharm.com\/fr\/visiter-les-provinces-du-cambodge\/province-de-sihanoukville-cambodge\/#primaryimage","url":"https:\/\/www.cambodiaacountryfullofcharm.com\/wp-content\/uploads\/2014\/01\/province-de-sihanoukville-cambodge-preah-sihanouk-232x300.png","contentUrl":"https:\/\/www.cambodiaacountryfullofcharm.com\/wp-content\/uploads\/2014\/01\/province-de-sihanoukville-cambodge-preah-sihanouk-232x300.png"},{"@type":"BreadcrumbList","@id":"https:\/\/www.cambodiaacountryfullofcharm.com\/fr\/visiter-les-provinces-du-cambodge\/province-de-sihanoukville-cambodge\/#breadcrumb","itemListElement":[{"@type":"ListItem","position":1,"name":"Accueil","item":"https:\/\/www.cambodiaacountryfullofcharm.com\/fr\/"},{"@type":"ListItem","position":2,"name":"visiter les provinces du Cambodge","item":"https:\/\/www.cambodiaacountryfullofcharm.com\/fr\/visiter-les-provinces-du-cambodge\/"},{"@type":"ListItem","position":3,"name":"province de Sihanoukville"}]},{"@type":"WebSite","@id":"https:\/\/www.cambodiaacountryfullofcharm.com\/fr\/#website","url":"https:\/\/www.cambodiaacountryfullofcharm.com\/fr\/","name":"Guide voyage Cambodge","description":"Cambodge un pays plein de charme","publisher":{"@id":"https:\/\/www.cambodiaacountryfullofcharm.com\/fr\/#organization"},"potentialAction":[{"@type":"SearchAction","target":{"@type":"EntryPoint","urlTemplate":"https:\/\/www.cambodiaacountryfullofcharm.com\/fr\/?s={search_term_string}"},"query-input":{"@type":"PropertyValueSpecification","valueRequired":true,"valueName":"search_term_string"}}],"inLanguage":"fr-FR"},{"@type":"Organization","@id":"https:\/\/www.cambodiaacountryfullofcharm.com\/fr\/#organization","name":"Guide voyage Cambodge","url":"https:\/\/www.cambodiaacountryfullofcharm.com\/fr\/","logo":{"@type":"ImageObject","inLanguage":"fr-FR","@id":"https:\/\/www.cambodiaacountryfullofcharm.com\/fr\/#\/schema\/logo\/image\/","url":"https:\/\/www.cambodiaacountryfullofcharm.com\/wp-content\/uploads\/2022\/06\/Cambodia-a-country-full-of-charm-2-scaled.jpg","contentUrl":"https:\/\/www.cambodiaacountryfullofcharm.com\/wp-content\/uploads\/2022\/06\/Cambodia-a-country-full-of-charm-2-scaled.jpg","width":2560,"height":1709,"caption":"Guide voyage Cambodge"},"image":{"@id":"https:\/\/www.cambodiaacountryfullofcharm.com\/fr\/#\/schema\/logo\/image\/"}}]}},"_links":{"self":[{"href":"https:\/\/www.cambodiaacountryfullofcharm.com\/fr\/wp-json\/wp\/v2\/pages\/1842","targetHints":{"allow":["GET"]}}],"collection":[{"href":"https:\/\/www.cambodiaacountryfullofcharm.com\/fr\/wp-json\/wp\/v2\/pages"}],"about":[{"href":"https:\/\/www.cambodiaacountryfullofcharm.com\/fr\/wp-json\/wp\/v2\/types\/page"}],"author":[{"embeddable":true,"href":"https:\/\/www.cambodiaacountryfullofcharm.com\/fr\/wp-json\/wp\/v2\/users\/1"}],"replies":[{"embeddable":true,"href":"https:\/\/www.cambodiaacountryfullofcharm.com\/fr\/wp-json\/wp\/v2\/comments?post=1842"}],"version-history":[{"count":0,"href":"https:\/\/www.cambodiaacountryfullofcharm.com\/fr\/wp-json\/wp\/v2\/pages\/1842\/revisions"}],"up":[{"embeddable":true,"href":"https:\/\/www.cambodiaacountryfullofcharm.com\/fr\/wp-json\/wp\/v2\/pages\/71"}],"wp:attachment":[{"href":"https:\/\/www.cambodiaacountryfullofcharm.com\/fr\/wp-json\/wp\/v2\/media?parent=1842"}],"curies":[{"name":"wp","href":"https:\/\/api.w.org\/{rel}","templated":true}]}}