{"id":189,"date":"2013-11-24T11:22:13","date_gmt":"2013-11-24T10:22:13","guid":{"rendered":"http:\/\/cambodiaacountryfullofcharm.com\/?page_id=189"},"modified":"2022-12-04T15:42:02","modified_gmt":"2022-12-04T14:42:02","slug":"moule-au-curry-cambodgien","status":"publish","type":"page","link":"https:\/\/www.cambodiaacountryfullofcharm.com\/fr\/cuisine-khmer\/moule-au-curry-cambodgien\/","title":{"rendered":"Moule au Curry Cambodgien"},"content":{"rendered":"<h2>\u00a0moules au curry cambodgien<\/h2>\n<p>Liste des ingr\u00e9dients pour faire la recette de moules au curry cambodgien<br \/>\npour 4\u00a0personnes\u00a0:<\/p>\n<p>2 kg de moules<br \/>\n1 cuill\u00e8re \u00e0 soupe de curry de\u00a0<span style=\"text-decoration: underline;\"><span style=\"color: #000080; text-decoration: underline;\"><a style=\"color: #000080; text-decoration: underline;\" title=\"pour avoir encore plus d'information sur le curry de Senteur d'Angkor aller voir la page sur le site\" href=\"http:\/\/www.cambodiaacountryfullofcharm.com\/province-de-phnom-penh-cambodge\/guide-phnom-penh\/boutique-phnom-penh\/senteur-d-angkor-phnom-penh\/%20\"><span style=\"color: #000000; text-decoration: underline;\">Senteur d&#8217;Angkor<\/span><\/a><\/span><\/span><br \/>\n1 verre de vin blanc<br \/>\n10\u00a0cl de cr\u00e8me fra\u00eeche semi-\u00e9paisse<br \/>\n50\u00a0g de beurre<br \/>\n1 \u00e9chalote<br \/>\nUn peu de\u00a0persil<\/p>\n<p>Pr\u00e9paration de la recette<br \/>\nFaire fondre le beurre et rissoler l\u2019\u00e9chalote finement hach\u00e9e.<br \/>\nEnsuite ajouter le vin blanc et laisser cuire 2\u00a0minutes.<br \/>\nPr\u00e9parer les moules et les ajouter dans la casserole, couvrir et laisser cuire 10\u00a0minutes.<br \/>\n\u00c9goutter les moules, filtrer le jus de cuisson puis m\u00e9langer ce dernier avec la cr\u00e8me fra\u00eeche et le curry cambodgien.<br \/>\nLaisser r\u00e9duire de moiti\u00e9.<br \/>\nVerser les moules dans le curry et servir aussit\u00f4t ou servir s\u00e9par\u00e9ment le curry chaud\u2009; vous pouvez aussi accompagner votre recette avec du riz chaud.<\/p>\n<p>bonne app\u00e9tit<img decoding=\"async\" class=\"alignleft wp-image-1405 size-thumbnail\" src=\"https:\/\/www.cambodiaacountryfullofcharm.com\/wp-content\/uploads\/2013\/09\/moule-au-curry-150x150.jpg\" alt=\"moule-au-curry\" width=\"150\" height=\"150\" \/><\/p>\n<p>Cette recette est vraiment tr\u00e8s simple et rapide \u00e0 r\u00e9aliser. Parmi des centaines de recette de moules au curry diff\u00e9rentes que l\u2019on peut trouver sur Internet, cette recette se diff\u00e9rencie des autres par l\u2019utilisation de curry cambodgien. Ce curry cambodgien n\u2019a rien \u00e0 voir avec les diff\u00e9rents currys que l\u2019on peut trouver dans le commerce fabriqu\u00e9 par les industriels qui n\u2019h\u00e9sitent pas \u00e0 y mettre du colorant et encore bien d\u2019autres produits comme de l\u2019amidon de pommes de terre. Ce curry cambodgien, pour \u00eatre plus pr\u00e9cis, est fabriqu\u00e9 \u00e0\u00a0<span style=\"text-decoration: underline;\"><span style=\"color: #000080;\"><a style=\"color: #000080; text-decoration: underline;\" title=\"visiter la province de Siem Reap au Cambodge\" href=\"http:\/\/www.cambodiaacountryfullofcharm.com\/province-de-siem-reap-cambodge\/\"><span style=\"color: #000000;\">Siem Reap<\/span><\/a><\/span><\/span> au Cambodge. Senteurs d\u2019Angkor est une petite entreprise qui compte environ 100 personnes. Cette entreprise n\u2019utilise que des produits du Cambodge pour r\u00e9aliser aussi bien leurs produits que les emballages. Si vous souhaitez essayer cette recette avec le curry, voici le<span style=\"text-decoration: underline;\"><span style=\"color: #000080;\"><a style=\"color: #000080; text-decoration: underline;\" title=\"Senteurs d'Angkor\" href=\"http:\/\/www.senteursdangkor.com\/html\/fr\/our_history.php\"><span style=\"color: #000000; text-decoration: underline;\"> lien de leur boutique\u00a0<\/span> <\/a><\/span><\/span><\/p>\n<p><img fetchpriority=\"high\" decoding=\"async\" class=\"aligncenter wp-image-1406 size-large\" src=\"https:\/\/www.cambodiaacountryfullofcharm.com\/wp-content\/uploads\/2013\/09\/moule-au-curry-cambodgien-1024x577.jpg\" alt=\"moule-au-curry-cambodgien\" width=\"604\" height=\"340\" \/><\/p>\n","protected":false},"excerpt":{"rendered":"<p>\u00a0moules au curry cambodgien Liste des ingr\u00e9dients pour faire la recette de moules au curry cambodgien pour 4\u00a0personnes\u00a0: 2 kg de moules 1 cuill\u00e8re \u00e0 soupe de curry de\u00a0Senteur d&#8217;Angkor 1 verre de vin blanc 10\u00a0cl de cr\u00e8me fra\u00eeche semi-\u00e9paisse 50\u00a0g de beurre 1 \u00e9chalote Un peu de\u00a0persil Pr\u00e9paration de la recette Faire fondre le &hellip; <\/p>\n","protected":false},"author":1,"featured_media":1416,"parent":35,"menu_order":0,"comment_status":"closed","ping_status":"closed","template":"","meta":{"_themeisle_gutenberg_block_has_review":false,"footnotes":""},"class_list":["post-189","page","type-page","status-publish","has-post-thumbnail","hentry"],"yoast_head":"<!-- This site is optimized with the Yoast SEO plugin v27.4 - https:\/\/yoast.com\/product\/yoast-seo-wordpress\/ -->\n<title>curry cambodgien vous connaissez ? moule au curry cambodgien<\/title>\n<meta name=\"description\" content=\"retrouv\u00e9 la recette de moule au curry cambodgien . le curry cambodgien de Senteur d\u2019Angkor \u00e0 Siem Reap convient parfaitement pour les recettes\" \/>\n<meta name=\"robots\" content=\"index, follow, max-snippet:-1, max-image-preview:large, max-video-preview:-1\" \/>\n<link rel=\"canonical\" href=\"https:\/\/www.cambodiaacountryfullofcharm.com\/fr\/cuisine-khmer\/moule-au-curry-cambodgien\/\" \/>\n<meta property=\"og:locale\" content=\"fr_FR\" \/>\n<meta property=\"og:type\" content=\"article\" \/>\n<meta property=\"og:title\" content=\"curry cambodgien vous connaissez ? moule au curry cambodgien\" \/>\n<meta property=\"og:description\" content=\"retrouv\u00e9 la recette de moule au curry cambodgien . le curry cambodgien de Senteur d\u2019Angkor \u00e0 Siem Reap convient parfaitement pour les recettes\" \/>\n<meta property=\"og:url\" content=\"https:\/\/www.cambodiaacountryfullofcharm.com\/fr\/cuisine-khmer\/moule-au-curry-cambodgien\/\" \/>\n<meta property=\"og:site_name\" content=\"Guide voyage Cambodge\" \/>\n<meta property=\"article:modified_time\" content=\"2022-12-04T14:42:02+00:00\" \/>\n<meta property=\"og:image\" content=\"https:\/\/www.cambodiaacountryfullofcharm.com\/wp-content\/uploads\/2013\/09\/moule-au-curry-cambodgien-khmer.jpg\" \/>\n\t<meta property=\"og:image:width\" content=\"3184\" \/>\n\t<meta property=\"og:image:height\" content=\"1604\" \/>\n\t<meta property=\"og:image:type\" content=\"image\/jpeg\" \/>\n<meta name=\"twitter:card\" content=\"summary_large_image\" \/>\n<meta name=\"twitter:label1\" content=\"Dur\u00e9e de lecture estim\u00e9e\" \/>\n\t<meta name=\"twitter:data1\" content=\"2 minutes\" \/>\n<script type=\"application\/ld+json\" class=\"yoast-schema-graph\">{\"@context\":\"https:\\\/\\\/schema.org\",\"@graph\":[{\"@type\":\"WebPage\",\"@id\":\"https:\\\/\\\/www.cambodiaacountryfullofcharm.com\\\/fr\\\/cuisine-khmer\\\/moule-au-curry-cambodgien\\\/\",\"url\":\"https:\\\/\\\/www.cambodiaacountryfullofcharm.com\\\/fr\\\/cuisine-khmer\\\/moule-au-curry-cambodgien\\\/\",\"name\":\"curry cambodgien vous connaissez ? moule au curry cambodgien\",\"isPartOf\":{\"@id\":\"https:\\\/\\\/www.cambodiaacountryfullofcharm.com\\\/fr\\\/#website\"},\"primaryImageOfPage\":{\"@id\":\"https:\\\/\\\/www.cambodiaacountryfullofcharm.com\\\/fr\\\/cuisine-khmer\\\/moule-au-curry-cambodgien\\\/#primaryimage\"},\"image\":{\"@id\":\"https:\\\/\\\/www.cambodiaacountryfullofcharm.com\\\/fr\\\/cuisine-khmer\\\/moule-au-curry-cambodgien\\\/#primaryimage\"},\"thumbnailUrl\":\"https:\\\/\\\/www.cambodiaacountryfullofcharm.com\\\/wp-content\\\/uploads\\\/2013\\\/09\\\/moule-au-curry-cambodgien-khmer.jpg\",\"datePublished\":\"2013-11-24T10:22:13+00:00\",\"dateModified\":\"2022-12-04T14:42:02+00:00\",\"description\":\"retrouv\u00e9 la recette de moule au curry cambodgien . le curry cambodgien de Senteur d\u2019Angkor \u00e0 Siem Reap convient parfaitement pour les recettes\",\"breadcrumb\":{\"@id\":\"https:\\\/\\\/www.cambodiaacountryfullofcharm.com\\\/fr\\\/cuisine-khmer\\\/moule-au-curry-cambodgien\\\/#breadcrumb\"},\"inLanguage\":\"fr-FR\",\"potentialAction\":[{\"@type\":\"ReadAction\",\"target\":[\"https:\\\/\\\/www.cambodiaacountryfullofcharm.com\\\/fr\\\/cuisine-khmer\\\/moule-au-curry-cambodgien\\\/\"]}]},{\"@type\":\"ImageObject\",\"inLanguage\":\"fr-FR\",\"@id\":\"https:\\\/\\\/www.cambodiaacountryfullofcharm.com\\\/fr\\\/cuisine-khmer\\\/moule-au-curry-cambodgien\\\/#primaryimage\",\"url\":\"https:\\\/\\\/www.cambodiaacountryfullofcharm.com\\\/wp-content\\\/uploads\\\/2013\\\/09\\\/moule-au-curry-cambodgien-khmer.jpg\",\"contentUrl\":\"https:\\\/\\\/www.cambodiaacountryfullofcharm.com\\\/wp-content\\\/uploads\\\/2013\\\/09\\\/moule-au-curry-cambodgien-khmer.jpg\",\"width\":3184,\"height\":1604},{\"@type\":\"BreadcrumbList\",\"@id\":\"https:\\\/\\\/www.cambodiaacountryfullofcharm.com\\\/fr\\\/cuisine-khmer\\\/moule-au-curry-cambodgien\\\/#breadcrumb\",\"itemListElement\":[{\"@type\":\"ListItem\",\"position\":1,\"name\":\"Accueil\",\"item\":\"https:\\\/\\\/www.cambodiaacountryfullofcharm.com\\\/fr\\\/\"},{\"@type\":\"ListItem\",\"position\":2,\"name\":\"Cuisine Khmer\",\"item\":\"https:\\\/\\\/www.cambodiaacountryfullofcharm.com\\\/fr\\\/cuisine-khmer\\\/\"},{\"@type\":\"ListItem\",\"position\":3,\"name\":\"Moule au Curry Cambodgien\"}]},{\"@type\":\"WebSite\",\"@id\":\"https:\\\/\\\/www.cambodiaacountryfullofcharm.com\\\/fr\\\/#website\",\"url\":\"https:\\\/\\\/www.cambodiaacountryfullofcharm.com\\\/fr\\\/\",\"name\":\"Guide voyage Cambodge\",\"description\":\"Cambodge un pays plein de charme\",\"publisher\":{\"@id\":\"https:\\\/\\\/www.cambodiaacountryfullofcharm.com\\\/fr\\\/#organization\"},\"potentialAction\":[{\"@type\":\"SearchAction\",\"target\":{\"@type\":\"EntryPoint\",\"urlTemplate\":\"https:\\\/\\\/www.cambodiaacountryfullofcharm.com\\\/fr\\\/?s={search_term_string}\"},\"query-input\":{\"@type\":\"PropertyValueSpecification\",\"valueRequired\":true,\"valueName\":\"search_term_string\"}}],\"inLanguage\":\"fr-FR\"},{\"@type\":\"Organization\",\"@id\":\"https:\\\/\\\/www.cambodiaacountryfullofcharm.com\\\/fr\\\/#organization\",\"name\":\"Guide voyage Cambodge\",\"url\":\"https:\\\/\\\/www.cambodiaacountryfullofcharm.com\\\/fr\\\/\",\"logo\":{\"@type\":\"ImageObject\",\"inLanguage\":\"fr-FR\",\"@id\":\"https:\\\/\\\/www.cambodiaacountryfullofcharm.com\\\/fr\\\/#\\\/schema\\\/logo\\\/image\\\/\",\"url\":\"https:\\\/\\\/www.cambodiaacountryfullofcharm.com\\\/wp-content\\\/uploads\\\/2022\\\/06\\\/Cambodia-a-country-full-of-charm-2-scaled.jpg\",\"contentUrl\":\"https:\\\/\\\/www.cambodiaacountryfullofcharm.com\\\/wp-content\\\/uploads\\\/2022\\\/06\\\/Cambodia-a-country-full-of-charm-2-scaled.jpg\",\"width\":2560,\"height\":1709,\"caption\":\"Guide voyage Cambodge\"},\"image\":{\"@id\":\"https:\\\/\\\/www.cambodiaacountryfullofcharm.com\\\/fr\\\/#\\\/schema\\\/logo\\\/image\\\/\"}}]}<\/script>\n<!-- \/ Yoast SEO plugin. -->","yoast_head_json":{"title":"curry cambodgien vous connaissez ? moule au curry cambodgien","description":"retrouv\u00e9 la recette de moule au curry cambodgien . le curry cambodgien de Senteur d\u2019Angkor \u00e0 Siem Reap convient parfaitement pour les recettes","robots":{"index":"index","follow":"follow","max-snippet":"max-snippet:-1","max-image-preview":"max-image-preview:large","max-video-preview":"max-video-preview:-1"},"canonical":"https:\/\/www.cambodiaacountryfullofcharm.com\/fr\/cuisine-khmer\/moule-au-curry-cambodgien\/","og_locale":"fr_FR","og_type":"article","og_title":"curry cambodgien vous connaissez ? moule au curry cambodgien","og_description":"retrouv\u00e9 la recette de moule au curry cambodgien . le curry cambodgien de Senteur d\u2019Angkor \u00e0 Siem Reap convient parfaitement pour les recettes","og_url":"https:\/\/www.cambodiaacountryfullofcharm.com\/fr\/cuisine-khmer\/moule-au-curry-cambodgien\/","og_site_name":"Guide voyage Cambodge","article_modified_time":"2022-12-04T14:42:02+00:00","og_image":[{"width":3184,"height":1604,"url":"https:\/\/www.cambodiaacountryfullofcharm.com\/wp-content\/uploads\/2013\/09\/moule-au-curry-cambodgien-khmer.jpg","type":"image\/jpeg"}],"twitter_card":"summary_large_image","twitter_misc":{"Dur\u00e9e de lecture estim\u00e9e":"2 minutes"},"schema":{"@context":"https:\/\/schema.org","@graph":[{"@type":"WebPage","@id":"https:\/\/www.cambodiaacountryfullofcharm.com\/fr\/cuisine-khmer\/moule-au-curry-cambodgien\/","url":"https:\/\/www.cambodiaacountryfullofcharm.com\/fr\/cuisine-khmer\/moule-au-curry-cambodgien\/","name":"curry cambodgien vous connaissez ? moule au curry cambodgien","isPartOf":{"@id":"https:\/\/www.cambodiaacountryfullofcharm.com\/fr\/#website"},"primaryImageOfPage":{"@id":"https:\/\/www.cambodiaacountryfullofcharm.com\/fr\/cuisine-khmer\/moule-au-curry-cambodgien\/#primaryimage"},"image":{"@id":"https:\/\/www.cambodiaacountryfullofcharm.com\/fr\/cuisine-khmer\/moule-au-curry-cambodgien\/#primaryimage"},"thumbnailUrl":"https:\/\/www.cambodiaacountryfullofcharm.com\/wp-content\/uploads\/2013\/09\/moule-au-curry-cambodgien-khmer.jpg","datePublished":"2013-11-24T10:22:13+00:00","dateModified":"2022-12-04T14:42:02+00:00","description":"retrouv\u00e9 la recette de moule au curry cambodgien . le curry cambodgien de Senteur d\u2019Angkor \u00e0 Siem Reap convient parfaitement pour les recettes","breadcrumb":{"@id":"https:\/\/www.cambodiaacountryfullofcharm.com\/fr\/cuisine-khmer\/moule-au-curry-cambodgien\/#breadcrumb"},"inLanguage":"fr-FR","potentialAction":[{"@type":"ReadAction","target":["https:\/\/www.cambodiaacountryfullofcharm.com\/fr\/cuisine-khmer\/moule-au-curry-cambodgien\/"]}]},{"@type":"ImageObject","inLanguage":"fr-FR","@id":"https:\/\/www.cambodiaacountryfullofcharm.com\/fr\/cuisine-khmer\/moule-au-curry-cambodgien\/#primaryimage","url":"https:\/\/www.cambodiaacountryfullofcharm.com\/wp-content\/uploads\/2013\/09\/moule-au-curry-cambodgien-khmer.jpg","contentUrl":"https:\/\/www.cambodiaacountryfullofcharm.com\/wp-content\/uploads\/2013\/09\/moule-au-curry-cambodgien-khmer.jpg","width":3184,"height":1604},{"@type":"BreadcrumbList","@id":"https:\/\/www.cambodiaacountryfullofcharm.com\/fr\/cuisine-khmer\/moule-au-curry-cambodgien\/#breadcrumb","itemListElement":[{"@type":"ListItem","position":1,"name":"Accueil","item":"https:\/\/www.cambodiaacountryfullofcharm.com\/fr\/"},{"@type":"ListItem","position":2,"name":"Cuisine Khmer","item":"https:\/\/www.cambodiaacountryfullofcharm.com\/fr\/cuisine-khmer\/"},{"@type":"ListItem","position":3,"name":"Moule au Curry Cambodgien"}]},{"@type":"WebSite","@id":"https:\/\/www.cambodiaacountryfullofcharm.com\/fr\/#website","url":"https:\/\/www.cambodiaacountryfullofcharm.com\/fr\/","name":"Guide voyage Cambodge","description":"Cambodge un pays plein de charme","publisher":{"@id":"https:\/\/www.cambodiaacountryfullofcharm.com\/fr\/#organization"},"potentialAction":[{"@type":"SearchAction","target":{"@type":"EntryPoint","urlTemplate":"https:\/\/www.cambodiaacountryfullofcharm.com\/fr\/?s={search_term_string}"},"query-input":{"@type":"PropertyValueSpecification","valueRequired":true,"valueName":"search_term_string"}}],"inLanguage":"fr-FR"},{"@type":"Organization","@id":"https:\/\/www.cambodiaacountryfullofcharm.com\/fr\/#organization","name":"Guide voyage Cambodge","url":"https:\/\/www.cambodiaacountryfullofcharm.com\/fr\/","logo":{"@type":"ImageObject","inLanguage":"fr-FR","@id":"https:\/\/www.cambodiaacountryfullofcharm.com\/fr\/#\/schema\/logo\/image\/","url":"https:\/\/www.cambodiaacountryfullofcharm.com\/wp-content\/uploads\/2022\/06\/Cambodia-a-country-full-of-charm-2-scaled.jpg","contentUrl":"https:\/\/www.cambodiaacountryfullofcharm.com\/wp-content\/uploads\/2022\/06\/Cambodia-a-country-full-of-charm-2-scaled.jpg","width":2560,"height":1709,"caption":"Guide voyage Cambodge"},"image":{"@id":"https:\/\/www.cambodiaacountryfullofcharm.com\/fr\/#\/schema\/logo\/image\/"}}]}},"_links":{"self":[{"href":"https:\/\/www.cambodiaacountryfullofcharm.com\/fr\/wp-json\/wp\/v2\/pages\/189","targetHints":{"allow":["GET"]}}],"collection":[{"href":"https:\/\/www.cambodiaacountryfullofcharm.com\/fr\/wp-json\/wp\/v2\/pages"}],"about":[{"href":"https:\/\/www.cambodiaacountryfullofcharm.com\/fr\/wp-json\/wp\/v2\/types\/page"}],"author":[{"embeddable":true,"href":"https:\/\/www.cambodiaacountryfullofcharm.com\/fr\/wp-json\/wp\/v2\/users\/1"}],"replies":[{"embeddable":true,"href":"https:\/\/www.cambodiaacountryfullofcharm.com\/fr\/wp-json\/wp\/v2\/comments?post=189"}],"version-history":[{"count":0,"href":"https:\/\/www.cambodiaacountryfullofcharm.com\/fr\/wp-json\/wp\/v2\/pages\/189\/revisions"}],"up":[{"embeddable":true,"href":"https:\/\/www.cambodiaacountryfullofcharm.com\/fr\/wp-json\/wp\/v2\/pages\/35"}],"wp:featuredmedia":[{"embeddable":true,"href":"https:\/\/www.cambodiaacountryfullofcharm.com\/fr\/wp-json\/wp\/v2\/media\/1416"}],"wp:attachment":[{"href":"https:\/\/www.cambodiaacountryfullofcharm.com\/fr\/wp-json\/wp\/v2\/media?parent=189"}],"curies":[{"name":"wp","href":"https:\/\/api.w.org\/{rel}","templated":true}]}}