{"id":2124,"date":"2014-06-30T12:46:56","date_gmt":"2014-06-30T11:46:56","guid":{"rendered":"http:\/\/www.cambodiaacountryfullofcharm.com\/?page_id=2124"},"modified":"2022-12-04T18:11:38","modified_gmt":"2022-12-04T17:11:38","slug":"temple-prasat-baksei-chamkrong-angkor-cambodge","status":"publish","type":"page","link":"https:\/\/www.cambodiaacountryfullofcharm.com\/fr\/les-temples-dangkor-wat\/temple-prasat-baksei-chamkrong-angkor-cambodge\/","title":{"rendered":"Prasat Baksei Chamkrong"},"content":{"rendered":"<h2>Prasat Baksei Chamkrong<\/h2>\n<p>Ce petit temple de 15\u00a0m\u00e8tres de haut construit en brique et lat\u00e9rite en forme de pyramide imposante de 4\u00a0niveaux diff\u00e9rents et de 27\u00a0m\u00e8tres de c\u00f4t\u00e9 est l\u2019un des temples hindouistes construits sur le site d\u2019<a href=\"https:\/\/www.cambodiaacountryfullofcharm.com\/fr\/les-temples-dangkor-wat\/angkor-wat-temple-au-cambodge\/\">Angkor Wat<\/a> au Cambodge, dans la province de Siem Reap, au d\u00e9but du X<sup>e<\/sup>\u00a0si\u00e8cle.<br \/>\nCe temple est surmont\u00e9 d\u2019une tour sanctuaire o\u00f9 vous pourrez voir de fausses portes en pierre, en gr\u00e8s, avec de tr\u00e8s jolies sculptures.<\/p>\n<p><img fetchpriority=\"high\" decoding=\"async\" class=\"aligncenter size-medium wp-image-2160\" src=\"https:\/\/www.cambodiaacountryfullofcharm.com\/wp-content\/uploads\/2014\/06\/temple-prasat-baksei-chamkrong-angkor-cambodia-0-225x300.jpg\" alt=\"temple-prasat-baksei-chamkrong-angkor-cambodia-0\" width=\"225\" height=\"300\" \/><\/p>\n<p>L\u2019histoire de ce temple, le Prasat Baksei Chamkrong, commence par Harshavaman I<sup>er<\/sup> qui en a commenc\u00e9 la construction au d\u00e9but du X<sup>e<\/sup>\u00a0si\u00e8cle. Il a ensuite s\u00fbrement \u00e9t\u00e9 restaur\u00e9 et am\u00e9lior\u00e9 par Rajendravarman\u00a0II qui consacra le temple \u00e0 \u015aiva avec l\u2019installation d\u2019un \u015aiva en or.<br \/>\nIl faut savoir que le Prasat Baksei Chamkrong a peut-\u00eatre aussi \u00e9t\u00e9 utilis\u00e9 comme temple fun\u00e9raire.<\/p>\n<p><img decoding=\"async\" class=\"aligncenter size-large wp-image-2147\" src=\"https:\/\/www.cambodiaacountryfullofcharm.com\/wp-content\/uploads\/2014\/06\/temple-prasat-baksei-chamkrong-angkor-cambodge-5-1024x768.jpg\" alt=\"temple-prasat-baksei-chamkrong-angkor-cambodge-5\" width=\"604\" height=\"453\" \/><\/p>\n<p>source <a title=\"pour plus d'information sur le Prasat Baksei Chamkrong vous pouvez aussi voir sur Wikip\u00e9dia vous y trouverez aussi d'autres informations \" href=\"http:\/\/www.fr.wikipedia.org\" target=\"_blank\" rel=\"noopener\">wikipedia<\/a><\/p>\n","protected":false},"excerpt":{"rendered":"<p>Prasat Baksei Chamkrong Ce petit temple de 15\u00a0m\u00e8tres de haut construit en brique et lat\u00e9rite en forme de pyramide imposante de 4\u00a0niveaux diff\u00e9rents et de 27\u00a0m\u00e8tres de c\u00f4t\u00e9 est l\u2019un des temples hindouistes construits sur le site d\u2019Angkor Wat au Cambodge, dans la province de Siem Reap, au d\u00e9but du Xe\u00a0si\u00e8cle. Ce temple est surmont\u00e9 &hellip; <\/p>\n","protected":false},"author":1,"featured_media":0,"parent":78,"menu_order":0,"comment_status":"closed","ping_status":"closed","template":"","meta":{"_themeisle_gutenberg_block_has_review":false,"footnotes":""},"class_list":["post-2124","page","type-page","status-publish","hentry"],"yoast_head":"<!-- This site is optimized with the Yoast SEO plugin v27.5 - https:\/\/yoast.com\/product\/yoast-seo-wordpress\/ -->\n<title>Prasat Baksei Chamkrong Angkor Wat au Cambodge<\/title>\n<meta name=\"description\" content=\"Prasat Baksei Chamkrong situ\u00e9 \u00e0 Angkor Wat au Cambodge , impr\u00e9ssionnant par sa forme , le prasat Baksei Chamkrong \u00e9tait consacr\u00e9 \u00e0 \u015aiva\" \/>\n<meta name=\"robots\" content=\"index, follow, max-snippet:-1, max-image-preview:large, max-video-preview:-1\" \/>\n<link rel=\"canonical\" href=\"https:\/\/www.cambodiaacountryfullofcharm.com\/fr\/les-temples-dangkor-wat\/temple-prasat-baksei-chamkrong-angkor-cambodge\/\" \/>\n<meta property=\"og:locale\" content=\"fr_FR\" \/>\n<meta property=\"og:type\" content=\"article\" \/>\n<meta property=\"og:title\" content=\"Prasat Baksei Chamkrong Angkor Wat Cambodge\" \/>\n<meta property=\"og:description\" content=\"Prasat Baksei Chamkrong situ\u00e9 \u00e0 Angkor Wat au Cambodge , impr\u00e9ssionnant par sa forme , le prasat Baksei Chamkrong \u00e9tait consacr\u00e9 \u00e0 \u015aiva\" \/>\n<meta property=\"og:url\" content=\"https:\/\/www.cambodiaacountryfullofcharm.com\/fr\/les-temples-dangkor-wat\/temple-prasat-baksei-chamkrong-angkor-cambodge\/\" \/>\n<meta property=\"og:site_name\" content=\"Guide voyage Cambodge\" \/>\n<meta property=\"article:modified_time\" content=\"2022-12-04T17:11:38+00:00\" \/>\n<meta property=\"og:image\" content=\"http:\/\/www.cambodiaacountryfullofcharm.com\/wp-content\/uploads\/2014\/06\/temple-prasat-baksei-chamkrong-angkor-cambodia-0-225x300.jpg\" \/>\n<meta name=\"twitter:card\" content=\"summary_large_image\" \/>\n<meta name=\"twitter:label1\" content=\"Dur\u00e9e de lecture estim\u00e9e\" \/>\n\t<meta name=\"twitter:data1\" content=\"2 minutes\" \/>\n<script type=\"application\/ld+json\" class=\"yoast-schema-graph\">{\"@context\":\"https:\\\/\\\/schema.org\",\"@graph\":[{\"@type\":\"WebPage\",\"@id\":\"https:\\\/\\\/www.cambodiaacountryfullofcharm.com\\\/fr\\\/les-temples-dangkor-wat\\\/temple-prasat-baksei-chamkrong-angkor-cambodge\\\/\",\"url\":\"https:\\\/\\\/www.cambodiaacountryfullofcharm.com\\\/fr\\\/les-temples-dangkor-wat\\\/temple-prasat-baksei-chamkrong-angkor-cambodge\\\/\",\"name\":\"Prasat Baksei Chamkrong Angkor Wat au Cambodge\",\"isPartOf\":{\"@id\":\"https:\\\/\\\/www.cambodiaacountryfullofcharm.com\\\/fr\\\/#website\"},\"primaryImageOfPage\":{\"@id\":\"https:\\\/\\\/www.cambodiaacountryfullofcharm.com\\\/fr\\\/les-temples-dangkor-wat\\\/temple-prasat-baksei-chamkrong-angkor-cambodge\\\/#primaryimage\"},\"image\":{\"@id\":\"https:\\\/\\\/www.cambodiaacountryfullofcharm.com\\\/fr\\\/les-temples-dangkor-wat\\\/temple-prasat-baksei-chamkrong-angkor-cambodge\\\/#primaryimage\"},\"thumbnailUrl\":\"https:\\\/\\\/www.cambodiaacountryfullofcharm.com\\\/wp-content\\\/uploads\\\/2014\\\/06\\\/temple-prasat-baksei-chamkrong-angkor-cambodia-0-225x300.jpg\",\"datePublished\":\"2014-06-30T11:46:56+00:00\",\"dateModified\":\"2022-12-04T17:11:38+00:00\",\"description\":\"Prasat Baksei Chamkrong situ\u00e9 \u00e0 Angkor Wat au Cambodge , impr\u00e9ssionnant par sa forme , le prasat Baksei Chamkrong \u00e9tait consacr\u00e9 \u00e0 \u015aiva\",\"breadcrumb\":{\"@id\":\"https:\\\/\\\/www.cambodiaacountryfullofcharm.com\\\/fr\\\/les-temples-dangkor-wat\\\/temple-prasat-baksei-chamkrong-angkor-cambodge\\\/#breadcrumb\"},\"inLanguage\":\"fr-FR\",\"potentialAction\":[{\"@type\":\"ReadAction\",\"target\":[\"https:\\\/\\\/www.cambodiaacountryfullofcharm.com\\\/fr\\\/les-temples-dangkor-wat\\\/temple-prasat-baksei-chamkrong-angkor-cambodge\\\/\"]}]},{\"@type\":\"ImageObject\",\"inLanguage\":\"fr-FR\",\"@id\":\"https:\\\/\\\/www.cambodiaacountryfullofcharm.com\\\/fr\\\/les-temples-dangkor-wat\\\/temple-prasat-baksei-chamkrong-angkor-cambodge\\\/#primaryimage\",\"url\":\"https:\\\/\\\/www.cambodiaacountryfullofcharm.com\\\/wp-content\\\/uploads\\\/2014\\\/06\\\/temple-prasat-baksei-chamkrong-angkor-cambodia-0-225x300.jpg\",\"contentUrl\":\"https:\\\/\\\/www.cambodiaacountryfullofcharm.com\\\/wp-content\\\/uploads\\\/2014\\\/06\\\/temple-prasat-baksei-chamkrong-angkor-cambodia-0-225x300.jpg\"},{\"@type\":\"BreadcrumbList\",\"@id\":\"https:\\\/\\\/www.cambodiaacountryfullofcharm.com\\\/fr\\\/les-temples-dangkor-wat\\\/temple-prasat-baksei-chamkrong-angkor-cambodge\\\/#breadcrumb\",\"itemListElement\":[{\"@type\":\"ListItem\",\"position\":1,\"name\":\"Accueil\",\"item\":\"https:\\\/\\\/www.cambodiaacountryfullofcharm.com\\\/fr\\\/\"},{\"@type\":\"ListItem\",\"position\":2,\"name\":\"les temples d'Angkor Wat\",\"item\":\"https:\\\/\\\/www.cambodiaacountryfullofcharm.com\\\/fr\\\/les-temples-dangkor-wat\\\/\"},{\"@type\":\"ListItem\",\"position\":3,\"name\":\"Prasat Baksei Chamkrong\"}]},{\"@type\":\"WebSite\",\"@id\":\"https:\\\/\\\/www.cambodiaacountryfullofcharm.com\\\/fr\\\/#website\",\"url\":\"https:\\\/\\\/www.cambodiaacountryfullofcharm.com\\\/fr\\\/\",\"name\":\"Guide voyage Cambodge\",\"description\":\"Cambodge un pays plein de charme\",\"publisher\":{\"@id\":\"https:\\\/\\\/www.cambodiaacountryfullofcharm.com\\\/fr\\\/#organization\"},\"potentialAction\":[{\"@type\":\"SearchAction\",\"target\":{\"@type\":\"EntryPoint\",\"urlTemplate\":\"https:\\\/\\\/www.cambodiaacountryfullofcharm.com\\\/fr\\\/?s={search_term_string}\"},\"query-input\":{\"@type\":\"PropertyValueSpecification\",\"valueRequired\":true,\"valueName\":\"search_term_string\"}}],\"inLanguage\":\"fr-FR\"},{\"@type\":\"Organization\",\"@id\":\"https:\\\/\\\/www.cambodiaacountryfullofcharm.com\\\/fr\\\/#organization\",\"name\":\"Guide voyage Cambodge\",\"url\":\"https:\\\/\\\/www.cambodiaacountryfullofcharm.com\\\/fr\\\/\",\"logo\":{\"@type\":\"ImageObject\",\"inLanguage\":\"fr-FR\",\"@id\":\"https:\\\/\\\/www.cambodiaacountryfullofcharm.com\\\/fr\\\/#\\\/schema\\\/logo\\\/image\\\/\",\"url\":\"https:\\\/\\\/www.cambodiaacountryfullofcharm.com\\\/wp-content\\\/uploads\\\/2022\\\/06\\\/Cambodia-a-country-full-of-charm-2-scaled.jpg\",\"contentUrl\":\"https:\\\/\\\/www.cambodiaacountryfullofcharm.com\\\/wp-content\\\/uploads\\\/2022\\\/06\\\/Cambodia-a-country-full-of-charm-2-scaled.jpg\",\"width\":2560,\"height\":1709,\"caption\":\"Guide voyage Cambodge\"},\"image\":{\"@id\":\"https:\\\/\\\/www.cambodiaacountryfullofcharm.com\\\/fr\\\/#\\\/schema\\\/logo\\\/image\\\/\"}}]}<\/script>\n<!-- \/ Yoast SEO plugin. -->","yoast_head_json":{"title":"Prasat Baksei Chamkrong Angkor Wat au Cambodge","description":"Prasat Baksei Chamkrong situ\u00e9 \u00e0 Angkor Wat au Cambodge , impr\u00e9ssionnant par sa forme , le prasat Baksei Chamkrong \u00e9tait consacr\u00e9 \u00e0 \u015aiva","robots":{"index":"index","follow":"follow","max-snippet":"max-snippet:-1","max-image-preview":"max-image-preview:large","max-video-preview":"max-video-preview:-1"},"canonical":"https:\/\/www.cambodiaacountryfullofcharm.com\/fr\/les-temples-dangkor-wat\/temple-prasat-baksei-chamkrong-angkor-cambodge\/","og_locale":"fr_FR","og_type":"article","og_title":"Prasat Baksei Chamkrong Angkor Wat Cambodge","og_description":"Prasat Baksei Chamkrong situ\u00e9 \u00e0 Angkor Wat au Cambodge , impr\u00e9ssionnant par sa forme , le prasat Baksei Chamkrong \u00e9tait consacr\u00e9 \u00e0 \u015aiva","og_url":"https:\/\/www.cambodiaacountryfullofcharm.com\/fr\/les-temples-dangkor-wat\/temple-prasat-baksei-chamkrong-angkor-cambodge\/","og_site_name":"Guide voyage Cambodge","article_modified_time":"2022-12-04T17:11:38+00:00","og_image":[{"url":"http:\/\/www.cambodiaacountryfullofcharm.com\/wp-content\/uploads\/2014\/06\/temple-prasat-baksei-chamkrong-angkor-cambodia-0-225x300.jpg","type":"","width":"","height":""}],"twitter_card":"summary_large_image","twitter_misc":{"Dur\u00e9e de lecture estim\u00e9e":"2 minutes"},"schema":{"@context":"https:\/\/schema.org","@graph":[{"@type":"WebPage","@id":"https:\/\/www.cambodiaacountryfullofcharm.com\/fr\/les-temples-dangkor-wat\/temple-prasat-baksei-chamkrong-angkor-cambodge\/","url":"https:\/\/www.cambodiaacountryfullofcharm.com\/fr\/les-temples-dangkor-wat\/temple-prasat-baksei-chamkrong-angkor-cambodge\/","name":"Prasat Baksei Chamkrong Angkor Wat au Cambodge","isPartOf":{"@id":"https:\/\/www.cambodiaacountryfullofcharm.com\/fr\/#website"},"primaryImageOfPage":{"@id":"https:\/\/www.cambodiaacountryfullofcharm.com\/fr\/les-temples-dangkor-wat\/temple-prasat-baksei-chamkrong-angkor-cambodge\/#primaryimage"},"image":{"@id":"https:\/\/www.cambodiaacountryfullofcharm.com\/fr\/les-temples-dangkor-wat\/temple-prasat-baksei-chamkrong-angkor-cambodge\/#primaryimage"},"thumbnailUrl":"https:\/\/www.cambodiaacountryfullofcharm.com\/wp-content\/uploads\/2014\/06\/temple-prasat-baksei-chamkrong-angkor-cambodia-0-225x300.jpg","datePublished":"2014-06-30T11:46:56+00:00","dateModified":"2022-12-04T17:11:38+00:00","description":"Prasat Baksei Chamkrong situ\u00e9 \u00e0 Angkor Wat au Cambodge , impr\u00e9ssionnant par sa forme , le prasat Baksei Chamkrong \u00e9tait consacr\u00e9 \u00e0 \u015aiva","breadcrumb":{"@id":"https:\/\/www.cambodiaacountryfullofcharm.com\/fr\/les-temples-dangkor-wat\/temple-prasat-baksei-chamkrong-angkor-cambodge\/#breadcrumb"},"inLanguage":"fr-FR","potentialAction":[{"@type":"ReadAction","target":["https:\/\/www.cambodiaacountryfullofcharm.com\/fr\/les-temples-dangkor-wat\/temple-prasat-baksei-chamkrong-angkor-cambodge\/"]}]},{"@type":"ImageObject","inLanguage":"fr-FR","@id":"https:\/\/www.cambodiaacountryfullofcharm.com\/fr\/les-temples-dangkor-wat\/temple-prasat-baksei-chamkrong-angkor-cambodge\/#primaryimage","url":"https:\/\/www.cambodiaacountryfullofcharm.com\/wp-content\/uploads\/2014\/06\/temple-prasat-baksei-chamkrong-angkor-cambodia-0-225x300.jpg","contentUrl":"https:\/\/www.cambodiaacountryfullofcharm.com\/wp-content\/uploads\/2014\/06\/temple-prasat-baksei-chamkrong-angkor-cambodia-0-225x300.jpg"},{"@type":"BreadcrumbList","@id":"https:\/\/www.cambodiaacountryfullofcharm.com\/fr\/les-temples-dangkor-wat\/temple-prasat-baksei-chamkrong-angkor-cambodge\/#breadcrumb","itemListElement":[{"@type":"ListItem","position":1,"name":"Accueil","item":"https:\/\/www.cambodiaacountryfullofcharm.com\/fr\/"},{"@type":"ListItem","position":2,"name":"les temples d'Angkor Wat","item":"https:\/\/www.cambodiaacountryfullofcharm.com\/fr\/les-temples-dangkor-wat\/"},{"@type":"ListItem","position":3,"name":"Prasat Baksei Chamkrong"}]},{"@type":"WebSite","@id":"https:\/\/www.cambodiaacountryfullofcharm.com\/fr\/#website","url":"https:\/\/www.cambodiaacountryfullofcharm.com\/fr\/","name":"Guide voyage Cambodge","description":"Cambodge un pays plein de charme","publisher":{"@id":"https:\/\/www.cambodiaacountryfullofcharm.com\/fr\/#organization"},"potentialAction":[{"@type":"SearchAction","target":{"@type":"EntryPoint","urlTemplate":"https:\/\/www.cambodiaacountryfullofcharm.com\/fr\/?s={search_term_string}"},"query-input":{"@type":"PropertyValueSpecification","valueRequired":true,"valueName":"search_term_string"}}],"inLanguage":"fr-FR"},{"@type":"Organization","@id":"https:\/\/www.cambodiaacountryfullofcharm.com\/fr\/#organization","name":"Guide voyage Cambodge","url":"https:\/\/www.cambodiaacountryfullofcharm.com\/fr\/","logo":{"@type":"ImageObject","inLanguage":"fr-FR","@id":"https:\/\/www.cambodiaacountryfullofcharm.com\/fr\/#\/schema\/logo\/image\/","url":"https:\/\/www.cambodiaacountryfullofcharm.com\/wp-content\/uploads\/2022\/06\/Cambodia-a-country-full-of-charm-2-scaled.jpg","contentUrl":"https:\/\/www.cambodiaacountryfullofcharm.com\/wp-content\/uploads\/2022\/06\/Cambodia-a-country-full-of-charm-2-scaled.jpg","width":2560,"height":1709,"caption":"Guide voyage Cambodge"},"image":{"@id":"https:\/\/www.cambodiaacountryfullofcharm.com\/fr\/#\/schema\/logo\/image\/"}}]}},"_links":{"self":[{"href":"https:\/\/www.cambodiaacountryfullofcharm.com\/fr\/wp-json\/wp\/v2\/pages\/2124","targetHints":{"allow":["GET"]}}],"collection":[{"href":"https:\/\/www.cambodiaacountryfullofcharm.com\/fr\/wp-json\/wp\/v2\/pages"}],"about":[{"href":"https:\/\/www.cambodiaacountryfullofcharm.com\/fr\/wp-json\/wp\/v2\/types\/page"}],"author":[{"embeddable":true,"href":"https:\/\/www.cambodiaacountryfullofcharm.com\/fr\/wp-json\/wp\/v2\/users\/1"}],"replies":[{"embeddable":true,"href":"https:\/\/www.cambodiaacountryfullofcharm.com\/fr\/wp-json\/wp\/v2\/comments?post=2124"}],"version-history":[{"count":0,"href":"https:\/\/www.cambodiaacountryfullofcharm.com\/fr\/wp-json\/wp\/v2\/pages\/2124\/revisions"}],"up":[{"embeddable":true,"href":"https:\/\/www.cambodiaacountryfullofcharm.com\/fr\/wp-json\/wp\/v2\/pages\/78"}],"wp:attachment":[{"href":"https:\/\/www.cambodiaacountryfullofcharm.com\/fr\/wp-json\/wp\/v2\/media?parent=2124"}],"curies":[{"name":"wp","href":"https:\/\/api.w.org\/{rel}","templated":true}]}}