{"id":25,"date":"2013-09-15T06:09:15","date_gmt":"2013-09-15T05:09:15","guid":{"rendered":"http:\/\/cambodiaacountryfullofcharm.com\/?page_id=25"},"modified":"2023-07-12T21:23:50","modified_gmt":"2023-07-12T20:23:50","slug":"cambodge-information-pratique","status":"publish","type":"page","link":"https:\/\/www.cambodiaacountryfullofcharm.com\/fr\/cambodge-information-pratique\/","title":{"rendered":"Information"},"content":{"rendered":"<h2>information<\/h2>\n<p>Information tr\u00e8s utile concernant le <a title=\"Cambodge\" href=\"https:\/\/www.facebook.com\/CambodiaACountryFullOfCharm\">Cambodge<\/a> avant votre voyage. Comme pour tout voyage dans un pays \u00e9tranger, un voyage ne s\u2019organise pas \u00e0 la derni\u00e8re minute, il est donc important de se renseigner avant tout d\u00e9part. Vous trouverez donc des informations tr\u00e8s utiles sur la <a title=\"information tr\u00e8s utiles sur la monaie riel cambodgien\" href=\"http:\/\/www.cambodiaacountryfullofcharm.com\/monnaie-riel-cambodgien\/\">monnaie utiliser<\/a> , mais aussi pour le <a title=\"visa pour le cambodge\" href=\"http:\/\/www.cambodiaacountryfullofcharm.com\/visa-pour-le-cambodge\/\">visa<\/a> , <a title=\"information sur le transport deplacements au cambodge\" href=\"http:\/\/www.cambodiaacountryfullofcharm.com\/transport-deplacements\/\">le transport<\/a> pour se d\u00e9placer\u2026 Eh oui, arriv\u00e9 au Cambodge, il faudra bien vous d\u00e9placer\u2009! Le Cambodge est tr\u00e8s d\u00e9paysant, aussi bien \u00e0 la <a title=\"visiter les provinces du cambodge\" href=\"http:\/\/www.cambodiaacountryfullofcharm.com\/visiter-les-provinces-du-cambodge\/\">campagne<\/a> pour son rythme de vie qui semble n\u2019avoir jamais chang\u00e9 depuis la nuit des temps que par le changement incessant de la capitale et des villes touristiques. Vous y trouverez aussi des informations sur les jours f\u00e9ri\u00e9s et le climat du Cambodge. Ce pays est vraiment de toute beaut\u00e9, ne soyez pas trop press\u00e9 pendant votre s\u00e9jour, c\u2019est un pays o\u00f9 l\u2019on aime prendre le temps de vivre.<\/p>\n","protected":false},"excerpt":{"rendered":"<p>information Information tr\u00e8s utile concernant le Cambodge avant votre voyage. Comme pour tout voyage dans un pays \u00e9tranger, un voyage ne s\u2019organise pas \u00e0 la derni\u00e8re minute, il est donc important de se renseigner avant tout d\u00e9part. Vous trouverez donc des informations tr\u00e8s utiles sur la monnaie utiliser , mais aussi pour le visa , &hellip; <\/p>\n","protected":false},"author":1,"featured_media":0,"parent":0,"menu_order":0,"comment_status":"closed","ping_status":"closed","template":"","meta":{"_themeisle_gutenberg_block_has_review":false,"footnotes":""},"class_list":["post-25","page","type-page","status-publish","hentry"],"yoast_head":"<!-- This site is optimized with the Yoast SEO plugin v27.5 - https:\/\/yoast.com\/product\/yoast-seo-wordpress\/ -->\n<title>information pratique pour votre voyage au Cambodge<\/title>\n<meta name=\"description\" content=\"information pratique pour tout connaitre avant votre d\u00e9part pour le Cambodge , pour passez de tr\u00e8s bonne vacance au Cambodge avec votre famille\" \/>\n<meta name=\"robots\" content=\"index, follow, max-snippet:-1, max-image-preview:large, max-video-preview:-1\" \/>\n<link rel=\"canonical\" href=\"https:\/\/www.cambodiaacountryfullofcharm.com\/fr\/cambodge-information-pratique\/\" \/>\n<meta property=\"og:locale\" content=\"fr_FR\" \/>\n<meta property=\"og:type\" content=\"article\" \/>\n<meta property=\"og:title\" content=\"information pratique pour votre voyage au Cambodge\" \/>\n<meta property=\"og:description\" content=\"information pratique pour tout connaitre avant votre d\u00e9part pour le Cambodge , pour passez de tr\u00e8s bonne vacance au Cambodge avec votre famille\" \/>\n<meta property=\"og:url\" content=\"https:\/\/www.cambodiaacountryfullofcharm.com\/fr\/cambodge-information-pratique\/\" \/>\n<meta property=\"og:site_name\" content=\"Guide voyage Cambodge\" \/>\n<meta property=\"article:modified_time\" content=\"2023-07-12T20:23:50+00:00\" \/>\n<meta name=\"twitter:card\" content=\"summary_large_image\" \/>\n<meta name=\"twitter:label1\" content=\"Dur\u00e9e de lecture estim\u00e9e\" \/>\n\t<meta name=\"twitter:data1\" content=\"1 minute\" \/>\n<script type=\"application\/ld+json\" class=\"yoast-schema-graph\">{\"@context\":\"https:\\\/\\\/schema.org\",\"@graph\":[{\"@type\":\"WebPage\",\"@id\":\"https:\\\/\\\/www.cambodiaacountryfullofcharm.com\\\/fr\\\/cambodge-information-pratique\\\/\",\"url\":\"https:\\\/\\\/www.cambodiaacountryfullofcharm.com\\\/fr\\\/cambodge-information-pratique\\\/\",\"name\":\"information pratique pour votre voyage au Cambodge\",\"isPartOf\":{\"@id\":\"https:\\\/\\\/www.cambodiaacountryfullofcharm.com\\\/fr\\\/#website\"},\"datePublished\":\"2013-09-15T05:09:15+00:00\",\"dateModified\":\"2023-07-12T20:23:50+00:00\",\"description\":\"information pratique pour tout connaitre avant votre d\u00e9part pour le Cambodge , pour passez de tr\u00e8s bonne vacance au Cambodge avec votre famille\",\"breadcrumb\":{\"@id\":\"https:\\\/\\\/www.cambodiaacountryfullofcharm.com\\\/fr\\\/cambodge-information-pratique\\\/#breadcrumb\"},\"inLanguage\":\"fr-FR\",\"potentialAction\":[{\"@type\":\"ReadAction\",\"target\":[\"https:\\\/\\\/www.cambodiaacountryfullofcharm.com\\\/fr\\\/cambodge-information-pratique\\\/\"]}]},{\"@type\":\"BreadcrumbList\",\"@id\":\"https:\\\/\\\/www.cambodiaacountryfullofcharm.com\\\/fr\\\/cambodge-information-pratique\\\/#breadcrumb\",\"itemListElement\":[{\"@type\":\"ListItem\",\"position\":1,\"name\":\"Accueil\",\"item\":\"https:\\\/\\\/www.cambodiaacountryfullofcharm.com\\\/fr\\\/\"},{\"@type\":\"ListItem\",\"position\":2,\"name\":\"Information\"}]},{\"@type\":\"WebSite\",\"@id\":\"https:\\\/\\\/www.cambodiaacountryfullofcharm.com\\\/fr\\\/#website\",\"url\":\"https:\\\/\\\/www.cambodiaacountryfullofcharm.com\\\/fr\\\/\",\"name\":\"Guide voyage Cambodge\",\"description\":\"Cambodge un pays plein de charme\",\"publisher\":{\"@id\":\"https:\\\/\\\/www.cambodiaacountryfullofcharm.com\\\/fr\\\/#organization\"},\"potentialAction\":[{\"@type\":\"SearchAction\",\"target\":{\"@type\":\"EntryPoint\",\"urlTemplate\":\"https:\\\/\\\/www.cambodiaacountryfullofcharm.com\\\/fr\\\/?s={search_term_string}\"},\"query-input\":{\"@type\":\"PropertyValueSpecification\",\"valueRequired\":true,\"valueName\":\"search_term_string\"}}],\"inLanguage\":\"fr-FR\"},{\"@type\":\"Organization\",\"@id\":\"https:\\\/\\\/www.cambodiaacountryfullofcharm.com\\\/fr\\\/#organization\",\"name\":\"Guide voyage Cambodge\",\"url\":\"https:\\\/\\\/www.cambodiaacountryfullofcharm.com\\\/fr\\\/\",\"logo\":{\"@type\":\"ImageObject\",\"inLanguage\":\"fr-FR\",\"@id\":\"https:\\\/\\\/www.cambodiaacountryfullofcharm.com\\\/fr\\\/#\\\/schema\\\/logo\\\/image\\\/\",\"url\":\"https:\\\/\\\/www.cambodiaacountryfullofcharm.com\\\/wp-content\\\/uploads\\\/2022\\\/06\\\/Cambodia-a-country-full-of-charm-2-scaled.jpg\",\"contentUrl\":\"https:\\\/\\\/www.cambodiaacountryfullofcharm.com\\\/wp-content\\\/uploads\\\/2022\\\/06\\\/Cambodia-a-country-full-of-charm-2-scaled.jpg\",\"width\":2560,\"height\":1709,\"caption\":\"Guide voyage Cambodge\"},\"image\":{\"@id\":\"https:\\\/\\\/www.cambodiaacountryfullofcharm.com\\\/fr\\\/#\\\/schema\\\/logo\\\/image\\\/\"}}]}<\/script>\n<!-- \/ Yoast SEO plugin. -->","yoast_head_json":{"title":"information pratique pour votre voyage au Cambodge","description":"information pratique pour tout connaitre avant votre d\u00e9part pour le Cambodge , pour passez de tr\u00e8s bonne vacance au Cambodge avec votre famille","robots":{"index":"index","follow":"follow","max-snippet":"max-snippet:-1","max-image-preview":"max-image-preview:large","max-video-preview":"max-video-preview:-1"},"canonical":"https:\/\/www.cambodiaacountryfullofcharm.com\/fr\/cambodge-information-pratique\/","og_locale":"fr_FR","og_type":"article","og_title":"information pratique pour votre voyage au Cambodge","og_description":"information pratique pour tout connaitre avant votre d\u00e9part pour le Cambodge , pour passez de tr\u00e8s bonne vacance au Cambodge avec votre famille","og_url":"https:\/\/www.cambodiaacountryfullofcharm.com\/fr\/cambodge-information-pratique\/","og_site_name":"Guide voyage Cambodge","article_modified_time":"2023-07-12T20:23:50+00:00","twitter_card":"summary_large_image","twitter_misc":{"Dur\u00e9e de lecture estim\u00e9e":"1 minute"},"schema":{"@context":"https:\/\/schema.org","@graph":[{"@type":"WebPage","@id":"https:\/\/www.cambodiaacountryfullofcharm.com\/fr\/cambodge-information-pratique\/","url":"https:\/\/www.cambodiaacountryfullofcharm.com\/fr\/cambodge-information-pratique\/","name":"information pratique pour votre voyage au Cambodge","isPartOf":{"@id":"https:\/\/www.cambodiaacountryfullofcharm.com\/fr\/#website"},"datePublished":"2013-09-15T05:09:15+00:00","dateModified":"2023-07-12T20:23:50+00:00","description":"information pratique pour tout connaitre avant votre d\u00e9part pour le Cambodge , pour passez de tr\u00e8s bonne vacance au Cambodge avec votre famille","breadcrumb":{"@id":"https:\/\/www.cambodiaacountryfullofcharm.com\/fr\/cambodge-information-pratique\/#breadcrumb"},"inLanguage":"fr-FR","potentialAction":[{"@type":"ReadAction","target":["https:\/\/www.cambodiaacountryfullofcharm.com\/fr\/cambodge-information-pratique\/"]}]},{"@type":"BreadcrumbList","@id":"https:\/\/www.cambodiaacountryfullofcharm.com\/fr\/cambodge-information-pratique\/#breadcrumb","itemListElement":[{"@type":"ListItem","position":1,"name":"Accueil","item":"https:\/\/www.cambodiaacountryfullofcharm.com\/fr\/"},{"@type":"ListItem","position":2,"name":"Information"}]},{"@type":"WebSite","@id":"https:\/\/www.cambodiaacountryfullofcharm.com\/fr\/#website","url":"https:\/\/www.cambodiaacountryfullofcharm.com\/fr\/","name":"Guide voyage Cambodge","description":"Cambodge un pays plein de charme","publisher":{"@id":"https:\/\/www.cambodiaacountryfullofcharm.com\/fr\/#organization"},"potentialAction":[{"@type":"SearchAction","target":{"@type":"EntryPoint","urlTemplate":"https:\/\/www.cambodiaacountryfullofcharm.com\/fr\/?s={search_term_string}"},"query-input":{"@type":"PropertyValueSpecification","valueRequired":true,"valueName":"search_term_string"}}],"inLanguage":"fr-FR"},{"@type":"Organization","@id":"https:\/\/www.cambodiaacountryfullofcharm.com\/fr\/#organization","name":"Guide voyage Cambodge","url":"https:\/\/www.cambodiaacountryfullofcharm.com\/fr\/","logo":{"@type":"ImageObject","inLanguage":"fr-FR","@id":"https:\/\/www.cambodiaacountryfullofcharm.com\/fr\/#\/schema\/logo\/image\/","url":"https:\/\/www.cambodiaacountryfullofcharm.com\/wp-content\/uploads\/2022\/06\/Cambodia-a-country-full-of-charm-2-scaled.jpg","contentUrl":"https:\/\/www.cambodiaacountryfullofcharm.com\/wp-content\/uploads\/2022\/06\/Cambodia-a-country-full-of-charm-2-scaled.jpg","width":2560,"height":1709,"caption":"Guide voyage Cambodge"},"image":{"@id":"https:\/\/www.cambodiaacountryfullofcharm.com\/fr\/#\/schema\/logo\/image\/"}}]}},"_links":{"self":[{"href":"https:\/\/www.cambodiaacountryfullofcharm.com\/fr\/wp-json\/wp\/v2\/pages\/25","targetHints":{"allow":["GET"]}}],"collection":[{"href":"https:\/\/www.cambodiaacountryfullofcharm.com\/fr\/wp-json\/wp\/v2\/pages"}],"about":[{"href":"https:\/\/www.cambodiaacountryfullofcharm.com\/fr\/wp-json\/wp\/v2\/types\/page"}],"author":[{"embeddable":true,"href":"https:\/\/www.cambodiaacountryfullofcharm.com\/fr\/wp-json\/wp\/v2\/users\/1"}],"replies":[{"embeddable":true,"href":"https:\/\/www.cambodiaacountryfullofcharm.com\/fr\/wp-json\/wp\/v2\/comments?post=25"}],"version-history":[{"count":0,"href":"https:\/\/www.cambodiaacountryfullofcharm.com\/fr\/wp-json\/wp\/v2\/pages\/25\/revisions"}],"wp:attachment":[{"href":"https:\/\/www.cambodiaacountryfullofcharm.com\/fr\/wp-json\/wp\/v2\/media?parent=25"}],"curies":[{"name":"wp","href":"https:\/\/api.w.org\/{rel}","templated":true}]}}