{"id":3150,"date":"2014-10-21T16:45:40","date_gmt":"2014-10-21T15:45:40","guid":{"rendered":"http:\/\/www.cambodiaacountryfullofcharm.com\/?page_id=3150"},"modified":"2022-12-04T17:00:05","modified_gmt":"2022-12-04T16:00:05","slug":"recette-du-chakrey-chan","status":"publish","type":"page","link":"https:\/\/www.cambodiaacountryfullofcharm.com\/fr\/cuisine-khmer\/desserts-cambodgiens\/recette-du-chakrey-chan\/","title":{"rendered":"Chakrey Chan"},"content":{"rendered":"<h2>Chakrey Chan<\/h2>\n<p>200g de farine de tapioca<br \/>\n100g de farine de riz<br \/>\n350 g de sucre<br \/>\n200ml de lait de coco<br \/>\n400 ml d&#8217;eau de rose<br \/>\npour la couleur utiliser le colorant de votre choix<\/p>\n<h5>pr\u00e9paration<\/h5>\n<p>1. faire bouillir l&#8217;eau de rose avec le sucre pour faire un sirop et versez le lait de coco ensuite laisser refroidir .<\/p>\n<p>2. m\u00e9langer les deux farines et bien m\u00e9langer avec un fouet \u00e0 la main ensuite vers\u00e9 la farine dans le sirop et divis\u00e9e en 3 parties pour avoir plusieurs couleurs .<br \/>\n<img fetchpriority=\"high\" decoding=\"async\" class=\"aligncenter size-medium wp-image-3188\" src=\"http:\/\/www.cambodiaacountryfullofcharm.com\/wp-content\/uploads\/2014\/10\/recette-chakrey-chan-desserts-cambodgiens-1-300x200.jpg\" alt=\"recette-chakrey-chan-desserts-cambodgiens-1\" width=\"300\" height=\"200\">3. pour la cuisson versez la pr\u00e9paration dans le plat et attendre 10 \u00e0 15 minutes jusqu&#8217;\u00e0 ce qu&#8217;il soit cuit avant d&#8217;ajouter les autres couleurs au fur et \u00e0 mesure de la cuisson .<\/p>\n<p>cette recette du Chakrey Chan ressemble de pr\u00e8s au &#8220;Nom Chakachan&#8221; \u00e0 la diff\u00e9rence que normalement elle est r\u00e9alis\u00e9 avec de l&#8217;eau et non de l&#8217;eau de rose .<br \/>\napr\u00e8s la cuisson laisser refroidir et couper en morceaux d&#8217;\u00e9paisseur de votre choix .<br \/>\nl&#8217;avantage de r\u00e9aliser la recette du Chakrey Chan avec de l&#8217;eau de rose c&#8217;est de sentir le parfum qui accompagne cette recette pendant votre repas .<br \/>\n<img decoding=\"async\" class=\"aligncenter size-large wp-image-3189\" src=\"http:\/\/www.cambodiaacountryfullofcharm.com\/wp-content\/uploads\/2014\/10\/chakrey-chan-recette-dessert-cambodgien-cuisine-du-cambodge-1024x683.jpg\" alt=\"chakrey-chan-recette-dessert-cambodgien-cuisine-du-cambodge\" width=\"604\" height=\"402\"><br \/>\ncette recette a \u00e9t\u00e9 r\u00e9aliser avec la participation des menbres du site &#8221; <span style=\"color: #000080;\"><a style=\"color: #000080;\" title=\"pour avoir encore plus d'information sur le Cambodge aller voir le site de chanbokeo.com et vous pourrez aussi y d\u00e9couvrir d'autre recete de cuisine du Cambodge \" href=\"http:\/\/www.chanbokeo.com\/\" target=\"_blank\" rel=\"noopener\">chambokeo.com<\/a><\/span> &#8220;<\/p>\n","protected":false},"excerpt":{"rendered":"<p>Chakrey Chan 200g de farine de tapioca 100g de farine de riz 350 g de sucre 200ml de lait de coco 400 ml d&#8217;eau de rose pour la couleur utiliser le colorant de votre choix pr\u00e9paration 1. faire bouillir l&#8217;eau de rose avec le sucre pour faire un sirop et versez le lait de coco &hellip; <\/p>\n","protected":false},"author":1,"featured_media":0,"parent":3164,"menu_order":0,"comment_status":"closed","ping_status":"closed","template":"","meta":{"_themeisle_gutenberg_block_has_review":false,"footnotes":""},"class_list":["post-3150","page","type-page","status-publish","hentry"],"yoast_head":"<!-- This site is optimized with the Yoast SEO plugin v27.6 - https:\/\/yoast.com\/product\/yoast-seo-wordpress\/ -->\n<title>Chakrey Chan un dessert Cambodgien r\u00e9alis\u00e9 \u00e0 l&#039;eau de rose<\/title>\n<meta name=\"description\" content=\"Chakrey Chan une recette de desserts cambodgiens facile \u00e0 r\u00e9aliser. Chakrey Chan est un dessert cambodgien m\u00e9langeant la douceur de l&#039;eau de rose et le go\u00fbt\" \/>\n<meta name=\"robots\" content=\"index, follow, max-snippet:-1, max-image-preview:large, max-video-preview:-1\" \/>\n<link rel=\"canonical\" href=\"https:\/\/www.cambodiaacountryfullofcharm.com\/fr\/cuisine-khmer\/desserts-cambodgiens\/recette-du-chakrey-chan\/\" \/>\n<meta property=\"og:locale\" content=\"fr_FR\" \/>\n<meta property=\"og:type\" content=\"article\" \/>\n<meta property=\"og:title\" content=\"Chakrey Chan un dessert Cambodgien r\u00e9alis\u00e9 \u00e0 l&#039;eau de rose\" \/>\n<meta property=\"og:description\" content=\"Chakrey Chan Une recette de dessert cambodgien facile \u00e0 r\u00e9aliser. Chakrey Chan est un dessert cambodgien m\u00e9langeant la douceur de l&#039;eau de rose et le go\u00fbt..\" \/>\n<meta property=\"og:url\" content=\"https:\/\/www.cambodiaacountryfullofcharm.com\/fr\/cuisine-khmer\/desserts-cambodgiens\/recette-du-chakrey-chan\/\" \/>\n<meta property=\"og:site_name\" content=\"Guide voyage Cambodge\" \/>\n<meta property=\"article:modified_time\" content=\"2022-12-04T16:00:05+00:00\" \/>\n<meta property=\"og:image\" content=\"http:\/\/www.cambodiaacountryfullofcharm.com\/wp-content\/uploads\/2014\/10\/recette-chakrey-chan-desserts-cambodgiens-1-300x200.jpg\" \/>\n<meta name=\"twitter:card\" content=\"summary_large_image\" \/>\n<meta name=\"twitter:label1\" content=\"Dur\u00e9e de lecture estim\u00e9e\" \/>\n\t<meta name=\"twitter:data1\" content=\"2 minutes\" \/>\n<script type=\"application\/ld+json\" class=\"yoast-schema-graph\">{\"@context\":\"https:\\\/\\\/schema.org\",\"@graph\":[{\"@type\":\"WebPage\",\"@id\":\"https:\\\/\\\/www.cambodiaacountryfullofcharm.com\\\/fr\\\/cuisine-khmer\\\/desserts-cambodgiens\\\/recette-du-chakrey-chan\\\/\",\"url\":\"https:\\\/\\\/www.cambodiaacountryfullofcharm.com\\\/fr\\\/cuisine-khmer\\\/desserts-cambodgiens\\\/recette-du-chakrey-chan\\\/\",\"name\":\"Chakrey Chan un dessert Cambodgien r\u00e9alis\u00e9 \u00e0 l'eau de rose\",\"isPartOf\":{\"@id\":\"https:\\\/\\\/www.cambodiaacountryfullofcharm.com\\\/fr\\\/#website\"},\"primaryImageOfPage\":{\"@id\":\"https:\\\/\\\/www.cambodiaacountryfullofcharm.com\\\/fr\\\/cuisine-khmer\\\/desserts-cambodgiens\\\/recette-du-chakrey-chan\\\/#primaryimage\"},\"image\":{\"@id\":\"https:\\\/\\\/www.cambodiaacountryfullofcharm.com\\\/fr\\\/cuisine-khmer\\\/desserts-cambodgiens\\\/recette-du-chakrey-chan\\\/#primaryimage\"},\"thumbnailUrl\":\"http:\\\/\\\/www.cambodiaacountryfullofcharm.com\\\/wp-content\\\/uploads\\\/2014\\\/10\\\/recette-chakrey-chan-desserts-cambodgiens-1-300x200.jpg\",\"datePublished\":\"2014-10-21T15:45:40+00:00\",\"dateModified\":\"2022-12-04T16:00:05+00:00\",\"description\":\"Chakrey Chan une recette de desserts cambodgiens facile \u00e0 r\u00e9aliser. Chakrey Chan est un dessert cambodgien m\u00e9langeant la douceur de l'eau de rose et le go\u00fbt\",\"breadcrumb\":{\"@id\":\"https:\\\/\\\/www.cambodiaacountryfullofcharm.com\\\/fr\\\/cuisine-khmer\\\/desserts-cambodgiens\\\/recette-du-chakrey-chan\\\/#breadcrumb\"},\"inLanguage\":\"fr-FR\",\"potentialAction\":[{\"@type\":\"ReadAction\",\"target\":[\"https:\\\/\\\/www.cambodiaacountryfullofcharm.com\\\/fr\\\/cuisine-khmer\\\/desserts-cambodgiens\\\/recette-du-chakrey-chan\\\/\"]}]},{\"@type\":\"ImageObject\",\"inLanguage\":\"fr-FR\",\"@id\":\"https:\\\/\\\/www.cambodiaacountryfullofcharm.com\\\/fr\\\/cuisine-khmer\\\/desserts-cambodgiens\\\/recette-du-chakrey-chan\\\/#primaryimage\",\"url\":\"http:\\\/\\\/www.cambodiaacountryfullofcharm.com\\\/wp-content\\\/uploads\\\/2014\\\/10\\\/recette-chakrey-chan-desserts-cambodgiens-1-300x200.jpg\",\"contentUrl\":\"http:\\\/\\\/www.cambodiaacountryfullofcharm.com\\\/wp-content\\\/uploads\\\/2014\\\/10\\\/recette-chakrey-chan-desserts-cambodgiens-1-300x200.jpg\"},{\"@type\":\"BreadcrumbList\",\"@id\":\"https:\\\/\\\/www.cambodiaacountryfullofcharm.com\\\/fr\\\/cuisine-khmer\\\/desserts-cambodgiens\\\/recette-du-chakrey-chan\\\/#breadcrumb\",\"itemListElement\":[{\"@type\":\"ListItem\",\"position\":1,\"name\":\"Accueil\",\"item\":\"https:\\\/\\\/www.cambodiaacountryfullofcharm.com\\\/fr\\\/\"},{\"@type\":\"ListItem\",\"position\":2,\"name\":\"Cuisine Khmer\",\"item\":\"https:\\\/\\\/www.cambodiaacountryfullofcharm.com\\\/fr\\\/cuisine-khmer\\\/\"},{\"@type\":\"ListItem\",\"position\":3,\"name\":\"Desserts Cambodgiens\",\"item\":\"https:\\\/\\\/www.cambodiaacountryfullofcharm.com\\\/fr\\\/cuisine-khmer\\\/desserts-cambodgiens\\\/\"},{\"@type\":\"ListItem\",\"position\":4,\"name\":\"Chakrey Chan\"}]},{\"@type\":\"WebSite\",\"@id\":\"https:\\\/\\\/www.cambodiaacountryfullofcharm.com\\\/fr\\\/#website\",\"url\":\"https:\\\/\\\/www.cambodiaacountryfullofcharm.com\\\/fr\\\/\",\"name\":\"Guide voyage Cambodge\",\"description\":\"Cambodge un pays plein de charme\",\"publisher\":{\"@id\":\"https:\\\/\\\/www.cambodiaacountryfullofcharm.com\\\/fr\\\/#organization\"},\"potentialAction\":[{\"@type\":\"SearchAction\",\"target\":{\"@type\":\"EntryPoint\",\"urlTemplate\":\"https:\\\/\\\/www.cambodiaacountryfullofcharm.com\\\/fr\\\/?s={search_term_string}\"},\"query-input\":{\"@type\":\"PropertyValueSpecification\",\"valueRequired\":true,\"valueName\":\"search_term_string\"}}],\"inLanguage\":\"fr-FR\"},{\"@type\":\"Organization\",\"@id\":\"https:\\\/\\\/www.cambodiaacountryfullofcharm.com\\\/fr\\\/#organization\",\"name\":\"Guide voyage Cambodge\",\"url\":\"https:\\\/\\\/www.cambodiaacountryfullofcharm.com\\\/fr\\\/\",\"logo\":{\"@type\":\"ImageObject\",\"inLanguage\":\"fr-FR\",\"@id\":\"https:\\\/\\\/www.cambodiaacountryfullofcharm.com\\\/fr\\\/#\\\/schema\\\/logo\\\/image\\\/\",\"url\":\"https:\\\/\\\/www.cambodiaacountryfullofcharm.com\\\/wp-content\\\/uploads\\\/2022\\\/06\\\/Cambodia-a-country-full-of-charm-2-scaled.jpg\",\"contentUrl\":\"https:\\\/\\\/www.cambodiaacountryfullofcharm.com\\\/wp-content\\\/uploads\\\/2022\\\/06\\\/Cambodia-a-country-full-of-charm-2-scaled.jpg\",\"width\":2560,\"height\":1709,\"caption\":\"Guide voyage Cambodge\"},\"image\":{\"@id\":\"https:\\\/\\\/www.cambodiaacountryfullofcharm.com\\\/fr\\\/#\\\/schema\\\/logo\\\/image\\\/\"}}]}<\/script>\n<!-- \/ Yoast SEO plugin. -->","yoast_head_json":{"title":"Chakrey Chan un dessert Cambodgien r\u00e9alis\u00e9 \u00e0 l'eau de rose","description":"Chakrey Chan une recette de desserts cambodgiens facile \u00e0 r\u00e9aliser. Chakrey Chan est un dessert cambodgien m\u00e9langeant la douceur de l'eau de rose et le go\u00fbt","robots":{"index":"index","follow":"follow","max-snippet":"max-snippet:-1","max-image-preview":"max-image-preview:large","max-video-preview":"max-video-preview:-1"},"canonical":"https:\/\/www.cambodiaacountryfullofcharm.com\/fr\/cuisine-khmer\/desserts-cambodgiens\/recette-du-chakrey-chan\/","og_locale":"fr_FR","og_type":"article","og_title":"Chakrey Chan un dessert Cambodgien r\u00e9alis\u00e9 \u00e0 l'eau de rose","og_description":"Chakrey Chan Une recette de dessert cambodgien facile \u00e0 r\u00e9aliser. Chakrey Chan est un dessert cambodgien m\u00e9langeant la douceur de l'eau de rose et le go\u00fbt..","og_url":"https:\/\/www.cambodiaacountryfullofcharm.com\/fr\/cuisine-khmer\/desserts-cambodgiens\/recette-du-chakrey-chan\/","og_site_name":"Guide voyage Cambodge","article_modified_time":"2022-12-04T16:00:05+00:00","og_image":[{"url":"http:\/\/www.cambodiaacountryfullofcharm.com\/wp-content\/uploads\/2014\/10\/recette-chakrey-chan-desserts-cambodgiens-1-300x200.jpg","type":"","width":"","height":""}],"twitter_card":"summary_large_image","twitter_misc":{"Dur\u00e9e de lecture estim\u00e9e":"2 minutes"},"schema":{"@context":"https:\/\/schema.org","@graph":[{"@type":"WebPage","@id":"https:\/\/www.cambodiaacountryfullofcharm.com\/fr\/cuisine-khmer\/desserts-cambodgiens\/recette-du-chakrey-chan\/","url":"https:\/\/www.cambodiaacountryfullofcharm.com\/fr\/cuisine-khmer\/desserts-cambodgiens\/recette-du-chakrey-chan\/","name":"Chakrey Chan un dessert Cambodgien r\u00e9alis\u00e9 \u00e0 l'eau de rose","isPartOf":{"@id":"https:\/\/www.cambodiaacountryfullofcharm.com\/fr\/#website"},"primaryImageOfPage":{"@id":"https:\/\/www.cambodiaacountryfullofcharm.com\/fr\/cuisine-khmer\/desserts-cambodgiens\/recette-du-chakrey-chan\/#primaryimage"},"image":{"@id":"https:\/\/www.cambodiaacountryfullofcharm.com\/fr\/cuisine-khmer\/desserts-cambodgiens\/recette-du-chakrey-chan\/#primaryimage"},"thumbnailUrl":"http:\/\/www.cambodiaacountryfullofcharm.com\/wp-content\/uploads\/2014\/10\/recette-chakrey-chan-desserts-cambodgiens-1-300x200.jpg","datePublished":"2014-10-21T15:45:40+00:00","dateModified":"2022-12-04T16:00:05+00:00","description":"Chakrey Chan une recette de desserts cambodgiens facile \u00e0 r\u00e9aliser. Chakrey Chan est un dessert cambodgien m\u00e9langeant la douceur de l'eau de rose et le go\u00fbt","breadcrumb":{"@id":"https:\/\/www.cambodiaacountryfullofcharm.com\/fr\/cuisine-khmer\/desserts-cambodgiens\/recette-du-chakrey-chan\/#breadcrumb"},"inLanguage":"fr-FR","potentialAction":[{"@type":"ReadAction","target":["https:\/\/www.cambodiaacountryfullofcharm.com\/fr\/cuisine-khmer\/desserts-cambodgiens\/recette-du-chakrey-chan\/"]}]},{"@type":"ImageObject","inLanguage":"fr-FR","@id":"https:\/\/www.cambodiaacountryfullofcharm.com\/fr\/cuisine-khmer\/desserts-cambodgiens\/recette-du-chakrey-chan\/#primaryimage","url":"http:\/\/www.cambodiaacountryfullofcharm.com\/wp-content\/uploads\/2014\/10\/recette-chakrey-chan-desserts-cambodgiens-1-300x200.jpg","contentUrl":"http:\/\/www.cambodiaacountryfullofcharm.com\/wp-content\/uploads\/2014\/10\/recette-chakrey-chan-desserts-cambodgiens-1-300x200.jpg"},{"@type":"BreadcrumbList","@id":"https:\/\/www.cambodiaacountryfullofcharm.com\/fr\/cuisine-khmer\/desserts-cambodgiens\/recette-du-chakrey-chan\/#breadcrumb","itemListElement":[{"@type":"ListItem","position":1,"name":"Accueil","item":"https:\/\/www.cambodiaacountryfullofcharm.com\/fr\/"},{"@type":"ListItem","position":2,"name":"Cuisine Khmer","item":"https:\/\/www.cambodiaacountryfullofcharm.com\/fr\/cuisine-khmer\/"},{"@type":"ListItem","position":3,"name":"Desserts Cambodgiens","item":"https:\/\/www.cambodiaacountryfullofcharm.com\/fr\/cuisine-khmer\/desserts-cambodgiens\/"},{"@type":"ListItem","position":4,"name":"Chakrey Chan"}]},{"@type":"WebSite","@id":"https:\/\/www.cambodiaacountryfullofcharm.com\/fr\/#website","url":"https:\/\/www.cambodiaacountryfullofcharm.com\/fr\/","name":"Guide voyage Cambodge","description":"Cambodge un pays plein de charme","publisher":{"@id":"https:\/\/www.cambodiaacountryfullofcharm.com\/fr\/#organization"},"potentialAction":[{"@type":"SearchAction","target":{"@type":"EntryPoint","urlTemplate":"https:\/\/www.cambodiaacountryfullofcharm.com\/fr\/?s={search_term_string}"},"query-input":{"@type":"PropertyValueSpecification","valueRequired":true,"valueName":"search_term_string"}}],"inLanguage":"fr-FR"},{"@type":"Organization","@id":"https:\/\/www.cambodiaacountryfullofcharm.com\/fr\/#organization","name":"Guide voyage Cambodge","url":"https:\/\/www.cambodiaacountryfullofcharm.com\/fr\/","logo":{"@type":"ImageObject","inLanguage":"fr-FR","@id":"https:\/\/www.cambodiaacountryfullofcharm.com\/fr\/#\/schema\/logo\/image\/","url":"https:\/\/www.cambodiaacountryfullofcharm.com\/wp-content\/uploads\/2022\/06\/Cambodia-a-country-full-of-charm-2-scaled.jpg","contentUrl":"https:\/\/www.cambodiaacountryfullofcharm.com\/wp-content\/uploads\/2022\/06\/Cambodia-a-country-full-of-charm-2-scaled.jpg","width":2560,"height":1709,"caption":"Guide voyage Cambodge"},"image":{"@id":"https:\/\/www.cambodiaacountryfullofcharm.com\/fr\/#\/schema\/logo\/image\/"}}]}},"_links":{"self":[{"href":"https:\/\/www.cambodiaacountryfullofcharm.com\/fr\/wp-json\/wp\/v2\/pages\/3150","targetHints":{"allow":["GET"]}}],"collection":[{"href":"https:\/\/www.cambodiaacountryfullofcharm.com\/fr\/wp-json\/wp\/v2\/pages"}],"about":[{"href":"https:\/\/www.cambodiaacountryfullofcharm.com\/fr\/wp-json\/wp\/v2\/types\/page"}],"author":[{"embeddable":true,"href":"https:\/\/www.cambodiaacountryfullofcharm.com\/fr\/wp-json\/wp\/v2\/users\/1"}],"replies":[{"embeddable":true,"href":"https:\/\/www.cambodiaacountryfullofcharm.com\/fr\/wp-json\/wp\/v2\/comments?post=3150"}],"version-history":[{"count":0,"href":"https:\/\/www.cambodiaacountryfullofcharm.com\/fr\/wp-json\/wp\/v2\/pages\/3150\/revisions"}],"up":[{"embeddable":true,"href":"https:\/\/www.cambodiaacountryfullofcharm.com\/fr\/wp-json\/wp\/v2\/pages\/3164"}],"wp:attachment":[{"href":"https:\/\/www.cambodiaacountryfullofcharm.com\/fr\/wp-json\/wp\/v2\/media?parent=3150"}],"curies":[{"name":"wp","href":"https:\/\/api.w.org\/{rel}","templated":true}]}}