{"id":3164,"date":"2014-10-21T18:02:29","date_gmt":"2014-10-21T17:02:29","guid":{"rendered":"http:\/\/www.cambodiaacountryfullofcharm.com\/?page_id=3164"},"modified":"2022-12-17T23:51:46","modified_gmt":"2022-12-17T22:51:46","slug":"desserts-cambodgiens","status":"publish","type":"page","link":"https:\/\/www.cambodiaacountryfullofcharm.com\/fr\/cuisine-khmer\/desserts-cambodgiens\/","title":{"rendered":"Desserts Cambodgiens"},"content":{"rendered":"<h2>Desserts Cambodgiens<\/h2>\n<p>Malgr\u00e9 les habitudes alimentaires cambodgiennes de composer un repas, elles diff\u00e8rent des habitudes occidentales. Les Cambodgiens consomment au petit d\u00e9jeuner un v\u00e9ritable plat tr\u00e8s consistant, contrairement aux Occidentaux qui, eux, prendront plus facilement un simple caf\u00e9 avec du pain pour leur petit d\u00e9jeuner.<br \/>\nLeurs habitudes diff\u00e8rent notamment dans la composition d\u2019un repas. Contrairement aux Occidentaux, ils ne composent pas leur repas d\u2019une entr\u00e9e et d\u2019un plat suivi d\u2019un dessert.<br \/>\nToutefois, il existe une vari\u00e9t\u00e9 de desserts cambodgiens et de sucreries tr\u00e8s impressionnante que l\u2019on trouve principalement dans les march\u00e9s et aux alentours, souvent du d\u00e9but de l\u2019apr\u00e8s-midi jusque tr\u00e8s tard dans la nuit.<br \/>\nLes Cambodgiens aiment consommer les sucreries et les desserts en dehors des repas, que ce soit chez eux ou m\u00eame principalement en ext\u00e9rieur.<br \/>\nCes stands souvent install\u00e9s aux alentours et dans les march\u00e9s du <span style=\"color: #000000;\"><a style=\"color: #000000;\" href=\"https:\/\/fr.wikipedia.org\/wiki\/Cambodge\" target=\"_blank\" rel=\"noopener\">Cambodge<\/a><\/span>, comme le march\u00e9 central de Phnom Penh, proposent diff\u00e9rents desserts cambodgiens compos\u00e9s de diff\u00e9rents ingr\u00e9dients que l\u2019on peut accorder selon nos envies dans de petits bols. On y ajoute souvent du lait concentr\u00e9, du lait de coco, du sucre et m\u00eame de la glace pil\u00e9e.<br \/>\nToute la journ\u00e9e, on retrouvera des desserts cambodgiens et \u00e9galement des g\u00e2teaux souvent fabriqu\u00e9s avec du riz et diff\u00e9rents fruits. Leurs modes de cuisson diff\u00e8rent selon les recettes et temps de cuisson&nbsp;: \u00e0 la vapeur ou m\u00eame frits.<br \/>\nCertains de ces desserts cambodgiens sont consomm\u00e9s essentiellement \u00e0 l\u2019occasion de f\u00eates et de c\u00e9r\u00e9monies traditionnelles khm\u00e8res.<br \/>\nCi-dessous, vous pouvez retrouver la liste des recettes de desserts cambodgiens avec les conseils, leur r\u00e9alisation \u00e9tape par \u00e9tape, les ingr\u00e9dients de la cuisine khm\u00e8re et des photos pour bien r\u00e9ussir vos recettes de desserts khmers.<\/p>\n<table class=\"centre\" style=\"width: 100%;\">\n<tbody>\n<tr>\n<td style=\"text-align: center;\" colspan=\"3\">\n<h5 class=\"western\">Recettes des desserts cambodgiens<\/h5>\n<\/td>\n<\/tr>\n<tr>\n<td style=\"width: 25%;\"><img decoding=\"async\" class=\"aligncenter size-thumbnail wp-image-3187\" src=\"http:\/\/www.cambodiaacountryfullofcharm.com\/wp-content\/uploads\/2014\/10\/recette-chakrey-chan-desserts-cambodgiens-2-150x150.jpg\" alt=\"desserts-cambodgiens-chakrey-chan-desserts-cambodgiens-2\" width=\"150\" height=\"150\"><\/td>\n<td style=\"width: 50%; height: 2em;\">Chakrey Chan \u00e0 l\u2019eau de rose : dessert ressemblant tr\u00e8s fortement au Nom Chakachan et qui se r\u00e9alise aussi facilement.<\/p>\n<p><span style=\"text-decoration: underline;\"><span style=\"color: #000080;\"><a style=\"color: #000080; text-decoration: underline;\" title=\"pour terminer un bon repas rien de mieux qu'un bon dessert Cambodgien , alors pourquoi ne pas r\u00e9aliser un Chakrey Chan ? aussi bien un dessert qu'une friandise il est aussi simple \u00e0 r\u00e9aliser que le &quot; Nom Chakachan &quot; . c'est une tr\u00e8s bonne recette de desserts Cambodgiens\" href=\"https:\/\/www.cambodiaacountryfullofcharm.com\/fr\/cuisine-khmer\/desserts-cambodgiens\/recette-du-chakrey-chan\/\">voir ici -&gt;<\/a><\/span><\/span><\/td>\n<\/tr>\n<tr>\n<td style=\"width: 25%;\"><img decoding=\"async\" class=\"aligncenter size-thumbnail wp-image-4728\" src=\"http:\/\/www.cambodiaacountryfullofcharm.com\/wp-content\/uploads\/2015\/01\/biscuit-a-la-cannelle-de-senteur-d-angkor-siem-reap-150x150.jpg\" alt=\"biscuit-a-la-cannelle-de-senteur-d-angkor-siem-reap\" width=\"150\" height=\"150\"><\/td>\n<td style=\"width: 50%; height: 2em;\">Biscuits \u00e0 la cannelle r\u00e9alis\u00e9s avec des ingr\u00e9dients de la cuisine khm\u00e8re comme la cannelle de Senteur d\u2019Angkor.<\/p>\n<p><span style=\"text-decoration: underline;\"><span style=\"color: #000080; text-decoration: underline;\"><a style=\"color: #000080; text-decoration: underline;\" title=\"dans les differentes recettes de desserts Cambodgiens on trouve aussi celle des biscuits \u00e0 la cannelle de Senteur d'Angkor qui se mange aussi bien au petit d\u00e9jeuner qu'apr\u00e8s le repas en dessert\" href=\"https:\/\/www.cambodiaacountryfullofcharm.com\/fr\/cuisine-khmer\/desserts-cambodgiens\/biscuits-a-la-cannelle-de-senteur-d-angkor\/\">voir ici -&gt;<\/a><\/span><\/span><\/td>\n<\/tr>\n<\/tbody>\n<\/table>\n","protected":false},"excerpt":{"rendered":"<p>Desserts Cambodgiens Malgr\u00e9 les habitudes alimentaires cambodgiennes de composer un repas, elles diff\u00e8rent des habitudes occidentales. Les Cambodgiens consomment au petit d\u00e9jeuner un v\u00e9ritable plat tr\u00e8s consistant, contrairement aux Occidentaux qui, eux, prendront plus facilement un simple caf\u00e9 avec du pain pour leur petit d\u00e9jeuner. Leurs habitudes diff\u00e8rent notamment dans la composition d\u2019un repas. Contrairement &hellip; <\/p>\n","protected":false},"author":1,"featured_media":0,"parent":35,"menu_order":0,"comment_status":"closed","ping_status":"closed","template":"","meta":{"_themeisle_gutenberg_block_has_review":false,"footnotes":""},"class_list":["post-3164","page","type-page","status-publish","hentry"],"yoast_head":"<!-- This site is optimized with the Yoast SEO plugin v27.5 - https:\/\/yoast.com\/product\/yoast-seo-wordpress\/ -->\n<title>Desserts Cambodgiens simple r\u00e9aliser pour terminer vos repas<\/title>\n<meta name=\"description\" content=\"Desserts Cambodgiens pour vos repas de famille . les desserts Cambodgiens son si bon qu&#039;ils accompagne toute les cuisines du monde\" \/>\n<meta name=\"robots\" content=\"index, follow, max-snippet:-1, max-image-preview:large, max-video-preview:-1\" \/>\n<link rel=\"canonical\" href=\"https:\/\/www.cambodiaacountryfullofcharm.com\/fr\/cuisine-khmer\/desserts-cambodgiens\/\" \/>\n<meta property=\"og:locale\" content=\"fr_FR\" \/>\n<meta property=\"og:type\" content=\"article\" \/>\n<meta property=\"og:title\" content=\"Desserts Cambodgiens simple r\u00e9aliser pour terminer vos repas\" \/>\n<meta property=\"og:description\" content=\"Desserts Cambodgiens pour vos repas de famille . les desserts Cambodgiens son si bon qu&#039;ils accompagne toute les cuisines du monde\" \/>\n<meta property=\"og:url\" content=\"https:\/\/www.cambodiaacountryfullofcharm.com\/fr\/cuisine-khmer\/desserts-cambodgiens\/\" \/>\n<meta property=\"og:site_name\" content=\"Guide voyage Cambodge\" \/>\n<meta property=\"article:modified_time\" content=\"2022-12-17T22:51:46+00:00\" \/>\n<meta property=\"og:image\" content=\"http:\/\/www.cambodiaacountryfullofcharm.com\/wp-content\/uploads\/2014\/10\/recette-chakrey-chan-desserts-cambodgiens-2-150x150.jpg\" \/>\n<meta name=\"twitter:card\" content=\"summary_large_image\" \/>\n<meta name=\"twitter:label1\" content=\"Dur\u00e9e de lecture estim\u00e9e\" \/>\n\t<meta name=\"twitter:data1\" content=\"3 minutes\" \/>\n<script type=\"application\/ld+json\" class=\"yoast-schema-graph\">{\"@context\":\"https:\\\/\\\/schema.org\",\"@graph\":[{\"@type\":\"WebPage\",\"@id\":\"https:\\\/\\\/www.cambodiaacountryfullofcharm.com\\\/fr\\\/cuisine-khmer\\\/desserts-cambodgiens\\\/\",\"url\":\"https:\\\/\\\/www.cambodiaacountryfullofcharm.com\\\/fr\\\/cuisine-khmer\\\/desserts-cambodgiens\\\/\",\"name\":\"Desserts Cambodgiens simple r\u00e9aliser pour terminer vos repas\",\"isPartOf\":{\"@id\":\"https:\\\/\\\/www.cambodiaacountryfullofcharm.com\\\/fr\\\/#website\"},\"primaryImageOfPage\":{\"@id\":\"https:\\\/\\\/www.cambodiaacountryfullofcharm.com\\\/fr\\\/cuisine-khmer\\\/desserts-cambodgiens\\\/#primaryimage\"},\"image\":{\"@id\":\"https:\\\/\\\/www.cambodiaacountryfullofcharm.com\\\/fr\\\/cuisine-khmer\\\/desserts-cambodgiens\\\/#primaryimage\"},\"thumbnailUrl\":\"http:\\\/\\\/www.cambodiaacountryfullofcharm.com\\\/wp-content\\\/uploads\\\/2014\\\/10\\\/recette-chakrey-chan-desserts-cambodgiens-2-150x150.jpg\",\"datePublished\":\"2014-10-21T17:02:29+00:00\",\"dateModified\":\"2022-12-17T22:51:46+00:00\",\"description\":\"Desserts Cambodgiens pour vos repas de famille . les desserts Cambodgiens son si bon qu'ils accompagne toute les cuisines du monde\",\"breadcrumb\":{\"@id\":\"https:\\\/\\\/www.cambodiaacountryfullofcharm.com\\\/fr\\\/cuisine-khmer\\\/desserts-cambodgiens\\\/#breadcrumb\"},\"inLanguage\":\"fr-FR\",\"potentialAction\":[{\"@type\":\"ReadAction\",\"target\":[\"https:\\\/\\\/www.cambodiaacountryfullofcharm.com\\\/fr\\\/cuisine-khmer\\\/desserts-cambodgiens\\\/\"]}]},{\"@type\":\"ImageObject\",\"inLanguage\":\"fr-FR\",\"@id\":\"https:\\\/\\\/www.cambodiaacountryfullofcharm.com\\\/fr\\\/cuisine-khmer\\\/desserts-cambodgiens\\\/#primaryimage\",\"url\":\"http:\\\/\\\/www.cambodiaacountryfullofcharm.com\\\/wp-content\\\/uploads\\\/2014\\\/10\\\/recette-chakrey-chan-desserts-cambodgiens-2-150x150.jpg\",\"contentUrl\":\"http:\\\/\\\/www.cambodiaacountryfullofcharm.com\\\/wp-content\\\/uploads\\\/2014\\\/10\\\/recette-chakrey-chan-desserts-cambodgiens-2-150x150.jpg\"},{\"@type\":\"BreadcrumbList\",\"@id\":\"https:\\\/\\\/www.cambodiaacountryfullofcharm.com\\\/fr\\\/cuisine-khmer\\\/desserts-cambodgiens\\\/#breadcrumb\",\"itemListElement\":[{\"@type\":\"ListItem\",\"position\":1,\"name\":\"Accueil\",\"item\":\"https:\\\/\\\/www.cambodiaacountryfullofcharm.com\\\/fr\\\/\"},{\"@type\":\"ListItem\",\"position\":2,\"name\":\"Cuisine Khmer\",\"item\":\"https:\\\/\\\/www.cambodiaacountryfullofcharm.com\\\/fr\\\/cuisine-khmer\\\/\"},{\"@type\":\"ListItem\",\"position\":3,\"name\":\"Desserts Cambodgiens\"}]},{\"@type\":\"WebSite\",\"@id\":\"https:\\\/\\\/www.cambodiaacountryfullofcharm.com\\\/fr\\\/#website\",\"url\":\"https:\\\/\\\/www.cambodiaacountryfullofcharm.com\\\/fr\\\/\",\"name\":\"Guide voyage Cambodge\",\"description\":\"Cambodge un pays plein de charme\",\"publisher\":{\"@id\":\"https:\\\/\\\/www.cambodiaacountryfullofcharm.com\\\/fr\\\/#organization\"},\"potentialAction\":[{\"@type\":\"SearchAction\",\"target\":{\"@type\":\"EntryPoint\",\"urlTemplate\":\"https:\\\/\\\/www.cambodiaacountryfullofcharm.com\\\/fr\\\/?s={search_term_string}\"},\"query-input\":{\"@type\":\"PropertyValueSpecification\",\"valueRequired\":true,\"valueName\":\"search_term_string\"}}],\"inLanguage\":\"fr-FR\"},{\"@type\":\"Organization\",\"@id\":\"https:\\\/\\\/www.cambodiaacountryfullofcharm.com\\\/fr\\\/#organization\",\"name\":\"Guide voyage Cambodge\",\"url\":\"https:\\\/\\\/www.cambodiaacountryfullofcharm.com\\\/fr\\\/\",\"logo\":{\"@type\":\"ImageObject\",\"inLanguage\":\"fr-FR\",\"@id\":\"https:\\\/\\\/www.cambodiaacountryfullofcharm.com\\\/fr\\\/#\\\/schema\\\/logo\\\/image\\\/\",\"url\":\"https:\\\/\\\/www.cambodiaacountryfullofcharm.com\\\/wp-content\\\/uploads\\\/2022\\\/06\\\/Cambodia-a-country-full-of-charm-2-scaled.jpg\",\"contentUrl\":\"https:\\\/\\\/www.cambodiaacountryfullofcharm.com\\\/wp-content\\\/uploads\\\/2022\\\/06\\\/Cambodia-a-country-full-of-charm-2-scaled.jpg\",\"width\":2560,\"height\":1709,\"caption\":\"Guide voyage Cambodge\"},\"image\":{\"@id\":\"https:\\\/\\\/www.cambodiaacountryfullofcharm.com\\\/fr\\\/#\\\/schema\\\/logo\\\/image\\\/\"}}]}<\/script>\n<!-- \/ Yoast SEO plugin. -->","yoast_head_json":{"title":"Desserts Cambodgiens simple r\u00e9aliser pour terminer vos repas","description":"Desserts Cambodgiens pour vos repas de famille . les desserts Cambodgiens son si bon qu'ils accompagne toute les cuisines du monde","robots":{"index":"index","follow":"follow","max-snippet":"max-snippet:-1","max-image-preview":"max-image-preview:large","max-video-preview":"max-video-preview:-1"},"canonical":"https:\/\/www.cambodiaacountryfullofcharm.com\/fr\/cuisine-khmer\/desserts-cambodgiens\/","og_locale":"fr_FR","og_type":"article","og_title":"Desserts Cambodgiens simple r\u00e9aliser pour terminer vos repas","og_description":"Desserts Cambodgiens pour vos repas de famille . les desserts Cambodgiens son si bon qu'ils accompagne toute les cuisines du monde","og_url":"https:\/\/www.cambodiaacountryfullofcharm.com\/fr\/cuisine-khmer\/desserts-cambodgiens\/","og_site_name":"Guide voyage Cambodge","article_modified_time":"2022-12-17T22:51:46+00:00","og_image":[{"url":"http:\/\/www.cambodiaacountryfullofcharm.com\/wp-content\/uploads\/2014\/10\/recette-chakrey-chan-desserts-cambodgiens-2-150x150.jpg","type":"","width":"","height":""}],"twitter_card":"summary_large_image","twitter_misc":{"Dur\u00e9e de lecture estim\u00e9e":"3 minutes"},"schema":{"@context":"https:\/\/schema.org","@graph":[{"@type":"WebPage","@id":"https:\/\/www.cambodiaacountryfullofcharm.com\/fr\/cuisine-khmer\/desserts-cambodgiens\/","url":"https:\/\/www.cambodiaacountryfullofcharm.com\/fr\/cuisine-khmer\/desserts-cambodgiens\/","name":"Desserts Cambodgiens simple r\u00e9aliser pour terminer vos repas","isPartOf":{"@id":"https:\/\/www.cambodiaacountryfullofcharm.com\/fr\/#website"},"primaryImageOfPage":{"@id":"https:\/\/www.cambodiaacountryfullofcharm.com\/fr\/cuisine-khmer\/desserts-cambodgiens\/#primaryimage"},"image":{"@id":"https:\/\/www.cambodiaacountryfullofcharm.com\/fr\/cuisine-khmer\/desserts-cambodgiens\/#primaryimage"},"thumbnailUrl":"http:\/\/www.cambodiaacountryfullofcharm.com\/wp-content\/uploads\/2014\/10\/recette-chakrey-chan-desserts-cambodgiens-2-150x150.jpg","datePublished":"2014-10-21T17:02:29+00:00","dateModified":"2022-12-17T22:51:46+00:00","description":"Desserts Cambodgiens pour vos repas de famille . les desserts Cambodgiens son si bon qu'ils accompagne toute les cuisines du monde","breadcrumb":{"@id":"https:\/\/www.cambodiaacountryfullofcharm.com\/fr\/cuisine-khmer\/desserts-cambodgiens\/#breadcrumb"},"inLanguage":"fr-FR","potentialAction":[{"@type":"ReadAction","target":["https:\/\/www.cambodiaacountryfullofcharm.com\/fr\/cuisine-khmer\/desserts-cambodgiens\/"]}]},{"@type":"ImageObject","inLanguage":"fr-FR","@id":"https:\/\/www.cambodiaacountryfullofcharm.com\/fr\/cuisine-khmer\/desserts-cambodgiens\/#primaryimage","url":"http:\/\/www.cambodiaacountryfullofcharm.com\/wp-content\/uploads\/2014\/10\/recette-chakrey-chan-desserts-cambodgiens-2-150x150.jpg","contentUrl":"http:\/\/www.cambodiaacountryfullofcharm.com\/wp-content\/uploads\/2014\/10\/recette-chakrey-chan-desserts-cambodgiens-2-150x150.jpg"},{"@type":"BreadcrumbList","@id":"https:\/\/www.cambodiaacountryfullofcharm.com\/fr\/cuisine-khmer\/desserts-cambodgiens\/#breadcrumb","itemListElement":[{"@type":"ListItem","position":1,"name":"Accueil","item":"https:\/\/www.cambodiaacountryfullofcharm.com\/fr\/"},{"@type":"ListItem","position":2,"name":"Cuisine Khmer","item":"https:\/\/www.cambodiaacountryfullofcharm.com\/fr\/cuisine-khmer\/"},{"@type":"ListItem","position":3,"name":"Desserts Cambodgiens"}]},{"@type":"WebSite","@id":"https:\/\/www.cambodiaacountryfullofcharm.com\/fr\/#website","url":"https:\/\/www.cambodiaacountryfullofcharm.com\/fr\/","name":"Guide voyage Cambodge","description":"Cambodge un pays plein de charme","publisher":{"@id":"https:\/\/www.cambodiaacountryfullofcharm.com\/fr\/#organization"},"potentialAction":[{"@type":"SearchAction","target":{"@type":"EntryPoint","urlTemplate":"https:\/\/www.cambodiaacountryfullofcharm.com\/fr\/?s={search_term_string}"},"query-input":{"@type":"PropertyValueSpecification","valueRequired":true,"valueName":"search_term_string"}}],"inLanguage":"fr-FR"},{"@type":"Organization","@id":"https:\/\/www.cambodiaacountryfullofcharm.com\/fr\/#organization","name":"Guide voyage Cambodge","url":"https:\/\/www.cambodiaacountryfullofcharm.com\/fr\/","logo":{"@type":"ImageObject","inLanguage":"fr-FR","@id":"https:\/\/www.cambodiaacountryfullofcharm.com\/fr\/#\/schema\/logo\/image\/","url":"https:\/\/www.cambodiaacountryfullofcharm.com\/wp-content\/uploads\/2022\/06\/Cambodia-a-country-full-of-charm-2-scaled.jpg","contentUrl":"https:\/\/www.cambodiaacountryfullofcharm.com\/wp-content\/uploads\/2022\/06\/Cambodia-a-country-full-of-charm-2-scaled.jpg","width":2560,"height":1709,"caption":"Guide voyage Cambodge"},"image":{"@id":"https:\/\/www.cambodiaacountryfullofcharm.com\/fr\/#\/schema\/logo\/image\/"}}]}},"_links":{"self":[{"href":"https:\/\/www.cambodiaacountryfullofcharm.com\/fr\/wp-json\/wp\/v2\/pages\/3164","targetHints":{"allow":["GET"]}}],"collection":[{"href":"https:\/\/www.cambodiaacountryfullofcharm.com\/fr\/wp-json\/wp\/v2\/pages"}],"about":[{"href":"https:\/\/www.cambodiaacountryfullofcharm.com\/fr\/wp-json\/wp\/v2\/types\/page"}],"author":[{"embeddable":true,"href":"https:\/\/www.cambodiaacountryfullofcharm.com\/fr\/wp-json\/wp\/v2\/users\/1"}],"replies":[{"embeddable":true,"href":"https:\/\/www.cambodiaacountryfullofcharm.com\/fr\/wp-json\/wp\/v2\/comments?post=3164"}],"version-history":[{"count":0,"href":"https:\/\/www.cambodiaacountryfullofcharm.com\/fr\/wp-json\/wp\/v2\/pages\/3164\/revisions"}],"up":[{"embeddable":true,"href":"https:\/\/www.cambodiaacountryfullofcharm.com\/fr\/wp-json\/wp\/v2\/pages\/35"}],"wp:attachment":[{"href":"https:\/\/www.cambodiaacountryfullofcharm.com\/fr\/wp-json\/wp\/v2\/media?parent=3164"}],"curies":[{"name":"wp","href":"https:\/\/api.w.org\/{rel}","templated":true}]}}