{"id":3263,"date":"2014-10-23T15:36:07","date_gmt":"2014-10-23T14:36:07","guid":{"rendered":"http:\/\/www.cambodiaacountryfullofcharm.com\/?page_id=3263"},"modified":"2023-05-08T16:49:04","modified_gmt":"2023-05-08T15:49:04","slug":"ingredients-de-la-cuisine-khmer","status":"publish","type":"page","link":"https:\/\/www.cambodiaacountryfullofcharm.com\/fr\/cuisine-khmer\/ingredients-de-la-cuisine-khmer\/","title":{"rendered":"Ingr\u00e9dients de la cuisine Khmer"},"content":{"rendered":"\n<h2 class=\"wp-block-heading\">Ingr\u00e9dients de la cuisine Khmer<\/h2>\n\n\n\n<p>Quels que soient les ingr\u00e9dients de la cuisine khm\u00e8re utilis\u00e9s, les cuisiniers selon les r\u00e9gions du Cambodge auront toujours une petite astuce afin de relever un plat pour lui donner une saveur unique qui ne finira pas de vous enchanter pendant votre repas.<\/p>\n\n\n\n<h5 class=\"wp-block-heading\">Ingr\u00e9dients \u00e0 base v\u00e9g\u00e9tal :<\/h5>\n\n\n\n<p>Ce qui fait aussi la richesse du <span style=\"color: #000000;\"><a style=\"color: #000000;\" href=\"https:\/\/fr.wikipedia.org\/wiki\/Cambodge\" target=\"_blank\" rel=\"noopener\">Cambodge<\/a><\/span>, c\u2019est la diversit\u00e9 de ses produits alimentaires aussi bien cultiv\u00e9s dans les diff\u00e9rentes <span style=\"text-decoration: underline; color: #000000;\"><a style=\"color: #000000; text-decoration: underline;\" title=\"tous sur les diff\u00e9rentes provinces du Cambodge afin de vous permettre de mieux connaitre le pays avant d'arriver au Cambodge pour y passer vos plus belle vacance\" href=\"http:\/\/www.cambodiaacountryfullofcharm.com\/visit-the-provinces-of-cambodia\/\">provinces<\/a><\/span> du Cambodge que des aliments naturels qui entrent dans les ingr\u00e9dients de la cuisine khm\u00e8re dans laquelle on retrouve une tr\u00e8s grande diversit\u00e9 de plats.<\/p>\n\n\n\n<p>Le pays a de vastes \u00e9tendues de champs de culture dans les campagnes et l\u2019agriculture y est tr\u00e8s pr\u00e9sente, il est donc normal de retrouver dans les diff\u00e9rents ingr\u00e9dients de la cuisine khm\u00e8re une grande vari\u00e9t\u00e9 de fruits, l\u00e9gumes et aromates aussi bien cultiv\u00e9s que sauvages.<\/p>\n\n\n\n<figure class=\"wp-block-table\"><table><tbody><tr><td class=\"has-text-align-center\" data-align=\"center\"><h5 class=\"western\">\u00c0 d\u00e9couvrir aussi&nbsp;: la liste v\u00e9g\u00e9tale des ingr\u00e9dients de la cuisine khm\u00e8re<\/h5><\/td><\/tr><\/tbody><\/table><\/figure>\n\n\n\n<div class=\"wp-block-buttons is-content-justification-center is-layout-flex wp-container-core-buttons-is-layout-16018d1d wp-block-buttons-is-layout-flex\">\n<div class=\"wp-block-button has-custom-width wp-block-button__width-75\"><a class=\"wp-block-button__link has-background wp-element-button\" href=\"https:\/\/www.cambodiaacountryfullofcharm.com\/fr\/cuisine-khmer\/ingredients-de-la-cuisine-khmer\/epices-de-la-cuisine-khmer-cambodge\/\" style=\"background:linear-gradient(135deg,rgb(2,3,129) 0%,rgb(50,80,150) 33%,rgb(40,116,252) 100%)\">les \u00e9pices<\/a><\/div>\n<\/div>\n\n\n\n<p><\/p>\n\n\n\n<div class=\"wp-block-buttons is-content-justification-center is-layout-flex wp-container-core-buttons-is-layout-16018d1d wp-block-buttons-is-layout-flex\">\n<div class=\"wp-block-button has-custom-width wp-block-button__width-75\"><a class=\"wp-block-button__link has-background wp-element-button\" href=\"https:\/\/www.cambodiaacountryfullofcharm.com\/fr\/cuisine-khmer\/ingredients-de-la-cuisine-khmer\/fruit-de-la-cuisine-khmer\/\" style=\"background:linear-gradient(135deg,rgb(2,3,129) 0%,rgb(50,80,150) 32%,rgb(40,116,252) 100%)\">les fruits<\/a><\/div>\n<\/div>\n\n\n\n<p><\/p>\n\n\n\n<div class=\"wp-block-buttons is-content-justification-center is-layout-flex wp-container-core-buttons-is-layout-16018d1d wp-block-buttons-is-layout-flex\">\n<div class=\"wp-block-button has-custom-width wp-block-button__width-75\"><a class=\"wp-block-button__link has-background wp-element-button\" href=\"https:\/\/www.cambodiaacountryfullofcharm.com\/fr\/cuisine-khmer\/ingredients-de-la-cuisine-khmer\/legume-cuisine-khmer\/\" style=\"background:linear-gradient(135deg,rgb(2,3,129) 0%,rgb(50,80,150) 31%,rgb(40,116,252) 100%)\">les l\u00e9gumes<\/a><\/div>\n<\/div>\n\n\n\n<p><\/p>\n\n\n\n<h5 class=\"wp-block-heading has-text-align-center\"><img fetchpriority=\"high\" decoding=\"async\" class=\"size-medium wp-image-2929 aligncenter\" src=\"https:\/\/www.cambodiaacountryfullofcharm.com\/wp-content\/uploads\/2014\/10\/crabe-march\u00e9-central-de-phnom-penh-2-300x200.jpg\" alt=\"ingr\u00e9dients-de-la-cuisine-khmer\" width=\"300\" height=\"200\"><\/h5>\n\n\n\n<h5 class=\"wp-block-heading\">Ingr\u00e9dients \u00e0 base de poisson du Cambodge :<\/h5>\n\n\n\n<p>La plus grande vari\u00e9t\u00e9 de poissons d\u2019eau douce p\u00each\u00e9s pour la cuisine provient principalement du M\u00e9kong, mais aussi du lac Tonl\u00e9 \u00e0 Siem Reap qui est le plus grand lac d\u2019Asie. Il faut savoir que le poisson entre aussi dans les ingr\u00e9dients de la cuisine khm\u00e8re avec la r\u00e9alisation du Prahok\u2009; c\u2019est une p\u00e2te de poisson ferment\u00e9e reconnaissable \u00e0 sa forte odeur pouvant \u00eatre utilis\u00e9e pour cuisiner des recettes de diverses mani\u00e8res, notamment pour la r\u00e9alisation du c\u00e9l\u00e8bre amok, plat national fort appr\u00e9ci\u00e9 des Cambodgiens et aussi des touristes.<\/p>\n\n\n\n<h5 class=\"wp-block-heading\">Ingr\u00e9dients \u00e0 base de riz du Cambodge :<\/h5>\n\n\n\n<p>Toutes les provinces cultivent du riz de diff\u00e9rentes vari\u00e9t\u00e9s et de tr\u00e8s belle qualit\u00e9, comme le riz au jasmin, un riz long, blanc et parfum\u00e9 qui entre dans les ingr\u00e9dients de la cuisine khmer aussi bien en accompagnement de plats comme l\u2019amok qu\u2019en farine pour la r\u00e9alisation de certaines recettes, comme le Chakrey Chan et bien d&#8217;autres recettes encore .<\/p>\n\n\n\n<h4 class=\"wp-block-heading\">Liste des ingr\u00e9dients de la cuisine khm\u00e8re&nbsp;:<\/h4>\n\n\n\n<p>Citron kafir, lemon-grass, galanga, badiane ou anis \u00e9toil\u00e9, Turmeric, le liseron d\u2019eau, fleur de bananier, basilic sacr\u00e9.<br>Le Kroeung&nbsp;: p\u00e2te d\u2019herbes faite avec du galanga, sorte de gingembre, turmeric, tr\u00e8s orang\u00e9, aussi famille du gingembre, de l\u2019ail, des \u00e9chalotes, du citron kafir et du rhizome.<\/p>\n","protected":false},"excerpt":{"rendered":"<p>Ingr\u00e9dients de la cuisine Khmer Quels que soient les ingr\u00e9dients de la cuisine khm\u00e8re utilis\u00e9s, les cuisiniers selon les r\u00e9gions du Cambodge auront toujours une petite astuce afin de relever un plat pour lui donner une saveur unique qui ne finira pas de vous enchanter pendant votre repas. Ingr\u00e9dients \u00e0 base v\u00e9g\u00e9tal : Ce qui &hellip; <\/p>\n","protected":false},"author":1,"featured_media":0,"parent":35,"menu_order":0,"comment_status":"closed","ping_status":"closed","template":"","meta":{"_themeisle_gutenberg_block_has_review":false,"footnotes":""},"class_list":["post-3263","page","type-page","status-publish","hentry"],"yoast_head":"<!-- This site is optimized with the Yoast SEO plugin v27.5 - https:\/\/yoast.com\/product\/yoast-seo-wordpress\/ -->\n<title>Ingr\u00e9dients de la cuisine Khmer excellente pour votre sant\u00e9<\/title>\n<meta name=\"description\" content=\"Ingr\u00e9dients de la cuisine Khmer sont savoureuse et excellente pour la sant\u00e9 . venez d\u00e9couvrir la gastrostomie du Cambodge avec nos recettes\" \/>\n<meta name=\"robots\" content=\"index, follow, max-snippet:-1, max-image-preview:large, max-video-preview:-1\" \/>\n<link rel=\"canonical\" href=\"https:\/\/www.cambodiaacountryfullofcharm.com\/fr\/cuisine-khmer\/ingredients-de-la-cuisine-khmer\/\" \/>\n<meta property=\"og:locale\" content=\"fr_FR\" \/>\n<meta property=\"og:type\" content=\"article\" \/>\n<meta property=\"og:title\" content=\"Ingr\u00e9dients de la cuisine Khmer excellente pour votre sant\u00e9\" \/>\n<meta property=\"og:description\" content=\"Ingr\u00e9dients de la cuisine Khmer sont savoureuse et excellente pour la sant\u00e9 . venez d\u00e9couvrir la gastrostomie du Cambodge avec nos recettes\" \/>\n<meta property=\"og:url\" content=\"https:\/\/www.cambodiaacountryfullofcharm.com\/fr\/cuisine-khmer\/ingredients-de-la-cuisine-khmer\/\" \/>\n<meta property=\"og:site_name\" content=\"Guide voyage Cambodge\" \/>\n<meta property=\"article:modified_time\" content=\"2023-05-08T15:49:04+00:00\" \/>\n<meta name=\"twitter:card\" content=\"summary_large_image\" \/>\n<meta name=\"twitter:label1\" content=\"Dur\u00e9e de lecture estim\u00e9e\" \/>\n\t<meta name=\"twitter:data1\" content=\"3 minutes\" \/>\n<script type=\"application\/ld+json\" class=\"yoast-schema-graph\">{\"@context\":\"https:\\\/\\\/schema.org\",\"@graph\":[{\"@type\":\"WebPage\",\"@id\":\"https:\\\/\\\/www.cambodiaacountryfullofcharm.com\\\/fr\\\/cuisine-khmer\\\/ingredients-de-la-cuisine-khmer\\\/\",\"url\":\"https:\\\/\\\/www.cambodiaacountryfullofcharm.com\\\/fr\\\/cuisine-khmer\\\/ingredients-de-la-cuisine-khmer\\\/\",\"name\":\"Ingr\u00e9dients de la cuisine Khmer excellente pour votre sant\u00e9\",\"isPartOf\":{\"@id\":\"https:\\\/\\\/www.cambodiaacountryfullofcharm.com\\\/fr\\\/#website\"},\"datePublished\":\"2014-10-23T14:36:07+00:00\",\"dateModified\":\"2023-05-08T15:49:04+00:00\",\"description\":\"Ingr\u00e9dients de la cuisine Khmer sont savoureuse et excellente pour la sant\u00e9 . venez d\u00e9couvrir la gastrostomie du Cambodge avec nos recettes\",\"breadcrumb\":{\"@id\":\"https:\\\/\\\/www.cambodiaacountryfullofcharm.com\\\/fr\\\/cuisine-khmer\\\/ingredients-de-la-cuisine-khmer\\\/#breadcrumb\"},\"inLanguage\":\"fr-FR\",\"potentialAction\":[{\"@type\":\"ReadAction\",\"target\":[\"https:\\\/\\\/www.cambodiaacountryfullofcharm.com\\\/fr\\\/cuisine-khmer\\\/ingredients-de-la-cuisine-khmer\\\/\"]}]},{\"@type\":\"BreadcrumbList\",\"@id\":\"https:\\\/\\\/www.cambodiaacountryfullofcharm.com\\\/fr\\\/cuisine-khmer\\\/ingredients-de-la-cuisine-khmer\\\/#breadcrumb\",\"itemListElement\":[{\"@type\":\"ListItem\",\"position\":1,\"name\":\"Accueil\",\"item\":\"https:\\\/\\\/www.cambodiaacountryfullofcharm.com\\\/fr\\\/\"},{\"@type\":\"ListItem\",\"position\":2,\"name\":\"Cuisine Khmer\",\"item\":\"https:\\\/\\\/www.cambodiaacountryfullofcharm.com\\\/fr\\\/cuisine-khmer\\\/\"},{\"@type\":\"ListItem\",\"position\":3,\"name\":\"Ingr\u00e9dients de la cuisine Khmer\"}]},{\"@type\":\"WebSite\",\"@id\":\"https:\\\/\\\/www.cambodiaacountryfullofcharm.com\\\/fr\\\/#website\",\"url\":\"https:\\\/\\\/www.cambodiaacountryfullofcharm.com\\\/fr\\\/\",\"name\":\"Guide voyage Cambodge\",\"description\":\"Cambodge un pays plein de charme\",\"publisher\":{\"@id\":\"https:\\\/\\\/www.cambodiaacountryfullofcharm.com\\\/fr\\\/#organization\"},\"potentialAction\":[{\"@type\":\"SearchAction\",\"target\":{\"@type\":\"EntryPoint\",\"urlTemplate\":\"https:\\\/\\\/www.cambodiaacountryfullofcharm.com\\\/fr\\\/?s={search_term_string}\"},\"query-input\":{\"@type\":\"PropertyValueSpecification\",\"valueRequired\":true,\"valueName\":\"search_term_string\"}}],\"inLanguage\":\"fr-FR\"},{\"@type\":\"Organization\",\"@id\":\"https:\\\/\\\/www.cambodiaacountryfullofcharm.com\\\/fr\\\/#organization\",\"name\":\"Guide voyage Cambodge\",\"url\":\"https:\\\/\\\/www.cambodiaacountryfullofcharm.com\\\/fr\\\/\",\"logo\":{\"@type\":\"ImageObject\",\"inLanguage\":\"fr-FR\",\"@id\":\"https:\\\/\\\/www.cambodiaacountryfullofcharm.com\\\/fr\\\/#\\\/schema\\\/logo\\\/image\\\/\",\"url\":\"https:\\\/\\\/www.cambodiaacountryfullofcharm.com\\\/wp-content\\\/uploads\\\/2022\\\/06\\\/Cambodia-a-country-full-of-charm-2-scaled.jpg\",\"contentUrl\":\"https:\\\/\\\/www.cambodiaacountryfullofcharm.com\\\/wp-content\\\/uploads\\\/2022\\\/06\\\/Cambodia-a-country-full-of-charm-2-scaled.jpg\",\"width\":2560,\"height\":1709,\"caption\":\"Guide voyage Cambodge\"},\"image\":{\"@id\":\"https:\\\/\\\/www.cambodiaacountryfullofcharm.com\\\/fr\\\/#\\\/schema\\\/logo\\\/image\\\/\"}}]}<\/script>\n<!-- \/ Yoast SEO plugin. -->","yoast_head_json":{"title":"Ingr\u00e9dients de la cuisine Khmer excellente pour votre sant\u00e9","description":"Ingr\u00e9dients de la cuisine Khmer sont savoureuse et excellente pour la sant\u00e9 . venez d\u00e9couvrir la gastrostomie du Cambodge avec nos recettes","robots":{"index":"index","follow":"follow","max-snippet":"max-snippet:-1","max-image-preview":"max-image-preview:large","max-video-preview":"max-video-preview:-1"},"canonical":"https:\/\/www.cambodiaacountryfullofcharm.com\/fr\/cuisine-khmer\/ingredients-de-la-cuisine-khmer\/","og_locale":"fr_FR","og_type":"article","og_title":"Ingr\u00e9dients de la cuisine Khmer excellente pour votre sant\u00e9","og_description":"Ingr\u00e9dients de la cuisine Khmer sont savoureuse et excellente pour la sant\u00e9 . venez d\u00e9couvrir la gastrostomie du Cambodge avec nos recettes","og_url":"https:\/\/www.cambodiaacountryfullofcharm.com\/fr\/cuisine-khmer\/ingredients-de-la-cuisine-khmer\/","og_site_name":"Guide voyage Cambodge","article_modified_time":"2023-05-08T15:49:04+00:00","twitter_card":"summary_large_image","twitter_misc":{"Dur\u00e9e de lecture estim\u00e9e":"3 minutes"},"schema":{"@context":"https:\/\/schema.org","@graph":[{"@type":"WebPage","@id":"https:\/\/www.cambodiaacountryfullofcharm.com\/fr\/cuisine-khmer\/ingredients-de-la-cuisine-khmer\/","url":"https:\/\/www.cambodiaacountryfullofcharm.com\/fr\/cuisine-khmer\/ingredients-de-la-cuisine-khmer\/","name":"Ingr\u00e9dients de la cuisine Khmer excellente pour votre sant\u00e9","isPartOf":{"@id":"https:\/\/www.cambodiaacountryfullofcharm.com\/fr\/#website"},"datePublished":"2014-10-23T14:36:07+00:00","dateModified":"2023-05-08T15:49:04+00:00","description":"Ingr\u00e9dients de la cuisine Khmer sont savoureuse et excellente pour la sant\u00e9 . venez d\u00e9couvrir la gastrostomie du Cambodge avec nos recettes","breadcrumb":{"@id":"https:\/\/www.cambodiaacountryfullofcharm.com\/fr\/cuisine-khmer\/ingredients-de-la-cuisine-khmer\/#breadcrumb"},"inLanguage":"fr-FR","potentialAction":[{"@type":"ReadAction","target":["https:\/\/www.cambodiaacountryfullofcharm.com\/fr\/cuisine-khmer\/ingredients-de-la-cuisine-khmer\/"]}]},{"@type":"BreadcrumbList","@id":"https:\/\/www.cambodiaacountryfullofcharm.com\/fr\/cuisine-khmer\/ingredients-de-la-cuisine-khmer\/#breadcrumb","itemListElement":[{"@type":"ListItem","position":1,"name":"Accueil","item":"https:\/\/www.cambodiaacountryfullofcharm.com\/fr\/"},{"@type":"ListItem","position":2,"name":"Cuisine Khmer","item":"https:\/\/www.cambodiaacountryfullofcharm.com\/fr\/cuisine-khmer\/"},{"@type":"ListItem","position":3,"name":"Ingr\u00e9dients de la cuisine Khmer"}]},{"@type":"WebSite","@id":"https:\/\/www.cambodiaacountryfullofcharm.com\/fr\/#website","url":"https:\/\/www.cambodiaacountryfullofcharm.com\/fr\/","name":"Guide voyage Cambodge","description":"Cambodge un pays plein de charme","publisher":{"@id":"https:\/\/www.cambodiaacountryfullofcharm.com\/fr\/#organization"},"potentialAction":[{"@type":"SearchAction","target":{"@type":"EntryPoint","urlTemplate":"https:\/\/www.cambodiaacountryfullofcharm.com\/fr\/?s={search_term_string}"},"query-input":{"@type":"PropertyValueSpecification","valueRequired":true,"valueName":"search_term_string"}}],"inLanguage":"fr-FR"},{"@type":"Organization","@id":"https:\/\/www.cambodiaacountryfullofcharm.com\/fr\/#organization","name":"Guide voyage Cambodge","url":"https:\/\/www.cambodiaacountryfullofcharm.com\/fr\/","logo":{"@type":"ImageObject","inLanguage":"fr-FR","@id":"https:\/\/www.cambodiaacountryfullofcharm.com\/fr\/#\/schema\/logo\/image\/","url":"https:\/\/www.cambodiaacountryfullofcharm.com\/wp-content\/uploads\/2022\/06\/Cambodia-a-country-full-of-charm-2-scaled.jpg","contentUrl":"https:\/\/www.cambodiaacountryfullofcharm.com\/wp-content\/uploads\/2022\/06\/Cambodia-a-country-full-of-charm-2-scaled.jpg","width":2560,"height":1709,"caption":"Guide voyage Cambodge"},"image":{"@id":"https:\/\/www.cambodiaacountryfullofcharm.com\/fr\/#\/schema\/logo\/image\/"}}]}},"_links":{"self":[{"href":"https:\/\/www.cambodiaacountryfullofcharm.com\/fr\/wp-json\/wp\/v2\/pages\/3263","targetHints":{"allow":["GET"]}}],"collection":[{"href":"https:\/\/www.cambodiaacountryfullofcharm.com\/fr\/wp-json\/wp\/v2\/pages"}],"about":[{"href":"https:\/\/www.cambodiaacountryfullofcharm.com\/fr\/wp-json\/wp\/v2\/types\/page"}],"author":[{"embeddable":true,"href":"https:\/\/www.cambodiaacountryfullofcharm.com\/fr\/wp-json\/wp\/v2\/users\/1"}],"replies":[{"embeddable":true,"href":"https:\/\/www.cambodiaacountryfullofcharm.com\/fr\/wp-json\/wp\/v2\/comments?post=3263"}],"version-history":[{"count":0,"href":"https:\/\/www.cambodiaacountryfullofcharm.com\/fr\/wp-json\/wp\/v2\/pages\/3263\/revisions"}],"up":[{"embeddable":true,"href":"https:\/\/www.cambodiaacountryfullofcharm.com\/fr\/wp-json\/wp\/v2\/pages\/35"}],"wp:attachment":[{"href":"https:\/\/www.cambodiaacountryfullofcharm.com\/fr\/wp-json\/wp\/v2\/media?parent=3263"}],"curies":[{"name":"wp","href":"https:\/\/api.w.org\/{rel}","templated":true}]}}