{"id":3333,"date":"2014-10-27T19:28:22","date_gmt":"2014-10-27T18:28:22","guid":{"rendered":"http:\/\/www.cambodiaacountryfullofcharm.com\/?page_id=3333"},"modified":"2022-12-06T17:00:17","modified_gmt":"2022-12-06T16:00:17","slug":"angkor-wat-temple-au-cambodge","status":"publish","type":"page","link":"https:\/\/www.cambodiaacountryfullofcharm.com\/fr\/les-temples-dangkor-wat\/angkor-wat-temple-au-cambodge\/","title":{"rendered":"Angkor Wat Temple"},"content":{"rendered":"<h2>Angkor Wat Temple<\/h2>\n<p>l&#8217; Angkor Wat <span style=\"color: #000000;\"><a style=\"color: #000000;\" title=\"visiter aussi la page Facebook officiel d'Angkor Wat Temple au Cambodge vous y trouverez aussi bien des photos que des informations sur le Cambodge et le royaume d'Angkor Wat \" href=\"https:\/\/www.facebook.com\/AngkorWatTemple\" target=\"_blank\" rel=\"noopener\">Temple<\/a><\/span> au Cambodge est non seulement un symbole historique, mais surtout le chef-d\u2019\u0153uvre du Royaume du Cambodge.<\/p>\n<h5>l&#8217;histoire d&#8217;Angkor Wat Temple au Cambodge<\/h5>\n<p>Construit \u00e0 la moiti\u00e9 du XII<sup>e<\/sup>\u00a0si\u00e8cle par le roi Suryavarman\u00a0II comme temple hindou et d\u00e9di\u00e9 \u00e0 Vishnou sur une surface totale de 1500 m\u00e8tres sur 1\u2009300\u00a0m\u00e8tres, il est entour\u00e9 d\u2019immenses douves d\u2019eau de 200\u00a0m\u00e8tres de large.<br \/>\nAngkor Wat Temple a \u00e9t\u00e9 construit comme un temple-montagne pour repr\u00e9senter le mont Meru, demeure des dieux dans la mythologie hindoue.<br \/>\nLes bas-reliefs (gravures) localis\u00e9s dans les premi\u00e8res galeries du temple repr\u00e9sentent des \u00e9pop\u00e9es hindoues comme le\u00a0\u00ab\u00a0barattage de l\u2019oc\u00e9an de lait\u00a0\u00bb, une l\u00e9gende qui pr\u00e9tend que des dieux hindous vont prendre la vie immortelle.<br \/>\nOn y trouve aussi des bas-reliefs avec des danseuses d\u2019Apsaras et entre les piliers le plafond est d\u00e9cor\u00e9 avec des rosaces de lotus.<\/p>\n<h5>la visite d&#8217;Angkor Wat Temple au Cambodge<\/h5>\n<p>Apr\u00e8s la premi\u00e8re galerie qui forme l\u2019enceinte du temple d\u2019Angkor Wat, une all\u00e9e m\u00e8ne \u00e0 travers le parc \u00e0 la seconde galerie.<br \/>\nSur le parcours de l\u2019all\u00e9e d\u00e9cor\u00e9e de nagas longue de 350\u00a0m, on rencontre d\u2019abord deux <span style=\"text-decoration: underline; color: #000000;\"><a style=\"color: #000000; text-decoration: underline;\" title=\"pour avoir encore plus d'information sur la Biblioth\u00e8que d'Angkor Wat , alors aller voir la page Biblioth\u00e8que d'Angkor Wat sur le site et vous conna\u00eetrez aussi bien l'histoire de la Biblioth\u00e8que d'Angkor Wat et aussi voir les photos\" href=\"https:\/\/www.cambodiaacountryfullofcharm.com\/fr\/les-temples-dangkor-wat\/angkor-wat-temple-au-cambodge\/bibliotheque-d-angkor-wat-temple\/\">biblioth\u00e8ques<\/a><\/span> dont on ignore vraiment l\u2019utilit\u00e9 \u00e0 l\u2019\u00e9poque et deux petits bassins.<\/p>\n<p>Les murs int\u00e9rieurs de la seconde galerie qui forme l\u2019enceinte sont orn\u00e9s de bas-reliefs (gravures) sur toute la longueur de la galerie avec une tour \u00e0 chaque angle.<br \/>\nLa troisi\u00e8me galerie qui forme l\u2019enceinte de 150\u00a0m\u00e8tres sur 200\u00a0m\u00e8tres est divis\u00e9e en trois niveaux jusqu\u2019au sanctuaire central dont la tour est d\u2019une hauteur de 213\u00a0m\u00e8tres.<br \/>\nChacune des terrasses est reli\u00e9e par diff\u00e9rents escaliers ext\u00e9rieurs et entour\u00e9e d\u2019une galerie.<br \/>\nL\u2019acc\u00e8s au sanctuaire central s\u2019effectue par douze escaliers tr\u00e8s raides \u00e0 monter pour atteindre au sommet une plateforme de pav\u00e9s entour\u00e9e d\u2019une galerie avec \u00e0 chaque angle une tour dont une tour centrale (royaume des dieux) de 213\u00a0m\u00e8tres de haut.<br \/>\nLa plateforme du sanctuaire central est divis\u00e9e en quatre cours par deux galeries qui rejoignent la galerie qui entoure la plateforme centrale.<\/p>\n<p>La combinaison des quatre tours d\u2019angle du sanctuaire central avec sa tour centrale donne la silhouette bien connue du mythique royaume d\u2019Angkor Wat aussi repr\u00e9sent\u00e9 sur le drapeau national cambodgien.<br \/>\nAngkor Wat Temple au <span style=\"color: #000080;\"><span style=\"color: #000000;\"><a style=\"color: #000000;\" title=\"pour plus d'information voir la page officiel de Cambodia a country full of charm\" href=\"https:\/\/www.facebook.com\/CambodiaACountryFullOfCharm\" target=\"_blank\" rel=\"noopener\">Cambodge<\/a><\/span>\u00a0<\/span>est class\u00e9 au patrimoine mondial de l\u2019UNESCO depuis 1992.<br \/>\nAngkor Wat au Cambodge est un symbole religieux, mais aussi la plus grande attraction touristique du Cambodge.<\/p>\n<p>L\u2019Angkor Wat Temple s\u2019\u00e9l\u00e8ve via trois terrasses rectangulaires jusqu\u2019au sanctuaire central, une tour d\u2019une hauteur de 213\u00a0m\u00e8tres (669\u00a0pieds), avec des douves de 200\u00a0m\u00e8tres qui forment un contour de plus de 5\u00a0kilom\u00e8tres autour du temple aliment\u00e9 par la rivi\u00e8re de Siem Reap en eau.<br \/>\nCe temple est une combinaison de points caract\u00e9ristiques de l\u2019architecture khm\u00e8re,<br \/>\nl\u2019effet pyramidal hi\u00e9rarchis\u00e9 est r\u00e9alis\u00e9 en utilisant trois plateformes, l\u2019une au-dessus de l\u2019autre, qui deviennent progressivement plus petites.<br \/>\nL\u2019harmonie, l\u2019\u00e9quilibre et la sym\u00e9trie qui se d\u00e9gagent de la fa\u00e7ade en face de vous sont la caract\u00e9ristique essentielle du temple.<\/p>\n<p><img fetchpriority=\"high\" decoding=\"async\" class=\"size-medium wp-image-11679 aligncenter\" src=\"https:\/\/www.cambodiaacountryfullofcharm.com\/wp-content\/uploads\/2022\/09\/les-temples-dAngkor-scaled-e1670077588600-300x200.jpg\" alt=\"angkor wat temple au cambodge e-cambodia\" width=\"300\" height=\"200\" \/><\/p>\n<p>Au premier niveau, vous pouvez trouver la galerie des mille bouddhas, mais la plupart d\u2019entre eux ont \u00e9t\u00e9 d\u00e9truits ou vol\u00e9s.<br \/>\nLe deuxi\u00e8me niveau est entour\u00e9 par des tours sur les coins. Vous trouverez sur la paroi int\u00e9rieure les mille gracieuses Apsaras, toutes diff\u00e9rentes.<br \/>\nLe troisi\u00e8me niveau \u00e9tait r\u00e9serv\u00e9 au roi et au grand pr\u00eatre.<br \/>\nVous pouvez monter (avec pr\u00e9caution) dans les tours. La plateforme sup\u00e9rieure est carr\u00e9e. Elle soutient cinq tours qui sont devenues la caract\u00e9ristique la plus marquante du temple.<br \/>\nUn autre \u00e9l\u00e9ment pr\u00e9sent sur les trois niveaux du temple est la forme en coupe de plusieurs de ses structures.<br \/>\nL\u2019harmonie, l\u2019\u00e9quilibre et la sym\u00e9trie qui se d\u00e9gagent de la fa\u00e7ade en face de vous sont la caract\u00e9ristique essentielle du temple.<\/p>\n","protected":false},"excerpt":{"rendered":"<p>Angkor Wat Temple l&#8217; Angkor Wat Temple au Cambodge est non seulement un symbole historique, mais surtout le chef-d\u2019\u0153uvre du Royaume du Cambodge. l&#8217;histoire d&#8217;Angkor Wat Temple au Cambodge Construit \u00e0 la moiti\u00e9 du XIIe\u00a0si\u00e8cle par le roi Suryavarman\u00a0II comme temple hindou et d\u00e9di\u00e9 \u00e0 Vishnou sur une surface totale de 1500 m\u00e8tres sur 1\u2009300\u00a0m\u00e8tres, &hellip; <\/p>\n","protected":false},"author":1,"featured_media":0,"parent":78,"menu_order":0,"comment_status":"closed","ping_status":"closed","template":"","meta":{"_themeisle_gutenberg_block_has_review":false,"footnotes":""},"class_list":["post-3333","page","type-page","status-publish","hentry"],"yoast_head":"<!-- This site is optimized with the Yoast SEO plugin v27.5 - https:\/\/yoast.com\/product\/yoast-seo-wordpress\/ -->\n<title>Angkor Wat Temple au Cambodge la fiert\u00e9 d&#039;un pays<\/title>\n<meta name=\"description\" content=\"Angkor Wat Temple au Cambodge symbole historique et fiert\u00e9 d&#039;un peuple . toutes les informations pour visiter l&#039;Angkor Wat Temple au Cambodge\" \/>\n<meta name=\"robots\" content=\"index, follow, max-snippet:-1, max-image-preview:large, max-video-preview:-1\" \/>\n<link rel=\"canonical\" href=\"https:\/\/www.cambodiaacountryfullofcharm.com\/fr\/les-temples-dangkor-wat\/angkor-wat-temple-au-cambodge\/\" \/>\n<meta property=\"og:locale\" content=\"fr_FR\" \/>\n<meta property=\"og:type\" content=\"article\" \/>\n<meta property=\"og:title\" content=\"Angkor Wat Temple au Cambodge la fiert\u00e9 d&#039;un pays\" \/>\n<meta property=\"og:description\" content=\"Angkor Wat Temple au Cambodge symbole historique et fiert\u00e9 d&#039;un peuple . toutes les informations pour visiter l&#039;Angkor Wat Temple au Cambodge sur le site\" \/>\n<meta property=\"og:url\" content=\"https:\/\/www.cambodiaacountryfullofcharm.com\/fr\/les-temples-dangkor-wat\/angkor-wat-temple-au-cambodge\/\" \/>\n<meta property=\"og:site_name\" content=\"Guide voyage Cambodge\" \/>\n<meta property=\"article:modified_time\" content=\"2022-12-06T16:00:17+00:00\" \/>\n<meta property=\"og:image\" content=\"https:\/\/www.cambodiaacountryfullofcharm.com\/wp-content\/uploads\/2022\/09\/les-temples-dAngkor-scaled-e1670077588600-300x200.jpg\" \/>\n<meta name=\"twitter:card\" content=\"summary_large_image\" \/>\n<meta name=\"twitter:label1\" content=\"Dur\u00e9e de lecture estim\u00e9e\" \/>\n\t<meta name=\"twitter:data1\" content=\"4 minutes\" \/>\n<script type=\"application\/ld+json\" class=\"yoast-schema-graph\">{\"@context\":\"https:\\\/\\\/schema.org\",\"@graph\":[{\"@type\":\"WebPage\",\"@id\":\"https:\\\/\\\/www.cambodiaacountryfullofcharm.com\\\/fr\\\/les-temples-dangkor-wat\\\/angkor-wat-temple-au-cambodge\\\/\",\"url\":\"https:\\\/\\\/www.cambodiaacountryfullofcharm.com\\\/fr\\\/les-temples-dangkor-wat\\\/angkor-wat-temple-au-cambodge\\\/\",\"name\":\"Angkor Wat Temple au Cambodge la fiert\u00e9 d'un pays\",\"isPartOf\":{\"@id\":\"https:\\\/\\\/www.cambodiaacountryfullofcharm.com\\\/fr\\\/#website\"},\"primaryImageOfPage\":{\"@id\":\"https:\\\/\\\/www.cambodiaacountryfullofcharm.com\\\/fr\\\/les-temples-dangkor-wat\\\/angkor-wat-temple-au-cambodge\\\/#primaryimage\"},\"image\":{\"@id\":\"https:\\\/\\\/www.cambodiaacountryfullofcharm.com\\\/fr\\\/les-temples-dangkor-wat\\\/angkor-wat-temple-au-cambodge\\\/#primaryimage\"},\"thumbnailUrl\":\"https:\\\/\\\/www.cambodiaacountryfullofcharm.com\\\/wp-content\\\/uploads\\\/2022\\\/09\\\/les-temples-dAngkor-scaled-e1670077588600-300x200.jpg\",\"datePublished\":\"2014-10-27T18:28:22+00:00\",\"dateModified\":\"2022-12-06T16:00:17+00:00\",\"description\":\"Angkor Wat Temple au Cambodge symbole historique et fiert\u00e9 d'un peuple . toutes les informations pour visiter l'Angkor Wat Temple au Cambodge\",\"breadcrumb\":{\"@id\":\"https:\\\/\\\/www.cambodiaacountryfullofcharm.com\\\/fr\\\/les-temples-dangkor-wat\\\/angkor-wat-temple-au-cambodge\\\/#breadcrumb\"},\"inLanguage\":\"fr-FR\",\"potentialAction\":[{\"@type\":\"ReadAction\",\"target\":[\"https:\\\/\\\/www.cambodiaacountryfullofcharm.com\\\/fr\\\/les-temples-dangkor-wat\\\/angkor-wat-temple-au-cambodge\\\/\"]}]},{\"@type\":\"ImageObject\",\"inLanguage\":\"fr-FR\",\"@id\":\"https:\\\/\\\/www.cambodiaacountryfullofcharm.com\\\/fr\\\/les-temples-dangkor-wat\\\/angkor-wat-temple-au-cambodge\\\/#primaryimage\",\"url\":\"https:\\\/\\\/www.cambodiaacountryfullofcharm.com\\\/wp-content\\\/uploads\\\/2022\\\/09\\\/les-temples-dAngkor-scaled-e1670077588600-300x200.jpg\",\"contentUrl\":\"https:\\\/\\\/www.cambodiaacountryfullofcharm.com\\\/wp-content\\\/uploads\\\/2022\\\/09\\\/les-temples-dAngkor-scaled-e1670077588600-300x200.jpg\"},{\"@type\":\"BreadcrumbList\",\"@id\":\"https:\\\/\\\/www.cambodiaacountryfullofcharm.com\\\/fr\\\/les-temples-dangkor-wat\\\/angkor-wat-temple-au-cambodge\\\/#breadcrumb\",\"itemListElement\":[{\"@type\":\"ListItem\",\"position\":1,\"name\":\"Accueil\",\"item\":\"https:\\\/\\\/www.cambodiaacountryfullofcharm.com\\\/fr\\\/\"},{\"@type\":\"ListItem\",\"position\":2,\"name\":\"les temples d'Angkor Wat\",\"item\":\"https:\\\/\\\/www.cambodiaacountryfullofcharm.com\\\/fr\\\/les-temples-dangkor-wat\\\/\"},{\"@type\":\"ListItem\",\"position\":3,\"name\":\"Angkor Wat Temple\"}]},{\"@type\":\"WebSite\",\"@id\":\"https:\\\/\\\/www.cambodiaacountryfullofcharm.com\\\/fr\\\/#website\",\"url\":\"https:\\\/\\\/www.cambodiaacountryfullofcharm.com\\\/fr\\\/\",\"name\":\"Guide voyage Cambodge\",\"description\":\"Cambodge un pays plein de charme\",\"publisher\":{\"@id\":\"https:\\\/\\\/www.cambodiaacountryfullofcharm.com\\\/fr\\\/#organization\"},\"potentialAction\":[{\"@type\":\"SearchAction\",\"target\":{\"@type\":\"EntryPoint\",\"urlTemplate\":\"https:\\\/\\\/www.cambodiaacountryfullofcharm.com\\\/fr\\\/?s={search_term_string}\"},\"query-input\":{\"@type\":\"PropertyValueSpecification\",\"valueRequired\":true,\"valueName\":\"search_term_string\"}}],\"inLanguage\":\"fr-FR\"},{\"@type\":\"Organization\",\"@id\":\"https:\\\/\\\/www.cambodiaacountryfullofcharm.com\\\/fr\\\/#organization\",\"name\":\"Guide voyage Cambodge\",\"url\":\"https:\\\/\\\/www.cambodiaacountryfullofcharm.com\\\/fr\\\/\",\"logo\":{\"@type\":\"ImageObject\",\"inLanguage\":\"fr-FR\",\"@id\":\"https:\\\/\\\/www.cambodiaacountryfullofcharm.com\\\/fr\\\/#\\\/schema\\\/logo\\\/image\\\/\",\"url\":\"https:\\\/\\\/www.cambodiaacountryfullofcharm.com\\\/wp-content\\\/uploads\\\/2022\\\/06\\\/Cambodia-a-country-full-of-charm-2-scaled.jpg\",\"contentUrl\":\"https:\\\/\\\/www.cambodiaacountryfullofcharm.com\\\/wp-content\\\/uploads\\\/2022\\\/06\\\/Cambodia-a-country-full-of-charm-2-scaled.jpg\",\"width\":2560,\"height\":1709,\"caption\":\"Guide voyage Cambodge\"},\"image\":{\"@id\":\"https:\\\/\\\/www.cambodiaacountryfullofcharm.com\\\/fr\\\/#\\\/schema\\\/logo\\\/image\\\/\"}}]}<\/script>\n<!-- \/ Yoast SEO plugin. -->","yoast_head_json":{"title":"Angkor Wat Temple au Cambodge la fiert\u00e9 d'un pays","description":"Angkor Wat Temple au Cambodge symbole historique et fiert\u00e9 d'un peuple . toutes les informations pour visiter l'Angkor Wat Temple au Cambodge","robots":{"index":"index","follow":"follow","max-snippet":"max-snippet:-1","max-image-preview":"max-image-preview:large","max-video-preview":"max-video-preview:-1"},"canonical":"https:\/\/www.cambodiaacountryfullofcharm.com\/fr\/les-temples-dangkor-wat\/angkor-wat-temple-au-cambodge\/","og_locale":"fr_FR","og_type":"article","og_title":"Angkor Wat Temple au Cambodge la fiert\u00e9 d'un pays","og_description":"Angkor Wat Temple au Cambodge symbole historique et fiert\u00e9 d'un peuple . toutes les informations pour visiter l'Angkor Wat Temple au Cambodge sur le site","og_url":"https:\/\/www.cambodiaacountryfullofcharm.com\/fr\/les-temples-dangkor-wat\/angkor-wat-temple-au-cambodge\/","og_site_name":"Guide voyage Cambodge","article_modified_time":"2022-12-06T16:00:17+00:00","og_image":[{"url":"https:\/\/www.cambodiaacountryfullofcharm.com\/wp-content\/uploads\/2022\/09\/les-temples-dAngkor-scaled-e1670077588600-300x200.jpg","type":"","width":"","height":""}],"twitter_card":"summary_large_image","twitter_misc":{"Dur\u00e9e de lecture estim\u00e9e":"4 minutes"},"schema":{"@context":"https:\/\/schema.org","@graph":[{"@type":"WebPage","@id":"https:\/\/www.cambodiaacountryfullofcharm.com\/fr\/les-temples-dangkor-wat\/angkor-wat-temple-au-cambodge\/","url":"https:\/\/www.cambodiaacountryfullofcharm.com\/fr\/les-temples-dangkor-wat\/angkor-wat-temple-au-cambodge\/","name":"Angkor Wat Temple au Cambodge la fiert\u00e9 d'un pays","isPartOf":{"@id":"https:\/\/www.cambodiaacountryfullofcharm.com\/fr\/#website"},"primaryImageOfPage":{"@id":"https:\/\/www.cambodiaacountryfullofcharm.com\/fr\/les-temples-dangkor-wat\/angkor-wat-temple-au-cambodge\/#primaryimage"},"image":{"@id":"https:\/\/www.cambodiaacountryfullofcharm.com\/fr\/les-temples-dangkor-wat\/angkor-wat-temple-au-cambodge\/#primaryimage"},"thumbnailUrl":"https:\/\/www.cambodiaacountryfullofcharm.com\/wp-content\/uploads\/2022\/09\/les-temples-dAngkor-scaled-e1670077588600-300x200.jpg","datePublished":"2014-10-27T18:28:22+00:00","dateModified":"2022-12-06T16:00:17+00:00","description":"Angkor Wat Temple au Cambodge symbole historique et fiert\u00e9 d'un peuple . toutes les informations pour visiter l'Angkor Wat Temple au Cambodge","breadcrumb":{"@id":"https:\/\/www.cambodiaacountryfullofcharm.com\/fr\/les-temples-dangkor-wat\/angkor-wat-temple-au-cambodge\/#breadcrumb"},"inLanguage":"fr-FR","potentialAction":[{"@type":"ReadAction","target":["https:\/\/www.cambodiaacountryfullofcharm.com\/fr\/les-temples-dangkor-wat\/angkor-wat-temple-au-cambodge\/"]}]},{"@type":"ImageObject","inLanguage":"fr-FR","@id":"https:\/\/www.cambodiaacountryfullofcharm.com\/fr\/les-temples-dangkor-wat\/angkor-wat-temple-au-cambodge\/#primaryimage","url":"https:\/\/www.cambodiaacountryfullofcharm.com\/wp-content\/uploads\/2022\/09\/les-temples-dAngkor-scaled-e1670077588600-300x200.jpg","contentUrl":"https:\/\/www.cambodiaacountryfullofcharm.com\/wp-content\/uploads\/2022\/09\/les-temples-dAngkor-scaled-e1670077588600-300x200.jpg"},{"@type":"BreadcrumbList","@id":"https:\/\/www.cambodiaacountryfullofcharm.com\/fr\/les-temples-dangkor-wat\/angkor-wat-temple-au-cambodge\/#breadcrumb","itemListElement":[{"@type":"ListItem","position":1,"name":"Accueil","item":"https:\/\/www.cambodiaacountryfullofcharm.com\/fr\/"},{"@type":"ListItem","position":2,"name":"les temples d'Angkor Wat","item":"https:\/\/www.cambodiaacountryfullofcharm.com\/fr\/les-temples-dangkor-wat\/"},{"@type":"ListItem","position":3,"name":"Angkor Wat Temple"}]},{"@type":"WebSite","@id":"https:\/\/www.cambodiaacountryfullofcharm.com\/fr\/#website","url":"https:\/\/www.cambodiaacountryfullofcharm.com\/fr\/","name":"Guide voyage Cambodge","description":"Cambodge un pays plein de charme","publisher":{"@id":"https:\/\/www.cambodiaacountryfullofcharm.com\/fr\/#organization"},"potentialAction":[{"@type":"SearchAction","target":{"@type":"EntryPoint","urlTemplate":"https:\/\/www.cambodiaacountryfullofcharm.com\/fr\/?s={search_term_string}"},"query-input":{"@type":"PropertyValueSpecification","valueRequired":true,"valueName":"search_term_string"}}],"inLanguage":"fr-FR"},{"@type":"Organization","@id":"https:\/\/www.cambodiaacountryfullofcharm.com\/fr\/#organization","name":"Guide voyage Cambodge","url":"https:\/\/www.cambodiaacountryfullofcharm.com\/fr\/","logo":{"@type":"ImageObject","inLanguage":"fr-FR","@id":"https:\/\/www.cambodiaacountryfullofcharm.com\/fr\/#\/schema\/logo\/image\/","url":"https:\/\/www.cambodiaacountryfullofcharm.com\/wp-content\/uploads\/2022\/06\/Cambodia-a-country-full-of-charm-2-scaled.jpg","contentUrl":"https:\/\/www.cambodiaacountryfullofcharm.com\/wp-content\/uploads\/2022\/06\/Cambodia-a-country-full-of-charm-2-scaled.jpg","width":2560,"height":1709,"caption":"Guide voyage Cambodge"},"image":{"@id":"https:\/\/www.cambodiaacountryfullofcharm.com\/fr\/#\/schema\/logo\/image\/"}}]}},"_links":{"self":[{"href":"https:\/\/www.cambodiaacountryfullofcharm.com\/fr\/wp-json\/wp\/v2\/pages\/3333","targetHints":{"allow":["GET"]}}],"collection":[{"href":"https:\/\/www.cambodiaacountryfullofcharm.com\/fr\/wp-json\/wp\/v2\/pages"}],"about":[{"href":"https:\/\/www.cambodiaacountryfullofcharm.com\/fr\/wp-json\/wp\/v2\/types\/page"}],"author":[{"embeddable":true,"href":"https:\/\/www.cambodiaacountryfullofcharm.com\/fr\/wp-json\/wp\/v2\/users\/1"}],"replies":[{"embeddable":true,"href":"https:\/\/www.cambodiaacountryfullofcharm.com\/fr\/wp-json\/wp\/v2\/comments?post=3333"}],"version-history":[{"count":0,"href":"https:\/\/www.cambodiaacountryfullofcharm.com\/fr\/wp-json\/wp\/v2\/pages\/3333\/revisions"}],"up":[{"embeddable":true,"href":"https:\/\/www.cambodiaacountryfullofcharm.com\/fr\/wp-json\/wp\/v2\/pages\/78"}],"wp:attachment":[{"href":"https:\/\/www.cambodiaacountryfullofcharm.com\/fr\/wp-json\/wp\/v2\/media?parent=3333"}],"curies":[{"name":"wp","href":"https:\/\/api.w.org\/{rel}","templated":true}]}}