{"id":4899,"date":"2015-02-16T13:51:20","date_gmt":"2015-02-16T12:51:20","guid":{"rendered":"http:\/\/www.cambodiaacountryfullofcharm.com\/?page_id=4899"},"modified":"2023-05-08T17:05:07","modified_gmt":"2023-05-08T16:05:07","slug":"culture-du-poivre-de-kampot","status":"publish","type":"page","link":"https:\/\/www.cambodiaacountryfullofcharm.com\/fr\/cuisine-khmer\/ingredients-de-la-cuisine-khmer\/epices-de-la-cuisine-khmer-cambodge\/poivre-de-kampot\/culture-du-poivre-de-kampot\/","title":{"rendered":"culture du poivre de Kampot"},"content":{"rendered":"<h2>culture du poivre de Kampot<\/h2>\n<p style=\"text-align: justify;\">situ\u00e9 \u00e0 une trentaine de kilom\u00e8tre du <span style=\"color: #000080;\"><a style=\"color: #000080;\" title=\"le Vi\u00eatnam est un des pays voisin du Cambodge ou vous pourrez vous y rendre apr\u00e8s avoir visit\u00e9 la province de Kampot et vu la culture du poivre de Kampot\" href=\"http:\/\/fr.wikipedia.org\/wiki\/Vi\u00eat_Nam\" target=\"_blank\" rel=\"noopener\">Vietnam<\/a><\/span> , Kampot est une petite ville tranquille situ\u00e9 dans la <span style=\"color: #000080;\"><a style=\"color: #000080;\" title=\"situ\u00e9 dans la province de Kampot a une trentaine de kilom\u00e8tre du Vietnam ilvous sera possible de visit\u00e9 la petit ville de Kampot ainssi que les diff\u00e9rentes culture de poivre de Kampot et d'y apprendre la culture de ce poivre\" href=\"http:\/\/www.cambodiaacountryfullofcharm.com\/visiter-les-provinces-du-cambodge\/province-de-kampot-cambodge\/\">province<\/a><\/span> de Kampot .<br \/>\nsur le march\u00e9 vous trouverez une \u00e9pice qui fait sa c\u00e9l\u00e9brit\u00e9 dans tout le pays &#8221; le poivre &#8221; .<br \/>\nle paysage alentour est caract\u00e9ris\u00e9 par les champs de poivre reconnaissable \u00e0 leur buisson tout en hauteur , l&#8217;ar\u00f4me singulier et extraordinairement puissante du poivre de Kampot en fait une \u00e9pice tr\u00e8s pris\u00e9e .<\/p>\n<h5>la culture du poivre<\/h5>\n<p style=\"text-align: justify;\">la grande qualit\u00e9 des baient de la culture du poivre de Kampot est assur\u00e9 par les exploitants comme certaine famille qui cultive le poivre de Kampot depuis des g\u00e9n\u00e9rations . on r\u00e9colte les \u00e9pis de poivre de Kampot lorsqu&#8217;il commence a m\u00fbrir et \u00e0 prendre une couleur dor\u00e9e , les grains sont ensuite trier \u00e0 la main afin de s\u00e9lectionn\u00e9 et ne gard\u00e9 que les plus beau grains du poivre de Kampot .<\/p>\n<p><img fetchpriority=\"high\" decoding=\"async\" class=\"aligncenter size-medium wp-image-4905\" src=\"http:\/\/www.cambodiaacountryfullofcharm.com\/wp-content\/uploads\/2015\/02\/culture-du-poivre-de-kampot-cambodge-200x300.jpg\" alt=\"culture-du-poivre-de-kampot-cambodge\" width=\"200\" height=\"300\"><\/p>\n<p style=\"text-align: justify;\">pour la culture du poivre de Kampot quand on ne fixe pas correctement les tiges , elles poussent dans la mauvaise direction , alors elles sont dirig\u00e9es verts le haut en les attachant sur le piquet avec des liens . quand elles se mettent \u00e0 pousser de travers ont remet un lien un peu plus haut pour qu&#8217;elle pousse \u00e0 nouveau verticalement jusqu&#8217;\u00e0 ce qu&#8217;elles arrivent \u00e0 l&#8217;extr\u00e9mit\u00e9 du piquet .<\/p>\n<p style=\"text-align: justify;\">pour la culture du poivre de Kampot on r\u00e9colte le poivre trois a quatre fois par an , on commence toujours par les baies de meilleur qualit\u00e9 , trois \u00e0 quatre jours son n\u00e9cessaire pour r\u00e9colter une rang\u00e9e de poivre .<\/p>\n<p><img decoding=\"async\" class=\"aligncenter size-large wp-image-4907\" src=\"http:\/\/www.cambodiaacountryfullofcharm.com\/wp-content\/uploads\/2015\/02\/\u00e9pice-de-la-cuisine-cambodgienne-1024x682.jpg\" alt=\"\u00e9pice-de-la-cuisine-cambodgienne\" width=\"604\" height=\"402\"><\/p>\n<p style=\"text-align: justify;\">la culture du poivre de Kampot demande \u00e9norm\u00e9ment de travail et n&#8217;est pas aussi rentable que de cultiver du riz du Cambodge ou des l\u00e9gumes . pour garder la t\u00eate hors de l&#8217;eau les cultivateurs s&#8217;entraide en se regroupent au sein de coop\u00e9rative .<\/p>\n<p style=\"text-align: justify;\">le climat de la r\u00e9gion de Kampot et son sol argileux riche en min\u00e9raux sont id\u00e9al pour la culture du poivre de Kampot , son ar\u00f4me unique comporte des notes d&#8217;eucalyptus et de menthe . le poivre de Kampot est consid\u00e9r\u00e9 comme l&#8217;un des meilleurs du monde .<\/p>\n<p style=\"text-align: justify;\"><img decoding=\"async\" class=\"aligncenter size-large wp-image-4896\" src=\"http:\/\/www.cambodiaacountryfullofcharm.com\/wp-content\/uploads\/2015\/02\/\u00e9pices-de-la-cuisine-khmer-1-1024x682.jpg\" alt=\"images poivre de kampot la province de kampot et le poivre de kampot culture of Kampot peppers\" width=\"604\" height=\"402\"><\/p>\n","protected":false},"excerpt":{"rendered":"<p>culture du poivre de Kampot situ\u00e9 \u00e0 une trentaine de kilom\u00e8tre du Vietnam , Kampot est une petite ville tranquille situ\u00e9 dans la province de Kampot . sur le march\u00e9 vous trouverez une \u00e9pice qui fait sa c\u00e9l\u00e9brit\u00e9 dans tout le pays &#8221; le poivre &#8221; . le paysage alentour est caract\u00e9ris\u00e9 par les champs &hellip; <\/p>\n","protected":false},"author":1,"featured_media":0,"parent":507,"menu_order":0,"comment_status":"closed","ping_status":"closed","template":"","meta":{"_themeisle_gutenberg_block_has_review":false,"footnotes":""},"class_list":["post-4899","page","type-page","status-publish","hentry"],"yoast_head":"<!-- This site is optimized with the Yoast SEO plugin v27.4 - https:\/\/yoast.com\/product\/yoast-seo-wordpress\/ -->\n<title>culture du poivre de Kampot \u00e9pice reine de la cuisine Khmer<\/title>\n<meta name=\"description\" content=\"culture du poivre de Kampot l&#039;\u00e9pice reine de la cuisine Cambodgienne , tout sur la culture du poivre de Kampot afin de connaitre ce poivre\" \/>\n<meta name=\"robots\" content=\"index, follow, max-snippet:-1, max-image-preview:large, max-video-preview:-1\" \/>\n<link rel=\"canonical\" href=\"https:\/\/www.cambodiaacountryfullofcharm.com\/fr\/cuisine-khmer\/ingredients-de-la-cuisine-khmer\/epices-de-la-cuisine-khmer-cambodge\/poivre-de-kampot\/culture-du-poivre-de-kampot\/\" \/>\n<meta property=\"og:locale\" content=\"fr_FR\" \/>\n<meta property=\"og:type\" content=\"article\" \/>\n<meta property=\"og:title\" content=\"culture du poivre de Kampot \u00e9pice reine de la cuisine Khmer\" \/>\n<meta property=\"og:description\" content=\"culture du poivre de Kampot l&#039;\u00e9pice reine de la cuisine Cambodgienne , tout sur la culture du poivre de Kampot afin de connaitre ce poivre\" \/>\n<meta property=\"og:url\" content=\"https:\/\/www.cambodiaacountryfullofcharm.com\/fr\/cuisine-khmer\/ingredients-de-la-cuisine-khmer\/epices-de-la-cuisine-khmer-cambodge\/poivre-de-kampot\/culture-du-poivre-de-kampot\/\" \/>\n<meta property=\"og:site_name\" content=\"Guide voyage Cambodge\" \/>\n<meta property=\"article:modified_time\" content=\"2023-05-08T16:05:07+00:00\" \/>\n<meta property=\"og:image\" content=\"http:\/\/www.cambodiaacountryfullofcharm.com\/wp-content\/uploads\/2015\/02\/culture-du-poivre-de-kampot-cambodge-200x300.jpg\" \/>\n<meta name=\"twitter:card\" content=\"summary_large_image\" \/>\n<meta name=\"twitter:label1\" content=\"Dur\u00e9e de lecture estim\u00e9e\" \/>\n\t<meta name=\"twitter:data1\" content=\"3 minutes\" \/>\n<script type=\"application\/ld+json\" class=\"yoast-schema-graph\">{\"@context\":\"https:\\\/\\\/schema.org\",\"@graph\":[{\"@type\":\"WebPage\",\"@id\":\"https:\\\/\\\/www.cambodiaacountryfullofcharm.com\\\/fr\\\/cuisine-khmer\\\/ingredients-de-la-cuisine-khmer\\\/epices-de-la-cuisine-khmer-cambodge\\\/poivre-de-kampot\\\/culture-du-poivre-de-kampot\\\/\",\"url\":\"https:\\\/\\\/www.cambodiaacountryfullofcharm.com\\\/fr\\\/cuisine-khmer\\\/ingredients-de-la-cuisine-khmer\\\/epices-de-la-cuisine-khmer-cambodge\\\/poivre-de-kampot\\\/culture-du-poivre-de-kampot\\\/\",\"name\":\"culture du poivre de Kampot \u00e9pice reine de la cuisine Khmer\",\"isPartOf\":{\"@id\":\"https:\\\/\\\/www.cambodiaacountryfullofcharm.com\\\/fr\\\/#website\"},\"primaryImageOfPage\":{\"@id\":\"https:\\\/\\\/www.cambodiaacountryfullofcharm.com\\\/fr\\\/cuisine-khmer\\\/ingredients-de-la-cuisine-khmer\\\/epices-de-la-cuisine-khmer-cambodge\\\/poivre-de-kampot\\\/culture-du-poivre-de-kampot\\\/#primaryimage\"},\"image\":{\"@id\":\"https:\\\/\\\/www.cambodiaacountryfullofcharm.com\\\/fr\\\/cuisine-khmer\\\/ingredients-de-la-cuisine-khmer\\\/epices-de-la-cuisine-khmer-cambodge\\\/poivre-de-kampot\\\/culture-du-poivre-de-kampot\\\/#primaryimage\"},\"thumbnailUrl\":\"http:\\\/\\\/www.cambodiaacountryfullofcharm.com\\\/wp-content\\\/uploads\\\/2015\\\/02\\\/culture-du-poivre-de-kampot-cambodge-200x300.jpg\",\"datePublished\":\"2015-02-16T12:51:20+00:00\",\"dateModified\":\"2023-05-08T16:05:07+00:00\",\"description\":\"culture du poivre de Kampot l'\u00e9pice reine de la cuisine Cambodgienne , tout sur la culture du poivre de Kampot afin de connaitre ce poivre\",\"breadcrumb\":{\"@id\":\"https:\\\/\\\/www.cambodiaacountryfullofcharm.com\\\/fr\\\/cuisine-khmer\\\/ingredients-de-la-cuisine-khmer\\\/epices-de-la-cuisine-khmer-cambodge\\\/poivre-de-kampot\\\/culture-du-poivre-de-kampot\\\/#breadcrumb\"},\"inLanguage\":\"fr-FR\",\"potentialAction\":[{\"@type\":\"ReadAction\",\"target\":[\"https:\\\/\\\/www.cambodiaacountryfullofcharm.com\\\/fr\\\/cuisine-khmer\\\/ingredients-de-la-cuisine-khmer\\\/epices-de-la-cuisine-khmer-cambodge\\\/poivre-de-kampot\\\/culture-du-poivre-de-kampot\\\/\"]}]},{\"@type\":\"ImageObject\",\"inLanguage\":\"fr-FR\",\"@id\":\"https:\\\/\\\/www.cambodiaacountryfullofcharm.com\\\/fr\\\/cuisine-khmer\\\/ingredients-de-la-cuisine-khmer\\\/epices-de-la-cuisine-khmer-cambodge\\\/poivre-de-kampot\\\/culture-du-poivre-de-kampot\\\/#primaryimage\",\"url\":\"http:\\\/\\\/www.cambodiaacountryfullofcharm.com\\\/wp-content\\\/uploads\\\/2015\\\/02\\\/culture-du-poivre-de-kampot-cambodge-200x300.jpg\",\"contentUrl\":\"http:\\\/\\\/www.cambodiaacountryfullofcharm.com\\\/wp-content\\\/uploads\\\/2015\\\/02\\\/culture-du-poivre-de-kampot-cambodge-200x300.jpg\"},{\"@type\":\"BreadcrumbList\",\"@id\":\"https:\\\/\\\/www.cambodiaacountryfullofcharm.com\\\/fr\\\/cuisine-khmer\\\/ingredients-de-la-cuisine-khmer\\\/epices-de-la-cuisine-khmer-cambodge\\\/poivre-de-kampot\\\/culture-du-poivre-de-kampot\\\/#breadcrumb\",\"itemListElement\":[{\"@type\":\"ListItem\",\"position\":1,\"name\":\"Accueil\",\"item\":\"https:\\\/\\\/www.cambodiaacountryfullofcharm.com\\\/fr\\\/\"},{\"@type\":\"ListItem\",\"position\":2,\"name\":\"Cuisine Khmer\",\"item\":\"https:\\\/\\\/www.cambodiaacountryfullofcharm.com\\\/fr\\\/cuisine-khmer\\\/\"},{\"@type\":\"ListItem\",\"position\":3,\"name\":\"Ingr\u00e9dients de la cuisine Khmer\",\"item\":\"https:\\\/\\\/www.cambodiaacountryfullofcharm.com\\\/fr\\\/cuisine-khmer\\\/ingredients-de-la-cuisine-khmer\\\/\"},{\"@type\":\"ListItem\",\"position\":4,\"name\":\"\u00e9pices de la cuisine khmer\",\"item\":\"https:\\\/\\\/www.cambodiaacountryfullofcharm.com\\\/fr\\\/cuisine-khmer\\\/ingredients-de-la-cuisine-khmer\\\/epices-de-la-cuisine-khmer-cambodge\\\/\"},{\"@type\":\"ListItem\",\"position\":5,\"name\":\"Poivre de Kampot\",\"item\":\"https:\\\/\\\/www.cambodiaacountryfullofcharm.com\\\/fr\\\/cuisine-khmer\\\/ingredients-de-la-cuisine-khmer\\\/epices-de-la-cuisine-khmer-cambodge\\\/poivre-de-kampot\\\/\"},{\"@type\":\"ListItem\",\"position\":6,\"name\":\"culture du poivre de Kampot\"}]},{\"@type\":\"WebSite\",\"@id\":\"https:\\\/\\\/www.cambodiaacountryfullofcharm.com\\\/fr\\\/#website\",\"url\":\"https:\\\/\\\/www.cambodiaacountryfullofcharm.com\\\/fr\\\/\",\"name\":\"Guide voyage Cambodge\",\"description\":\"Cambodge un pays plein de charme\",\"publisher\":{\"@id\":\"https:\\\/\\\/www.cambodiaacountryfullofcharm.com\\\/fr\\\/#organization\"},\"potentialAction\":[{\"@type\":\"SearchAction\",\"target\":{\"@type\":\"EntryPoint\",\"urlTemplate\":\"https:\\\/\\\/www.cambodiaacountryfullofcharm.com\\\/fr\\\/?s={search_term_string}\"},\"query-input\":{\"@type\":\"PropertyValueSpecification\",\"valueRequired\":true,\"valueName\":\"search_term_string\"}}],\"inLanguage\":\"fr-FR\"},{\"@type\":\"Organization\",\"@id\":\"https:\\\/\\\/www.cambodiaacountryfullofcharm.com\\\/fr\\\/#organization\",\"name\":\"Guide voyage Cambodge\",\"url\":\"https:\\\/\\\/www.cambodiaacountryfullofcharm.com\\\/fr\\\/\",\"logo\":{\"@type\":\"ImageObject\",\"inLanguage\":\"fr-FR\",\"@id\":\"https:\\\/\\\/www.cambodiaacountryfullofcharm.com\\\/fr\\\/#\\\/schema\\\/logo\\\/image\\\/\",\"url\":\"https:\\\/\\\/www.cambodiaacountryfullofcharm.com\\\/wp-content\\\/uploads\\\/2022\\\/06\\\/Cambodia-a-country-full-of-charm-2-scaled.jpg\",\"contentUrl\":\"https:\\\/\\\/www.cambodiaacountryfullofcharm.com\\\/wp-content\\\/uploads\\\/2022\\\/06\\\/Cambodia-a-country-full-of-charm-2-scaled.jpg\",\"width\":2560,\"height\":1709,\"caption\":\"Guide voyage Cambodge\"},\"image\":{\"@id\":\"https:\\\/\\\/www.cambodiaacountryfullofcharm.com\\\/fr\\\/#\\\/schema\\\/logo\\\/image\\\/\"}}]}<\/script>\n<!-- \/ Yoast SEO plugin. -->","yoast_head_json":{"title":"culture du poivre de Kampot \u00e9pice reine de la cuisine Khmer","description":"culture du poivre de Kampot l'\u00e9pice reine de la cuisine Cambodgienne , tout sur la culture du poivre de Kampot afin de connaitre ce poivre","robots":{"index":"index","follow":"follow","max-snippet":"max-snippet:-1","max-image-preview":"max-image-preview:large","max-video-preview":"max-video-preview:-1"},"canonical":"https:\/\/www.cambodiaacountryfullofcharm.com\/fr\/cuisine-khmer\/ingredients-de-la-cuisine-khmer\/epices-de-la-cuisine-khmer-cambodge\/poivre-de-kampot\/culture-du-poivre-de-kampot\/","og_locale":"fr_FR","og_type":"article","og_title":"culture du poivre de Kampot \u00e9pice reine de la cuisine Khmer","og_description":"culture du poivre de Kampot l'\u00e9pice reine de la cuisine Cambodgienne , tout sur la culture du poivre de Kampot afin de connaitre ce poivre","og_url":"https:\/\/www.cambodiaacountryfullofcharm.com\/fr\/cuisine-khmer\/ingredients-de-la-cuisine-khmer\/epices-de-la-cuisine-khmer-cambodge\/poivre-de-kampot\/culture-du-poivre-de-kampot\/","og_site_name":"Guide voyage Cambodge","article_modified_time":"2023-05-08T16:05:07+00:00","og_image":[{"url":"http:\/\/www.cambodiaacountryfullofcharm.com\/wp-content\/uploads\/2015\/02\/culture-du-poivre-de-kampot-cambodge-200x300.jpg","type":"","width":"","height":""}],"twitter_card":"summary_large_image","twitter_misc":{"Dur\u00e9e de lecture estim\u00e9e":"3 minutes"},"schema":{"@context":"https:\/\/schema.org","@graph":[{"@type":"WebPage","@id":"https:\/\/www.cambodiaacountryfullofcharm.com\/fr\/cuisine-khmer\/ingredients-de-la-cuisine-khmer\/epices-de-la-cuisine-khmer-cambodge\/poivre-de-kampot\/culture-du-poivre-de-kampot\/","url":"https:\/\/www.cambodiaacountryfullofcharm.com\/fr\/cuisine-khmer\/ingredients-de-la-cuisine-khmer\/epices-de-la-cuisine-khmer-cambodge\/poivre-de-kampot\/culture-du-poivre-de-kampot\/","name":"culture du poivre de Kampot \u00e9pice reine de la cuisine Khmer","isPartOf":{"@id":"https:\/\/www.cambodiaacountryfullofcharm.com\/fr\/#website"},"primaryImageOfPage":{"@id":"https:\/\/www.cambodiaacountryfullofcharm.com\/fr\/cuisine-khmer\/ingredients-de-la-cuisine-khmer\/epices-de-la-cuisine-khmer-cambodge\/poivre-de-kampot\/culture-du-poivre-de-kampot\/#primaryimage"},"image":{"@id":"https:\/\/www.cambodiaacountryfullofcharm.com\/fr\/cuisine-khmer\/ingredients-de-la-cuisine-khmer\/epices-de-la-cuisine-khmer-cambodge\/poivre-de-kampot\/culture-du-poivre-de-kampot\/#primaryimage"},"thumbnailUrl":"http:\/\/www.cambodiaacountryfullofcharm.com\/wp-content\/uploads\/2015\/02\/culture-du-poivre-de-kampot-cambodge-200x300.jpg","datePublished":"2015-02-16T12:51:20+00:00","dateModified":"2023-05-08T16:05:07+00:00","description":"culture du poivre de Kampot l'\u00e9pice reine de la cuisine Cambodgienne , tout sur la culture du poivre de Kampot afin de connaitre ce poivre","breadcrumb":{"@id":"https:\/\/www.cambodiaacountryfullofcharm.com\/fr\/cuisine-khmer\/ingredients-de-la-cuisine-khmer\/epices-de-la-cuisine-khmer-cambodge\/poivre-de-kampot\/culture-du-poivre-de-kampot\/#breadcrumb"},"inLanguage":"fr-FR","potentialAction":[{"@type":"ReadAction","target":["https:\/\/www.cambodiaacountryfullofcharm.com\/fr\/cuisine-khmer\/ingredients-de-la-cuisine-khmer\/epices-de-la-cuisine-khmer-cambodge\/poivre-de-kampot\/culture-du-poivre-de-kampot\/"]}]},{"@type":"ImageObject","inLanguage":"fr-FR","@id":"https:\/\/www.cambodiaacountryfullofcharm.com\/fr\/cuisine-khmer\/ingredients-de-la-cuisine-khmer\/epices-de-la-cuisine-khmer-cambodge\/poivre-de-kampot\/culture-du-poivre-de-kampot\/#primaryimage","url":"http:\/\/www.cambodiaacountryfullofcharm.com\/wp-content\/uploads\/2015\/02\/culture-du-poivre-de-kampot-cambodge-200x300.jpg","contentUrl":"http:\/\/www.cambodiaacountryfullofcharm.com\/wp-content\/uploads\/2015\/02\/culture-du-poivre-de-kampot-cambodge-200x300.jpg"},{"@type":"BreadcrumbList","@id":"https:\/\/www.cambodiaacountryfullofcharm.com\/fr\/cuisine-khmer\/ingredients-de-la-cuisine-khmer\/epices-de-la-cuisine-khmer-cambodge\/poivre-de-kampot\/culture-du-poivre-de-kampot\/#breadcrumb","itemListElement":[{"@type":"ListItem","position":1,"name":"Accueil","item":"https:\/\/www.cambodiaacountryfullofcharm.com\/fr\/"},{"@type":"ListItem","position":2,"name":"Cuisine Khmer","item":"https:\/\/www.cambodiaacountryfullofcharm.com\/fr\/cuisine-khmer\/"},{"@type":"ListItem","position":3,"name":"Ingr\u00e9dients de la cuisine Khmer","item":"https:\/\/www.cambodiaacountryfullofcharm.com\/fr\/cuisine-khmer\/ingredients-de-la-cuisine-khmer\/"},{"@type":"ListItem","position":4,"name":"\u00e9pices de la cuisine khmer","item":"https:\/\/www.cambodiaacountryfullofcharm.com\/fr\/cuisine-khmer\/ingredients-de-la-cuisine-khmer\/epices-de-la-cuisine-khmer-cambodge\/"},{"@type":"ListItem","position":5,"name":"Poivre de Kampot","item":"https:\/\/www.cambodiaacountryfullofcharm.com\/fr\/cuisine-khmer\/ingredients-de-la-cuisine-khmer\/epices-de-la-cuisine-khmer-cambodge\/poivre-de-kampot\/"},{"@type":"ListItem","position":6,"name":"culture du poivre de Kampot"}]},{"@type":"WebSite","@id":"https:\/\/www.cambodiaacountryfullofcharm.com\/fr\/#website","url":"https:\/\/www.cambodiaacountryfullofcharm.com\/fr\/","name":"Guide voyage Cambodge","description":"Cambodge un pays plein de charme","publisher":{"@id":"https:\/\/www.cambodiaacountryfullofcharm.com\/fr\/#organization"},"potentialAction":[{"@type":"SearchAction","target":{"@type":"EntryPoint","urlTemplate":"https:\/\/www.cambodiaacountryfullofcharm.com\/fr\/?s={search_term_string}"},"query-input":{"@type":"PropertyValueSpecification","valueRequired":true,"valueName":"search_term_string"}}],"inLanguage":"fr-FR"},{"@type":"Organization","@id":"https:\/\/www.cambodiaacountryfullofcharm.com\/fr\/#organization","name":"Guide voyage Cambodge","url":"https:\/\/www.cambodiaacountryfullofcharm.com\/fr\/","logo":{"@type":"ImageObject","inLanguage":"fr-FR","@id":"https:\/\/www.cambodiaacountryfullofcharm.com\/fr\/#\/schema\/logo\/image\/","url":"https:\/\/www.cambodiaacountryfullofcharm.com\/wp-content\/uploads\/2022\/06\/Cambodia-a-country-full-of-charm-2-scaled.jpg","contentUrl":"https:\/\/www.cambodiaacountryfullofcharm.com\/wp-content\/uploads\/2022\/06\/Cambodia-a-country-full-of-charm-2-scaled.jpg","width":2560,"height":1709,"caption":"Guide voyage Cambodge"},"image":{"@id":"https:\/\/www.cambodiaacountryfullofcharm.com\/fr\/#\/schema\/logo\/image\/"}}]}},"_links":{"self":[{"href":"https:\/\/www.cambodiaacountryfullofcharm.com\/fr\/wp-json\/wp\/v2\/pages\/4899","targetHints":{"allow":["GET"]}}],"collection":[{"href":"https:\/\/www.cambodiaacountryfullofcharm.com\/fr\/wp-json\/wp\/v2\/pages"}],"about":[{"href":"https:\/\/www.cambodiaacountryfullofcharm.com\/fr\/wp-json\/wp\/v2\/types\/page"}],"author":[{"embeddable":true,"href":"https:\/\/www.cambodiaacountryfullofcharm.com\/fr\/wp-json\/wp\/v2\/users\/1"}],"replies":[{"embeddable":true,"href":"https:\/\/www.cambodiaacountryfullofcharm.com\/fr\/wp-json\/wp\/v2\/comments?post=4899"}],"version-history":[{"count":0,"href":"https:\/\/www.cambodiaacountryfullofcharm.com\/fr\/wp-json\/wp\/v2\/pages\/4899\/revisions"}],"up":[{"embeddable":true,"href":"https:\/\/www.cambodiaacountryfullofcharm.com\/fr\/wp-json\/wp\/v2\/pages\/507"}],"wp:attachment":[{"href":"https:\/\/www.cambodiaacountryfullofcharm.com\/fr\/wp-json\/wp\/v2\/media?parent=4899"}],"curies":[{"name":"wp","href":"https:\/\/api.w.org\/{rel}","templated":true}]}}