{"id":4949,"date":"2013-11-24T08:16:34","date_gmt":"2013-11-24T07:16:34","guid":{"rendered":"http:\/\/www.cambodiaacountryfullofcharm.com\/?page_id=4949"},"modified":"2023-07-11T10:17:27","modified_gmt":"2023-07-11T09:17:27","slug":"brochettes-de-boeuf-a-la-citronnelle","status":"publish","type":"page","link":"https:\/\/www.cambodiaacountryfullofcharm.com\/fr\/cuisine-khmer\/brochettes-de-boeuf-a-la-citronnelle\/","title":{"rendered":"brochettes de boeuf \u00e0 la citronnelle"},"content":{"rendered":"<h2>brochettes de b\u0153uf \u00e0 la citronnelle<\/h2>\n<h5 class=\"western\">Brochettes de boeuf \u00e0 la citronnelle pour 4 personnes<\/h5>\n<h6>pour la pr\u00e9paration :<\/h6>\n<p>2 tiges de citronnelle<br \/>\n1 gousse d\u2019ail<br \/>\n3 cuill\u00e8res \u00e0 soupe de sauce soja<br \/>\n1 cuill\u00e8re \u00e0 soupe de sucre<br \/>\n2 cuill\u00e8res \u00e0 soupe de sauce d\u2019hu\u00eetre<br \/>\n1 cuill\u00e8re \u00e0 soupe de fond de volaille<br \/>\n500\u00a0g de b\u0153uf<\/p>\n<p><img fetchpriority=\"high\" decoding=\"async\" class=\"size-large wp-image-11348 aligncenter\" src=\"https:\/\/www.cambodiaacountryfullofcharm.com\/wp-content\/uploads\/2013\/10\/brochettes-de-b\u0153uf-cambodgienne-khmer2-1024x577.jpg\" alt=\"brochettes-de-boeuf-\u00e0-la-citronnelle-cuisine-du-cambodge\" width=\"724\" height=\"408\" \/><\/p>\n<ul>\n<li>Couper en petits morceaux la citronnelle afin de mieux la broyer dans le mortier. \u00c0 l\u2019aide d\u2019un mortier et d\u2019un pilon, broyer la citronnelle en y ajoutant l\u2019ail.<br \/>\nEnsuite, ajouter la sauce soja avec la sauce d\u2019hu\u00eetre, le fond de volaille et le sucre tout en m\u00e9langeant bien la pr\u00e9paration.<\/li>\n<li>Ajouter la marinade \u00e0 la viande pr\u00e9alablement coup\u00e9e en d\u00e9s uniformes pour la r\u00e9alisation des brochettes de b\u0153uf \u00e0 la citronnelle et bien m\u00e9langer de fa\u00e7on que la marinade incorpore bien la viande.<\/li>\n<li>Laisser reposer la pr\u00e9paration pendant une nuit au r\u00e9frig\u00e9rateur. Pour la cuisson des brochettes de b\u0153uf \u00e0 la citronnelle, deux m\u00e9thodes\u00a0: la premi\u00e8re, environ une heure au four, mais le mieux reste encore la cuisson au barbecue.<\/li>\n<\/ul>\n<p>Si toutefois vous n\u2019avez pas beaucoup de temps pour la pr\u00e9paration, laisser quand m\u00eame la pr\u00e9paration des brochettes de b\u0153uf \u00e0 la citronnelle se reposer au moins une heure.<br \/>\nServir les brochettes de boeuf \u00e0 la citronnelle avec une bonne portion de riz gluant. Si vous n\u2019en avez pas, tant pis, servez avec du riz cambodgien et quelques rondelles de tomates.<\/p>\n<p>cr\u00e9dit photo : <span style=\"text-decoration: underline;\"><span style=\"color: #000080; text-decoration: underline;\"><a style=\"color: #000080; text-decoration: underline;\" href=\"http:\/\/www.crea-photography.com\" target=\"_blank\" rel=\"noopener\">www.crea-photography.com <\/a><\/span><\/span>photo r\u00e9aliser pendant le nouvelle ans khmer a Cholet avec l&#8217;association <span class=\"fcg\" style=\"color: #000080;\"><a style=\"color: #000080;\" href=\"http:\/\/aekcholet.e-monsite.com\/\" target=\"_blank\" rel=\"noopener\">AEKC &#8211; Association d&#8217;Entraide Khmer de Cholet<\/a><\/span><\/p>\n","protected":false},"excerpt":{"rendered":"<p>brochettes de b\u0153uf \u00e0 la citronnelle Brochettes de boeuf \u00e0 la citronnelle pour 4 personnes pour la pr\u00e9paration : 2 tiges de citronnelle 1 gousse d\u2019ail 3 cuill\u00e8res \u00e0 soupe de sauce soja 1 cuill\u00e8re \u00e0 soupe de sucre 2 cuill\u00e8res \u00e0 soupe de sauce d\u2019hu\u00eetre 1 cuill\u00e8re \u00e0 soupe de fond de volaille 500\u00a0g &hellip; <\/p>\n","protected":false},"author":1,"featured_media":11349,"parent":35,"menu_order":0,"comment_status":"closed","ping_status":"closed","template":"","meta":{"_themeisle_gutenberg_block_has_review":false,"footnotes":""},"class_list":["post-4949","page","type-page","status-publish","has-post-thumbnail","hentry"],"yoast_head":"<!-- This site is optimized with the Yoast SEO plugin v27.6 - https:\/\/yoast.com\/product\/yoast-seo-wordpress\/ -->\n<title>brochettes de boeuf \u00e0 la citronnelle recette khmer<\/title>\n<meta name=\"description\" content=\"brochettes de boeuf \u00e0 la citronnelle \u00e0 servir avec un bon riz Cambodgien , recette de brochettes de boeuf \u00e0 la citronnelle simple \u00e0 r\u00e9aliser\" \/>\n<meta name=\"robots\" content=\"index, follow, max-snippet:-1, max-image-preview:large, max-video-preview:-1\" \/>\n<link rel=\"canonical\" href=\"https:\/\/www.cambodiaacountryfullofcharm.com\/fr\/cuisine-khmer\/brochettes-de-boeuf-a-la-citronnelle\/\" \/>\n<meta property=\"og:locale\" content=\"fr_FR\" \/>\n<meta property=\"og:type\" content=\"article\" \/>\n<meta property=\"og:title\" content=\"brochettes de boeuf \u00e0 la citronnelle recette khmer\" \/>\n<meta property=\"og:description\" content=\"brochettes de boeuf \u00e0 la citronnelle \u00e0 servir avec un bon riz Cambodgien , recette de brochettes de boeuf \u00e0 la citronnelle simple \u00e0 r\u00e9aliser\" \/>\n<meta property=\"og:url\" content=\"https:\/\/www.cambodiaacountryfullofcharm.com\/fr\/cuisine-khmer\/brochettes-de-boeuf-a-la-citronnelle\/\" \/>\n<meta property=\"og:site_name\" content=\"Guide voyage Cambodge\" \/>\n<meta property=\"article:modified_time\" content=\"2023-07-11T09:17:27+00:00\" \/>\n<meta property=\"og:image\" content=\"https:\/\/www.cambodiaacountryfullofcharm.com\/wp-content\/uploads\/2013\/11\/beef-skewers-recipes-cambodian-khmer.jpg\" \/>\n\t<meta property=\"og:image:width\" content=\"3264\" \/>\n\t<meta property=\"og:image:height\" content=\"1840\" \/>\n\t<meta property=\"og:image:type\" content=\"image\/jpeg\" \/>\n<meta name=\"twitter:card\" content=\"summary_large_image\" \/>\n<meta name=\"twitter:label1\" content=\"Dur\u00e9e de lecture estim\u00e9e\" \/>\n\t<meta name=\"twitter:data1\" content=\"2 minutes\" \/>\n<script type=\"application\/ld+json\" class=\"yoast-schema-graph\">{\"@context\":\"https:\\\/\\\/schema.org\",\"@graph\":[{\"@type\":\"WebPage\",\"@id\":\"https:\\\/\\\/www.cambodiaacountryfullofcharm.com\\\/fr\\\/cuisine-khmer\\\/brochettes-de-boeuf-a-la-citronnelle\\\/\",\"url\":\"https:\\\/\\\/www.cambodiaacountryfullofcharm.com\\\/fr\\\/cuisine-khmer\\\/brochettes-de-boeuf-a-la-citronnelle\\\/\",\"name\":\"brochettes de boeuf \u00e0 la citronnelle recette khmer\",\"isPartOf\":{\"@id\":\"https:\\\/\\\/www.cambodiaacountryfullofcharm.com\\\/fr\\\/#website\"},\"primaryImageOfPage\":{\"@id\":\"https:\\\/\\\/www.cambodiaacountryfullofcharm.com\\\/fr\\\/cuisine-khmer\\\/brochettes-de-boeuf-a-la-citronnelle\\\/#primaryimage\"},\"image\":{\"@id\":\"https:\\\/\\\/www.cambodiaacountryfullofcharm.com\\\/fr\\\/cuisine-khmer\\\/brochettes-de-boeuf-a-la-citronnelle\\\/#primaryimage\"},\"thumbnailUrl\":\"https:\\\/\\\/www.cambodiaacountryfullofcharm.com\\\/wp-content\\\/uploads\\\/2013\\\/11\\\/beef-skewers-recipes-cambodian-khmer.jpg\",\"datePublished\":\"2013-11-24T07:16:34+00:00\",\"dateModified\":\"2023-07-11T09:17:27+00:00\",\"description\":\"brochettes de boeuf \u00e0 la citronnelle \u00e0 servir avec un bon riz Cambodgien , recette de brochettes de boeuf \u00e0 la citronnelle simple \u00e0 r\u00e9aliser\",\"breadcrumb\":{\"@id\":\"https:\\\/\\\/www.cambodiaacountryfullofcharm.com\\\/fr\\\/cuisine-khmer\\\/brochettes-de-boeuf-a-la-citronnelle\\\/#breadcrumb\"},\"inLanguage\":\"fr-FR\",\"potentialAction\":[{\"@type\":\"ReadAction\",\"target\":[\"https:\\\/\\\/www.cambodiaacountryfullofcharm.com\\\/fr\\\/cuisine-khmer\\\/brochettes-de-boeuf-a-la-citronnelle\\\/\"]}]},{\"@type\":\"ImageObject\",\"inLanguage\":\"fr-FR\",\"@id\":\"https:\\\/\\\/www.cambodiaacountryfullofcharm.com\\\/fr\\\/cuisine-khmer\\\/brochettes-de-boeuf-a-la-citronnelle\\\/#primaryimage\",\"url\":\"https:\\\/\\\/www.cambodiaacountryfullofcharm.com\\\/wp-content\\\/uploads\\\/2013\\\/11\\\/beef-skewers-recipes-cambodian-khmer.jpg\",\"contentUrl\":\"https:\\\/\\\/www.cambodiaacountryfullofcharm.com\\\/wp-content\\\/uploads\\\/2013\\\/11\\\/beef-skewers-recipes-cambodian-khmer.jpg\",\"width\":3264,\"height\":1840},{\"@type\":\"BreadcrumbList\",\"@id\":\"https:\\\/\\\/www.cambodiaacountryfullofcharm.com\\\/fr\\\/cuisine-khmer\\\/brochettes-de-boeuf-a-la-citronnelle\\\/#breadcrumb\",\"itemListElement\":[{\"@type\":\"ListItem\",\"position\":1,\"name\":\"Accueil\",\"item\":\"https:\\\/\\\/www.cambodiaacountryfullofcharm.com\\\/fr\\\/\"},{\"@type\":\"ListItem\",\"position\":2,\"name\":\"Cuisine Khmer\",\"item\":\"https:\\\/\\\/www.cambodiaacountryfullofcharm.com\\\/fr\\\/cuisine-khmer\\\/\"},{\"@type\":\"ListItem\",\"position\":3,\"name\":\"brochettes de boeuf \u00e0 la citronnelle\"}]},{\"@type\":\"WebSite\",\"@id\":\"https:\\\/\\\/www.cambodiaacountryfullofcharm.com\\\/fr\\\/#website\",\"url\":\"https:\\\/\\\/www.cambodiaacountryfullofcharm.com\\\/fr\\\/\",\"name\":\"Guide voyage Cambodge\",\"description\":\"Cambodge un pays plein de charme\",\"publisher\":{\"@id\":\"https:\\\/\\\/www.cambodiaacountryfullofcharm.com\\\/fr\\\/#organization\"},\"potentialAction\":[{\"@type\":\"SearchAction\",\"target\":{\"@type\":\"EntryPoint\",\"urlTemplate\":\"https:\\\/\\\/www.cambodiaacountryfullofcharm.com\\\/fr\\\/?s={search_term_string}\"},\"query-input\":{\"@type\":\"PropertyValueSpecification\",\"valueRequired\":true,\"valueName\":\"search_term_string\"}}],\"inLanguage\":\"fr-FR\"},{\"@type\":\"Organization\",\"@id\":\"https:\\\/\\\/www.cambodiaacountryfullofcharm.com\\\/fr\\\/#organization\",\"name\":\"Guide voyage Cambodge\",\"url\":\"https:\\\/\\\/www.cambodiaacountryfullofcharm.com\\\/fr\\\/\",\"logo\":{\"@type\":\"ImageObject\",\"inLanguage\":\"fr-FR\",\"@id\":\"https:\\\/\\\/www.cambodiaacountryfullofcharm.com\\\/fr\\\/#\\\/schema\\\/logo\\\/image\\\/\",\"url\":\"https:\\\/\\\/www.cambodiaacountryfullofcharm.com\\\/wp-content\\\/uploads\\\/2022\\\/06\\\/Cambodia-a-country-full-of-charm-2-scaled.jpg\",\"contentUrl\":\"https:\\\/\\\/www.cambodiaacountryfullofcharm.com\\\/wp-content\\\/uploads\\\/2022\\\/06\\\/Cambodia-a-country-full-of-charm-2-scaled.jpg\",\"width\":2560,\"height\":1709,\"caption\":\"Guide voyage Cambodge\"},\"image\":{\"@id\":\"https:\\\/\\\/www.cambodiaacountryfullofcharm.com\\\/fr\\\/#\\\/schema\\\/logo\\\/image\\\/\"}}]}<\/script>\n<!-- \/ Yoast SEO plugin. -->","yoast_head_json":{"title":"brochettes de boeuf \u00e0 la citronnelle recette khmer","description":"brochettes de boeuf \u00e0 la citronnelle \u00e0 servir avec un bon riz Cambodgien , recette de brochettes de boeuf \u00e0 la citronnelle simple \u00e0 r\u00e9aliser","robots":{"index":"index","follow":"follow","max-snippet":"max-snippet:-1","max-image-preview":"max-image-preview:large","max-video-preview":"max-video-preview:-1"},"canonical":"https:\/\/www.cambodiaacountryfullofcharm.com\/fr\/cuisine-khmer\/brochettes-de-boeuf-a-la-citronnelle\/","og_locale":"fr_FR","og_type":"article","og_title":"brochettes de boeuf \u00e0 la citronnelle recette khmer","og_description":"brochettes de boeuf \u00e0 la citronnelle \u00e0 servir avec un bon riz Cambodgien , recette de brochettes de boeuf \u00e0 la citronnelle simple \u00e0 r\u00e9aliser","og_url":"https:\/\/www.cambodiaacountryfullofcharm.com\/fr\/cuisine-khmer\/brochettes-de-boeuf-a-la-citronnelle\/","og_site_name":"Guide voyage Cambodge","article_modified_time":"2023-07-11T09:17:27+00:00","og_image":[{"width":3264,"height":1840,"url":"https:\/\/www.cambodiaacountryfullofcharm.com\/wp-content\/uploads\/2013\/11\/beef-skewers-recipes-cambodian-khmer.jpg","type":"image\/jpeg"}],"twitter_card":"summary_large_image","twitter_misc":{"Dur\u00e9e de lecture estim\u00e9e":"2 minutes"},"schema":{"@context":"https:\/\/schema.org","@graph":[{"@type":"WebPage","@id":"https:\/\/www.cambodiaacountryfullofcharm.com\/fr\/cuisine-khmer\/brochettes-de-boeuf-a-la-citronnelle\/","url":"https:\/\/www.cambodiaacountryfullofcharm.com\/fr\/cuisine-khmer\/brochettes-de-boeuf-a-la-citronnelle\/","name":"brochettes de boeuf \u00e0 la citronnelle recette khmer","isPartOf":{"@id":"https:\/\/www.cambodiaacountryfullofcharm.com\/fr\/#website"},"primaryImageOfPage":{"@id":"https:\/\/www.cambodiaacountryfullofcharm.com\/fr\/cuisine-khmer\/brochettes-de-boeuf-a-la-citronnelle\/#primaryimage"},"image":{"@id":"https:\/\/www.cambodiaacountryfullofcharm.com\/fr\/cuisine-khmer\/brochettes-de-boeuf-a-la-citronnelle\/#primaryimage"},"thumbnailUrl":"https:\/\/www.cambodiaacountryfullofcharm.com\/wp-content\/uploads\/2013\/11\/beef-skewers-recipes-cambodian-khmer.jpg","datePublished":"2013-11-24T07:16:34+00:00","dateModified":"2023-07-11T09:17:27+00:00","description":"brochettes de boeuf \u00e0 la citronnelle \u00e0 servir avec un bon riz Cambodgien , recette de brochettes de boeuf \u00e0 la citronnelle simple \u00e0 r\u00e9aliser","breadcrumb":{"@id":"https:\/\/www.cambodiaacountryfullofcharm.com\/fr\/cuisine-khmer\/brochettes-de-boeuf-a-la-citronnelle\/#breadcrumb"},"inLanguage":"fr-FR","potentialAction":[{"@type":"ReadAction","target":["https:\/\/www.cambodiaacountryfullofcharm.com\/fr\/cuisine-khmer\/brochettes-de-boeuf-a-la-citronnelle\/"]}]},{"@type":"ImageObject","inLanguage":"fr-FR","@id":"https:\/\/www.cambodiaacountryfullofcharm.com\/fr\/cuisine-khmer\/brochettes-de-boeuf-a-la-citronnelle\/#primaryimage","url":"https:\/\/www.cambodiaacountryfullofcharm.com\/wp-content\/uploads\/2013\/11\/beef-skewers-recipes-cambodian-khmer.jpg","contentUrl":"https:\/\/www.cambodiaacountryfullofcharm.com\/wp-content\/uploads\/2013\/11\/beef-skewers-recipes-cambodian-khmer.jpg","width":3264,"height":1840},{"@type":"BreadcrumbList","@id":"https:\/\/www.cambodiaacountryfullofcharm.com\/fr\/cuisine-khmer\/brochettes-de-boeuf-a-la-citronnelle\/#breadcrumb","itemListElement":[{"@type":"ListItem","position":1,"name":"Accueil","item":"https:\/\/www.cambodiaacountryfullofcharm.com\/fr\/"},{"@type":"ListItem","position":2,"name":"Cuisine Khmer","item":"https:\/\/www.cambodiaacountryfullofcharm.com\/fr\/cuisine-khmer\/"},{"@type":"ListItem","position":3,"name":"brochettes de boeuf \u00e0 la citronnelle"}]},{"@type":"WebSite","@id":"https:\/\/www.cambodiaacountryfullofcharm.com\/fr\/#website","url":"https:\/\/www.cambodiaacountryfullofcharm.com\/fr\/","name":"Guide voyage Cambodge","description":"Cambodge un pays plein de charme","publisher":{"@id":"https:\/\/www.cambodiaacountryfullofcharm.com\/fr\/#organization"},"potentialAction":[{"@type":"SearchAction","target":{"@type":"EntryPoint","urlTemplate":"https:\/\/www.cambodiaacountryfullofcharm.com\/fr\/?s={search_term_string}"},"query-input":{"@type":"PropertyValueSpecification","valueRequired":true,"valueName":"search_term_string"}}],"inLanguage":"fr-FR"},{"@type":"Organization","@id":"https:\/\/www.cambodiaacountryfullofcharm.com\/fr\/#organization","name":"Guide voyage Cambodge","url":"https:\/\/www.cambodiaacountryfullofcharm.com\/fr\/","logo":{"@type":"ImageObject","inLanguage":"fr-FR","@id":"https:\/\/www.cambodiaacountryfullofcharm.com\/fr\/#\/schema\/logo\/image\/","url":"https:\/\/www.cambodiaacountryfullofcharm.com\/wp-content\/uploads\/2022\/06\/Cambodia-a-country-full-of-charm-2-scaled.jpg","contentUrl":"https:\/\/www.cambodiaacountryfullofcharm.com\/wp-content\/uploads\/2022\/06\/Cambodia-a-country-full-of-charm-2-scaled.jpg","width":2560,"height":1709,"caption":"Guide voyage Cambodge"},"image":{"@id":"https:\/\/www.cambodiaacountryfullofcharm.com\/fr\/#\/schema\/logo\/image\/"}}]}},"_links":{"self":[{"href":"https:\/\/www.cambodiaacountryfullofcharm.com\/fr\/wp-json\/wp\/v2\/pages\/4949","targetHints":{"allow":["GET"]}}],"collection":[{"href":"https:\/\/www.cambodiaacountryfullofcharm.com\/fr\/wp-json\/wp\/v2\/pages"}],"about":[{"href":"https:\/\/www.cambodiaacountryfullofcharm.com\/fr\/wp-json\/wp\/v2\/types\/page"}],"author":[{"embeddable":true,"href":"https:\/\/www.cambodiaacountryfullofcharm.com\/fr\/wp-json\/wp\/v2\/users\/1"}],"replies":[{"embeddable":true,"href":"https:\/\/www.cambodiaacountryfullofcharm.com\/fr\/wp-json\/wp\/v2\/comments?post=4949"}],"version-history":[{"count":0,"href":"https:\/\/www.cambodiaacountryfullofcharm.com\/fr\/wp-json\/wp\/v2\/pages\/4949\/revisions"}],"up":[{"embeddable":true,"href":"https:\/\/www.cambodiaacountryfullofcharm.com\/fr\/wp-json\/wp\/v2\/pages\/35"}],"wp:featuredmedia":[{"embeddable":true,"href":"https:\/\/www.cambodiaacountryfullofcharm.com\/fr\/wp-json\/wp\/v2\/media\/11349"}],"wp:attachment":[{"href":"https:\/\/www.cambodiaacountryfullofcharm.com\/fr\/wp-json\/wp\/v2\/media?parent=4949"}],"curies":[{"name":"wp","href":"https:\/\/api.w.org\/{rel}","templated":true}]}}