{"id":507,"date":"2013-10-26T05:42:39","date_gmt":"2013-10-26T04:42:39","guid":{"rendered":"http:\/\/www.cambodiaacountryfullofcharm.com\/?page_id=507"},"modified":"2023-05-08T16:55:45","modified_gmt":"2023-05-08T15:55:45","slug":"poivre-de-kampot","status":"publish","type":"page","link":"https:\/\/www.cambodiaacountryfullofcharm.com\/fr\/cuisine-khmer\/ingredients-de-la-cuisine-khmer\/epices-de-la-cuisine-khmer-cambodge\/poivre-de-kampot\/","title":{"rendered":"Poivre de Kampot"},"content":{"rendered":"<h2>poivre de Kampot<\/h2>\n<p>Si vous aimez cuisiner et si vous aimez les aliments avec de la saveur, alors le poivre de Kampot va vous plaire. Sa saveur et son ar\u00f4me en font le meilleur des poivres au monde.<br>Le poivre de Kampot est un ingr\u00e9dient de la cuisine khm\u00e8re si r\u00e9put\u00e9 pour sa qualit\u00e9 que m\u00eame les plus grands chefs de restaurants fran\u00e7ais l\u2019utilisent pour la pr\u00e9paration de leurs plats.<\/p>\n<figure id=\"attachment_510\" aria-describedby=\"caption-attachment-510\" style=\"width: 1204px\" class=\"wp-caption aligncenter\"><img fetchpriority=\"high\" decoding=\"async\" class=\"wp-image-510 size-full\" src=\"https:\/\/www.cambodiaacountryfullofcharm.com\/wp-content\/uploads\/2013\/10\/poivre-de-kampot-018_2.jpg\" alt=\"poivre de kampot 018_2\" width=\"1204\" height=\"211\"><figcaption id=\"caption-attachment-510\" class=\"wp-caption-text\">poivre de Kampot c\u00e9l\u00e8bre pour sa saveur<\/figcaption><\/figure>\n<p>Pendant votre s\u00e9jour, allez visiter la r\u00e9gion de <span style=\"color: #000000;\"><a style=\"color: #000000;\" title=\"pour avoir encore plus d'information sur la province de Kampot et les diff\u00e9rents lieux \u00e0 visiter comme les cultures du poivre de Kampot dans la province aller voir la page de la province de Kampot au Cambodge o\u00f9 vous y trouverez beaucoup d'information\" href=\"http:\/\/www.cambodiaacountryfullofcharm.com\/province-de-kampot\/\">Kampot<\/a><\/span> et allez voir les producteurs de poivre de Kampot et visiter leurs champs de production, ils seront ravis de vous expliquer la <span style=\"color: #000000;\"><a style=\"color: #000000;\" title=\"pour connaitre encore mieux le poivre de Kampot aller voir la page consacr\u00e9 \u00e0 la culture du poivre de Kampot au Cambodge\" href=\"https:\/\/www.cambodiaacountryfullofcharm.com\/fr\/cuisine-khmer\/ingredients-de-la-cuisine-khmer\/epices-de-la-cuisine-khmer-cambodge\/poivre-de-kampot\/culture-du-poivre-de-kampot\/\">culture<\/a><\/span> du poivre de Kampot, ce poivre d\u2019exception.<br>Vous pourrez aussi acheter chez les producteurs le poivre de Kampot, mais bien s\u00fbr, pendant votre s\u00e9jour \u00e0 Kampot, vous pourrez go\u00fbter \u00e0 de tr\u00e8s nombreuses recettes dans diff\u00e9rents restaurants, des plats r\u00e9alis\u00e9s avec le poivre de Kampot dont la r\u00e9putation d\u00e9passe les fronti\u00e8res du <span style=\"color: #000000;\"><a style=\"color: #000000;\" title=\"pour avoir encore plus d'information sur le Cambodge et les diff\u00e9rents lieux \u00e0 visiter comme les temples d'Angkor Wat aller voir la page o\u00f9 vous y trouverez beaucoup d'information\" href=\"https:\/\/www.facebook.com\/CambodiaACountryFullOfCharm\">Cambodge<\/a>,<\/span> dont la c\u00e9l\u00e8bre recette du crabe au poivre de Kampot.<br>Pendant votre visite \u00e0 Kampot, vous pourrez aussi acheter du poivre de Kampot dans les diff\u00e9rents march\u00e9s de la province de Kampot.<\/p>\n\n\n<div class=\"wp-block-buttons is-content-justification-center is-layout-flex wp-container-core-buttons-is-layout-16018d1d wp-block-buttons-is-layout-flex\">\n<div class=\"wp-block-button has-custom-width wp-block-button__width-75 has-custom-font-size has-small-font-size\" id=\"https:\/\/www.cambodiaacountryfullofcharm.com\/fr\/cuisine-khmer\/ingredients-de-la-cuisine-khmer\/epices-de-la-cuisine-khmer-cambodge\/poivre-de-kampot\/culture-du-poivre-de-kampot\/\"><a class=\"wp-block-button__link has-background wp-element-button\" href=\"https:\/\/www.cambodiaacountryfullofcharm.com\/fr\/cuisine-khmer\/ingredients-de-la-cuisine-khmer\/epices-de-la-cuisine-khmer-cambodge\/poivre-de-kampot\/culture-du-poivre-de-kampot\/\" style=\"border-radius:100px;background:linear-gradient(135deg,rgb(2,3,129) 0%,rgb(50,80,150) 30%,rgb(40,116,252) 100%)\" rel=\"la culture du poivre de Kampot\">la culture du poivre de Kampot<\/a><\/div>\n<\/div>\n","protected":false},"excerpt":{"rendered":"<p>poivre de Kampot Si vous aimez cuisiner et si vous aimez les aliments avec de la saveur, alors le poivre de Kampot va vous plaire. Sa saveur et son ar\u00f4me en font le meilleur des poivres au monde.Le poivre de Kampot est un ingr\u00e9dient de la cuisine khm\u00e8re si r\u00e9put\u00e9 pour sa qualit\u00e9 que m\u00eame &hellip; <\/p>\n","protected":false},"author":1,"featured_media":509,"parent":4851,"menu_order":0,"comment_status":"closed","ping_status":"closed","template":"","meta":{"_themeisle_gutenberg_block_has_review":false,"footnotes":""},"class_list":["post-507","page","type-page","status-publish","has-post-thumbnail","hentry"],"yoast_head":"<!-- This site is optimized with the Yoast SEO plugin v27.4 - https:\/\/yoast.com\/product\/yoast-seo-wordpress\/ -->\n<title>poivre de Kampot vous connaissez? cuisiner au poivre de Kampot<\/title>\n<meta name=\"description\" content=\"le poivre de Kampot au Cambodge , est simplement le meilleur poivre au monde . le poivre de Kampot est r\u00e9puter pour sa saveur incomparable\" \/>\n<meta name=\"robots\" content=\"index, follow, max-snippet:-1, max-image-preview:large, max-video-preview:-1\" \/>\n<link rel=\"canonical\" href=\"https:\/\/www.cambodiaacountryfullofcharm.com\/fr\/cuisine-khmer\/ingredients-de-la-cuisine-khmer\/epices-de-la-cuisine-khmer-cambodge\/poivre-de-kampot\/\" \/>\n<meta property=\"og:locale\" content=\"fr_FR\" \/>\n<meta property=\"og:type\" content=\"article\" \/>\n<meta property=\"og:title\" content=\"poivre de Kampot vous connaissez? cuisiner au poivre de Kampot\" \/>\n<meta property=\"og:description\" content=\"le poivre de Kampot au Cambodge , est simplement le meilleur poivre au monde . le poivre de Kampot est r\u00e9puter pour sa saveur incomparable\" \/>\n<meta property=\"og:url\" content=\"https:\/\/www.cambodiaacountryfullofcharm.com\/fr\/cuisine-khmer\/ingredients-de-la-cuisine-khmer\/epices-de-la-cuisine-khmer-cambodge\/poivre-de-kampot\/\" \/>\n<meta property=\"og:site_name\" content=\"Guide voyage Cambodge\" \/>\n<meta property=\"article:modified_time\" content=\"2023-05-08T15:55:45+00:00\" \/>\n<meta property=\"og:image\" content=\"https:\/\/www.cambodiaacountryfullofcharm.com\/wp-content\/uploads\/2013\/10\/poivre-de-kampot-024_2.jpg\" \/>\n\t<meta property=\"og:image:width\" content=\"500\" \/>\n\t<meta property=\"og:image:height\" content=\"282\" \/>\n\t<meta property=\"og:image:type\" content=\"image\/jpeg\" \/>\n<meta name=\"twitter:card\" content=\"summary_large_image\" \/>\n<meta name=\"twitter:label1\" content=\"Dur\u00e9e de lecture estim\u00e9e\" \/>\n\t<meta name=\"twitter:data1\" content=\"2 minutes\" \/>\n<script type=\"application\/ld+json\" class=\"yoast-schema-graph\">{\"@context\":\"https:\\\/\\\/schema.org\",\"@graph\":[{\"@type\":\"WebPage\",\"@id\":\"https:\\\/\\\/www.cambodiaacountryfullofcharm.com\\\/fr\\\/cuisine-khmer\\\/ingredients-de-la-cuisine-khmer\\\/epices-de-la-cuisine-khmer-cambodge\\\/poivre-de-kampot\\\/\",\"url\":\"https:\\\/\\\/www.cambodiaacountryfullofcharm.com\\\/fr\\\/cuisine-khmer\\\/ingredients-de-la-cuisine-khmer\\\/epices-de-la-cuisine-khmer-cambodge\\\/poivre-de-kampot\\\/\",\"name\":\"poivre de Kampot vous connaissez? cuisiner au poivre de Kampot\",\"isPartOf\":{\"@id\":\"https:\\\/\\\/www.cambodiaacountryfullofcharm.com\\\/fr\\\/#website\"},\"primaryImageOfPage\":{\"@id\":\"https:\\\/\\\/www.cambodiaacountryfullofcharm.com\\\/fr\\\/cuisine-khmer\\\/ingredients-de-la-cuisine-khmer\\\/epices-de-la-cuisine-khmer-cambodge\\\/poivre-de-kampot\\\/#primaryimage\"},\"image\":{\"@id\":\"https:\\\/\\\/www.cambodiaacountryfullofcharm.com\\\/fr\\\/cuisine-khmer\\\/ingredients-de-la-cuisine-khmer\\\/epices-de-la-cuisine-khmer-cambodge\\\/poivre-de-kampot\\\/#primaryimage\"},\"thumbnailUrl\":\"https:\\\/\\\/www.cambodiaacountryfullofcharm.com\\\/wp-content\\\/uploads\\\/2013\\\/10\\\/poivre-de-kampot-024_2.jpg\",\"datePublished\":\"2013-10-26T04:42:39+00:00\",\"dateModified\":\"2023-05-08T15:55:45+00:00\",\"description\":\"le poivre de Kampot au Cambodge , est simplement le meilleur poivre au monde . le poivre de Kampot est r\u00e9puter pour sa saveur incomparable\",\"breadcrumb\":{\"@id\":\"https:\\\/\\\/www.cambodiaacountryfullofcharm.com\\\/fr\\\/cuisine-khmer\\\/ingredients-de-la-cuisine-khmer\\\/epices-de-la-cuisine-khmer-cambodge\\\/poivre-de-kampot\\\/#breadcrumb\"},\"inLanguage\":\"fr-FR\",\"potentialAction\":[{\"@type\":\"ReadAction\",\"target\":[\"https:\\\/\\\/www.cambodiaacountryfullofcharm.com\\\/fr\\\/cuisine-khmer\\\/ingredients-de-la-cuisine-khmer\\\/epices-de-la-cuisine-khmer-cambodge\\\/poivre-de-kampot\\\/\"]}]},{\"@type\":\"ImageObject\",\"inLanguage\":\"fr-FR\",\"@id\":\"https:\\\/\\\/www.cambodiaacountryfullofcharm.com\\\/fr\\\/cuisine-khmer\\\/ingredients-de-la-cuisine-khmer\\\/epices-de-la-cuisine-khmer-cambodge\\\/poivre-de-kampot\\\/#primaryimage\",\"url\":\"https:\\\/\\\/www.cambodiaacountryfullofcharm.com\\\/wp-content\\\/uploads\\\/2013\\\/10\\\/poivre-de-kampot-024_2.jpg\",\"contentUrl\":\"https:\\\/\\\/www.cambodiaacountryfullofcharm.com\\\/wp-content\\\/uploads\\\/2013\\\/10\\\/poivre-de-kampot-024_2.jpg\",\"width\":500,\"height\":282,\"caption\":\"poivre de Kampot c\u00e9l\u00e8bre pour sa saveur\"},{\"@type\":\"BreadcrumbList\",\"@id\":\"https:\\\/\\\/www.cambodiaacountryfullofcharm.com\\\/fr\\\/cuisine-khmer\\\/ingredients-de-la-cuisine-khmer\\\/epices-de-la-cuisine-khmer-cambodge\\\/poivre-de-kampot\\\/#breadcrumb\",\"itemListElement\":[{\"@type\":\"ListItem\",\"position\":1,\"name\":\"Accueil\",\"item\":\"https:\\\/\\\/www.cambodiaacountryfullofcharm.com\\\/fr\\\/\"},{\"@type\":\"ListItem\",\"position\":2,\"name\":\"Cuisine Khmer\",\"item\":\"https:\\\/\\\/www.cambodiaacountryfullofcharm.com\\\/fr\\\/cuisine-khmer\\\/\"},{\"@type\":\"ListItem\",\"position\":3,\"name\":\"Ingr\u00e9dients de la cuisine Khmer\",\"item\":\"https:\\\/\\\/www.cambodiaacountryfullofcharm.com\\\/fr\\\/cuisine-khmer\\\/ingredients-de-la-cuisine-khmer\\\/\"},{\"@type\":\"ListItem\",\"position\":4,\"name\":\"\u00e9pices de la cuisine khmer\",\"item\":\"https:\\\/\\\/www.cambodiaacountryfullofcharm.com\\\/fr\\\/cuisine-khmer\\\/ingredients-de-la-cuisine-khmer\\\/epices-de-la-cuisine-khmer-cambodge\\\/\"},{\"@type\":\"ListItem\",\"position\":5,\"name\":\"Poivre de Kampot\"}]},{\"@type\":\"WebSite\",\"@id\":\"https:\\\/\\\/www.cambodiaacountryfullofcharm.com\\\/fr\\\/#website\",\"url\":\"https:\\\/\\\/www.cambodiaacountryfullofcharm.com\\\/fr\\\/\",\"name\":\"Guide voyage Cambodge\",\"description\":\"Cambodge un pays plein de charme\",\"publisher\":{\"@id\":\"https:\\\/\\\/www.cambodiaacountryfullofcharm.com\\\/fr\\\/#organization\"},\"potentialAction\":[{\"@type\":\"SearchAction\",\"target\":{\"@type\":\"EntryPoint\",\"urlTemplate\":\"https:\\\/\\\/www.cambodiaacountryfullofcharm.com\\\/fr\\\/?s={search_term_string}\"},\"query-input\":{\"@type\":\"PropertyValueSpecification\",\"valueRequired\":true,\"valueName\":\"search_term_string\"}}],\"inLanguage\":\"fr-FR\"},{\"@type\":\"Organization\",\"@id\":\"https:\\\/\\\/www.cambodiaacountryfullofcharm.com\\\/fr\\\/#organization\",\"name\":\"Guide voyage Cambodge\",\"url\":\"https:\\\/\\\/www.cambodiaacountryfullofcharm.com\\\/fr\\\/\",\"logo\":{\"@type\":\"ImageObject\",\"inLanguage\":\"fr-FR\",\"@id\":\"https:\\\/\\\/www.cambodiaacountryfullofcharm.com\\\/fr\\\/#\\\/schema\\\/logo\\\/image\\\/\",\"url\":\"https:\\\/\\\/www.cambodiaacountryfullofcharm.com\\\/wp-content\\\/uploads\\\/2022\\\/06\\\/Cambodia-a-country-full-of-charm-2-scaled.jpg\",\"contentUrl\":\"https:\\\/\\\/www.cambodiaacountryfullofcharm.com\\\/wp-content\\\/uploads\\\/2022\\\/06\\\/Cambodia-a-country-full-of-charm-2-scaled.jpg\",\"width\":2560,\"height\":1709,\"caption\":\"Guide voyage Cambodge\"},\"image\":{\"@id\":\"https:\\\/\\\/www.cambodiaacountryfullofcharm.com\\\/fr\\\/#\\\/schema\\\/logo\\\/image\\\/\"}}]}<\/script>\n<!-- \/ Yoast SEO plugin. -->","yoast_head_json":{"title":"poivre de Kampot vous connaissez? cuisiner au poivre de Kampot","description":"le poivre de Kampot au Cambodge , est simplement le meilleur poivre au monde . le poivre de Kampot est r\u00e9puter pour sa saveur incomparable","robots":{"index":"index","follow":"follow","max-snippet":"max-snippet:-1","max-image-preview":"max-image-preview:large","max-video-preview":"max-video-preview:-1"},"canonical":"https:\/\/www.cambodiaacountryfullofcharm.com\/fr\/cuisine-khmer\/ingredients-de-la-cuisine-khmer\/epices-de-la-cuisine-khmer-cambodge\/poivre-de-kampot\/","og_locale":"fr_FR","og_type":"article","og_title":"poivre de Kampot vous connaissez? cuisiner au poivre de Kampot","og_description":"le poivre de Kampot au Cambodge , est simplement le meilleur poivre au monde . le poivre de Kampot est r\u00e9puter pour sa saveur incomparable","og_url":"https:\/\/www.cambodiaacountryfullofcharm.com\/fr\/cuisine-khmer\/ingredients-de-la-cuisine-khmer\/epices-de-la-cuisine-khmer-cambodge\/poivre-de-kampot\/","og_site_name":"Guide voyage Cambodge","article_modified_time":"2023-05-08T15:55:45+00:00","og_image":[{"width":500,"height":282,"url":"https:\/\/www.cambodiaacountryfullofcharm.com\/wp-content\/uploads\/2013\/10\/poivre-de-kampot-024_2.jpg","type":"image\/jpeg"}],"twitter_card":"summary_large_image","twitter_misc":{"Dur\u00e9e de lecture estim\u00e9e":"2 minutes"},"schema":{"@context":"https:\/\/schema.org","@graph":[{"@type":"WebPage","@id":"https:\/\/www.cambodiaacountryfullofcharm.com\/fr\/cuisine-khmer\/ingredients-de-la-cuisine-khmer\/epices-de-la-cuisine-khmer-cambodge\/poivre-de-kampot\/","url":"https:\/\/www.cambodiaacountryfullofcharm.com\/fr\/cuisine-khmer\/ingredients-de-la-cuisine-khmer\/epices-de-la-cuisine-khmer-cambodge\/poivre-de-kampot\/","name":"poivre de Kampot vous connaissez? cuisiner au poivre de Kampot","isPartOf":{"@id":"https:\/\/www.cambodiaacountryfullofcharm.com\/fr\/#website"},"primaryImageOfPage":{"@id":"https:\/\/www.cambodiaacountryfullofcharm.com\/fr\/cuisine-khmer\/ingredients-de-la-cuisine-khmer\/epices-de-la-cuisine-khmer-cambodge\/poivre-de-kampot\/#primaryimage"},"image":{"@id":"https:\/\/www.cambodiaacountryfullofcharm.com\/fr\/cuisine-khmer\/ingredients-de-la-cuisine-khmer\/epices-de-la-cuisine-khmer-cambodge\/poivre-de-kampot\/#primaryimage"},"thumbnailUrl":"https:\/\/www.cambodiaacountryfullofcharm.com\/wp-content\/uploads\/2013\/10\/poivre-de-kampot-024_2.jpg","datePublished":"2013-10-26T04:42:39+00:00","dateModified":"2023-05-08T15:55:45+00:00","description":"le poivre de Kampot au Cambodge , est simplement le meilleur poivre au monde . le poivre de Kampot est r\u00e9puter pour sa saveur incomparable","breadcrumb":{"@id":"https:\/\/www.cambodiaacountryfullofcharm.com\/fr\/cuisine-khmer\/ingredients-de-la-cuisine-khmer\/epices-de-la-cuisine-khmer-cambodge\/poivre-de-kampot\/#breadcrumb"},"inLanguage":"fr-FR","potentialAction":[{"@type":"ReadAction","target":["https:\/\/www.cambodiaacountryfullofcharm.com\/fr\/cuisine-khmer\/ingredients-de-la-cuisine-khmer\/epices-de-la-cuisine-khmer-cambodge\/poivre-de-kampot\/"]}]},{"@type":"ImageObject","inLanguage":"fr-FR","@id":"https:\/\/www.cambodiaacountryfullofcharm.com\/fr\/cuisine-khmer\/ingredients-de-la-cuisine-khmer\/epices-de-la-cuisine-khmer-cambodge\/poivre-de-kampot\/#primaryimage","url":"https:\/\/www.cambodiaacountryfullofcharm.com\/wp-content\/uploads\/2013\/10\/poivre-de-kampot-024_2.jpg","contentUrl":"https:\/\/www.cambodiaacountryfullofcharm.com\/wp-content\/uploads\/2013\/10\/poivre-de-kampot-024_2.jpg","width":500,"height":282,"caption":"poivre de Kampot c\u00e9l\u00e8bre pour sa saveur"},{"@type":"BreadcrumbList","@id":"https:\/\/www.cambodiaacountryfullofcharm.com\/fr\/cuisine-khmer\/ingredients-de-la-cuisine-khmer\/epices-de-la-cuisine-khmer-cambodge\/poivre-de-kampot\/#breadcrumb","itemListElement":[{"@type":"ListItem","position":1,"name":"Accueil","item":"https:\/\/www.cambodiaacountryfullofcharm.com\/fr\/"},{"@type":"ListItem","position":2,"name":"Cuisine Khmer","item":"https:\/\/www.cambodiaacountryfullofcharm.com\/fr\/cuisine-khmer\/"},{"@type":"ListItem","position":3,"name":"Ingr\u00e9dients de la cuisine Khmer","item":"https:\/\/www.cambodiaacountryfullofcharm.com\/fr\/cuisine-khmer\/ingredients-de-la-cuisine-khmer\/"},{"@type":"ListItem","position":4,"name":"\u00e9pices de la cuisine khmer","item":"https:\/\/www.cambodiaacountryfullofcharm.com\/fr\/cuisine-khmer\/ingredients-de-la-cuisine-khmer\/epices-de-la-cuisine-khmer-cambodge\/"},{"@type":"ListItem","position":5,"name":"Poivre de Kampot"}]},{"@type":"WebSite","@id":"https:\/\/www.cambodiaacountryfullofcharm.com\/fr\/#website","url":"https:\/\/www.cambodiaacountryfullofcharm.com\/fr\/","name":"Guide voyage Cambodge","description":"Cambodge un pays plein de charme","publisher":{"@id":"https:\/\/www.cambodiaacountryfullofcharm.com\/fr\/#organization"},"potentialAction":[{"@type":"SearchAction","target":{"@type":"EntryPoint","urlTemplate":"https:\/\/www.cambodiaacountryfullofcharm.com\/fr\/?s={search_term_string}"},"query-input":{"@type":"PropertyValueSpecification","valueRequired":true,"valueName":"search_term_string"}}],"inLanguage":"fr-FR"},{"@type":"Organization","@id":"https:\/\/www.cambodiaacountryfullofcharm.com\/fr\/#organization","name":"Guide voyage Cambodge","url":"https:\/\/www.cambodiaacountryfullofcharm.com\/fr\/","logo":{"@type":"ImageObject","inLanguage":"fr-FR","@id":"https:\/\/www.cambodiaacountryfullofcharm.com\/fr\/#\/schema\/logo\/image\/","url":"https:\/\/www.cambodiaacountryfullofcharm.com\/wp-content\/uploads\/2022\/06\/Cambodia-a-country-full-of-charm-2-scaled.jpg","contentUrl":"https:\/\/www.cambodiaacountryfullofcharm.com\/wp-content\/uploads\/2022\/06\/Cambodia-a-country-full-of-charm-2-scaled.jpg","width":2560,"height":1709,"caption":"Guide voyage Cambodge"},"image":{"@id":"https:\/\/www.cambodiaacountryfullofcharm.com\/fr\/#\/schema\/logo\/image\/"}}]}},"_links":{"self":[{"href":"https:\/\/www.cambodiaacountryfullofcharm.com\/fr\/wp-json\/wp\/v2\/pages\/507","targetHints":{"allow":["GET"]}}],"collection":[{"href":"https:\/\/www.cambodiaacountryfullofcharm.com\/fr\/wp-json\/wp\/v2\/pages"}],"about":[{"href":"https:\/\/www.cambodiaacountryfullofcharm.com\/fr\/wp-json\/wp\/v2\/types\/page"}],"author":[{"embeddable":true,"href":"https:\/\/www.cambodiaacountryfullofcharm.com\/fr\/wp-json\/wp\/v2\/users\/1"}],"replies":[{"embeddable":true,"href":"https:\/\/www.cambodiaacountryfullofcharm.com\/fr\/wp-json\/wp\/v2\/comments?post=507"}],"version-history":[{"count":0,"href":"https:\/\/www.cambodiaacountryfullofcharm.com\/fr\/wp-json\/wp\/v2\/pages\/507\/revisions"}],"up":[{"embeddable":true,"href":"https:\/\/www.cambodiaacountryfullofcharm.com\/fr\/wp-json\/wp\/v2\/pages\/4851"}],"wp:featuredmedia":[{"embeddable":true,"href":"https:\/\/www.cambodiaacountryfullofcharm.com\/fr\/wp-json\/wp\/v2\/media\/509"}],"wp:attachment":[{"href":"https:\/\/www.cambodiaacountryfullofcharm.com\/fr\/wp-json\/wp\/v2\/media?parent=507"}],"curies":[{"name":"wp","href":"https:\/\/api.w.org\/{rel}","templated":true}]}}