{"id":567,"date":"2013-10-31T21:27:07","date_gmt":"2013-10-31T20:27:07","guid":{"rendered":"http:\/\/www.cambodiaacountryfullofcharm.com\/?page_id=567"},"modified":"2023-03-25T13:11:31","modified_gmt":"2023-03-25T12:11:31","slug":"boeuf-lok-lak-recette","status":"publish","type":"page","link":"https:\/\/www.cambodiaacountryfullofcharm.com\/fr\/cuisine-khmer\/boeuf-lok-lak-recette\/","title":{"rendered":"Boeuf Lok Lak"},"content":{"rendered":"<h2>b\u0153uf Lok Lak<\/h2>\n<p>Le b\u0153uf Lok Lak, plat embl\u00e9matique de la gastronomie cambodgienne, est un v\u00e9ritable d\u00e9lice pour les amateurs de viande. Cette recette allie la saveur subtile du b\u0153uf maigre marin\u00e9 dans une sauce soja, citron et sucre, \u00e0 la fra\u00eecheur du concombre et de la salade. La poivre de Kampot, ingr\u00e9dient phare de la cuisine cambodgienne, vient sublimer l&#8217;ensemble en apportant une touche \u00e9pic\u00e9e et parfum\u00e9e. Facile et rapide \u00e0 pr\u00e9parer, ce plat vous transporte instantan\u00e9ment au c\u0153ur de l&#8217;Asie, vous permettant de d\u00e9couvrir les saveurs et les ar\u00f4mes uniques de cette cuisine authentique.<\/p>\n<p><span id=\"mealingua_content_466\"><span id=\"mealingua_content_294\">Liste des ingr\u00e9dients pour faire la recette de b\u0153uf Lok Lak pour 4&nbsp;personnes&nbsp;:<\/span><\/span><\/p>\n<p><span id=\"mealingua_content_466\"><span id=\"mealingua_content_294\">500&nbsp;g de b\u0153uf maigre<br \/>\n1 cuill\u00e8re \u00e0 soupe de citron<br \/>\n3 cuill\u00e8res \u00e0 soupe de sucre<br \/>\n1 cuill\u00e8re \u00e0 soupe de sauce d\u2019hu\u00eetre<br \/>\n6&nbsp;cl de sauce soja<br \/>\nPoivre de <a title=\"poivre de Kampot\" href=\"http:\/\/www.cambodiaacountryfullofcharm.com\/poivre-de-kampot\/\"><span style=\"color: #000000;\">Kampot<\/span> <\/a> <\/span><\/span><br \/>\nQuelques tranches de concombre<\/p>\n<h4>Pr\u00e9paration de la recette<\/h4>\n<p>D\u00e9couper la viande en cubes \u00e9gaux afin d\u2019avoir une cuisson homog\u00e8ne.<br \/>\nDans un r\u00e9cipient, ajouter la sauce soja, la sauce d\u2019hu\u00eetre, le citron et le sucre. Bien m\u00e9langer afin de bien dissoudre le sucre avec les diff\u00e9rentes sauces.<br \/>\nAjouter la sauce \u00e0 la viande et bien m\u00e9langer, ensuite laisser reposer au frais minimum 30&nbsp;minutes.<br \/>\nApr\u00e8s 30&nbsp;minutes de repos, passer la viande \u00e0 la cuisson, puis servir avec quelques tranches de concombre, salade.<br \/>\nServir chaud avec du riz du <span style=\"color: #000000;\"><a style=\"color: #000000;\" href=\"https:\/\/fr.wikipedia.org\/wiki\/Cambodge\" target=\"_blank\" rel=\"noopener\">Cambodge<\/a><\/span>. Cette recette est simple et rapide \u00e0 r\u00e9aliser et vous rappellera votre voyage au Cambodge.<\/p>\n<p>Voil\u00e0, votre b\u0153uf Lok Lak est pr\u00eat \u00e0 \u00eatre d\u00e9gust\u00e9 ! Servez-le chaud accompagn\u00e9 de riz du Cambodge pour une exp\u00e9rience culinaire authentique. N&#8217;h\u00e9sitez pas \u00e0 agr\u00e9menter votre plat de quelques tranches de concombre et de salade pour apporter une touche de fra\u00eecheur. Nous esp\u00e9rons que cette recette simple et rapide vous a permis de voyager au Cambodge le temps d&#8217;un repas. Bon app\u00e9tit !<\/p>\n<h2><\/h2>\n<h2><\/h2>\n","protected":false},"excerpt":{"rendered":"<p>b\u0153uf Lok Lak Le b\u0153uf Lok Lak, plat embl\u00e9matique de la gastronomie cambodgienne, est un v\u00e9ritable d\u00e9lice pour les amateurs de viande. Cette recette allie la saveur subtile du b\u0153uf maigre marin\u00e9 dans une sauce soja, citron et sucre, \u00e0 la fra\u00eecheur du concombre et de la salade. La poivre de Kampot, ingr\u00e9dient phare de &hellip; <\/p>\n","protected":false},"author":1,"featured_media":569,"parent":35,"menu_order":0,"comment_status":"closed","ping_status":"closed","template":"","meta":{"_themeisle_gutenberg_block_has_review":false,"footnotes":""},"class_list":["post-567","page","type-page","status-publish","has-post-thumbnail","hentry"],"yoast_head":"<!-- This site is optimized with the Yoast SEO plugin v27.5 - https:\/\/yoast.com\/product\/yoast-seo-wordpress\/ -->\n<title>recette du Cambodge du b\u0153uf Lok Lak<\/title>\n<meta name=\"description\" content=\"la recette du b\u0153uf Lok Lak est une recette tr\u00e8s simple \u00e0 r\u00e9alis\u00e9 et vas r\u00e9galer toute votre famille . le Lok Lak est une recette du Cambodge\" \/>\n<meta name=\"robots\" content=\"index, follow, max-snippet:-1, max-image-preview:large, max-video-preview:-1\" \/>\n<link rel=\"canonical\" href=\"https:\/\/www.cambodiaacountryfullofcharm.com\/fr\/cuisine-khmer\/boeuf-lok-lak-recette\/\" \/>\n<meta property=\"og:locale\" content=\"fr_FR\" \/>\n<meta property=\"og:type\" content=\"article\" \/>\n<meta property=\"og:title\" content=\"recette du Cambodge du b\u0153uf Lok Lak\" \/>\n<meta property=\"og:description\" content=\"la recette du b\u0153uf Lok Lak est une recette tr\u00e8s simple \u00e0 r\u00e9alis\u00e9 et vas r\u00e9galer toute votre famille . le Lok Lak est une recette du Cambodge\" \/>\n<meta property=\"og:url\" content=\"https:\/\/www.cambodiaacountryfullofcharm.com\/fr\/cuisine-khmer\/boeuf-lok-lak-recette\/\" \/>\n<meta property=\"og:site_name\" content=\"Guide voyage Cambodge\" \/>\n<meta property=\"article:modified_time\" content=\"2023-03-25T12:11:31+00:00\" \/>\n<meta property=\"og:image\" content=\"https:\/\/www.cambodiaacountryfullofcharm.com\/wp-content\/uploads\/2013\/10\/lok-lak-2-019-1-1.jpg\" \/>\n\t<meta property=\"og:image:width\" content=\"500\" \/>\n\t<meta property=\"og:image:height\" content=\"282\" \/>\n\t<meta property=\"og:image:type\" content=\"image\/jpeg\" \/>\n<meta name=\"twitter:card\" content=\"summary_large_image\" \/>\n<meta name=\"twitter:label1\" content=\"Dur\u00e9e de lecture estim\u00e9e\" \/>\n\t<meta name=\"twitter:data1\" content=\"2 minutes\" \/>\n<script type=\"application\/ld+json\" class=\"yoast-schema-graph\">{\"@context\":\"https:\\\/\\\/schema.org\",\"@graph\":[{\"@type\":\"WebPage\",\"@id\":\"https:\\\/\\\/www.cambodiaacountryfullofcharm.com\\\/fr\\\/cuisine-khmer\\\/boeuf-lok-lak-recette\\\/\",\"url\":\"https:\\\/\\\/www.cambodiaacountryfullofcharm.com\\\/fr\\\/cuisine-khmer\\\/boeuf-lok-lak-recette\\\/\",\"name\":\"recette du Cambodge du b\u0153uf Lok Lak\",\"isPartOf\":{\"@id\":\"https:\\\/\\\/www.cambodiaacountryfullofcharm.com\\\/fr\\\/#website\"},\"primaryImageOfPage\":{\"@id\":\"https:\\\/\\\/www.cambodiaacountryfullofcharm.com\\\/fr\\\/cuisine-khmer\\\/boeuf-lok-lak-recette\\\/#primaryimage\"},\"image\":{\"@id\":\"https:\\\/\\\/www.cambodiaacountryfullofcharm.com\\\/fr\\\/cuisine-khmer\\\/boeuf-lok-lak-recette\\\/#primaryimage\"},\"thumbnailUrl\":\"https:\\\/\\\/www.cambodiaacountryfullofcharm.com\\\/wp-content\\\/uploads\\\/2013\\\/10\\\/lok-lak-2-019-1-1.jpg\",\"datePublished\":\"2013-10-31T20:27:07+00:00\",\"dateModified\":\"2023-03-25T12:11:31+00:00\",\"description\":\"la recette du b\u0153uf Lok Lak est une recette tr\u00e8s simple \u00e0 r\u00e9alis\u00e9 et vas r\u00e9galer toute votre famille . le Lok Lak est une recette du Cambodge\",\"breadcrumb\":{\"@id\":\"https:\\\/\\\/www.cambodiaacountryfullofcharm.com\\\/fr\\\/cuisine-khmer\\\/boeuf-lok-lak-recette\\\/#breadcrumb\"},\"inLanguage\":\"fr-FR\",\"potentialAction\":[{\"@type\":\"ReadAction\",\"target\":[\"https:\\\/\\\/www.cambodiaacountryfullofcharm.com\\\/fr\\\/cuisine-khmer\\\/boeuf-lok-lak-recette\\\/\"]}]},{\"@type\":\"ImageObject\",\"inLanguage\":\"fr-FR\",\"@id\":\"https:\\\/\\\/www.cambodiaacountryfullofcharm.com\\\/fr\\\/cuisine-khmer\\\/boeuf-lok-lak-recette\\\/#primaryimage\",\"url\":\"https:\\\/\\\/www.cambodiaacountryfullofcharm.com\\\/wp-content\\\/uploads\\\/2013\\\/10\\\/lok-lak-2-019-1-1.jpg\",\"contentUrl\":\"https:\\\/\\\/www.cambodiaacountryfullofcharm.com\\\/wp-content\\\/uploads\\\/2013\\\/10\\\/lok-lak-2-019-1-1.jpg\",\"width\":500,\"height\":282,\"caption\":\"b\u0153uf lok lak recette cambodgienne\"},{\"@type\":\"BreadcrumbList\",\"@id\":\"https:\\\/\\\/www.cambodiaacountryfullofcharm.com\\\/fr\\\/cuisine-khmer\\\/boeuf-lok-lak-recette\\\/#breadcrumb\",\"itemListElement\":[{\"@type\":\"ListItem\",\"position\":1,\"name\":\"Accueil\",\"item\":\"https:\\\/\\\/www.cambodiaacountryfullofcharm.com\\\/fr\\\/\"},{\"@type\":\"ListItem\",\"position\":2,\"name\":\"Cuisine Khmer\",\"item\":\"https:\\\/\\\/www.cambodiaacountryfullofcharm.com\\\/fr\\\/cuisine-khmer\\\/\"},{\"@type\":\"ListItem\",\"position\":3,\"name\":\"Boeuf Lok Lak\"}]},{\"@type\":\"WebSite\",\"@id\":\"https:\\\/\\\/www.cambodiaacountryfullofcharm.com\\\/fr\\\/#website\",\"url\":\"https:\\\/\\\/www.cambodiaacountryfullofcharm.com\\\/fr\\\/\",\"name\":\"Guide voyage Cambodge\",\"description\":\"Cambodge un pays plein de charme\",\"publisher\":{\"@id\":\"https:\\\/\\\/www.cambodiaacountryfullofcharm.com\\\/fr\\\/#organization\"},\"potentialAction\":[{\"@type\":\"SearchAction\",\"target\":{\"@type\":\"EntryPoint\",\"urlTemplate\":\"https:\\\/\\\/www.cambodiaacountryfullofcharm.com\\\/fr\\\/?s={search_term_string}\"},\"query-input\":{\"@type\":\"PropertyValueSpecification\",\"valueRequired\":true,\"valueName\":\"search_term_string\"}}],\"inLanguage\":\"fr-FR\"},{\"@type\":\"Organization\",\"@id\":\"https:\\\/\\\/www.cambodiaacountryfullofcharm.com\\\/fr\\\/#organization\",\"name\":\"Guide voyage Cambodge\",\"url\":\"https:\\\/\\\/www.cambodiaacountryfullofcharm.com\\\/fr\\\/\",\"logo\":{\"@type\":\"ImageObject\",\"inLanguage\":\"fr-FR\",\"@id\":\"https:\\\/\\\/www.cambodiaacountryfullofcharm.com\\\/fr\\\/#\\\/schema\\\/logo\\\/image\\\/\",\"url\":\"https:\\\/\\\/www.cambodiaacountryfullofcharm.com\\\/wp-content\\\/uploads\\\/2022\\\/06\\\/Cambodia-a-country-full-of-charm-2-scaled.jpg\",\"contentUrl\":\"https:\\\/\\\/www.cambodiaacountryfullofcharm.com\\\/wp-content\\\/uploads\\\/2022\\\/06\\\/Cambodia-a-country-full-of-charm-2-scaled.jpg\",\"width\":2560,\"height\":1709,\"caption\":\"Guide voyage Cambodge\"},\"image\":{\"@id\":\"https:\\\/\\\/www.cambodiaacountryfullofcharm.com\\\/fr\\\/#\\\/schema\\\/logo\\\/image\\\/\"}}]}<\/script>\n<!-- \/ Yoast SEO plugin. -->","yoast_head_json":{"title":"recette du Cambodge du b\u0153uf Lok Lak","description":"la recette du b\u0153uf Lok Lak est une recette tr\u00e8s simple \u00e0 r\u00e9alis\u00e9 et vas r\u00e9galer toute votre famille . le Lok Lak est une recette du Cambodge","robots":{"index":"index","follow":"follow","max-snippet":"max-snippet:-1","max-image-preview":"max-image-preview:large","max-video-preview":"max-video-preview:-1"},"canonical":"https:\/\/www.cambodiaacountryfullofcharm.com\/fr\/cuisine-khmer\/boeuf-lok-lak-recette\/","og_locale":"fr_FR","og_type":"article","og_title":"recette du Cambodge du b\u0153uf Lok Lak","og_description":"la recette du b\u0153uf Lok Lak est une recette tr\u00e8s simple \u00e0 r\u00e9alis\u00e9 et vas r\u00e9galer toute votre famille . le Lok Lak est une recette du Cambodge","og_url":"https:\/\/www.cambodiaacountryfullofcharm.com\/fr\/cuisine-khmer\/boeuf-lok-lak-recette\/","og_site_name":"Guide voyage Cambodge","article_modified_time":"2023-03-25T12:11:31+00:00","og_image":[{"width":500,"height":282,"url":"https:\/\/www.cambodiaacountryfullofcharm.com\/wp-content\/uploads\/2013\/10\/lok-lak-2-019-1-1.jpg","type":"image\/jpeg"}],"twitter_card":"summary_large_image","twitter_misc":{"Dur\u00e9e de lecture estim\u00e9e":"2 minutes"},"schema":{"@context":"https:\/\/schema.org","@graph":[{"@type":"WebPage","@id":"https:\/\/www.cambodiaacountryfullofcharm.com\/fr\/cuisine-khmer\/boeuf-lok-lak-recette\/","url":"https:\/\/www.cambodiaacountryfullofcharm.com\/fr\/cuisine-khmer\/boeuf-lok-lak-recette\/","name":"recette du Cambodge du b\u0153uf Lok Lak","isPartOf":{"@id":"https:\/\/www.cambodiaacountryfullofcharm.com\/fr\/#website"},"primaryImageOfPage":{"@id":"https:\/\/www.cambodiaacountryfullofcharm.com\/fr\/cuisine-khmer\/boeuf-lok-lak-recette\/#primaryimage"},"image":{"@id":"https:\/\/www.cambodiaacountryfullofcharm.com\/fr\/cuisine-khmer\/boeuf-lok-lak-recette\/#primaryimage"},"thumbnailUrl":"https:\/\/www.cambodiaacountryfullofcharm.com\/wp-content\/uploads\/2013\/10\/lok-lak-2-019-1-1.jpg","datePublished":"2013-10-31T20:27:07+00:00","dateModified":"2023-03-25T12:11:31+00:00","description":"la recette du b\u0153uf Lok Lak est une recette tr\u00e8s simple \u00e0 r\u00e9alis\u00e9 et vas r\u00e9galer toute votre famille . le Lok Lak est une recette du Cambodge","breadcrumb":{"@id":"https:\/\/www.cambodiaacountryfullofcharm.com\/fr\/cuisine-khmer\/boeuf-lok-lak-recette\/#breadcrumb"},"inLanguage":"fr-FR","potentialAction":[{"@type":"ReadAction","target":["https:\/\/www.cambodiaacountryfullofcharm.com\/fr\/cuisine-khmer\/boeuf-lok-lak-recette\/"]}]},{"@type":"ImageObject","inLanguage":"fr-FR","@id":"https:\/\/www.cambodiaacountryfullofcharm.com\/fr\/cuisine-khmer\/boeuf-lok-lak-recette\/#primaryimage","url":"https:\/\/www.cambodiaacountryfullofcharm.com\/wp-content\/uploads\/2013\/10\/lok-lak-2-019-1-1.jpg","contentUrl":"https:\/\/www.cambodiaacountryfullofcharm.com\/wp-content\/uploads\/2013\/10\/lok-lak-2-019-1-1.jpg","width":500,"height":282,"caption":"b\u0153uf lok lak recette cambodgienne"},{"@type":"BreadcrumbList","@id":"https:\/\/www.cambodiaacountryfullofcharm.com\/fr\/cuisine-khmer\/boeuf-lok-lak-recette\/#breadcrumb","itemListElement":[{"@type":"ListItem","position":1,"name":"Accueil","item":"https:\/\/www.cambodiaacountryfullofcharm.com\/fr\/"},{"@type":"ListItem","position":2,"name":"Cuisine Khmer","item":"https:\/\/www.cambodiaacountryfullofcharm.com\/fr\/cuisine-khmer\/"},{"@type":"ListItem","position":3,"name":"Boeuf Lok Lak"}]},{"@type":"WebSite","@id":"https:\/\/www.cambodiaacountryfullofcharm.com\/fr\/#website","url":"https:\/\/www.cambodiaacountryfullofcharm.com\/fr\/","name":"Guide voyage Cambodge","description":"Cambodge un pays plein de charme","publisher":{"@id":"https:\/\/www.cambodiaacountryfullofcharm.com\/fr\/#organization"},"potentialAction":[{"@type":"SearchAction","target":{"@type":"EntryPoint","urlTemplate":"https:\/\/www.cambodiaacountryfullofcharm.com\/fr\/?s={search_term_string}"},"query-input":{"@type":"PropertyValueSpecification","valueRequired":true,"valueName":"search_term_string"}}],"inLanguage":"fr-FR"},{"@type":"Organization","@id":"https:\/\/www.cambodiaacountryfullofcharm.com\/fr\/#organization","name":"Guide voyage Cambodge","url":"https:\/\/www.cambodiaacountryfullofcharm.com\/fr\/","logo":{"@type":"ImageObject","inLanguage":"fr-FR","@id":"https:\/\/www.cambodiaacountryfullofcharm.com\/fr\/#\/schema\/logo\/image\/","url":"https:\/\/www.cambodiaacountryfullofcharm.com\/wp-content\/uploads\/2022\/06\/Cambodia-a-country-full-of-charm-2-scaled.jpg","contentUrl":"https:\/\/www.cambodiaacountryfullofcharm.com\/wp-content\/uploads\/2022\/06\/Cambodia-a-country-full-of-charm-2-scaled.jpg","width":2560,"height":1709,"caption":"Guide voyage Cambodge"},"image":{"@id":"https:\/\/www.cambodiaacountryfullofcharm.com\/fr\/#\/schema\/logo\/image\/"}}]}},"_links":{"self":[{"href":"https:\/\/www.cambodiaacountryfullofcharm.com\/fr\/wp-json\/wp\/v2\/pages\/567","targetHints":{"allow":["GET"]}}],"collection":[{"href":"https:\/\/www.cambodiaacountryfullofcharm.com\/fr\/wp-json\/wp\/v2\/pages"}],"about":[{"href":"https:\/\/www.cambodiaacountryfullofcharm.com\/fr\/wp-json\/wp\/v2\/types\/page"}],"author":[{"embeddable":true,"href":"https:\/\/www.cambodiaacountryfullofcharm.com\/fr\/wp-json\/wp\/v2\/users\/1"}],"replies":[{"embeddable":true,"href":"https:\/\/www.cambodiaacountryfullofcharm.com\/fr\/wp-json\/wp\/v2\/comments?post=567"}],"version-history":[{"count":0,"href":"https:\/\/www.cambodiaacountryfullofcharm.com\/fr\/wp-json\/wp\/v2\/pages\/567\/revisions"}],"up":[{"embeddable":true,"href":"https:\/\/www.cambodiaacountryfullofcharm.com\/fr\/wp-json\/wp\/v2\/pages\/35"}],"wp:featuredmedia":[{"embeddable":true,"href":"https:\/\/www.cambodiaacountryfullofcharm.com\/fr\/wp-json\/wp\/v2\/media\/569"}],"wp:attachment":[{"href":"https:\/\/www.cambodiaacountryfullofcharm.com\/fr\/wp-json\/wp\/v2\/media?parent=567"}],"curies":[{"name":"wp","href":"https:\/\/api.w.org\/{rel}","templated":true}]}}