{"id":580,"date":"2013-11-02T15:06:14","date_gmt":"2013-11-02T14:06:14","guid":{"rendered":"http:\/\/www.cambodiaacountryfullofcharm.com\/?page_id=580"},"modified":"2022-12-04T20:58:14","modified_gmt":"2022-12-04T19:58:14","slug":"recette-pakon-kho-matek","status":"publish","type":"page","link":"https:\/\/www.cambodiaacountryfullofcharm.com\/fr\/cuisine-khmer\/recette-pakon-kho-matek\/","title":{"rendered":"Pakon kho matek"},"content":{"rendered":"<h2>Pakon kho matek<\/h2>\n<p><span id=\"mealingua_content_189\">Liste des ingr\u00e9dients pour faire la recette du Pakon Kho Matek<br \/>\npour 4\u00a0personnes\u00a0:<\/span><\/p>\n<p>2 cuill\u00e8res \u00e0 soupe d\u2019eau<br \/>\n2\u00a0cuill\u00e9r\u00e9es de sucre roux<br \/>\n10\u00a0cl d\u2019eau<br \/>\n3 cuill\u00e8res \u00e0 soupe de sauce de poisson<br \/>\n1\u00a0cuill\u00e9r\u00e9e de sucre<br \/>\n2 cuill\u00e8res \u00e0 soupe d\u2019huile v\u00e9g\u00e9tale<br \/>\n4 gousses d\u2019ail finement hach\u00e9<br \/>\n500\u00a0g de crevettes<br \/>\nPiment frais ou un quart de cuill\u00e8re \u00e0 caf\u00e9 de piment\u00a0en poudre de votre go\u00fbt<br \/>\n<a title=\"poivre de Kampot\" href=\"https:\/\/www.cambodiaacountryfullofcharm.com\/fr\/cuisine-khmer\/ingredients-de-la-cuisine-khmer\/epices-de-la-cuisine-khmer-cambodge\/poivre-de-kampot\/\"><span style=\"color: #000000;\">Poivre noir de Kampot<\/span> <\/a><\/p>\n<h4>Pr\u00e9paration de la recette<\/h4>\n<p><span id=\"mealingua_content_189\"><\/span>Pr\u00e9parer la sauce caramel\u00a0: 2\u00a0cuill\u00e8res \u00e0 soupe d\u2019eau et 2\u00a0cuill\u00e8res \u00e0 soupe de sucre. Cuire en remuant fr\u00e9quemment jusqu\u2019\u00e0 ce sucre change de couleur en brun fonc\u00e9, versez ensuite 10\u00a0cl d\u2019eau sur la sauce caram\u00e9lis\u00e9e.<br \/>\nAjouter \u00e0 la sauce caramel la sauce de poisson, le sucre et le sel, bien m\u00e9langer et laisser de c\u00f4t\u00e9.<br \/>\nPr\u00e9parer un wok ou une po\u00eale \u00e0 haute temp\u00e9rature, ajouter l\u2019huile, l\u2019ail et les crevettes, bien remuer.<br \/>\nAssaisonner avec la sauce caram\u00e9lis\u00e9e pr\u00e9alablement pr\u00e9par\u00e9e et remuer jusqu\u2019\u00e0 ce que les crevettes changent de couleur.<br \/>\nServir avec du riz du <span style=\"color: #000000;\"><a style=\"color: #000000;\" href=\"https:\/\/fr.wikipedia.org\/wiki\/Cambodge\" target=\"_blank\" rel=\"noopener\">Cambodge<\/a><\/span>.<\/p>\n<p><img fetchpriority=\"high\" decoding=\"async\" class=\"aligncenter wp-image-604 size-full\" src=\"https:\/\/www.cambodiaacountryfullofcharm.com\/wp-content\/uploads\/2013\/11\/Pakon-kho-matek-002-1.jpg\" alt=\"Pakon-kho-matek-002-1\" width=\"3264\" height=\"1840\" \/><\/p>\n<p>Cette recette est simple et tr\u00e8s rapide \u00e0 r\u00e9aliser. Attention tout de m\u00eame \u00e0 ne pas augmenter le dosage du sucre et du caramel afin de garder une bonne saveur. Cette recette fera plaisir \u00e0 toute votre famille et vos amis sans aucun souci.<\/p>\n<h2><\/h2>\n","protected":false},"excerpt":{"rendered":"<p>Pakon kho matek Liste des ingr\u00e9dients pour faire la recette du Pakon Kho Matek pour 4\u00a0personnes\u00a0: 2 cuill\u00e8res \u00e0 soupe d\u2019eau 2\u00a0cuill\u00e9r\u00e9es de sucre roux 10\u00a0cl d\u2019eau 3 cuill\u00e8res \u00e0 soupe de sauce de poisson 1\u00a0cuill\u00e9r\u00e9e de sucre 2 cuill\u00e8res \u00e0 soupe d\u2019huile v\u00e9g\u00e9tale 4 gousses d\u2019ail finement hach\u00e9 500\u00a0g de crevettes Piment frais ou &hellip; <\/p>\n","protected":false},"author":1,"featured_media":582,"parent":35,"menu_order":0,"comment_status":"closed","ping_status":"closed","template":"","meta":{"_themeisle_gutenberg_block_has_review":false,"footnotes":""},"class_list":["post-580","page","type-page","status-publish","has-post-thumbnail","hentry"],"yoast_head":"<!-- This site is optimized with the Yoast SEO plugin v27.5 - https:\/\/yoast.com\/product\/yoast-seo-wordpress\/ -->\n<title>Pakon Kho Matek au crevette caram\u00e9lis\u00e9 recette Cambodgienne<\/title>\n<meta name=\"description\" content=\"Pakon Kho Matek est une recette de la cuisine du Cambodge , le Pakon Kho Matek est simple \u00e0 r\u00e9alis\u00e9 avec des crevette caram\u00e9lis\u00e9\" \/>\n<meta name=\"robots\" content=\"index, follow, max-snippet:-1, max-image-preview:large, max-video-preview:-1\" \/>\n<link rel=\"canonical\" href=\"https:\/\/www.cambodiaacountryfullofcharm.com\/fr\/cuisine-khmer\/recette-pakon-kho-matek\/\" \/>\n<meta property=\"og:locale\" content=\"fr_FR\" \/>\n<meta property=\"og:type\" content=\"article\" \/>\n<meta property=\"og:title\" content=\"Pakon Kho Matek au crevette caram\u00e9lis\u00e9 recette Cambodgienne\" \/>\n<meta property=\"og:description\" content=\"Pakon Kho Matek est une recette de la cuisine du Cambodge , le Pakon Kho Matek est simple \u00e0 r\u00e9alis\u00e9 avec des crevette caram\u00e9lis\u00e9\" \/>\n<meta property=\"og:url\" content=\"https:\/\/www.cambodiaacountryfullofcharm.com\/fr\/cuisine-khmer\/recette-pakon-kho-matek\/\" \/>\n<meta property=\"og:site_name\" content=\"Guide voyage Cambodge\" \/>\n<meta property=\"article:modified_time\" content=\"2022-12-04T19:58:14+00:00\" \/>\n<meta property=\"og:image\" content=\"https:\/\/www.cambodiaacountryfullofcharm.com\/wp-content\/uploads\/2013\/11\/Pakon-kho-matek-022-1.jpg\" \/>\n\t<meta property=\"og:image:width\" content=\"3264\" \/>\n\t<meta property=\"og:image:height\" content=\"1840\" \/>\n\t<meta property=\"og:image:type\" content=\"image\/jpeg\" \/>\n<meta name=\"twitter:card\" content=\"summary_large_image\" \/>\n<meta name=\"twitter:label1\" content=\"Dur\u00e9e de lecture estim\u00e9e\" \/>\n\t<meta name=\"twitter:data1\" content=\"2 minutes\" \/>\n<script type=\"application\/ld+json\" class=\"yoast-schema-graph\">{\"@context\":\"https:\\\/\\\/schema.org\",\"@graph\":[{\"@type\":\"WebPage\",\"@id\":\"https:\\\/\\\/www.cambodiaacountryfullofcharm.com\\\/fr\\\/cuisine-khmer\\\/recette-pakon-kho-matek\\\/\",\"url\":\"https:\\\/\\\/www.cambodiaacountryfullofcharm.com\\\/fr\\\/cuisine-khmer\\\/recette-pakon-kho-matek\\\/\",\"name\":\"Pakon Kho Matek au crevette caram\u00e9lis\u00e9 recette Cambodgienne\",\"isPartOf\":{\"@id\":\"https:\\\/\\\/www.cambodiaacountryfullofcharm.com\\\/fr\\\/#website\"},\"primaryImageOfPage\":{\"@id\":\"https:\\\/\\\/www.cambodiaacountryfullofcharm.com\\\/fr\\\/cuisine-khmer\\\/recette-pakon-kho-matek\\\/#primaryimage\"},\"image\":{\"@id\":\"https:\\\/\\\/www.cambodiaacountryfullofcharm.com\\\/fr\\\/cuisine-khmer\\\/recette-pakon-kho-matek\\\/#primaryimage\"},\"thumbnailUrl\":\"https:\\\/\\\/www.cambodiaacountryfullofcharm.com\\\/wp-content\\\/uploads\\\/2013\\\/11\\\/Pakon-kho-matek-022-1.jpg\",\"datePublished\":\"2013-11-02T14:06:14+00:00\",\"dateModified\":\"2022-12-04T19:58:14+00:00\",\"description\":\"Pakon Kho Matek est une recette de la cuisine du Cambodge , le Pakon Kho Matek est simple \u00e0 r\u00e9alis\u00e9 avec des crevette caram\u00e9lis\u00e9\",\"breadcrumb\":{\"@id\":\"https:\\\/\\\/www.cambodiaacountryfullofcharm.com\\\/fr\\\/cuisine-khmer\\\/recette-pakon-kho-matek\\\/#breadcrumb\"},\"inLanguage\":\"fr-FR\",\"potentialAction\":[{\"@type\":\"ReadAction\",\"target\":[\"https:\\\/\\\/www.cambodiaacountryfullofcharm.com\\\/fr\\\/cuisine-khmer\\\/recette-pakon-kho-matek\\\/\"]}]},{\"@type\":\"ImageObject\",\"inLanguage\":\"fr-FR\",\"@id\":\"https:\\\/\\\/www.cambodiaacountryfullofcharm.com\\\/fr\\\/cuisine-khmer\\\/recette-pakon-kho-matek\\\/#primaryimage\",\"url\":\"https:\\\/\\\/www.cambodiaacountryfullofcharm.com\\\/wp-content\\\/uploads\\\/2013\\\/11\\\/Pakon-kho-matek-022-1.jpg\",\"contentUrl\":\"https:\\\/\\\/www.cambodiaacountryfullofcharm.com\\\/wp-content\\\/uploads\\\/2013\\\/11\\\/Pakon-kho-matek-022-1.jpg\",\"width\":3264,\"height\":1840},{\"@type\":\"BreadcrumbList\",\"@id\":\"https:\\\/\\\/www.cambodiaacountryfullofcharm.com\\\/fr\\\/cuisine-khmer\\\/recette-pakon-kho-matek\\\/#breadcrumb\",\"itemListElement\":[{\"@type\":\"ListItem\",\"position\":1,\"name\":\"Accueil\",\"item\":\"https:\\\/\\\/www.cambodiaacountryfullofcharm.com\\\/fr\\\/\"},{\"@type\":\"ListItem\",\"position\":2,\"name\":\"Cuisine Khmer\",\"item\":\"https:\\\/\\\/www.cambodiaacountryfullofcharm.com\\\/fr\\\/cuisine-khmer\\\/\"},{\"@type\":\"ListItem\",\"position\":3,\"name\":\"Pakon kho matek\"}]},{\"@type\":\"WebSite\",\"@id\":\"https:\\\/\\\/www.cambodiaacountryfullofcharm.com\\\/fr\\\/#website\",\"url\":\"https:\\\/\\\/www.cambodiaacountryfullofcharm.com\\\/fr\\\/\",\"name\":\"Guide voyage Cambodge\",\"description\":\"Cambodge un pays plein de charme\",\"publisher\":{\"@id\":\"https:\\\/\\\/www.cambodiaacountryfullofcharm.com\\\/fr\\\/#organization\"},\"potentialAction\":[{\"@type\":\"SearchAction\",\"target\":{\"@type\":\"EntryPoint\",\"urlTemplate\":\"https:\\\/\\\/www.cambodiaacountryfullofcharm.com\\\/fr\\\/?s={search_term_string}\"},\"query-input\":{\"@type\":\"PropertyValueSpecification\",\"valueRequired\":true,\"valueName\":\"search_term_string\"}}],\"inLanguage\":\"fr-FR\"},{\"@type\":\"Organization\",\"@id\":\"https:\\\/\\\/www.cambodiaacountryfullofcharm.com\\\/fr\\\/#organization\",\"name\":\"Guide voyage Cambodge\",\"url\":\"https:\\\/\\\/www.cambodiaacountryfullofcharm.com\\\/fr\\\/\",\"logo\":{\"@type\":\"ImageObject\",\"inLanguage\":\"fr-FR\",\"@id\":\"https:\\\/\\\/www.cambodiaacountryfullofcharm.com\\\/fr\\\/#\\\/schema\\\/logo\\\/image\\\/\",\"url\":\"https:\\\/\\\/www.cambodiaacountryfullofcharm.com\\\/wp-content\\\/uploads\\\/2022\\\/06\\\/Cambodia-a-country-full-of-charm-2-scaled.jpg\",\"contentUrl\":\"https:\\\/\\\/www.cambodiaacountryfullofcharm.com\\\/wp-content\\\/uploads\\\/2022\\\/06\\\/Cambodia-a-country-full-of-charm-2-scaled.jpg\",\"width\":2560,\"height\":1709,\"caption\":\"Guide voyage Cambodge\"},\"image\":{\"@id\":\"https:\\\/\\\/www.cambodiaacountryfullofcharm.com\\\/fr\\\/#\\\/schema\\\/logo\\\/image\\\/\"}}]}<\/script>\n<!-- \/ Yoast SEO plugin. -->","yoast_head_json":{"title":"Pakon Kho Matek au crevette caram\u00e9lis\u00e9 recette Cambodgienne","description":"Pakon Kho Matek est une recette de la cuisine du Cambodge , le Pakon Kho Matek est simple \u00e0 r\u00e9alis\u00e9 avec des crevette caram\u00e9lis\u00e9","robots":{"index":"index","follow":"follow","max-snippet":"max-snippet:-1","max-image-preview":"max-image-preview:large","max-video-preview":"max-video-preview:-1"},"canonical":"https:\/\/www.cambodiaacountryfullofcharm.com\/fr\/cuisine-khmer\/recette-pakon-kho-matek\/","og_locale":"fr_FR","og_type":"article","og_title":"Pakon Kho Matek au crevette caram\u00e9lis\u00e9 recette Cambodgienne","og_description":"Pakon Kho Matek est une recette de la cuisine du Cambodge , le Pakon Kho Matek est simple \u00e0 r\u00e9alis\u00e9 avec des crevette caram\u00e9lis\u00e9","og_url":"https:\/\/www.cambodiaacountryfullofcharm.com\/fr\/cuisine-khmer\/recette-pakon-kho-matek\/","og_site_name":"Guide voyage Cambodge","article_modified_time":"2022-12-04T19:58:14+00:00","og_image":[{"width":3264,"height":1840,"url":"https:\/\/www.cambodiaacountryfullofcharm.com\/wp-content\/uploads\/2013\/11\/Pakon-kho-matek-022-1.jpg","type":"image\/jpeg"}],"twitter_card":"summary_large_image","twitter_misc":{"Dur\u00e9e de lecture estim\u00e9e":"2 minutes"},"schema":{"@context":"https:\/\/schema.org","@graph":[{"@type":"WebPage","@id":"https:\/\/www.cambodiaacountryfullofcharm.com\/fr\/cuisine-khmer\/recette-pakon-kho-matek\/","url":"https:\/\/www.cambodiaacountryfullofcharm.com\/fr\/cuisine-khmer\/recette-pakon-kho-matek\/","name":"Pakon Kho Matek au crevette caram\u00e9lis\u00e9 recette Cambodgienne","isPartOf":{"@id":"https:\/\/www.cambodiaacountryfullofcharm.com\/fr\/#website"},"primaryImageOfPage":{"@id":"https:\/\/www.cambodiaacountryfullofcharm.com\/fr\/cuisine-khmer\/recette-pakon-kho-matek\/#primaryimage"},"image":{"@id":"https:\/\/www.cambodiaacountryfullofcharm.com\/fr\/cuisine-khmer\/recette-pakon-kho-matek\/#primaryimage"},"thumbnailUrl":"https:\/\/www.cambodiaacountryfullofcharm.com\/wp-content\/uploads\/2013\/11\/Pakon-kho-matek-022-1.jpg","datePublished":"2013-11-02T14:06:14+00:00","dateModified":"2022-12-04T19:58:14+00:00","description":"Pakon Kho Matek est une recette de la cuisine du Cambodge , le Pakon Kho Matek est simple \u00e0 r\u00e9alis\u00e9 avec des crevette caram\u00e9lis\u00e9","breadcrumb":{"@id":"https:\/\/www.cambodiaacountryfullofcharm.com\/fr\/cuisine-khmer\/recette-pakon-kho-matek\/#breadcrumb"},"inLanguage":"fr-FR","potentialAction":[{"@type":"ReadAction","target":["https:\/\/www.cambodiaacountryfullofcharm.com\/fr\/cuisine-khmer\/recette-pakon-kho-matek\/"]}]},{"@type":"ImageObject","inLanguage":"fr-FR","@id":"https:\/\/www.cambodiaacountryfullofcharm.com\/fr\/cuisine-khmer\/recette-pakon-kho-matek\/#primaryimage","url":"https:\/\/www.cambodiaacountryfullofcharm.com\/wp-content\/uploads\/2013\/11\/Pakon-kho-matek-022-1.jpg","contentUrl":"https:\/\/www.cambodiaacountryfullofcharm.com\/wp-content\/uploads\/2013\/11\/Pakon-kho-matek-022-1.jpg","width":3264,"height":1840},{"@type":"BreadcrumbList","@id":"https:\/\/www.cambodiaacountryfullofcharm.com\/fr\/cuisine-khmer\/recette-pakon-kho-matek\/#breadcrumb","itemListElement":[{"@type":"ListItem","position":1,"name":"Accueil","item":"https:\/\/www.cambodiaacountryfullofcharm.com\/fr\/"},{"@type":"ListItem","position":2,"name":"Cuisine Khmer","item":"https:\/\/www.cambodiaacountryfullofcharm.com\/fr\/cuisine-khmer\/"},{"@type":"ListItem","position":3,"name":"Pakon kho matek"}]},{"@type":"WebSite","@id":"https:\/\/www.cambodiaacountryfullofcharm.com\/fr\/#website","url":"https:\/\/www.cambodiaacountryfullofcharm.com\/fr\/","name":"Guide voyage Cambodge","description":"Cambodge un pays plein de charme","publisher":{"@id":"https:\/\/www.cambodiaacountryfullofcharm.com\/fr\/#organization"},"potentialAction":[{"@type":"SearchAction","target":{"@type":"EntryPoint","urlTemplate":"https:\/\/www.cambodiaacountryfullofcharm.com\/fr\/?s={search_term_string}"},"query-input":{"@type":"PropertyValueSpecification","valueRequired":true,"valueName":"search_term_string"}}],"inLanguage":"fr-FR"},{"@type":"Organization","@id":"https:\/\/www.cambodiaacountryfullofcharm.com\/fr\/#organization","name":"Guide voyage Cambodge","url":"https:\/\/www.cambodiaacountryfullofcharm.com\/fr\/","logo":{"@type":"ImageObject","inLanguage":"fr-FR","@id":"https:\/\/www.cambodiaacountryfullofcharm.com\/fr\/#\/schema\/logo\/image\/","url":"https:\/\/www.cambodiaacountryfullofcharm.com\/wp-content\/uploads\/2022\/06\/Cambodia-a-country-full-of-charm-2-scaled.jpg","contentUrl":"https:\/\/www.cambodiaacountryfullofcharm.com\/wp-content\/uploads\/2022\/06\/Cambodia-a-country-full-of-charm-2-scaled.jpg","width":2560,"height":1709,"caption":"Guide voyage Cambodge"},"image":{"@id":"https:\/\/www.cambodiaacountryfullofcharm.com\/fr\/#\/schema\/logo\/image\/"}}]}},"_links":{"self":[{"href":"https:\/\/www.cambodiaacountryfullofcharm.com\/fr\/wp-json\/wp\/v2\/pages\/580","targetHints":{"allow":["GET"]}}],"collection":[{"href":"https:\/\/www.cambodiaacountryfullofcharm.com\/fr\/wp-json\/wp\/v2\/pages"}],"about":[{"href":"https:\/\/www.cambodiaacountryfullofcharm.com\/fr\/wp-json\/wp\/v2\/types\/page"}],"author":[{"embeddable":true,"href":"https:\/\/www.cambodiaacountryfullofcharm.com\/fr\/wp-json\/wp\/v2\/users\/1"}],"replies":[{"embeddable":true,"href":"https:\/\/www.cambodiaacountryfullofcharm.com\/fr\/wp-json\/wp\/v2\/comments?post=580"}],"version-history":[{"count":0,"href":"https:\/\/www.cambodiaacountryfullofcharm.com\/fr\/wp-json\/wp\/v2\/pages\/580\/revisions"}],"up":[{"embeddable":true,"href":"https:\/\/www.cambodiaacountryfullofcharm.com\/fr\/wp-json\/wp\/v2\/pages\/35"}],"wp:featuredmedia":[{"embeddable":true,"href":"https:\/\/www.cambodiaacountryfullofcharm.com\/fr\/wp-json\/wp\/v2\/media\/582"}],"wp:attachment":[{"href":"https:\/\/www.cambodiaacountryfullofcharm.com\/fr\/wp-json\/wp\/v2\/media?parent=580"}],"curies":[{"name":"wp","href":"https:\/\/api.w.org\/{rel}","templated":true}]}}