{"id":71,"date":"2014-01-25T16:17:43","date_gmt":"2014-01-25T15:17:43","guid":{"rendered":"http:\/\/cambodiaacountryfullofcharm.com\/?page_id=71"},"modified":"2024-09-21T06:36:48","modified_gmt":"2024-09-21T05:36:48","slug":"visiter-les-provinces-du-cambodge","status":"publish","type":"page","link":"https:\/\/www.cambodiaacountryfullofcharm.com\/fr\/visiter-les-provinces-du-cambodge\/","title":{"rendered":"Provinces du Cambodge"},"content":{"rendered":"<h2>\u00a0Visiter les Provinces du Cambodge<\/h2>\n<p>Sur le site, vous trouverez des renseignements sur les diff\u00e9rentes provinces du <a title=\"Cambodge\" href=\"https:\/\/www.facebook.com\/CambodiaACountryFullOfCharm\">Cambodge<\/a> pour votre s\u00e9jour, mais pas seulement, vous trouverez aussi des renseignements pour pr\u00e9parer votre s\u00e9jour le mieux possible.<br \/>Sur les pages des diff\u00e9rentes provinces, vous trouverez des renseignements pour vous donner des id\u00e9es pour visiter les provinces et des informations sur des lieux \u00e0 visiter du Cambodge.<\/p>\n<table>\n<tbody>\n<tr>\n<td style=\"text-align: center;\" colspan=\"3\">\n<p align=\"CENTER\">Ci-dessous, la liste des diff\u00e9rentes provinces .<br \/>Pour plus d\u2019informations, cliquez sur la province de votre choix.<\/p>\n<\/td>\n<\/tr>\n<tr>\n<td style=\"text-align: center;\">\u00a0 visiter la province de <a title=\"Banteay Meanchey\" href=\"https:\/\/www.cambodiaacountryfullofcharm.com\/fr\/visiter-les-provinces-du-cambodge\/banteay-meanchey-cambodge\/\">Banteay Meanchey<\/a><\/td>\n<td style=\"text-align: center;\">visiter la province de <a title=\"Battambang\" href=\"https:\/\/www.cambodiaacountryfullofcharm.com\/fr\/visiter-les-provinces-du-cambodge\/province-battambang\/\">Battambang<\/a><\/td>\n<\/tr>\n<tr>\n<td style=\"text-align: center;\">\u00a0visiter la province de <a title=\"Kampong Cham\" href=\"https:\/\/www.cambodiaacountryfullofcharm.com\/fr\/visiter-les-provinces-du-cambodge\/province-de-kampong-cham-cambodge\/\">Kampong Cham<\/a><\/td>\n<td style=\"text-align: center;\">\u00a0visiter la province de <a title=\"Kampong Chhnang\" href=\"https:\/\/www.cambodiaacountryfullofcharm.com\/fr\/visiter-les-provinces-du-cambodge\/province-de-kampong-chhnang-cambodge\/\">Kampong Chhnang<\/a><\/td>\n<\/tr>\n<tr>\n<td style=\"text-align: center;\">\u00a0visiter la province de <a title=\"Kampong Speu\" href=\"https:\/\/www.cambodiaacountryfullofcharm.com\/fr\/visiter-les-provinces-du-cambodge\/province-kampong-speu-cambodge\/\">Kampong Speu<\/a><\/td>\n<td style=\"text-align: center;\">\u00a0visiter la province de <a title=\"Kampong Thom\" href=\"https:\/\/www.cambodiaacountryfullofcharm.com\/fr\/visiter-les-provinces-du-cambodge\/province-kampong-thom-cambodge\/\">Kampong Thom<\/a><\/td>\n<\/tr>\n<tr>\n<td style=\"text-align: center;\">\u00a0visiter la province de <a title=\"Kampot\" href=\"https:\/\/www.cambodiaacountryfullofcharm.com\/fr\/visiter-les-provinces-du-cambodge\/province-de-kampot-cambodge\/\">Kampot<\/a><\/td>\n<td style=\"text-align: center;\">\u00a0visiter la province de <a title=\"Kandal\" href=\"https:\/\/www.cambodiaacountryfullofcharm.com\/fr\/visiter-les-provinces-du-cambodge\/province-de-kandal-cambodge\/\">Kandal<\/a><\/td>\n<\/tr>\n<tr>\n<td style=\"text-align: center;\">\u00a0visiter la province de <a title=\"Kep\" href=\"https:\/\/www.cambodiaacountryfullofcharm.com\/fr\/visiter-les-provinces-du-cambodge\/province-kep-cambodge\/\">Kep<\/a><\/td>\n<td style=\"text-align: center;\">\u00a0visiter la province de <a title=\"Koh Kong\" href=\"https:\/\/www.cambodiaacountryfullofcharm.com\/fr\/visiter-les-provinces-du-cambodge\/province-koh-kong-cambodge\/\">Koh Kong<\/a><\/td>\n<\/tr>\n<tr>\n<td style=\"text-align: center;\">\u00a0visiter la province de <a title=\"Kratie\" href=\"https:\/\/www.cambodiaacountryfullofcharm.com\/fr\/visiter-les-provinces-du-cambodge\/province-kratie-cambodge\/\">Kratie<\/a><\/td>\n<td style=\"text-align: center;\">\u00a0visiter la province de <a title=\"Mondulkiri\" href=\"https:\/\/www.cambodiaacountryfullofcharm.com\/fr\/visiter-les-provinces-du-cambodge\/mondulkiri-cambodge\/\">Mondulkiri<\/a><\/td>\n<\/tr>\n<tr>\n<td style=\"text-align: center;\">\u00a0visiter la province de <a title=\"Oddar Meanchey\" href=\"https:\/\/www.cambodiaacountryfullofcharm.com\/fr\/visiter-les-provinces-du-cambodge\/province-oddar-meanchey-cambodge\/\">Oddar Meanchey<\/a><\/td>\n<td style=\"text-align: center;\">\u00a0visiter la province de <a title=\"Pailin\" href=\"https:\/\/www.cambodiaacountryfullofcharm.com\/fr\/visiter-les-provinces-du-cambodge\/province-pailin-cambodge\/\">Pailin<\/a><\/td>\n<\/tr>\n<tr>\n<td style=\"text-align: center;\">\u00a0visiter la province de <a title=\"Phnom Penh\" href=\"https:\/\/www.cambodiaacountryfullofcharm.com\/fr\/visiter-les-provinces-du-cambodge\/province-de-phnom-penh-cambodge\/\">Phnom Penh<\/a><\/td>\n<td style=\"text-align: center;\">\u00a0visiter la province de <a title=\"Preah Vihear\" href=\"https:\/\/www.cambodiaacountryfullofcharm.com\/fr\/visiter-les-provinces-du-cambodge\/province-preah-vihear-cambodge\/\">Preah Vihear<\/a><\/td>\n<\/tr>\n<tr>\n<td style=\"text-align: center;\">\u00a0visiter la province de <a title=\"Prey Veng\" href=\"https:\/\/www.cambodiaacountryfullofcharm.com\/fr\/visiter-les-provinces-du-cambodge\/province-prey-veng-cambodge\/\">Prey Veng<\/a><\/td>\n<td style=\"text-align: center;\">\u00a0visiter la province de <a title=\"Pursat\" href=\"https:\/\/www.cambodiaacountryfullofcharm.com\/fr\/visiter-les-provinces-du-cambodge\/province-pursat-cambodge\/\">Pursat<\/a><\/td>\n<\/tr>\n<tr>\n<td style=\"text-align: center;\">\u00a0visiter la province de <a title=\"Rattanakiri\" href=\"https:\/\/www.cambodiaacountryfullofcharm.com\/fr\/visiter-les-provinces-du-cambodge\/province-de-ratanakiri-cambodge\/\">Rattanakiri<\/a><\/td>\n<td style=\"text-align: center;\">\u00a0visiter la province de <a title=\"Siem Reap\" href=\"https:\/\/www.cambodiaacountryfullofcharm.com\/fr\/visiter-les-provinces-du-cambodge\/province-de-siem-reap-cambodge\/\">Siem Reap<\/a><\/td>\n<\/tr>\n<tr>\n<td style=\"text-align: center;\">\u00a0visiter la province de <a title=\"Sihanoukville\" href=\"https:\/\/www.cambodiaacountryfullofcharm.com\/fr\/visiter-les-provinces-du-cambodge\/province-de-sihanoukville-cambodge\/\">Sihanoukville<\/a><\/td>\n<td style=\"text-align: center;\">\u00a0visiter la province de <a title=\"Stung Treng\" href=\"https:\/\/www.cambodiaacountryfullofcharm.com\/fr\/visiter-les-provinces-du-cambodge\/province-de-stung-treng-cambodge\/\">Stung Treng<\/a><\/td>\n<\/tr>\n<tr>\n<td style=\"text-align: center;\">\u00a0visiter la province de <a title=\"Svay Rieng\" href=\"https:\/\/www.cambodiaacountryfullofcharm.com\/fr\/visiter-les-provinces-du-cambodge\/province-de-svay-rieng-cambodge\/\">Svay Rieng<\/a><\/td>\n<td style=\"text-align: center;\">\u00a0visiter la province de <a title=\"Takeo\" href=\"https:\/\/www.cambodiaacountryfullofcharm.com\/fr\/visiter-les-provinces-du-cambodge\/province-de-takeo-cambodge\/\">Takeo<\/a><\/td>\n<\/tr>\n<\/tbody>\n<\/table>\n\n<div class=\"wp-block-image\">\n<figure class=\"aligncenter size-medium is-resized\"><img fetchpriority=\"high\" decoding=\"async\" width=\"274\" height=\"300\" src=\"https:\/\/www.cambodiaacountryfullofcharm.com\/wp-content\/uploads\/2022\/09\/Visiter-les-Provinces-du-Cambodge-1-274x300.jpg\" alt=\"provinces du Cambodge\" class=\"wp-image-10926\" style=\"width:274px;height:300px\"\/><\/figure>\n<\/div>\n\n\n<div style=\"height:100px\" aria-hidden=\"true\" class=\"wp-block-spacer\"><\/div>\n\n\n<p><script src=\"\/\/cdn0.trainbusferry.com\/tools\/form\/en\/?id=7426726\" data-one2go=\"7426726\" data-color=\"blue\" data-language=\"en\" data-adaptive=\"1\" data-border=\"1\"><\/script><\/p>\n<div id=\"powered\">Powered by <a href=\"https:\/\/12go.asia\/?z=7426726\">Cambodia travel guide<\/a><\/div>\n\n\n<p><!-- START ADVERTISER: Singapore Airlines France FR from awin.com --><br \/>\n<a rel=\"sponsored\" href=\"https:\/\/www.awin1.com\/cread.php?s=2844753&#038;v=9257&#038;q=318908&#038;r=1639759\"><br \/>\n    <img decoding=\"async\" src=\"https:\/\/www.awin1.com\/cshow.php?s=2844753&#038;v=9257&#038;q=318908&#038;r=1639759\" border=\"0\"><br \/>\n<\/a><br \/>\n<!-- END ADVERTISER: Singapore Airlines France FR from awin.com --><\/p>\n\n\n<p> <a href=\"https:\/\/fr.intui.travel\/?partnerID=28716289\" target=\"_blank\" rel=\"noopener\"><img decoding=\"async\" src=\"https:\/\/www.intui.travel\/public\/upload\/B2B\/new_2019_banners\/new banners FR family\/728_90_fam_fr.jpg\" \/><\/a><\/p>\n","protected":false},"excerpt":{"rendered":"<p>\u00a0Visiter les Provinces du Cambodge Sur le site, vous trouverez des renseignements sur les diff\u00e9rentes provinces du Cambodge pour votre s\u00e9jour, mais pas seulement, vous trouverez aussi des renseignements pour pr\u00e9parer votre s\u00e9jour le mieux possible.Sur les pages des diff\u00e9rentes provinces, vous trouverez des renseignements pour vous donner des id\u00e9es pour visiter les provinces et &hellip; <\/p>\n","protected":false},"author":1,"featured_media":11681,"parent":0,"menu_order":0,"comment_status":"closed","ping_status":"closed","template":"","meta":{"_themeisle_gutenberg_block_has_review":false,"footnotes":""},"class_list":["post-71","page","type-page","status-publish","has-post-thumbnail","hentry"],"yoast_head":"<!-- This site is optimized with the Yoast SEO plugin v27.5 - https:\/\/yoast.com\/product\/yoast-seo-wordpress\/ -->\n<title>provinces du Cambodge \u00e0 visiter toutes les infos et guides sur le sit<\/title>\n<meta name=\"description\" content=\"toutes les provinces du Cambodge sur le site pour tous savoir sur les visites, vous restaurer et vous loger dans les provinces du Cambodge\" \/>\n<meta name=\"robots\" content=\"index, follow, max-snippet:-1, max-image-preview:large, max-video-preview:-1\" \/>\n<link rel=\"canonical\" href=\"https:\/\/www.cambodiaacountryfullofcharm.com\/fr\/visiter-les-provinces-du-cambodge\/\" \/>\n<meta property=\"og:locale\" content=\"fr_FR\" \/>\n<meta property=\"og:type\" content=\"article\" \/>\n<meta property=\"og:title\" content=\"provinces du Cambodge \u00e0 visiter toutes les infos et guides sur le sit\" \/>\n<meta property=\"og:description\" content=\"toutes les provinces du Cambodge sur le site pour tous savoir sur les lieux \u00e0 visiter , pour vous restaurer et vous loger dans les provinces du Cambodge\" \/>\n<meta property=\"og:url\" content=\"https:\/\/www.cambodiaacountryfullofcharm.com\/fr\/visiter-les-provinces-du-cambodge\/\" \/>\n<meta property=\"og:site_name\" content=\"Guide voyage Cambodge\" \/>\n<meta property=\"article:modified_time\" content=\"2024-09-21T05:36:48+00:00\" \/>\n<meta property=\"og:image\" content=\"http:\/\/www.cambodiaacountryfullofcharm.com\/wp-content\/uploads\/2014\/01\/temple-angkor-wat-cambodge-00105.jpg\" \/>\n<meta name=\"twitter:card\" content=\"summary_large_image\" \/>\n<meta name=\"twitter:label1\" content=\"Dur\u00e9e de lecture estim\u00e9e\" \/>\n\t<meta name=\"twitter:data1\" content=\"2 minutes\" \/>\n<script type=\"application\/ld+json\" class=\"yoast-schema-graph\">{\"@context\":\"https:\\\/\\\/schema.org\",\"@graph\":[{\"@type\":\"WebPage\",\"@id\":\"https:\\\/\\\/www.cambodiaacountryfullofcharm.com\\\/fr\\\/visiter-les-provinces-du-cambodge\\\/\",\"url\":\"https:\\\/\\\/www.cambodiaacountryfullofcharm.com\\\/fr\\\/visiter-les-provinces-du-cambodge\\\/\",\"name\":\"provinces du Cambodge \u00e0 visiter toutes les infos et guides sur le sit\",\"isPartOf\":{\"@id\":\"https:\\\/\\\/www.cambodiaacountryfullofcharm.com\\\/fr\\\/#website\"},\"primaryImageOfPage\":{\"@id\":\"https:\\\/\\\/www.cambodiaacountryfullofcharm.com\\\/fr\\\/visiter-les-provinces-du-cambodge\\\/#primaryimage\"},\"image\":{\"@id\":\"https:\\\/\\\/www.cambodiaacountryfullofcharm.com\\\/fr\\\/visiter-les-provinces-du-cambodge\\\/#primaryimage\"},\"thumbnailUrl\":\"https:\\\/\\\/www.cambodiaacountryfullofcharm.com\\\/wp-content\\\/uploads\\\/2022\\\/09\\\/Visiter-les-Provinces-du-Cambodge-1-scaled.jpg\",\"datePublished\":\"2014-01-25T15:17:43+00:00\",\"dateModified\":\"2024-09-21T05:36:48+00:00\",\"description\":\"toutes les provinces du Cambodge sur le site pour tous savoir sur les visites, vous restaurer et vous loger dans les provinces du Cambodge\",\"breadcrumb\":{\"@id\":\"https:\\\/\\\/www.cambodiaacountryfullofcharm.com\\\/fr\\\/visiter-les-provinces-du-cambodge\\\/#breadcrumb\"},\"inLanguage\":\"fr-FR\",\"potentialAction\":[{\"@type\":\"ReadAction\",\"target\":[\"https:\\\/\\\/www.cambodiaacountryfullofcharm.com\\\/fr\\\/visiter-les-provinces-du-cambodge\\\/\"]}]},{\"@type\":\"ImageObject\",\"inLanguage\":\"fr-FR\",\"@id\":\"https:\\\/\\\/www.cambodiaacountryfullofcharm.com\\\/fr\\\/visiter-les-provinces-du-cambodge\\\/#primaryimage\",\"url\":\"https:\\\/\\\/www.cambodiaacountryfullofcharm.com\\\/wp-content\\\/uploads\\\/2022\\\/09\\\/Visiter-les-Provinces-du-Cambodge-1-scaled.jpg\",\"contentUrl\":\"https:\\\/\\\/www.cambodiaacountryfullofcharm.com\\\/wp-content\\\/uploads\\\/2022\\\/09\\\/Visiter-les-Provinces-du-Cambodge-1-scaled.jpg\",\"width\":2337,\"height\":2560,\"caption\":\"Visit the Provinces of Cambodia\"},{\"@type\":\"BreadcrumbList\",\"@id\":\"https:\\\/\\\/www.cambodiaacountryfullofcharm.com\\\/fr\\\/visiter-les-provinces-du-cambodge\\\/#breadcrumb\",\"itemListElement\":[{\"@type\":\"ListItem\",\"position\":1,\"name\":\"Accueil\",\"item\":\"https:\\\/\\\/www.cambodiaacountryfullofcharm.com\\\/fr\\\/\"},{\"@type\":\"ListItem\",\"position\":2,\"name\":\"visiter les provinces du Cambodge\"}]},{\"@type\":\"WebSite\",\"@id\":\"https:\\\/\\\/www.cambodiaacountryfullofcharm.com\\\/fr\\\/#website\",\"url\":\"https:\\\/\\\/www.cambodiaacountryfullofcharm.com\\\/fr\\\/\",\"name\":\"Guide voyage Cambodge\",\"description\":\"Cambodge un pays plein de charme\",\"publisher\":{\"@id\":\"https:\\\/\\\/www.cambodiaacountryfullofcharm.com\\\/fr\\\/#organization\"},\"potentialAction\":[{\"@type\":\"SearchAction\",\"target\":{\"@type\":\"EntryPoint\",\"urlTemplate\":\"https:\\\/\\\/www.cambodiaacountryfullofcharm.com\\\/fr\\\/?s={search_term_string}\"},\"query-input\":{\"@type\":\"PropertyValueSpecification\",\"valueRequired\":true,\"valueName\":\"search_term_string\"}}],\"inLanguage\":\"fr-FR\"},{\"@type\":\"Organization\",\"@id\":\"https:\\\/\\\/www.cambodiaacountryfullofcharm.com\\\/fr\\\/#organization\",\"name\":\"Guide voyage Cambodge\",\"url\":\"https:\\\/\\\/www.cambodiaacountryfullofcharm.com\\\/fr\\\/\",\"logo\":{\"@type\":\"ImageObject\",\"inLanguage\":\"fr-FR\",\"@id\":\"https:\\\/\\\/www.cambodiaacountryfullofcharm.com\\\/fr\\\/#\\\/schema\\\/logo\\\/image\\\/\",\"url\":\"https:\\\/\\\/www.cambodiaacountryfullofcharm.com\\\/wp-content\\\/uploads\\\/2022\\\/06\\\/Cambodia-a-country-full-of-charm-2-scaled.jpg\",\"contentUrl\":\"https:\\\/\\\/www.cambodiaacountryfullofcharm.com\\\/wp-content\\\/uploads\\\/2022\\\/06\\\/Cambodia-a-country-full-of-charm-2-scaled.jpg\",\"width\":2560,\"height\":1709,\"caption\":\"Guide voyage Cambodge\"},\"image\":{\"@id\":\"https:\\\/\\\/www.cambodiaacountryfullofcharm.com\\\/fr\\\/#\\\/schema\\\/logo\\\/image\\\/\"}}]}<\/script>\n<!-- \/ Yoast SEO plugin. -->","yoast_head_json":{"title":"provinces du Cambodge \u00e0 visiter toutes les infos et guides sur le sit","description":"toutes les provinces du Cambodge sur le site pour tous savoir sur les visites, vous restaurer et vous loger dans les provinces du Cambodge","robots":{"index":"index","follow":"follow","max-snippet":"max-snippet:-1","max-image-preview":"max-image-preview:large","max-video-preview":"max-video-preview:-1"},"canonical":"https:\/\/www.cambodiaacountryfullofcharm.com\/fr\/visiter-les-provinces-du-cambodge\/","og_locale":"fr_FR","og_type":"article","og_title":"provinces du Cambodge \u00e0 visiter toutes les infos et guides sur le sit","og_description":"toutes les provinces du Cambodge sur le site pour tous savoir sur les lieux \u00e0 visiter , pour vous restaurer et vous loger dans les provinces du Cambodge","og_url":"https:\/\/www.cambodiaacountryfullofcharm.com\/fr\/visiter-les-provinces-du-cambodge\/","og_site_name":"Guide voyage Cambodge","article_modified_time":"2024-09-21T05:36:48+00:00","og_image":[{"url":"http:\/\/www.cambodiaacountryfullofcharm.com\/wp-content\/uploads\/2014\/01\/temple-angkor-wat-cambodge-00105.jpg","type":"","width":"","height":""}],"twitter_card":"summary_large_image","twitter_misc":{"Dur\u00e9e de lecture estim\u00e9e":"2 minutes"},"schema":{"@context":"https:\/\/schema.org","@graph":[{"@type":"WebPage","@id":"https:\/\/www.cambodiaacountryfullofcharm.com\/fr\/visiter-les-provinces-du-cambodge\/","url":"https:\/\/www.cambodiaacountryfullofcharm.com\/fr\/visiter-les-provinces-du-cambodge\/","name":"provinces du Cambodge \u00e0 visiter toutes les infos et guides sur le sit","isPartOf":{"@id":"https:\/\/www.cambodiaacountryfullofcharm.com\/fr\/#website"},"primaryImageOfPage":{"@id":"https:\/\/www.cambodiaacountryfullofcharm.com\/fr\/visiter-les-provinces-du-cambodge\/#primaryimage"},"image":{"@id":"https:\/\/www.cambodiaacountryfullofcharm.com\/fr\/visiter-les-provinces-du-cambodge\/#primaryimage"},"thumbnailUrl":"https:\/\/www.cambodiaacountryfullofcharm.com\/wp-content\/uploads\/2022\/09\/Visiter-les-Provinces-du-Cambodge-1-scaled.jpg","datePublished":"2014-01-25T15:17:43+00:00","dateModified":"2024-09-21T05:36:48+00:00","description":"toutes les provinces du Cambodge sur le site pour tous savoir sur les visites, vous restaurer et vous loger dans les provinces du Cambodge","breadcrumb":{"@id":"https:\/\/www.cambodiaacountryfullofcharm.com\/fr\/visiter-les-provinces-du-cambodge\/#breadcrumb"},"inLanguage":"fr-FR","potentialAction":[{"@type":"ReadAction","target":["https:\/\/www.cambodiaacountryfullofcharm.com\/fr\/visiter-les-provinces-du-cambodge\/"]}]},{"@type":"ImageObject","inLanguage":"fr-FR","@id":"https:\/\/www.cambodiaacountryfullofcharm.com\/fr\/visiter-les-provinces-du-cambodge\/#primaryimage","url":"https:\/\/www.cambodiaacountryfullofcharm.com\/wp-content\/uploads\/2022\/09\/Visiter-les-Provinces-du-Cambodge-1-scaled.jpg","contentUrl":"https:\/\/www.cambodiaacountryfullofcharm.com\/wp-content\/uploads\/2022\/09\/Visiter-les-Provinces-du-Cambodge-1-scaled.jpg","width":2337,"height":2560,"caption":"Visit the Provinces of Cambodia"},{"@type":"BreadcrumbList","@id":"https:\/\/www.cambodiaacountryfullofcharm.com\/fr\/visiter-les-provinces-du-cambodge\/#breadcrumb","itemListElement":[{"@type":"ListItem","position":1,"name":"Accueil","item":"https:\/\/www.cambodiaacountryfullofcharm.com\/fr\/"},{"@type":"ListItem","position":2,"name":"visiter les provinces du Cambodge"}]},{"@type":"WebSite","@id":"https:\/\/www.cambodiaacountryfullofcharm.com\/fr\/#website","url":"https:\/\/www.cambodiaacountryfullofcharm.com\/fr\/","name":"Guide voyage Cambodge","description":"Cambodge un pays plein de charme","publisher":{"@id":"https:\/\/www.cambodiaacountryfullofcharm.com\/fr\/#organization"},"potentialAction":[{"@type":"SearchAction","target":{"@type":"EntryPoint","urlTemplate":"https:\/\/www.cambodiaacountryfullofcharm.com\/fr\/?s={search_term_string}"},"query-input":{"@type":"PropertyValueSpecification","valueRequired":true,"valueName":"search_term_string"}}],"inLanguage":"fr-FR"},{"@type":"Organization","@id":"https:\/\/www.cambodiaacountryfullofcharm.com\/fr\/#organization","name":"Guide voyage Cambodge","url":"https:\/\/www.cambodiaacountryfullofcharm.com\/fr\/","logo":{"@type":"ImageObject","inLanguage":"fr-FR","@id":"https:\/\/www.cambodiaacountryfullofcharm.com\/fr\/#\/schema\/logo\/image\/","url":"https:\/\/www.cambodiaacountryfullofcharm.com\/wp-content\/uploads\/2022\/06\/Cambodia-a-country-full-of-charm-2-scaled.jpg","contentUrl":"https:\/\/www.cambodiaacountryfullofcharm.com\/wp-content\/uploads\/2022\/06\/Cambodia-a-country-full-of-charm-2-scaled.jpg","width":2560,"height":1709,"caption":"Guide voyage Cambodge"},"image":{"@id":"https:\/\/www.cambodiaacountryfullofcharm.com\/fr\/#\/schema\/logo\/image\/"}}]}},"_links":{"self":[{"href":"https:\/\/www.cambodiaacountryfullofcharm.com\/fr\/wp-json\/wp\/v2\/pages\/71","targetHints":{"allow":["GET"]}}],"collection":[{"href":"https:\/\/www.cambodiaacountryfullofcharm.com\/fr\/wp-json\/wp\/v2\/pages"}],"about":[{"href":"https:\/\/www.cambodiaacountryfullofcharm.com\/fr\/wp-json\/wp\/v2\/types\/page"}],"author":[{"embeddable":true,"href":"https:\/\/www.cambodiaacountryfullofcharm.com\/fr\/wp-json\/wp\/v2\/users\/1"}],"replies":[{"embeddable":true,"href":"https:\/\/www.cambodiaacountryfullofcharm.com\/fr\/wp-json\/wp\/v2\/comments?post=71"}],"version-history":[{"count":13,"href":"https:\/\/www.cambodiaacountryfullofcharm.com\/fr\/wp-json\/wp\/v2\/pages\/71\/revisions"}],"predecessor-version":[{"id":18825,"href":"https:\/\/www.cambodiaacountryfullofcharm.com\/fr\/wp-json\/wp\/v2\/pages\/71\/revisions\/18825"}],"wp:featuredmedia":[{"embeddable":true,"href":"https:\/\/www.cambodiaacountryfullofcharm.com\/fr\/wp-json\/wp\/v2\/media\/11681"}],"wp:attachment":[{"href":"https:\/\/www.cambodiaacountryfullofcharm.com\/fr\/wp-json\/wp\/v2\/media?parent=71"}],"curies":[{"name":"wp","href":"https:\/\/api.w.org\/{rel}","templated":true}]}}