{"id":78,"date":"2013-12-06T14:11:51","date_gmt":"2013-12-06T13:11:51","guid":{"rendered":"http:\/\/cambodiaacountryfullofcharm.com\/?page_id=78"},"modified":"2022-12-18T10:55:33","modified_gmt":"2022-12-18T09:55:33","slug":"les-temples-dangkor-wat","status":"publish","type":"page","link":"https:\/\/www.cambodiaacountryfullofcharm.com\/fr\/les-temples-dangkor-wat\/","title":{"rendered":"Les Temples"},"content":{"rendered":"<h2>les temples d&#8217;Angkor<\/h2>\n<p>Les temples d\u2019Angkor Wat , dans la r\u00e9gion de Siem Reap, il y a des dizaines de ruines de temples, beaucoup plus importantes au sein du parc arch\u00e9ologique d\u2019<a href=\"https:\/\/www.cambodiaacountryfullofcharm.com\/listing\/angkor-watt\/\">Angkor Wat<\/a> au nord de la ville de Siem Reap et d\u2019autres plus \u00e9loign\u00e9s du royaume.<br \/>Les temples varient en importance\u2009; l\u2019int\u00e9r\u00eat et l\u2019\u00e9tat diff\u00e8rent selon les temples et sont r\u00e9partis sur une grande surface souvent repr\u00e9sent\u00e9e en kilom\u00e8tres.<br \/>Afin d\u2019obtenir le maximum de visites des temples, il est pr\u00e9f\u00e9rable de pr\u00e9parer un itin\u00e9raire, qui devrait d\u00e9pendre en grande partie de la dur\u00e9e de votre visite et de votre niveau d\u2019int\u00e9r\u00eat, mais certaines ruines sont incontournables.<br \/>Sinon demander conseil au conducteur de tuk-tuk ou mieux encore, laissez votre guide vous faire la visite du royaume <span style=\"color: #000000;\">d&#8217;Angkor Wat<\/span> , lui saura vous faire visiter un maximum de temples dans la journ\u00e9e.<\/p>\n\n\n<div class=\"wp-block-buttons is-content-justification-center is-layout-flex wp-container-core-buttons-is-layout-16018d1d wp-block-buttons-is-layout-flex\">\n<div class=\"wp-block-button\"><a class=\"wp-block-button__link has-background wp-element-button\" href=\"https:\/\/www.cambodiaacountryfullofcharm.com\/fr\/les-temples-dangkor-wat\/angkor-wat-temple-au-cambodge\/\" style=\"background:linear-gradient(135deg,rgb(2,3,129) 0%,rgb(50,80,150) 32%,rgb(40,116,252) 100%)\">Angkor Wat<\/a><\/div>\n<\/div>\n\n\n<p><\/p>\n<p><img fetchpriority=\"high\" decoding=\"async\" class=\"aligncenter wp-image-10920 size-medium\" title=\"les temples d'angkor wat\" src=\"https:\/\/www.cambodiaacountryfullofcharm.com\/wp-content\/uploads\/2022\/09\/les-temples-dAngkor-scaled-e1670077588600-300x200.jpg\" alt=\"les temples d'angkor wat cambodgemag\" width=\"300\" height=\"200\"><\/p>\n\n\n<div class=\"wp-block-buttons is-content-justification-center is-layout-flex wp-container-core-buttons-is-layout-16018d1d wp-block-buttons-is-layout-flex\"><\/div>\n\n\n\n<p><\/p>\n\n\n<p>Tout itin\u00e9raire doit inclure le l\u00e9gendaire temple <span style=\"color: #000000;\">d\u2019<a style=\"color: #000000;\" href=\"https:\/\/fr.wikipedia.org\/wiki\/Angkor_Vat\" target=\"_blank\" rel=\"noopener\">Angkor<\/a><\/span> Wat et ces deux autres l\u00e9gendaires temples, le Bayon Temple et South Gate. Ils offrent les exemples les plus spectaculaires et uniques de l\u2019art angkorien.<br \/>Sur le trajet de la route \u00e0 Bayon, vous verrez aussi le South Gate et d\u2019autres ruines mineures.<br \/>Comme il est \u00e0 m\u00eame distance de marche de Bayon, m\u00eame la plus br\u00e8ve visite au centre d\u2019Angkor Thom peut g\u00e9n\u00e9ralement inclure son artistique et int\u00e9ressante terrasse et les massives\u00a0\u00ab\u00a0temple-montagnes\u00a0\u00bb, comme le <span style=\"text-decoration: underline;\"><span style=\"color: #000080;\"><a style=\"color: #000080; text-decoration: underline;\" title=\"voir l'histoire et les photos du Prasat Baksei Chamkrong au royaume d'Angkor Wat au Cambodge\" href=\"https:\/\/www.cambodiaacountryfullofcharm.com\/fr\/les-temples-dangkor-wat\/temple-prasat-baksei-chamkrong-angkor-cambodge\/\"><span style=\"color: #000000;\">Prasat Baksei Chamkrong<\/span><\/a><\/span><\/span> , le Baphuon et le Phimeanakas .<\/p>\n<p>Au fil du temps et de l\u2019int\u00e9r\u00eat, \u00e9laborez le reste de l\u2019itin\u00e9raire autour de chaque type de temple majeur, tel que les temples Preah Rup, Ta Keo, Bakong et Ouest M\u00e9bon.<br \/>Des complexes monastiques, tels que <span style=\"text-decoration: underline;\"><span style=\"color: #000080;\"><a style=\"color: #000080; text-decoration: underline;\" title=\"voir la page du temple Ta Prohm et son arbre g\u00e9ant avec son histoire et ces photos \" href=\"https:\/\/www.cambodiaacountryfullofcharm.com\/fr\/les-temples-dangkor-wat\/ta-prohm-temple-angkor-wat-cambodia\/\"><span style=\"color: #000000;\">Ta Prohm<\/span><\/a><\/span><\/span> ,Preah Khan et Banteay Kdei, et des monuments uniques, tels que Neak Pean et Sah Srang. Le groupe, qui comprend les monuments d\u2019une capitale khm\u00e8re pr\u00e9coce, est situ\u00e9 \u00e0 13\u00a0km \u00e0 l\u2019ouest de Siem Reap.<br \/>Il est un peu \u00e0 l\u2019\u00e9cart, mais offre quelques beaux exemples de l\u2019art angkorien pr\u00e9coce et devrait \u00eatre inclus dans deux ou trois itin\u00e9raires d\u2019une journ\u00e9e.<br \/>Nous tenons \u00e0 souligner parmi tous les temples le temple de Banteay Srey, plus lointain des autres, mais il vaut vraiment la peine d\u2019\u00eatre visit\u00e9.<\/p>","protected":false},"excerpt":{"rendered":"<p>les temples d&#8217;Angkor Les temples d\u2019Angkor Wat , dans la r\u00e9gion de Siem Reap, il y a des dizaines de ruines de temples, beaucoup plus importantes au sein du parc arch\u00e9ologique d\u2019Angkor Wat au nord de la ville de Siem Reap et d\u2019autres plus \u00e9loign\u00e9s du royaume.Les temples varient en importance\u2009; l\u2019int\u00e9r\u00eat et l\u2019\u00e9tat diff\u00e8rent &hellip; <\/p>\n","protected":false},"author":1,"featured_media":11679,"parent":0,"menu_order":0,"comment_status":"closed","ping_status":"closed","template":"","meta":{"_themeisle_gutenberg_block_has_review":false,"footnotes":""},"class_list":["post-78","page","type-page","status-publish","has-post-thumbnail","hentry"],"yoast_head":"<!-- This site is optimized with the Yoast SEO plugin v27.5 - https:\/\/yoast.com\/product\/yoast-seo-wordpress\/ -->\n<title>les Temples d&#039;Angkor Wat \u00e0 voir \u00e0 votre voyage au Cambodge<\/title>\n<meta name=\"description\" content=\"les Temples d&#039;Angkor Wat, photos, histoires . les Temples du Cambodge et les infos pour la visites, guides, h\u00f4tels et restaurant d\u2019Angkor Wat\" \/>\n<meta name=\"robots\" content=\"index, follow, max-snippet:-1, max-image-preview:large, max-video-preview:-1\" \/>\n<link rel=\"canonical\" href=\"https:\/\/www.cambodiaacountryfullofcharm.com\/fr\/les-temples-dangkor-wat\/\" \/>\n<meta property=\"og:locale\" content=\"fr_FR\" \/>\n<meta property=\"og:type\" content=\"article\" \/>\n<meta property=\"og:title\" content=\"les Temples d&#039;Angkor Wat \u00e0 voir \u00e0 votre voyage au Cambodge\" \/>\n<meta property=\"og:description\" content=\"les Temples d&#039;Angkor Wat, photos, histoires . les Temples du Cambodge et les infos pour la visites, guides, h\u00f4tels et restaurant d\u2019Angkor Wat\" \/>\n<meta property=\"og:url\" content=\"https:\/\/www.cambodiaacountryfullofcharm.com\/fr\/les-temples-dangkor-wat\/\" \/>\n<meta property=\"og:site_name\" content=\"Guide voyage Cambodge\" \/>\n<meta property=\"article:modified_time\" content=\"2022-12-18T09:55:33+00:00\" \/>\n<meta property=\"og:image\" content=\"https:\/\/www.cambodiaacountryfullofcharm.com\/wp-content\/uploads\/2022\/09\/les-temples-dAngkor-scaled-e1670077588600.jpg\" \/>\n\t<meta property=\"og:image:width\" content=\"1440\" \/>\n\t<meta property=\"og:image:height\" content=\"960\" \/>\n\t<meta property=\"og:image:type\" content=\"image\/jpeg\" \/>\n<meta name=\"twitter:card\" content=\"summary_large_image\" \/>\n<meta name=\"twitter:label1\" content=\"Dur\u00e9e de lecture estim\u00e9e\" \/>\n\t<meta name=\"twitter:data1\" content=\"3 minutes\" \/>\n<script type=\"application\/ld+json\" class=\"yoast-schema-graph\">{\"@context\":\"https:\\\/\\\/schema.org\",\"@graph\":[{\"@type\":\"WebPage\",\"@id\":\"https:\\\/\\\/www.cambodiaacountryfullofcharm.com\\\/fr\\\/les-temples-dangkor-wat\\\/\",\"url\":\"https:\\\/\\\/www.cambodiaacountryfullofcharm.com\\\/fr\\\/les-temples-dangkor-wat\\\/\",\"name\":\"les Temples d'Angkor Wat \u00e0 voir \u00e0 votre voyage au Cambodge\",\"isPartOf\":{\"@id\":\"https:\\\/\\\/www.cambodiaacountryfullofcharm.com\\\/fr\\\/#website\"},\"primaryImageOfPage\":{\"@id\":\"https:\\\/\\\/www.cambodiaacountryfullofcharm.com\\\/fr\\\/les-temples-dangkor-wat\\\/#primaryimage\"},\"image\":{\"@id\":\"https:\\\/\\\/www.cambodiaacountryfullofcharm.com\\\/fr\\\/les-temples-dangkor-wat\\\/#primaryimage\"},\"thumbnailUrl\":\"https:\\\/\\\/www.cambodiaacountryfullofcharm.com\\\/wp-content\\\/uploads\\\/2022\\\/09\\\/les-temples-dAngkor-scaled-e1670077588600.jpg\",\"datePublished\":\"2013-12-06T13:11:51+00:00\",\"dateModified\":\"2022-12-18T09:55:33+00:00\",\"description\":\"les Temples d'Angkor Wat, photos, histoires . les Temples du Cambodge et les infos pour la visites, guides, h\u00f4tels et restaurant d\u2019Angkor Wat\",\"breadcrumb\":{\"@id\":\"https:\\\/\\\/www.cambodiaacountryfullofcharm.com\\\/fr\\\/les-temples-dangkor-wat\\\/#breadcrumb\"},\"inLanguage\":\"fr-FR\",\"potentialAction\":[{\"@type\":\"ReadAction\",\"target\":[\"https:\\\/\\\/www.cambodiaacountryfullofcharm.com\\\/fr\\\/les-temples-dangkor-wat\\\/\"]}]},{\"@type\":\"ImageObject\",\"inLanguage\":\"fr-FR\",\"@id\":\"https:\\\/\\\/www.cambodiaacountryfullofcharm.com\\\/fr\\\/les-temples-dangkor-wat\\\/#primaryimage\",\"url\":\"https:\\\/\\\/www.cambodiaacountryfullofcharm.com\\\/wp-content\\\/uploads\\\/2022\\\/09\\\/les-temples-dAngkor-scaled-e1670077588600.jpg\",\"contentUrl\":\"https:\\\/\\\/www.cambodiaacountryfullofcharm.com\\\/wp-content\\\/uploads\\\/2022\\\/09\\\/les-temples-dAngkor-scaled-e1670077588600.jpg\",\"width\":1440,\"height\":960,\"caption\":\"angkor wat temple au cambodge e-cambodia\"},{\"@type\":\"BreadcrumbList\",\"@id\":\"https:\\\/\\\/www.cambodiaacountryfullofcharm.com\\\/fr\\\/les-temples-dangkor-wat\\\/#breadcrumb\",\"itemListElement\":[{\"@type\":\"ListItem\",\"position\":1,\"name\":\"Accueil\",\"item\":\"https:\\\/\\\/www.cambodiaacountryfullofcharm.com\\\/fr\\\/\"},{\"@type\":\"ListItem\",\"position\":2,\"name\":\"les temples d'Angkor Wat\"}]},{\"@type\":\"WebSite\",\"@id\":\"https:\\\/\\\/www.cambodiaacountryfullofcharm.com\\\/fr\\\/#website\",\"url\":\"https:\\\/\\\/www.cambodiaacountryfullofcharm.com\\\/fr\\\/\",\"name\":\"Guide voyage Cambodge\",\"description\":\"Cambodge un pays plein de charme\",\"publisher\":{\"@id\":\"https:\\\/\\\/www.cambodiaacountryfullofcharm.com\\\/fr\\\/#organization\"},\"potentialAction\":[{\"@type\":\"SearchAction\",\"target\":{\"@type\":\"EntryPoint\",\"urlTemplate\":\"https:\\\/\\\/www.cambodiaacountryfullofcharm.com\\\/fr\\\/?s={search_term_string}\"},\"query-input\":{\"@type\":\"PropertyValueSpecification\",\"valueRequired\":true,\"valueName\":\"search_term_string\"}}],\"inLanguage\":\"fr-FR\"},{\"@type\":\"Organization\",\"@id\":\"https:\\\/\\\/www.cambodiaacountryfullofcharm.com\\\/fr\\\/#organization\",\"name\":\"Guide voyage Cambodge\",\"url\":\"https:\\\/\\\/www.cambodiaacountryfullofcharm.com\\\/fr\\\/\",\"logo\":{\"@type\":\"ImageObject\",\"inLanguage\":\"fr-FR\",\"@id\":\"https:\\\/\\\/www.cambodiaacountryfullofcharm.com\\\/fr\\\/#\\\/schema\\\/logo\\\/image\\\/\",\"url\":\"https:\\\/\\\/www.cambodiaacountryfullofcharm.com\\\/wp-content\\\/uploads\\\/2022\\\/06\\\/Cambodia-a-country-full-of-charm-2-scaled.jpg\",\"contentUrl\":\"https:\\\/\\\/www.cambodiaacountryfullofcharm.com\\\/wp-content\\\/uploads\\\/2022\\\/06\\\/Cambodia-a-country-full-of-charm-2-scaled.jpg\",\"width\":2560,\"height\":1709,\"caption\":\"Guide voyage Cambodge\"},\"image\":{\"@id\":\"https:\\\/\\\/www.cambodiaacountryfullofcharm.com\\\/fr\\\/#\\\/schema\\\/logo\\\/image\\\/\"}}]}<\/script>\n<!-- \/ Yoast SEO plugin. -->","yoast_head_json":{"title":"les Temples d'Angkor Wat \u00e0 voir \u00e0 votre voyage au Cambodge","description":"les Temples d'Angkor Wat, photos, histoires . les Temples du Cambodge et les infos pour la visites, guides, h\u00f4tels et restaurant d\u2019Angkor Wat","robots":{"index":"index","follow":"follow","max-snippet":"max-snippet:-1","max-image-preview":"max-image-preview:large","max-video-preview":"max-video-preview:-1"},"canonical":"https:\/\/www.cambodiaacountryfullofcharm.com\/fr\/les-temples-dangkor-wat\/","og_locale":"fr_FR","og_type":"article","og_title":"les Temples d'Angkor Wat \u00e0 voir \u00e0 votre voyage au Cambodge","og_description":"les Temples d'Angkor Wat, photos, histoires . les Temples du Cambodge et les infos pour la visites, guides, h\u00f4tels et restaurant d\u2019Angkor Wat","og_url":"https:\/\/www.cambodiaacountryfullofcharm.com\/fr\/les-temples-dangkor-wat\/","og_site_name":"Guide voyage Cambodge","article_modified_time":"2022-12-18T09:55:33+00:00","og_image":[{"width":1440,"height":960,"url":"https:\/\/www.cambodiaacountryfullofcharm.com\/wp-content\/uploads\/2022\/09\/les-temples-dAngkor-scaled-e1670077588600.jpg","type":"image\/jpeg"}],"twitter_card":"summary_large_image","twitter_misc":{"Dur\u00e9e de lecture estim\u00e9e":"3 minutes"},"schema":{"@context":"https:\/\/schema.org","@graph":[{"@type":"WebPage","@id":"https:\/\/www.cambodiaacountryfullofcharm.com\/fr\/les-temples-dangkor-wat\/","url":"https:\/\/www.cambodiaacountryfullofcharm.com\/fr\/les-temples-dangkor-wat\/","name":"les Temples d'Angkor Wat \u00e0 voir \u00e0 votre voyage au Cambodge","isPartOf":{"@id":"https:\/\/www.cambodiaacountryfullofcharm.com\/fr\/#website"},"primaryImageOfPage":{"@id":"https:\/\/www.cambodiaacountryfullofcharm.com\/fr\/les-temples-dangkor-wat\/#primaryimage"},"image":{"@id":"https:\/\/www.cambodiaacountryfullofcharm.com\/fr\/les-temples-dangkor-wat\/#primaryimage"},"thumbnailUrl":"https:\/\/www.cambodiaacountryfullofcharm.com\/wp-content\/uploads\/2022\/09\/les-temples-dAngkor-scaled-e1670077588600.jpg","datePublished":"2013-12-06T13:11:51+00:00","dateModified":"2022-12-18T09:55:33+00:00","description":"les Temples d'Angkor Wat, photos, histoires . les Temples du Cambodge et les infos pour la visites, guides, h\u00f4tels et restaurant d\u2019Angkor Wat","breadcrumb":{"@id":"https:\/\/www.cambodiaacountryfullofcharm.com\/fr\/les-temples-dangkor-wat\/#breadcrumb"},"inLanguage":"fr-FR","potentialAction":[{"@type":"ReadAction","target":["https:\/\/www.cambodiaacountryfullofcharm.com\/fr\/les-temples-dangkor-wat\/"]}]},{"@type":"ImageObject","inLanguage":"fr-FR","@id":"https:\/\/www.cambodiaacountryfullofcharm.com\/fr\/les-temples-dangkor-wat\/#primaryimage","url":"https:\/\/www.cambodiaacountryfullofcharm.com\/wp-content\/uploads\/2022\/09\/les-temples-dAngkor-scaled-e1670077588600.jpg","contentUrl":"https:\/\/www.cambodiaacountryfullofcharm.com\/wp-content\/uploads\/2022\/09\/les-temples-dAngkor-scaled-e1670077588600.jpg","width":1440,"height":960,"caption":"angkor wat temple au cambodge e-cambodia"},{"@type":"BreadcrumbList","@id":"https:\/\/www.cambodiaacountryfullofcharm.com\/fr\/les-temples-dangkor-wat\/#breadcrumb","itemListElement":[{"@type":"ListItem","position":1,"name":"Accueil","item":"https:\/\/www.cambodiaacountryfullofcharm.com\/fr\/"},{"@type":"ListItem","position":2,"name":"les temples d'Angkor Wat"}]},{"@type":"WebSite","@id":"https:\/\/www.cambodiaacountryfullofcharm.com\/fr\/#website","url":"https:\/\/www.cambodiaacountryfullofcharm.com\/fr\/","name":"Guide voyage Cambodge","description":"Cambodge un pays plein de charme","publisher":{"@id":"https:\/\/www.cambodiaacountryfullofcharm.com\/fr\/#organization"},"potentialAction":[{"@type":"SearchAction","target":{"@type":"EntryPoint","urlTemplate":"https:\/\/www.cambodiaacountryfullofcharm.com\/fr\/?s={search_term_string}"},"query-input":{"@type":"PropertyValueSpecification","valueRequired":true,"valueName":"search_term_string"}}],"inLanguage":"fr-FR"},{"@type":"Organization","@id":"https:\/\/www.cambodiaacountryfullofcharm.com\/fr\/#organization","name":"Guide voyage Cambodge","url":"https:\/\/www.cambodiaacountryfullofcharm.com\/fr\/","logo":{"@type":"ImageObject","inLanguage":"fr-FR","@id":"https:\/\/www.cambodiaacountryfullofcharm.com\/fr\/#\/schema\/logo\/image\/","url":"https:\/\/www.cambodiaacountryfullofcharm.com\/wp-content\/uploads\/2022\/06\/Cambodia-a-country-full-of-charm-2-scaled.jpg","contentUrl":"https:\/\/www.cambodiaacountryfullofcharm.com\/wp-content\/uploads\/2022\/06\/Cambodia-a-country-full-of-charm-2-scaled.jpg","width":2560,"height":1709,"caption":"Guide voyage Cambodge"},"image":{"@id":"https:\/\/www.cambodiaacountryfullofcharm.com\/fr\/#\/schema\/logo\/image\/"}}]}},"_links":{"self":[{"href":"https:\/\/www.cambodiaacountryfullofcharm.com\/fr\/wp-json\/wp\/v2\/pages\/78","targetHints":{"allow":["GET"]}}],"collection":[{"href":"https:\/\/www.cambodiaacountryfullofcharm.com\/fr\/wp-json\/wp\/v2\/pages"}],"about":[{"href":"https:\/\/www.cambodiaacountryfullofcharm.com\/fr\/wp-json\/wp\/v2\/types\/page"}],"author":[{"embeddable":true,"href":"https:\/\/www.cambodiaacountryfullofcharm.com\/fr\/wp-json\/wp\/v2\/users\/1"}],"replies":[{"embeddable":true,"href":"https:\/\/www.cambodiaacountryfullofcharm.com\/fr\/wp-json\/wp\/v2\/comments?post=78"}],"version-history":[{"count":0,"href":"https:\/\/www.cambodiaacountryfullofcharm.com\/fr\/wp-json\/wp\/v2\/pages\/78\/revisions"}],"wp:featuredmedia":[{"embeddable":true,"href":"https:\/\/www.cambodiaacountryfullofcharm.com\/fr\/wp-json\/wp\/v2\/media\/11679"}],"wp:attachment":[{"href":"https:\/\/www.cambodiaacountryfullofcharm.com\/fr\/wp-json\/wp\/v2\/media?parent=78"}],"curies":[{"name":"wp","href":"https:\/\/api.w.org\/{rel}","templated":true}]}}