{"id":816,"date":"2013-12-01T13:34:07","date_gmt":"2013-12-01T12:34:07","guid":{"rendered":"http:\/\/www.cambodiaacountryfullofcharm.com\/?page_id=816"},"modified":"2026-04-05T17:49:46","modified_gmt":"2026-04-05T16:49:46","slug":"recette-flan-cambodgien","status":"publish","type":"page","link":"https:\/\/www.cambodiaacountryfullofcharm.com\/fr\/recette-flan-cambodgien\/","title":{"rendered":"flan cambodgien a la vanille Bourbon de Madagascar"},"content":{"rendered":"<h2>Flan Cambodgien a la vanille Bourbon<\/h2>\n<p>Liste des ingr\u00e9dients pour faire la recette du flan cambodgien \u00e0 la vanille Bourbon de Madagascar pour 4 personnes :<br \/>\n20\u00a0cl de lait de coco<br \/>\n15\u00a0cl de lait concentr\u00e9<br \/>\n250\u00a0g de sucre<br \/>\n5 \u0153ufs<br \/>\n2 cuill\u00e8res \u00e0 caf\u00e9 de farine<br \/>\n<span id=\"mealingua_content_189\">2 gousses de <span style=\"color: #000000;\"><a style=\"color: #000000;\" title=\"vanille Bourbon de Madagascar\" href=\"http:\/\/fr.wikipedia.org\/wiki\/Vanille_Bourbon\">vanille Bourbon de Madagascar<\/a><\/span><br \/>\n<\/span><\/p>\n<h4>Pr\u00e9paration de la recette<\/h4>\n<ul>\n<li>Commencer par mettre le four en fonction \u00e0 thermostat\u00a07 \u2013\u00a0240\u00b0.<\/li>\n<\/ul>\n<ul>\n<li>Couper en deux sur la longueur les deux gousses de vanille Bourbon de Madagascar afin d\u2019en extraire les graines, &#8221; voir photo ci-dessous &#8220;.<br \/>\n<img fetchpriority=\"high\" decoding=\"async\" class=\"aligncenter size-medium wp-image-821\" src=\"https:\/\/www.cambodiaacountryfullofcharm.com\/wp-content\/uploads\/2013\/12\/flan-cambodgien-vanille-madagascar-3-300x199.jpg\" alt=\"flan-cambodgien-vanille-madagascar-3\" width=\"300\" height=\"199\" \/><\/li>\n<\/ul>\n<ul>\n<li>Mettre les graines de vanille Bourbon de Madagascar dans un r\u00e9cipient avec le lait de coco et ensuite mettre sur le feu 10\u00a0minutes sans faire bouillir le lait et bien fouetter pour bien s\u00e9parer chaque graine. Ensuite, laisser ti\u00e9dir un peu.<br \/>\n<img decoding=\"async\" class=\"aligncenter size-medium wp-image-822\" src=\"https:\/\/www.cambodiaacountryfullofcharm.com\/wp-content\/uploads\/2013\/12\/flan-cambodgien-vanille-madagascar-5-300x199.jpg\" alt=\"flan-cambodgien-vanille-madagascar-5\" width=\"300\" height=\"199\" \/><\/li>\n<\/ul>\n<ul>\n<li>Pr\u00e9parer 4\u00a0petits ramequins et le plat qui servira pour la cuisson au bain-marie.<\/li>\n<\/ul>\n<ul>\n<li>Ensuite, dans un grand saladier, battre les \u0153ufs et ajouter le sucre, le lait concentr\u00e9, la farine.<\/li>\n<\/ul>\n<ul>\n<li>Apr\u00e8s avoir ajout\u00e9 tous les aliments avec les \u0153ufs, ajouter le lait de coco avec les graines de vanille et bien battre avec un fouet pour bien m\u00e9langer les graines de vanille Bourbon de Madagascar pour un m\u00e9lange bien homog\u00e8ne.<br \/>\n<img decoding=\"async\" class=\"aligncenter size-medium wp-image-819\" src=\"https:\/\/www.cambodiaacountryfullofcharm.com\/wp-content\/uploads\/2013\/12\/flan-cambodgien-vanille-madagascar-6-300x199.jpg\" alt=\"flan-cambodgien-vanille-madagascar-6\" width=\"300\" height=\"199\" \/><\/li>\n<\/ul>\n<ul>\n<li>Verser ensuite la pr\u00e9paration dans les ramequins, puis les placer dans le plat pour la cuisson du flan cambodgien \u00e0 la vanille au bain-marie dans le four pendant 20 \u00e0 30\u00a0minutes selon votre four.<\/li>\n<\/ul>\n<p><img loading=\"lazy\" decoding=\"async\" class=\"aligncenter size-large wp-image-823\" src=\"https:\/\/www.cambodiaacountryfullofcharm.com\/wp-content\/uploads\/2013\/12\/flan-cambodgien-vanille-madagascar-8-1024x682.jpg\" alt=\"flan-cambodgien-vanille-madagascar-8\" width=\"604\" height=\"402\" \/><\/p>\n<p>Ce flan cambodgien \u00e0 la vanille Bourbon de Madagascar se sert ti\u00e8de, mais aussi froid. Moi, je le pr\u00e9f\u00e8re froid. Vous pouvez aussi y ajouter du caramel ou m\u00eame de la cr\u00e8me de coco. Ce flan cambodgien au lait de coco et \u00e0 la vanille Bourbon est tr\u00e8s simple \u00e0 r\u00e9aliser et fera le r\u00e9gal de toute la famille, aussi bien des adultes que des enfants. Cette recette est diff\u00e9rente de celle \u00e9crite sur une autre page intitul\u00e9e\u00a0\u00ab\u00a0<span style=\"color: #000000;\"><a style=\"color: #000000;\" href=\"https:\/\/www.cambodiaacountryfullofcharm.com\/recette-flan-cambodgien-au-caramel\/\">flan<\/a><\/span> cambodgien\u00a0\u00bb, mais elle est r\u00e9alis\u00e9e avec un ar\u00f4me naturel et quoi de mieux comme ar\u00f4me naturel que la vanille Bourbon de Madagascar pour r\u00e9galer toute la famille.<\/p>\n","protected":false},"excerpt":{"rendered":"<p>Flan Cambodgien a la vanille Bourbon Liste des ingr\u00e9dients pour faire la recette du flan cambodgien \u00e0 la vanille Bourbon de Madagascar pour 4 personnes : 20\u00a0cl de lait de coco 15\u00a0cl de lait concentr\u00e9 250\u00a0g de sucre 5 \u0153ufs 2 cuill\u00e8res \u00e0 caf\u00e9 de farine 2 gousses de vanille Bourbon de Madagascar Pr\u00e9paration de &hellip; <\/p>\n","protected":false},"author":1,"featured_media":874,"parent":0,"menu_order":0,"comment_status":"closed","ping_status":"closed","template":"","meta":{"_themeisle_gutenberg_block_has_review":false,"footnotes":""},"class_list":["post-816","page","type-page","status-publish","has-post-thumbnail","hentry"],"yoast_head":"<!-- This site is optimized with the Yoast SEO plugin v27.5 - https:\/\/yoast.com\/product\/yoast-seo-wordpress\/ -->\n<title>flan Cambodgien \u00e0 la vanille Bourbon de Madagascar recette<\/title>\n<meta name=\"description\" content=\"flan Cambodgien \u00e0 la vanille Bourbon de Madagascar vous connaissez ? c&#039;est une recette cambodgienne , mais avec de la vanille de Madagascar\" \/>\n<meta name=\"robots\" content=\"index, follow, max-snippet:-1, max-image-preview:large, max-video-preview:-1\" \/>\n<link rel=\"canonical\" href=\"https:\/\/www.cambodiaacountryfullofcharm.com\/fr\/recette-flan-cambodgien\/\" \/>\n<meta property=\"og:locale\" content=\"fr_FR\" \/>\n<meta property=\"og:type\" content=\"article\" \/>\n<meta property=\"og:title\" content=\"flan Cambodgien \u00e0 la vanille Bourbon de Madagascar recette\" \/>\n<meta property=\"og:description\" content=\"flan Cambodgien \u00e0 la vanille Bourbon de Madagascar vous connaissez ? c&#039;est une recette cambodgienne , mais avec de la vanille de Madagascar\" \/>\n<meta property=\"og:url\" content=\"https:\/\/www.cambodiaacountryfullofcharm.com\/fr\/recette-flan-cambodgien\/\" \/>\n<meta property=\"og:site_name\" content=\"Guide voyage Cambodge\" \/>\n<meta property=\"article:modified_time\" content=\"2026-04-05T16:49:46+00:00\" \/>\n<meta property=\"og:image\" content=\"https:\/\/www.cambodiaacountryfullofcharm.com\/wp-content\/uploads\/2013\/12\/flan-cambodgien-vanille-bourbon-madagascar.jpg\" \/>\n\t<meta property=\"og:image:width\" content=\"4184\" \/>\n\t<meta property=\"og:image:height\" content=\"2789\" \/>\n\t<meta property=\"og:image:type\" content=\"image\/jpeg\" \/>\n<meta name=\"twitter:card\" content=\"summary_large_image\" \/>\n<meta name=\"twitter:label1\" content=\"Dur\u00e9e de lecture estim\u00e9e\" \/>\n\t<meta name=\"twitter:data1\" content=\"3 minutes\" \/>\n<script type=\"application\/ld+json\" class=\"yoast-schema-graph\">{\"@context\":\"https:\\\/\\\/schema.org\",\"@graph\":[{\"@type\":\"WebPage\",\"@id\":\"https:\\\/\\\/www.cambodiaacountryfullofcharm.com\\\/fr\\\/recette-flan-cambodgien\\\/\",\"url\":\"https:\\\/\\\/www.cambodiaacountryfullofcharm.com\\\/fr\\\/recette-flan-cambodgien\\\/\",\"name\":\"flan Cambodgien \u00e0 la vanille Bourbon de Madagascar recette\",\"isPartOf\":{\"@id\":\"https:\\\/\\\/www.cambodiaacountryfullofcharm.com\\\/fr\\\/#website\"},\"primaryImageOfPage\":{\"@id\":\"https:\\\/\\\/www.cambodiaacountryfullofcharm.com\\\/fr\\\/recette-flan-cambodgien\\\/#primaryimage\"},\"image\":{\"@id\":\"https:\\\/\\\/www.cambodiaacountryfullofcharm.com\\\/fr\\\/recette-flan-cambodgien\\\/#primaryimage\"},\"thumbnailUrl\":\"https:\\\/\\\/www.cambodiaacountryfullofcharm.com\\\/wp-content\\\/uploads\\\/2013\\\/12\\\/flan-cambodgien-vanille-bourbon-madagascar.jpg\",\"datePublished\":\"2013-12-01T12:34:07+00:00\",\"dateModified\":\"2026-04-05T16:49:46+00:00\",\"description\":\"flan Cambodgien \u00e0 la vanille Bourbon de Madagascar vous connaissez ? c'est une recette cambodgienne , mais avec de la vanille de Madagascar\",\"breadcrumb\":{\"@id\":\"https:\\\/\\\/www.cambodiaacountryfullofcharm.com\\\/fr\\\/recette-flan-cambodgien\\\/#breadcrumb\"},\"inLanguage\":\"fr-FR\",\"potentialAction\":[{\"@type\":\"ReadAction\",\"target\":[\"https:\\\/\\\/www.cambodiaacountryfullofcharm.com\\\/fr\\\/recette-flan-cambodgien\\\/\"]}]},{\"@type\":\"ImageObject\",\"inLanguage\":\"fr-FR\",\"@id\":\"https:\\\/\\\/www.cambodiaacountryfullofcharm.com\\\/fr\\\/recette-flan-cambodgien\\\/#primaryimage\",\"url\":\"https:\\\/\\\/www.cambodiaacountryfullofcharm.com\\\/wp-content\\\/uploads\\\/2013\\\/12\\\/flan-cambodgien-vanille-bourbon-madagascar.jpg\",\"contentUrl\":\"https:\\\/\\\/www.cambodiaacountryfullofcharm.com\\\/wp-content\\\/uploads\\\/2013\\\/12\\\/flan-cambodgien-vanille-bourbon-madagascar.jpg\",\"width\":4184,\"height\":2789},{\"@type\":\"BreadcrumbList\",\"@id\":\"https:\\\/\\\/www.cambodiaacountryfullofcharm.com\\\/fr\\\/recette-flan-cambodgien\\\/#breadcrumb\",\"itemListElement\":[{\"@type\":\"ListItem\",\"position\":1,\"name\":\"Accueil\",\"item\":\"https:\\\/\\\/www.cambodiaacountryfullofcharm.com\\\/fr\\\/\"},{\"@type\":\"ListItem\",\"position\":2,\"name\":\"flan cambodgien a la vanille Bourbon de Madagascar\"}]},{\"@type\":\"WebSite\",\"@id\":\"https:\\\/\\\/www.cambodiaacountryfullofcharm.com\\\/fr\\\/#website\",\"url\":\"https:\\\/\\\/www.cambodiaacountryfullofcharm.com\\\/fr\\\/\",\"name\":\"Guide voyage Cambodge\",\"description\":\"Cambodge un pays plein de charme\",\"publisher\":{\"@id\":\"https:\\\/\\\/www.cambodiaacountryfullofcharm.com\\\/fr\\\/#organization\"},\"potentialAction\":[{\"@type\":\"SearchAction\",\"target\":{\"@type\":\"EntryPoint\",\"urlTemplate\":\"https:\\\/\\\/www.cambodiaacountryfullofcharm.com\\\/fr\\\/?s={search_term_string}\"},\"query-input\":{\"@type\":\"PropertyValueSpecification\",\"valueRequired\":true,\"valueName\":\"search_term_string\"}}],\"inLanguage\":\"fr-FR\"},{\"@type\":\"Organization\",\"@id\":\"https:\\\/\\\/www.cambodiaacountryfullofcharm.com\\\/fr\\\/#organization\",\"name\":\"Guide voyage Cambodge\",\"url\":\"https:\\\/\\\/www.cambodiaacountryfullofcharm.com\\\/fr\\\/\",\"logo\":{\"@type\":\"ImageObject\",\"inLanguage\":\"fr-FR\",\"@id\":\"https:\\\/\\\/www.cambodiaacountryfullofcharm.com\\\/fr\\\/#\\\/schema\\\/logo\\\/image\\\/\",\"url\":\"https:\\\/\\\/www.cambodiaacountryfullofcharm.com\\\/wp-content\\\/uploads\\\/2022\\\/06\\\/Cambodia-a-country-full-of-charm-2-scaled.jpg\",\"contentUrl\":\"https:\\\/\\\/www.cambodiaacountryfullofcharm.com\\\/wp-content\\\/uploads\\\/2022\\\/06\\\/Cambodia-a-country-full-of-charm-2-scaled.jpg\",\"width\":2560,\"height\":1709,\"caption\":\"Guide voyage Cambodge\"},\"image\":{\"@id\":\"https:\\\/\\\/www.cambodiaacountryfullofcharm.com\\\/fr\\\/#\\\/schema\\\/logo\\\/image\\\/\"}}]}<\/script>\n<!-- \/ Yoast SEO plugin. -->","yoast_head_json":{"title":"flan Cambodgien \u00e0 la vanille Bourbon de Madagascar recette","description":"flan Cambodgien \u00e0 la vanille Bourbon de Madagascar vous connaissez ? c'est une recette cambodgienne , mais avec de la vanille de Madagascar","robots":{"index":"index","follow":"follow","max-snippet":"max-snippet:-1","max-image-preview":"max-image-preview:large","max-video-preview":"max-video-preview:-1"},"canonical":"https:\/\/www.cambodiaacountryfullofcharm.com\/fr\/recette-flan-cambodgien\/","og_locale":"fr_FR","og_type":"article","og_title":"flan Cambodgien \u00e0 la vanille Bourbon de Madagascar recette","og_description":"flan Cambodgien \u00e0 la vanille Bourbon de Madagascar vous connaissez ? c'est une recette cambodgienne , mais avec de la vanille de Madagascar","og_url":"https:\/\/www.cambodiaacountryfullofcharm.com\/fr\/recette-flan-cambodgien\/","og_site_name":"Guide voyage Cambodge","article_modified_time":"2026-04-05T16:49:46+00:00","og_image":[{"width":4184,"height":2789,"url":"https:\/\/www.cambodiaacountryfullofcharm.com\/wp-content\/uploads\/2013\/12\/flan-cambodgien-vanille-bourbon-madagascar.jpg","type":"image\/jpeg"}],"twitter_card":"summary_large_image","twitter_misc":{"Dur\u00e9e de lecture estim\u00e9e":"3 minutes"},"schema":{"@context":"https:\/\/schema.org","@graph":[{"@type":"WebPage","@id":"https:\/\/www.cambodiaacountryfullofcharm.com\/fr\/recette-flan-cambodgien\/","url":"https:\/\/www.cambodiaacountryfullofcharm.com\/fr\/recette-flan-cambodgien\/","name":"flan Cambodgien \u00e0 la vanille Bourbon de Madagascar recette","isPartOf":{"@id":"https:\/\/www.cambodiaacountryfullofcharm.com\/fr\/#website"},"primaryImageOfPage":{"@id":"https:\/\/www.cambodiaacountryfullofcharm.com\/fr\/recette-flan-cambodgien\/#primaryimage"},"image":{"@id":"https:\/\/www.cambodiaacountryfullofcharm.com\/fr\/recette-flan-cambodgien\/#primaryimage"},"thumbnailUrl":"https:\/\/www.cambodiaacountryfullofcharm.com\/wp-content\/uploads\/2013\/12\/flan-cambodgien-vanille-bourbon-madagascar.jpg","datePublished":"2013-12-01T12:34:07+00:00","dateModified":"2026-04-05T16:49:46+00:00","description":"flan Cambodgien \u00e0 la vanille Bourbon de Madagascar vous connaissez ? c'est une recette cambodgienne , mais avec de la vanille de Madagascar","breadcrumb":{"@id":"https:\/\/www.cambodiaacountryfullofcharm.com\/fr\/recette-flan-cambodgien\/#breadcrumb"},"inLanguage":"fr-FR","potentialAction":[{"@type":"ReadAction","target":["https:\/\/www.cambodiaacountryfullofcharm.com\/fr\/recette-flan-cambodgien\/"]}]},{"@type":"ImageObject","inLanguage":"fr-FR","@id":"https:\/\/www.cambodiaacountryfullofcharm.com\/fr\/recette-flan-cambodgien\/#primaryimage","url":"https:\/\/www.cambodiaacountryfullofcharm.com\/wp-content\/uploads\/2013\/12\/flan-cambodgien-vanille-bourbon-madagascar.jpg","contentUrl":"https:\/\/www.cambodiaacountryfullofcharm.com\/wp-content\/uploads\/2013\/12\/flan-cambodgien-vanille-bourbon-madagascar.jpg","width":4184,"height":2789},{"@type":"BreadcrumbList","@id":"https:\/\/www.cambodiaacountryfullofcharm.com\/fr\/recette-flan-cambodgien\/#breadcrumb","itemListElement":[{"@type":"ListItem","position":1,"name":"Accueil","item":"https:\/\/www.cambodiaacountryfullofcharm.com\/fr\/"},{"@type":"ListItem","position":2,"name":"flan cambodgien a la vanille Bourbon de Madagascar"}]},{"@type":"WebSite","@id":"https:\/\/www.cambodiaacountryfullofcharm.com\/fr\/#website","url":"https:\/\/www.cambodiaacountryfullofcharm.com\/fr\/","name":"Guide voyage Cambodge","description":"Cambodge un pays plein de charme","publisher":{"@id":"https:\/\/www.cambodiaacountryfullofcharm.com\/fr\/#organization"},"potentialAction":[{"@type":"SearchAction","target":{"@type":"EntryPoint","urlTemplate":"https:\/\/www.cambodiaacountryfullofcharm.com\/fr\/?s={search_term_string}"},"query-input":{"@type":"PropertyValueSpecification","valueRequired":true,"valueName":"search_term_string"}}],"inLanguage":"fr-FR"},{"@type":"Organization","@id":"https:\/\/www.cambodiaacountryfullofcharm.com\/fr\/#organization","name":"Guide voyage Cambodge","url":"https:\/\/www.cambodiaacountryfullofcharm.com\/fr\/","logo":{"@type":"ImageObject","inLanguage":"fr-FR","@id":"https:\/\/www.cambodiaacountryfullofcharm.com\/fr\/#\/schema\/logo\/image\/","url":"https:\/\/www.cambodiaacountryfullofcharm.com\/wp-content\/uploads\/2022\/06\/Cambodia-a-country-full-of-charm-2-scaled.jpg","contentUrl":"https:\/\/www.cambodiaacountryfullofcharm.com\/wp-content\/uploads\/2022\/06\/Cambodia-a-country-full-of-charm-2-scaled.jpg","width":2560,"height":1709,"caption":"Guide voyage Cambodge"},"image":{"@id":"https:\/\/www.cambodiaacountryfullofcharm.com\/fr\/#\/schema\/logo\/image\/"}}]}},"_links":{"self":[{"href":"https:\/\/www.cambodiaacountryfullofcharm.com\/fr\/wp-json\/wp\/v2\/pages\/816","targetHints":{"allow":["GET"]}}],"collection":[{"href":"https:\/\/www.cambodiaacountryfullofcharm.com\/fr\/wp-json\/wp\/v2\/pages"}],"about":[{"href":"https:\/\/www.cambodiaacountryfullofcharm.com\/fr\/wp-json\/wp\/v2\/types\/page"}],"author":[{"embeddable":true,"href":"https:\/\/www.cambodiaacountryfullofcharm.com\/fr\/wp-json\/wp\/v2\/users\/1"}],"replies":[{"embeddable":true,"href":"https:\/\/www.cambodiaacountryfullofcharm.com\/fr\/wp-json\/wp\/v2\/comments?post=816"}],"version-history":[{"count":1,"href":"https:\/\/www.cambodiaacountryfullofcharm.com\/fr\/wp-json\/wp\/v2\/pages\/816\/revisions"}],"predecessor-version":[{"id":20256,"href":"https:\/\/www.cambodiaacountryfullofcharm.com\/fr\/wp-json\/wp\/v2\/pages\/816\/revisions\/20256"}],"wp:featuredmedia":[{"embeddable":true,"href":"https:\/\/www.cambodiaacountryfullofcharm.com\/fr\/wp-json\/wp\/v2\/media\/874"}],"wp:attachment":[{"href":"https:\/\/www.cambodiaacountryfullofcharm.com\/fr\/wp-json\/wp\/v2\/media?parent=816"}],"curies":[{"name":"wp","href":"https:\/\/api.w.org\/{rel}","templated":true}]}}